{"id":711,"date":"2021-09-20T08:20:02","date_gmt":"2021-09-20T06:20:02","guid":{"rendered":"https:\/\/asgolfdepessac.com\/?page_id=711"},"modified":"2025-08-15T10:35:20","modified_gmt":"2025-08-15T08:35:20","slug":"eclectique-bj","status":"publish","type":"page","link":"https:\/\/asgolfdepessac.com\/index.php\/activites\/eclectique-bj\/","title":{"rendered":"ECLECTIQUE BJ"},"content":{"rendered":"<div dir=\"ltr\">\n<div style=\"text-align: center;\">\n<div><\/div>\n<div><span style=\"font-size: x-large;\"><span style=\"color: #38761d; font-size: large;\"><strong>ECLECTIQUE ETE 2025<\/strong><\/span><\/span><\/div>\n<\/div>\n<\/div>\n<div><\/div>\n<div style=\"text-align: center;\"><a href=\"https:\/\/asgolfdepessac.com\/wp-content\/uploads\/2025\/07\/Classement-Eclectic-BJ-2025.pdf\" target=\"_blank\" rel=\"noopener\"><strong>CLASSEMENT<\/strong><\/a><strong> d\u00e9finitif APRES LE 3\u00e8meTOUR<\/strong><\/div>\n<div dir=\"ltr\">\n<div style=\"text-align: center;\">\n<div><\/div>\n<div>\n<h4><span style=\"color: #000000; font-size: medium;\">T1\u00a0 <a href=\"https:\/\/asgolfdepessac.com\/?page_id=11463\" target=\"_blank\" rel=\"noopener\">Vendredi 11 Juillet 2025<\/a>\u00a0 11H30<\/span><\/h4>\n<h4><span style=\"color: #000000; font-size: medium;\">T2\u00a0 <a href=\"https:\/\/asgolfdepessac.com\/index.php\/activites\/eclectique-bj-2025-t2-27-juillet-2025\/\" target=\"_blank\" rel=\"noopener\">Jeudi 24 Juillet 2025<\/a>\u00a0 11H30<\/span><\/h4>\n<h4><span style=\"color: #000000; font-size: medium;\">T3 <a href=\"https:\/\/asgolfdepessac.com\/index.php\/activites\/eclectique-bj-2025-t3-7-aout-2025\/\" target=\"_blank\" rel=\"noopener\">Jeudi 7 aout 2025<\/a> 08H30<\/span><\/h4>\n<\/div>\n<div><\/div>\n<div><\/div>\n<div><span style=\"color: #38761d; font-size: large;\">R\u00c8GLEMENT<\/span><\/div>\n<div><span style=\"color: #0000ff; font-size: large;\">Formule de Jeu \u00ab\u00a0\u00c9clectic\u00a0\u00bb<\/span><span style=\"color: #0000ff; font-size: x-large;\"> : <\/span><span style=\"font-size: medium;\">Lors du premier tour jou\u00e9, le comp\u00e9titeur joue sa balle et marque son score. Les tours suivants, il joue en essayant d&rsquo;am\u00e9liorer son score pr\u00e9c\u00e9dent au trou par trou.<\/span><\/div>\n<div><\/div>\n<div><span style=\"font-size: large;\"><span style=\"color: #0000ff;\">SERIES <\/span><\/span><\/div>\n<div><span style=\"font-size: medium;\">1\u00e8re SERIE DAMES ( 0 \u00e0 18)<\/span><\/div>\n<div><span style=\"font-size: medium;\">2\u00e8me SERIE DAMES ( Sup\u00e9rieur \u00e0 18)<\/span><\/div>\n<div><span style=\"font-size: medium;\">1\u00e8r \u00a0SERIES MESSIEURS (0 \u00e0 15)<\/span><\/div>\n<div><span style=\"font-size: medium;\">2\u00e8me SERIE MESSIEURS (sup\u00e9rieur \u00e0 15)\u00a0<\/span><\/div>\n<div><span style=\"font-size: medium;\"><span>CLASSEMENT<\/span><span>\u00a0en BRUT et en NET (limit\u00e9 \u00e0 36)\u00a0<\/span><\/span><\/div>\n<\/div>\n<\/div>\n<div><\/div>\n<div>Tous les scores sont enregistr\u00e9s en Score maximum soit au maximum 9\u00a0 sur un trou : relever votre balle<\/div>\n<div dir=\"ltr\">\n<div style=\"text-align: center;\">\n<div><\/div>\n<div><span><span style=\"color: #0000ff; font-size: medium;\">En cas d\u2019\u00e9galit\u00e9<\/span><\/span><\/div>\n<\/div>\n<div>\n<p><span style=\"font-size: medium;\"><span><span style=\"color: #0000ff;\">Classement Brut :<\/span><\/span><span>\u00a0prendre les r\u00e9sultats des 9 derniers puis 6 derniers puis 3 derniers puis le dernier<\/span><\/span><\/p>\n<p><span><span style=\"font-size: medium;\"><span style=\"color: #0000ff;\">Classement Net :<\/span> meilleur classement Brut<\/span><\/span><\/p>\n<p style=\"text-align: center;\"><span style=\"text-align: center;\"><span><b>R\u00c8GLES<\/b><\/span><\/span><span style=\"font-size: medium;\"><b> LOCALES APPLICABLES<\/b><\/span><\/p>\n<\/div>\n<div style=\"text-align: center;\"><a href=\"https:\/\/asgolfdepessac.com\/wp-content\/uploads\/2025\/03\/ReglementCompetition-ASGP-2025-A.pdf\" target=\"_blank\" rel=\"noopener\"><span style=\"color: #000000;\"><span style=\"font-size: medium;\"><b>\u00a0R\u00c8GLEMENT\u00a0des Comp\u00e9titions\u00a0AS applicable<\/b><\/span><\/span><\/a><\/div>\n<\/div>\n<div style=\"text-align: center;\"><\/div>\n<div dir=\"ltr\">\n<div style=\"text-align: center;\"><\/div>\n<\/div>\n\n\n<figure><table><tbody><tr><td><\/td><td><\/td><\/tr><\/tbody><\/table><\/figure>\n","protected":false},"excerpt":{"rendered":"<p>ECLECTIQUE ETE 2025 CLASSEMENT d\u00e9finitif APRES LE 3\u00e8meTOUR T1\u00a0 Vendredi 11 Juillet 2025\u00a0 11H30 T2\u00a0 Jeudi 24 Juillet 2025\u00a0 11H30 T3 Jeudi 7 aout 2025 08H30 R\u00c8GLEMENT Formule de Jeu \u00ab\u00a0\u00c9clectic\u00a0\u00bb : Lors du premier tour jou\u00e9, le comp\u00e9titeur joue sa balle et marque son score. Les tours suivants, il [&hellip;]<\/p>\n","protected":false},"author":1,"featured_media":52,"parent":502,"menu_order":0,"comment_status":"closed","ping_status":"closed","template":"","meta":{"footnotes":""},"class_list":["post-711","page","type-page","status-publish","has-post-thumbnail","hentry"],"_links":{"self":[{"href":"https:\/\/asgolfdepessac.com\/index.php\/wp-json\/wp\/v2\/pages\/711","targetHints":{"allow":["GET"]}}],"collection":[{"href":"https:\/\/asgolfdepessac.com\/index.php\/wp-json\/wp\/v2\/pages"}],"about":[{"href":"https:\/\/asgolfdepessac.com\/index.php\/wp-json\/wp\/v2\/types\/page"}],"author":[{"embeddable":true,"href":"https:\/\/asgolfdepessac.com\/index.php\/wp-json\/wp\/v2\/users\/1"}],"replies":[{"embeddable":true,"href":"https:\/\/asgolfdepessac.com\/index.php\/wp-json\/wp\/v2\/comments?post=711"}],"version-history":[{"count":0,"href":"https:\/\/asgolfdepessac.com\/index.php\/wp-json\/wp\/v2\/pages\/711\/revisions"}],"up":[{"embeddable":true,"href":"https:\/\/asgolfdepessac.com\/index.php\/wp-json\/wp\/v2\/pages\/502"}],"wp:featuredmedia":[{"embeddable":true,"href":"https:\/\/asgolfdepessac.com\/index.php\/wp-json\/wp\/v2\/media\/52"}],"wp:attachment":[{"href":"https:\/\/asgolfdepessac.com\/index.php\/wp-json\/wp\/v2\/media?parent=711"}],"curies":[{"name":"wp","href":"https:\/\/api.w.org\/{rel}","templated":true}]}}