{"id":715,"date":"2021-09-20T08:35:13","date_gmt":"2021-09-20T06:35:13","guid":{"rendered":"https:\/\/asgolfdepessac.com\/?page_id=715"},"modified":"2026-02-25T08:52:36","modified_gmt":"2026-02-25T07:52:36","slug":"duo-2023-2","status":"publish","type":"page","link":"https:\/\/asgolfdepessac.com\/index.php\/activites\/duo-2023-2\/","title":{"rendered":"DUO 2026"},"content":{"rendered":"<div dir=\"ltr\">\n<div>\n<div style=\"text-align: center;\">\n<div><span style=\"color: #0000ff; font-size: large;\"><b>Formules conviviales pour des \u00e9quipes de \u00a02<\/b><\/span><\/div>\n<\/div>\n<div><\/div>\n<\/div>\n<div>\n<div style=\"text-align: center;\">\n<div>\n<div><span style=\"color: initial;\"><span style=\"color: #0000ff;\"><b>4 Balles : <\/b><\/span><\/span>Les 2 joueurs de chaque camp jouent chacun une balle. Le meilleur score en brut et en net\u00a0 r\u00e9alis\u00e9 sur chaque trou est pris en compte.<\/div>\n<div><\/div>\n<div><span style=\"color: initial;\"><span style=\"color: #0000ff;\"><b>Chapman :\u00a0<\/b><\/span><\/span><span style=\"color: initial;\">Les 2 joueurs du \u00ab\u00a0camp\u00a0\u00bb jouent chacun une balle du d\u00e9part, alternent pour le 2\u00e8me coup, et choisissent ensuite celle qui leur convient le mieux pour terminer le trou en jouant alternativement<\/span><\/div>\n<\/div>\n<div><span><span style=\"font-size: medium;\">\u00a0<\/span><\/span><\/div>\n<div><span style=\"font-size: medium;\"><b><span><span style=\"color: #0000ff;\">Scramble \u00e0 2\u00a0 : <\/span><\/span><\/b><span>Les 2\u00a0 joueurs du \u00ab\u00a0camp\u00a0\u00bb jouent chacun une balle et \u00a0choisissent chaque fois \u00a0celle qui leur convient le mieux pour terminer le trou en jouant tous les 2\u00a0<\/span><\/span><\/div>\n<div><span><span style=\"font-size: medium;\">\u00a0<\/span><\/span><\/div>\n<div>\n<div><span style=\"font-size: medium;\"><span style=\"color: #0000ff;\"><span style=\"font-family: arial, sans-serif;\"><b>Greensome :<\/b><\/span><\/span><span>Les 2 joueurs du \u00ab\u00a0camp\u00a0\u00bb jouent chacun une balle du d\u00e9part , choisissent ensuite celle qui leur convient le mieux pour terminer le trou en jouant alternativement<\/span><\/span><\/div>\n<\/div>\n<div>\n<div><span><span style=\"font-size: medium;\">\u00a0<\/span><\/span><\/div>\n<\/div>\n<div>\n<div><span style=\"font-size: medium;\"><span style=\"color: #0000ff;\"><span style=\"font-family: arial, sans-serif;\"><b>Foursome :<\/b><\/span><\/span><span>Les 2 joueurs du \u00ab\u00a0camp\u00a0\u00bb jouent alternativement, le premier joueur faisant les d\u00e9parts impair, le deuxi\u00e8me les d\u00e9parts pair<\/span><\/span><\/div>\n<\/div>\n<div><span style=\"color: #0000ff; font-size: x-large;\"><b>\u00a0<\/b><\/span><\/div>\n<div><\/div>\n<\/div>\n<\/div>\n<div>\n<div style=\"text-align: center;\">\n<div><span style=\"color: #0000ff; font-size: medium;\"><b>DIMANCHE 25 janvier 2026 : <span style=\"color: #0000ff;\">Scramble<\/span><span style=\"color: #0000ff;\">\u00a0\u00e0 2<\/span> &#8211; Coupe des Rois et des reines<\/b><\/span><\/div>\n<div><\/div>\n<div><span style=\"color: #0000ff; font-size: medium;\"><b>D<span style=\"color: #0000ff;\">IMANCHE 1er mars 2026 :\u00a0 4 balles &#8211;<\/span><\/b><\/span><span style=\"color: #0000ff;\"><span style=\"font-size: medium;\"><b>\u00a0Cou<\/b><\/span><span style=\"font-size: medium;\"><b>pe de\u00a0<\/b><\/span><b>Carnaval<\/b><\/span><\/div>\n<div><\/div>\n<div><span style=\"color: #0000ff;\"><span style=\"font-size: medium;\"><b>DIMANCHE 22 mars 2026 : <\/b><\/span><b>\u00a0Scramble \u00e0 2 &#8211;<\/b><b>\u00a0Coupe du Printemps<\/b><\/span><\/div>\n<div><\/div>\n<div>\n<div><span style=\"color: #0000ff;\"><span style=\"font-size: medium;\"><b>DIMANCHE 30 novembre 2025\u00a0 : <\/b><\/span><b>\u00a0Scramble \u00e0 2 &#8211; Partenaire CADIOT BADIE<\/b><\/span><\/div>\n<div><\/div>\n<\/div>\n<\/div>\n<div style=\"text-align: center;\">\n<div><\/div>\n<div>\n<div><span style=\"font-size: medium;\"><span>*<\/span><span style=\"color: #ff0000;\"> Planning et formules\u00a0susceptibles\u00a0d&rsquo;\u00eatre modifi\u00e9s et adapt\u00e9s suivant les conditions climatiques<\/span><\/span><\/div>\n<\/div>\n<div><\/div>\n<\/div>\n<div style=\"text-align: center;\"><a href=\"https:\/\/asgolfdepessac.com\/wp-content\/uploads\/2024\/04\/REGLES-LOCALES-BLANC-BLEU-18-TROUS_ASGP.docx-1.pdf\" target=\"_blank\" rel=\"noopener\"><span style=\"color: #000000;\"><span><span style=\"font-size: medium;\"><b>R\u00c8GLES<\/b><\/span><\/span><span style=\"font-size: medium;\"><b>\u00a0LOCALES APPLICABLES<\/b><\/span><\/span><\/a><\/div>\n<div style=\"text-align: center;\"><span style=\"color: #000000;\"><span style=\"font-size: medium;\"><b>\u00a0<a href=\"https:\/\/asgolfdepessac.com\/wp-content\/uploads\/2024\/06\/ReglementCompetition-18-Trous-ASGP_2026-.pdf\" target=\"_blank\" rel=\"noopener\">R\u00c8GLEMENT\u00a0des Comp\u00e9titions\u00a0AS applicable<\/a><\/b><\/span><\/span><\/div>\n<div style=\"text-align: center;\"><span style=\"color: #073763;\"><span><span style=\"font-size: medium;\"><b>COMIT\u00c9<\/b><\/span><\/span><span style=\"font-size: medium;\"><b>\u00a0D&rsquo;\u00c9PREUVE\u00a0CONSTITU\u00c9 DE \u00a0:<\/b><\/span><\/span><\/div>\n<div style=\"text-align: center;\"><b><span style=\"color: #073763; font-size: medium;\">&#8211; Pr\u00e9sident de l&rsquo;AS\u00a0<\/span><\/b><\/div>\n<div style=\"text-align: center;\"><b><span style=\"color: #073763; font-size: medium;\">&#8211; Pr\u00e9sident de la Commission sportive\u00a0<\/span><\/b><\/div>\n<div style=\"text-align: center;\"><b><span style=\"color: #073763; font-size: medium;\">&#8211; Responsable d\u00e9sign\u00e9 de la comp\u00e9tition du Jour<\/span><\/b><\/div>\n<div style=\"text-align: center;\"><b><span style=\"color: #073763; font-size: medium;\">&#8211; Arbitre du Golf\u00a0<\/span><\/b><\/div>\n<\/div>\n<\/div>\n\n\n<figure class=\"wp-block-table\"><table><tbody><tr><td><\/td><td><\/td><\/tr><\/tbody><\/table><\/figure>\n","protected":false},"excerpt":{"rendered":"<p>Formules conviviales pour des \u00e9quipes de \u00a02 4 Balles : Les 2 joueurs de chaque camp jouent chacun une balle. Le meilleur score en brut et en net\u00a0 r\u00e9alis\u00e9 sur chaque trou est pris en compte. Chapman :\u00a0Les 2 joueurs du \u00ab\u00a0camp\u00a0\u00bb jouent chacun une balle du d\u00e9part, alternent pour [&hellip;]<\/p>\n","protected":false},"author":1,"featured_media":52,"parent":502,"menu_order":0,"comment_status":"closed","ping_status":"closed","template":"","meta":{"footnotes":""},"class_list":["post-715","page","type-page","status-publish","has-post-thumbnail","hentry"],"_links":{"self":[{"href":"https:\/\/asgolfdepessac.com\/index.php\/wp-json\/wp\/v2\/pages\/715","targetHints":{"allow":["GET"]}}],"collection":[{"href":"https:\/\/asgolfdepessac.com\/index.php\/wp-json\/wp\/v2\/pages"}],"about":[{"href":"https:\/\/asgolfdepessac.com\/index.php\/wp-json\/wp\/v2\/types\/page"}],"author":[{"embeddable":true,"href":"https:\/\/asgolfdepessac.com\/index.php\/wp-json\/wp\/v2\/users\/1"}],"replies":[{"embeddable":true,"href":"https:\/\/asgolfdepessac.com\/index.php\/wp-json\/wp\/v2\/comments?post=715"}],"version-history":[{"count":4,"href":"https:\/\/asgolfdepessac.com\/index.php\/wp-json\/wp\/v2\/pages\/715\/revisions"}],"predecessor-version":[{"id":13875,"href":"https:\/\/asgolfdepessac.com\/index.php\/wp-json\/wp\/v2\/pages\/715\/revisions\/13875"}],"up":[{"embeddable":true,"href":"https:\/\/asgolfdepessac.com\/index.php\/wp-json\/wp\/v2\/pages\/502"}],"wp:featuredmedia":[{"embeddable":true,"href":"https:\/\/asgolfdepessac.com\/index.php\/wp-json\/wp\/v2\/media\/52"}],"wp:attachment":[{"href":"https:\/\/asgolfdepessac.com\/index.php\/wp-json\/wp\/v2\/media?parent=715"}],"curies":[{"name":"wp","href":"https:\/\/api.w.org\/{rel}","templated":true}]}}