{"id":7258,"date":"2024-05-23T22:54:28","date_gmt":"2024-05-23T20:54:28","guid":{"rendered":"https:\/\/asgolfdepessac.com\/?page_id=7258"},"modified":"2024-07-02T14:37:50","modified_gmt":"2024-07-02T12:37:50","slug":"decouverte-golf-au-feminin","status":"publish","type":"page","link":"https:\/\/asgolfdepessac.com\/index.php\/activites\/decouverte-golf-au-feminin\/","title":{"rendered":"DECOUVERTE GOLF AU FEMININ"},"content":{"rendered":"<p><strong>Lancement 2024<\/strong><\/p>\n<p>A l\u2019initiative du Golf et de l\u2019Association Sportive de Pessac et sous l\u2019\u00e9gide de la Ligue Nouvelle Aquitaine et de la F\u00e9d\u00e9ration Fran\u00e7aise de Golf, une demi-journ\u00e9e est consacr\u00e9e \u00e0 cette manifestation le <strong>Samedi 22 juin 2024 de 15H \u00e0 18H<\/strong> sur le practice et compact du golf de Pessac.<\/p>\n<p>Modalit\u00e9s de cette rencontre amicale et sportive :<\/p>\n<p>&#8211; Une joueuse confirm\u00e9e de l\u2019AS de Pessac invite une connaissance f\u00e9minine \u00e0 d\u00e9couvrir le golf en s&rsquo;amusant<\/p>\n<p>&#8211; Votre invit\u00e9e suit un cours d&rsquo;une heure environ avec un pro du golf (acc\u00e8s au practice pour leurs 1ers swings avec balles et clubs fournis). Tenue sport et baskets conseill\u00e9s<\/p>\n<p>&#8211; Puis, accompagnement du pro sur quelques trous du compact et ensuite, scramble \u00e0 2, joueuses confirm\u00e9es &amp; n\u00e9ophytes, jusqu&rsquo;au neuvi\u00e8me trou<\/p>\n<p>&#8211; Au retour du parcours, pot de l&rsquo;amiti\u00e9 et remise de cadeaux offerts par l&rsquo;UGBG Pessac et l&rsquo;AS du Golf de Pessac<\/p>\n<p>Maximum 15 &lsquo;novices&rsquo; et 15 &lsquo;accompagnantes confirm\u00e9es&rsquo;<\/p>\n<p>L\u2019organisation en amont est assur\u00e9e par Christine Dutheil (Bureau AS)<\/p>\n<p>L\u2019organisation sur place est assur\u00e9e par Fabienne Grand-Moursel (Membre AS)<\/p>\n<p><strong>COMPTE RENDU DE LA JOURNEE<\/strong><\/p>\n<p><span style=\"color: #3366ff;\"><em>\u00a0\u00bbLe 22 juin 2024, s&rsquo;est d\u00e9roul\u00e9e LA D\u00c9COUVERTE\u00a0DU GOLF AU FEMININ, o\u00f9 joie, bonne humeur et enthousiasme \u00e9taient au rendez vous.<\/em><\/span><\/p>\n<p><span style=\"color: #3366ff;\"><em>Malgr\u00e9\u00a0une journ\u00e9e pluvieuse, les participantes ont su, avec brio et un immense plaisir, partager leur passion pour\u00a0la petite balle blanche.<\/em><\/span><\/p>\n<p><span style=\"color: #3366ff;\"><em>Nous remercions\u00a0vivement Everton, pro du golf de Pessac, qui a permis \u00e0 nos invit\u00e9es de conna\u00eetre\u00a0le premier contact\u00a0avec des clubs de golf sur le practice puis sur le compact.<\/em><\/span><\/p>\n<p><\/p>\n<p><span style=\"color: #3366ff;\"><em>Cette journ\u00e9e tr\u00e8s agr\u00e9able\u00a0s&rsquo;est cl\u00f4tur\u00e9e par un pot de l&rsquo;amiti\u00e9 offert par le Golf de Pessac et la remise d&rsquo;une bo\u00eete de balles logot\u00e9es offerte par l&rsquo;AS de Pessac.\u00a0Cadeaux qui ont \u00e9t\u00e9 tr\u00e8s appr\u00e9ci\u00e9s par les n\u00e9ophytes\u00a0pr\u00e9sentes \u00e0 cette animation&#8230;.et d&rsquo;ailleurs, certaines d&rsquo;entre-elles ont manifest\u00e9 leur intention de revenir fouler notre herbe verte.<\/em><\/span><\/p>\n<p><span style=\"color: #3366ff;\"><em>A tr\u00e8s bient\u00f4t\u00a0sur nos greens et un grand merci \u00e0 nos 16 golfeuses et futures golfeuses\u00a0\u00bb<\/em><\/span><\/p>\n<div dir=\"ltr\">\n<div><\/div>\n<div style=\"text-align: center;\"><span style=\"color: #073763; font-size: medium;\"><b>\u00a0<\/b><\/span><\/div>\n<\/div>\n\n\n\n\n<figure><table><tbody><tr><td><\/td><td><\/td><\/tr><\/tbody><\/table><\/figure>\n\n\n\n<p><\/p>\n","protected":false},"excerpt":{"rendered":"<p>Lancement 2024 A l\u2019initiative du Golf et de l\u2019Association Sportive de Pessac et sous l\u2019\u00e9gide de la Ligue Nouvelle Aquitaine et de la F\u00e9d\u00e9ration Fran\u00e7aise de Golf, une demi-journ\u00e9e est consacr\u00e9e \u00e0 cette manifestation le Samedi 22 juin 2024 de 15H \u00e0 18H sur le practice et compact du golf [&hellip;]<\/p>\n","protected":false},"author":1,"featured_media":52,"parent":502,"menu_order":0,"comment_status":"closed","ping_status":"closed","template":"","meta":{"footnotes":""},"class_list":["post-7258","page","type-page","status-publish","has-post-thumbnail","hentry"],"_links":{"self":[{"href":"https:\/\/asgolfdepessac.com\/index.php\/wp-json\/wp\/v2\/pages\/7258","targetHints":{"allow":["GET"]}}],"collection":[{"href":"https:\/\/asgolfdepessac.com\/index.php\/wp-json\/wp\/v2\/pages"}],"about":[{"href":"https:\/\/asgolfdepessac.com\/index.php\/wp-json\/wp\/v2\/types\/page"}],"author":[{"embeddable":true,"href":"https:\/\/asgolfdepessac.com\/index.php\/wp-json\/wp\/v2\/users\/1"}],"replies":[{"embeddable":true,"href":"https:\/\/asgolfdepessac.com\/index.php\/wp-json\/wp\/v2\/comments?post=7258"}],"version-history":[{"count":0,"href":"https:\/\/asgolfdepessac.com\/index.php\/wp-json\/wp\/v2\/pages\/7258\/revisions"}],"up":[{"embeddable":true,"href":"https:\/\/asgolfdepessac.com\/index.php\/wp-json\/wp\/v2\/pages\/502"}],"wp:featuredmedia":[{"embeddable":true,"href":"https:\/\/asgolfdepessac.com\/index.php\/wp-json\/wp\/v2\/media\/52"}],"wp:attachment":[{"href":"https:\/\/asgolfdepessac.com\/index.php\/wp-json\/wp\/v2\/media?parent=7258"}],"curies":[{"name":"wp","href":"https:\/\/api.w.org\/{rel}","templated":true}]}}