{"id":7643,"date":"2024-07-19T11:51:51","date_gmt":"2024-07-19T09:51:51","guid":{"rendered":"https:\/\/asgolfdepessac.com\/?page_id=7643"},"modified":"2025-09-23T11:01:59","modified_gmt":"2025-09-23T09:01:59","slug":"grand-prix","status":"publish","type":"page","link":"https:\/\/asgolfdepessac.com\/index.php\/activites\/grand-prix\/","title":{"rendered":"GRAND PRIX"},"content":{"rendered":"\n<p>DATE : 20 21 septembre 2025<\/p>\n\n\n\n<p><a href=\"https:\/\/pages.ffgolf.org\/resultats\/resultats-details\/8986b22e6f493691cc71534be6847c02\/2501356991\" target=\"_blank\" rel=\"noreferrer noopener\">LES RESULTATS DU GRAND PRIX 2025<\/a><\/p>\n\n\n\n<figure class=\"wp-block-image size-large\"><img loading=\"lazy\" decoding=\"async\" width=\"1024\" height=\"768\" src=\"https:\/\/asgolfdepessac.com\/wp-content\/uploads\/2025\/09\/Grand-Prix-2025-Photos-vainqueurs-1024x768.jpg\" alt=\"\" class=\"wp-image-12384\" srcset=\"https:\/\/asgolfdepessac.com\/wp-content\/uploads\/2025\/09\/Grand-Prix-2025-Photos-vainqueurs-1024x768.jpg 1024w, https:\/\/asgolfdepessac.com\/wp-content\/uploads\/2025\/09\/Grand-Prix-2025-Photos-vainqueurs-300x225.jpg 300w, https:\/\/asgolfdepessac.com\/wp-content\/uploads\/2025\/09\/Grand-Prix-2025-Photos-vainqueurs-768x576.jpg 768w, https:\/\/asgolfdepessac.com\/wp-content\/uploads\/2025\/09\/Grand-Prix-2025-Photos-vainqueurs-1536x1152.jpg 1536w, https:\/\/asgolfdepessac.com\/wp-content\/uploads\/2025\/09\/Grand-Prix-2025-Photos-vainqueurs-2048x1535.jpg 2048w\" sizes=\"auto, (max-width: 1024px) 100vw, 1024px\" \/><\/figure>\n\n\n\n<p><strong>VAINQUEURS 2025<\/strong><\/p>\n\n\n\n<p>DAMES : HAMM Gwendoline<\/p>\n\n\n\n<p>MESSIEURS : Baptiste FUSIER<\/p>\n\n\n\n<p>La Comp\u00e9tition se d\u00e9roulant suivant&nbsp; le <strong><a href=\"https:\/\/d0ad97c4-d159-482c-a5d6-626bacc8ca08.usrfiles.com\/ugd\/8cc628_526393aee0c74675bf0c303b6ac4ab69.pdf\" target=\"_blank\" rel=\"noreferrer noopener\">r\u00e8glement&nbsp;publi\u00e9<\/a><\/strong> sur le site de la Nouvelle aquitaine de GOLF et les d\u00e9tails sur le site de l\u2019AS<br>Index inf\u00e9rieur \u00e0 11.4 pour les Messieurs, 14.4 pour les Dames possibilit\u00e9 de Wild Card<\/p>\n\n\n\n<p><strong>Formule de Jeu : Strokeplay&nbsp; &nbsp;Rep\u00e8res blanc&nbsp; messieurs, Bleu Dames<\/strong><\/p>\n\n\n\n<p><\/p>\n\n\n\n<p><\/p>\n\n\n\n<p><\/p>\n\n\n\n<p><strong>TARIFS<\/strong><\/p>\n\n\n\n<figure class=\"wp-block-image size-large\"><img loading=\"lazy\" decoding=\"async\" width=\"1024\" height=\"270\" src=\"https:\/\/asgolfdepessac.com\/wp-content\/uploads\/2025\/07\/Tarif-Grand-Prix-PESSAC-2025-1024x270.png\" alt=\"\" class=\"wp-image-11742\" srcset=\"https:\/\/asgolfdepessac.com\/wp-content\/uploads\/2025\/07\/Tarif-Grand-Prix-PESSAC-2025-1024x270.png 1024w, https:\/\/asgolfdepessac.com\/wp-content\/uploads\/2025\/07\/Tarif-Grand-Prix-PESSAC-2025-300x79.png 300w, https:\/\/asgolfdepessac.com\/wp-content\/uploads\/2025\/07\/Tarif-Grand-Prix-PESSAC-2025-768x202.png 768w, https:\/\/asgolfdepessac.com\/wp-content\/uploads\/2025\/07\/Tarif-Grand-Prix-PESSAC-2025.png 1436w\" sizes=\"auto, (max-width: 1024px) 100vw, 1024px\" \/><\/figure>\n\n\n\n<p><strong>Les joueurs non retenus seront rembours\u00e9s vers le 26 septembre sur le compte associ\u00e9 \u00e0 leur carte bancaire<\/strong><\/p>\n\n\n\n<p><\/p>\n\n\n\n<p>GRAND PRIX 2024<\/p>\n\n\n<div class=\"wp-block-image\">\n<figure class=\"aligncenter size-large\"><img loading=\"lazy\" decoding=\"async\" width=\"1024\" height=\"735\" src=\"https:\/\/asgolfdepessac.com\/wp-content\/uploads\/2024\/09\/GRAND-PRIX-2024-VAINQUEURS-A-1024x735.jpg\" alt=\"\" class=\"wp-image-8205\" srcset=\"https:\/\/asgolfdepessac.com\/wp-content\/uploads\/2024\/09\/GRAND-PRIX-2024-VAINQUEURS-A-1024x735.jpg 1024w, https:\/\/asgolfdepessac.com\/wp-content\/uploads\/2024\/09\/GRAND-PRIX-2024-VAINQUEURS-A-300x215.jpg 300w, https:\/\/asgolfdepessac.com\/wp-content\/uploads\/2024\/09\/GRAND-PRIX-2024-VAINQUEURS-A-768x551.jpg 768w, https:\/\/asgolfdepessac.com\/wp-content\/uploads\/2024\/09\/GRAND-PRIX-2024-VAINQUEURS-A-1536x1102.jpg 1536w, https:\/\/asgolfdepessac.com\/wp-content\/uploads\/2024\/09\/GRAND-PRIX-2024-VAINQUEURS-A-2048x1470.jpg 2048w\" sizes=\"auto, (max-width: 1024px) 100vw, 1024px\" \/><\/figure>\n<\/div>\n\n\n<p><strong>VAINQUEURS 2024<\/strong><\/p>\n\n\n\n<p>DAMES : Clara RYJACEK  <\/p>\n\n\n\n<p>MESSIEURS : Noah VIELLEVILLE<\/p>\n\n\n\n<p><a href=\"https:\/\/pages.ffgolf.org\/resultats\/resultats-details\/8986b22e6f493691cc71534be6847c02\/2401237043\" target=\"_blank\" rel=\"noreferrer noopener\">TOUS LES RESULTATS<\/a><\/p>\n\n\n\n<p>Pour toutes questions soit :<\/p>\n\n\n\n<p>-T\u00e9l\u00e9phonez au 05 57 26 03 33<\/p>\n\n\n\n<p>-faites un email \u00e0 asgolfdepessac@gmail.com  <\/p>\n\n\n\n<p><a href=\"https:\/\/d0ad97c4-d159-482c-a5d6-626bacc8ca08.usrfiles.com\/ugd\/8cc628_0699857328344fb2a9098ee74ba99c15.pdf\" target=\"_blank\" rel=\"noreferrer noopener\">REGLEMENT DU GRAND PRIX<\/a><\/p>\n\n\n\n<p><a href=\"https:\/\/asgolfdepessac.com\/wp-content\/uploads\/2024\/09\/2024-Reglement-General-epreuves-amateurs-federales.pdf\" target=\"_blank\" rel=\"noreferrer noopener\">R\u00e8glement G\u00e9n\u00e9rale des \u00e9preuves f\u00e9d\u00e9rales<\/a><\/p>\n\n\n\n<p><a href=\"https:\/\/asgolfdepessac.com\/wp-content\/uploads\/2024\/09\/2024-Cahier-des-chaarges-Grand-Prix.pdf\" target=\"_blank\" rel=\"noreferrer noopener\">Cahier des Charges GP <\/a><\/p>\n\n\n\n<p><a href=\"https:\/\/asgolfdepessac.com\/wp-content\/uploads\/2024\/09\/2024-Hard-Card-A.pdf\" target=\"_blank\" rel=\"noreferrer noopener\"><strong>R\u00e8gles locales Permanentes Grand Prix<\/strong>&nbsp;(Hard card)<\/a><\/p>\n\n\n\n<p>R\u00e8gles locales sp\u00e9cifiques<\/p>\n\n\n\n<p><a href=\"https:\/\/asgolfdepessac.com\/wp-content\/uploads\/2023\/09\/Regles-dentrainement.pdf\" target=\"_blank\" rel=\"noreferrer noopener\">R\u00e8gles d\u2019entrainement<\/a><\/p>\n\n\n\n<p><a href=\"https:\/\/asgolfdepessac.com\/wp-content\/uploads\/2023\/04\/plan-evacuation-Golf-Pessac.pdf\" target=\"_blank\" rel=\"noreferrer noopener\">Plan d\u2019\u00e9vacuation<\/a><\/p>\n\n\n\n<p>Informations Pratiques<\/p>\n\n\n\n<p><\/p>\n\n\n\n<p class=\"has-black-color has-text-color has-link-color has-medium-font-size wp-elements-feda9b397407b9b2202df6603f67cfb3\"><strong>GRAND PRIX 2023<\/strong><\/p>\n\n\n\n<p><a rel=\"noreferrer noopener\" href=\"https:\/\/asgolfdepessac.com\/wp-content\/uploads\/2023\/09\/Grand-prix-PESSAC-2023-Resultat-dames.pdf\" data-type=\"link\" data-id=\"https:\/\/asgolfdepessac.com\/wp-content\/uploads\/2023\/09\/Grand-prix-PESSAC-2023-Resultat-dames.pdf\" target=\"_blank\">CLASSEMENT DAMES<\/a> <\/p>\n\n\n\n<p><a rel=\"noreferrer noopener\" href=\"https:\/\/asgolfdepessac.com\/wp-content\/uploads\/2023\/09\/Grand-prix-PESSAC-2023-Resultat-messieurs.pdf\" data-type=\"link\" data-id=\"https:\/\/asgolfdepessac.com\/wp-content\/uploads\/2023\/09\/Grand-prix-PESSAC-2023-Resultat-messieurs.pdf\" target=\"_blank\">CLASSEMENT MESSIEURS<\/a><\/p>\n\n\n\n<p>LA CARTE DU GRAND PRIX 2023 RECORD DU PARCOURS BLANC BLEU REPEERE BLANC<\/p>\n\n\n\n<figure class=\"wp-block-image size-large\"><img loading=\"lazy\" decoding=\"async\" width=\"1024\" height=\"708\" src=\"https:\/\/asgolfdepessac.com\/wp-content\/uploads\/2023\/09\/Carte-moins-7-1024x708.jpg\" alt=\"\" class=\"wp-image-5456\" srcset=\"https:\/\/asgolfdepessac.com\/wp-content\/uploads\/2023\/09\/Carte-moins-7-1024x708.jpg 1024w, https:\/\/asgolfdepessac.com\/wp-content\/uploads\/2023\/09\/Carte-moins-7-300x208.jpg 300w, https:\/\/asgolfdepessac.com\/wp-content\/uploads\/2023\/09\/Carte-moins-7-768x531.jpg 768w, https:\/\/asgolfdepessac.com\/wp-content\/uploads\/2023\/09\/Carte-moins-7-1536x1063.jpg 1536w, https:\/\/asgolfdepessac.com\/wp-content\/uploads\/2023\/09\/Carte-moins-7-2048x1417.jpg 2048w\" sizes=\"auto, (max-width: 1024px) 100vw, 1024px\" \/><\/figure>\n\n\n\n<p class=\"has-medium-font-size\"><\/p>\n\n\n\n<p><\/p>\n\n\n\n<p><br><\/p>\n\n\n\n<p><a href=\"http:\/\/as.golf.de.pessac.free.fr\" data-type=\"URL\" data-id=\"http:\/\/as.golf.de.pessac.free.fr\" target=\"_blank\" rel=\"noreferrer noopener\">Toutes les photos des grands prix de Pessac<\/a><\/p>\n\n\n\n<p><\/p>\n","protected":false},"excerpt":{"rendered":"<p>DATE : 20 21 septembre 2025 LES RESULTATS DU GRAND PRIX 2025 VAINQUEURS 2025 DAMES : HAMM Gwendoline MESSIEURS : Baptiste FUSIER La Comp\u00e9tition se d\u00e9roulant suivant&nbsp; le r\u00e8glement&nbsp;publi\u00e9 sur le site de la Nouvelle aquitaine de GOLF et les d\u00e9tails sur le site de l\u2019ASIndex inf\u00e9rieur \u00e0 11.4 pour [&hellip;]<\/p>\n","protected":false},"author":1,"featured_media":52,"parent":502,"menu_order":0,"comment_status":"closed","ping_status":"closed","template":"","meta":{"footnotes":""},"class_list":["post-7643","page","type-page","status-publish","has-post-thumbnail","hentry"],"_links":{"self":[{"href":"https:\/\/asgolfdepessac.com\/index.php\/wp-json\/wp\/v2\/pages\/7643","targetHints":{"allow":["GET"]}}],"collection":[{"href":"https:\/\/asgolfdepessac.com\/index.php\/wp-json\/wp\/v2\/pages"}],"about":[{"href":"https:\/\/asgolfdepessac.com\/index.php\/wp-json\/wp\/v2\/types\/page"}],"author":[{"embeddable":true,"href":"https:\/\/asgolfdepessac.com\/index.php\/wp-json\/wp\/v2\/users\/1"}],"replies":[{"embeddable":true,"href":"https:\/\/asgolfdepessac.com\/index.php\/wp-json\/wp\/v2\/comments?post=7643"}],"version-history":[{"count":0,"href":"https:\/\/asgolfdepessac.com\/index.php\/wp-json\/wp\/v2\/pages\/7643\/revisions"}],"up":[{"embeddable":true,"href":"https:\/\/asgolfdepessac.com\/index.php\/wp-json\/wp\/v2\/pages\/502"}],"wp:featuredmedia":[{"embeddable":true,"href":"https:\/\/asgolfdepessac.com\/index.php\/wp-json\/wp\/v2\/media\/52"}],"wp:attachment":[{"href":"https:\/\/asgolfdepessac.com\/index.php\/wp-json\/wp\/v2\/media?parent=7643"}],"curies":[{"name":"wp","href":"https:\/\/api.w.org\/{rel}","templated":true}]}}