{"id":797,"date":"2021-09-23T10:06:08","date_gmt":"2021-09-23T08:06:08","guid":{"rendered":"https:\/\/asgolfdepessac.com\/?page_id=797"},"modified":"2024-07-15T07:50:56","modified_gmt":"2024-07-15T05:50:56","slug":"contact","status":"publish","type":"page","link":"https:\/\/asgolfdepessac.com\/index.php\/contact\/","title":{"rendered":"CONTACT"},"content":{"rendered":"\n<p>Pour toute demande d&rsquo;informations d&rsquo;ordre g\u00e9n\u00e9ral, envoyez un mail \u00e0 <strong>asgolfdepessac@gmail.com<\/strong><\/p>\n\n\n\n<p>Pour une demande sp\u00e9cifique concernant PESSAC AU FEMININ, envoyez un mail \u00e0 <strong>aspessacaufeminin@gmail.com<\/strong><\/p>\n\n\n\n<p><\/p>\n","protected":false},"excerpt":{"rendered":"<p>Pour toute demande d&rsquo;informations d&rsquo;ordre g\u00e9n\u00e9ral, envoyez un mail \u00e0 asgolfdepessac@gmail.com Pour une demande sp\u00e9cifique concernant PESSAC AU FEMININ, envoyez un mail \u00e0 aspessacaufeminin@gmail.com<\/p>\n","protected":false},"author":1,"featured_media":52,"parent":0,"menu_order":0,"comment_status":"closed","ping_status":"closed","template":"","meta":{"footnotes":""},"class_list":["post-797","page","type-page","status-publish","has-post-thumbnail","hentry"],"_links":{"self":[{"href":"https:\/\/asgolfdepessac.com\/index.php\/wp-json\/wp\/v2\/pages\/797","targetHints":{"allow":["GET"]}}],"collection":[{"href":"https:\/\/asgolfdepessac.com\/index.php\/wp-json\/wp\/v2\/pages"}],"about":[{"href":"https:\/\/asgolfdepessac.com\/index.php\/wp-json\/wp\/v2\/types\/page"}],"author":[{"embeddable":true,"href":"https:\/\/asgolfdepessac.com\/index.php\/wp-json\/wp\/v2\/users\/1"}],"replies":[{"embeddable":true,"href":"https:\/\/asgolfdepessac.com\/index.php\/wp-json\/wp\/v2\/comments?post=797"}],"version-history":[{"count":0,"href":"https:\/\/asgolfdepessac.com\/index.php\/wp-json\/wp\/v2\/pages\/797\/revisions"}],"wp:featuredmedia":[{"embeddable":true,"href":"https:\/\/asgolfdepessac.com\/index.php\/wp-json\/wp\/v2\/media\/52"}],"wp:attachment":[{"href":"https:\/\/asgolfdepessac.com\/index.php\/wp-json\/wp\/v2\/media?parent=797"}],"curies":[{"name":"wp","href":"https:\/\/api.w.org\/{rel}","templated":true}]}}