{"id":8051,"date":"2024-09-05T18:11:08","date_gmt":"2024-09-05T16:11:08","guid":{"rendered":"https:\/\/asgolfdepessac.com\/?page_id=8051"},"modified":"2026-02-18T11:07:23","modified_gmt":"2026-02-18T10:07:23","slug":"equipes-photos-dames","status":"publish","type":"page","link":"https:\/\/asgolfdepessac.com\/index.php\/equipes-photos-dames\/","title":{"rendered":"PHOTOS DAMES"},"content":{"rendered":"\n<h2 class=\"wp-block-heading has-text-align-center\">\u00c9QUIPE MID AMATEUR R\u00c9GIONAL 2025 &#8211; DIVISION 1<\/h2>\n\n\n<div class=\"wp-block-image\">\n<figure class=\"aligncenter size-large is-resized\"><img loading=\"lazy\" decoding=\"async\" width=\"1024\" height=\"768\" src=\"https:\/\/asgolfdepessac.com\/wp-content\/uploads\/2025\/06\/image00001-1024x768.jpeg\" alt=\"\" class=\"wp-image-11471\" style=\"width:704px;height:auto\" srcset=\"https:\/\/asgolfdepessac.com\/wp-content\/uploads\/2025\/06\/image00001-1024x768.jpeg 1024w, https:\/\/asgolfdepessac.com\/wp-content\/uploads\/2025\/06\/image00001-300x225.jpeg 300w, https:\/\/asgolfdepessac.com\/wp-content\/uploads\/2025\/06\/image00001-768x576.jpeg 768w, https:\/\/asgolfdepessac.com\/wp-content\/uploads\/2025\/06\/image00001-1536x1152.jpeg 1536w, https:\/\/asgolfdepessac.com\/wp-content\/uploads\/2025\/06\/image00001-2048x1536.jpeg 2048w\" sizes=\"auto, (max-width: 1024px) 100vw, 1024px\" \/><\/figure>\n<\/div>\n\n\n<p class=\"has-text-align-center\">Herv\u00e9 <strong>GILLIS <\/strong>(arbitre), Jean <strong>RICHER <\/strong>(pr\u00e9sident AS), Yasmine <strong>YOUSSOUFA<\/strong>, Manon <strong>LE-GALES<\/strong>, Damien <strong>AUMONT <\/strong>(directeur du golf), Eug\u00e9nie <strong>PHILIPPE<\/strong>, Pascal <strong>L\u00c9GLISE <\/strong>(pr\u00e9parateur mental), Sophie <strong>BERTRANET<\/strong> (capitaine), Denis <strong>DUTHEIL <\/strong>(arbitre)<\/p>\n\n\n\n<p><\/p>\n\n\n\n<h2 class=\"wp-block-heading has-text-align-center\">\u00c9QUIPE 1 FRANCE 2025 &#8211; DIVISION 3<\/h2>\n\n\n<div class=\"wp-block-image\">\n<figure class=\"aligncenter size-large is-resized\"><img loading=\"lazy\" decoding=\"async\" width=\"2560\" height=\"1920\" src=\"https:\/\/asgolfdepessac.com\/wp-content\/uploads\/2025\/05\/AS-GOLF-PESSAC_Equipe-Dames-France-2025-edited-scaled.jpeg\" alt=\"\" class=\"wp-image-11254\" style=\"width:644px;height:auto\" srcset=\"https:\/\/asgolfdepessac.com\/wp-content\/uploads\/2025\/05\/AS-GOLF-PESSAC_Equipe-Dames-France-2025-edited-scaled.jpeg 2560w, https:\/\/asgolfdepessac.com\/wp-content\/uploads\/2025\/05\/AS-GOLF-PESSAC_Equipe-Dames-France-2025-edited-300x225.jpeg 300w, https:\/\/asgolfdepessac.com\/wp-content\/uploads\/2025\/05\/AS-GOLF-PESSAC_Equipe-Dames-France-2025-edited-1024x768.jpeg 1024w, https:\/\/asgolfdepessac.com\/wp-content\/uploads\/2025\/05\/AS-GOLF-PESSAC_Equipe-Dames-France-2025-edited-768x576.jpeg 768w, https:\/\/asgolfdepessac.com\/wp-content\/uploads\/2025\/05\/AS-GOLF-PESSAC_Equipe-Dames-France-2025-edited-1536x1152.jpeg 1536w, https:\/\/asgolfdepessac.com\/wp-content\/uploads\/2025\/05\/AS-GOLF-PESSAC_Equipe-Dames-France-2025-edited-2048x1536.jpeg 2048w\" sizes=\"auto, (max-width: 2560px) 100vw, 2560px\" \/><\/figure>\n<\/div>\n\n\n<p class=\"has-text-align-center\">Manon <strong>LE-GALES<\/strong>, Yasmine <strong>YOUSSOUFA<\/strong>, Louise <strong>JOUAN<\/strong>, Imane <strong>KOUDDANE<\/strong>, B\u00e9atrice <strong>GRAPOTTE<\/strong>, Sophie <strong>BERTRANET<\/strong> (capitaine), Christine <strong>FAYETTE<\/strong>, Gaspard <strong>NAVARRO<\/strong> (coach)<\/p>\n\n\n\n<p><\/p>\n\n\n\n<h2 class=\"wp-block-heading has-text-align-center\">\u00c9QUIPE 1 R\u00c9GIONAL 2025 &#8211; DIVISION 1<\/h2>\n\n\n<div class=\"wp-block-image\">\n<figure class=\"aligncenter size-large is-resized\"><img loading=\"lazy\" decoding=\"async\" width=\"1920\" height=\"2560\" src=\"https:\/\/asgolfdepessac.com\/wp-content\/uploads\/2025\/04\/Site_AS-GOLF-PESSAC_Equipe-Dames-Regional-2025-edited-1-scaled.jpg\" alt=\"\" class=\"wp-image-10809\" style=\"width:574px;height:auto\" srcset=\"https:\/\/asgolfdepessac.com\/wp-content\/uploads\/2025\/04\/Site_AS-GOLF-PESSAC_Equipe-Dames-Regional-2025-edited-1-scaled.jpg 1920w, https:\/\/asgolfdepessac.com\/wp-content\/uploads\/2025\/04\/Site_AS-GOLF-PESSAC_Equipe-Dames-Regional-2025-edited-1-225x300.jpg 225w, https:\/\/asgolfdepessac.com\/wp-content\/uploads\/2025\/04\/Site_AS-GOLF-PESSAC_Equipe-Dames-Regional-2025-edited-1-768x1024.jpg 768w, https:\/\/asgolfdepessac.com\/wp-content\/uploads\/2025\/04\/Site_AS-GOLF-PESSAC_Equipe-Dames-Regional-2025-edited-1-1152x1536.jpg 1152w, https:\/\/asgolfdepessac.com\/wp-content\/uploads\/2025\/04\/Site_AS-GOLF-PESSAC_Equipe-Dames-Regional-2025-edited-1-1536x2048.jpg 1536w\" sizes=\"auto, (max-width: 1920px) 100vw, 1920px\" \/><\/figure>\n<\/div>\n\n\n<p class=\"has-text-align-center\">Yasmine <strong>YOUSSOUFA<\/strong>, Sophie <strong>BERTRANET <\/strong>(capitaine), Imane <strong>KOUDDANE<\/strong>, Louise <strong>JOUAN<\/strong>, Manon <strong>LE-GALES<\/strong>, Christine <strong>FAYETTE<\/strong>, Eugenie <strong>PHILIPPE<\/strong><\/p>\n\n\n\n<p><\/p>\n\n\n\n<h2 class=\"wp-block-heading has-text-align-center\">S\u00c9NIORS DAMES FRANCE 2024 &#8211; DIVISION 2<\/h2>\n\n\n<div class=\"wp-block-image\">\n<figure class=\"aligncenter size-large is-resized\"><img loading=\"lazy\" decoding=\"async\" width=\"908\" height=\"1024\" src=\"https:\/\/asgolfdepessac.com\/wp-content\/uploads\/2024\/10\/equipe-seniors-dames-2024-france-A-908x1024.jpg\" alt=\"\" class=\"wp-image-8369\" style=\"width:550px;height:auto\" srcset=\"https:\/\/asgolfdepessac.com\/wp-content\/uploads\/2024\/10\/equipe-seniors-dames-2024-france-A-908x1024.jpg 908w, https:\/\/asgolfdepessac.com\/wp-content\/uploads\/2024\/10\/equipe-seniors-dames-2024-france-A-266x300.jpg 266w, https:\/\/asgolfdepessac.com\/wp-content\/uploads\/2024\/10\/equipe-seniors-dames-2024-france-A-768x866.jpg 768w, https:\/\/asgolfdepessac.com\/wp-content\/uploads\/2024\/10\/equipe-seniors-dames-2024-france-A.jpg 1094w\" sizes=\"auto, (max-width: 908px) 100vw, 908px\" \/><\/figure>\n<\/div>\n\n\n<p class=\"has-text-align-center\">B\u00e9atrice <strong>GRAPOTTE<\/strong> (capitaine), Christine <strong>FAYETTE<\/strong>, Sophie <strong>BERTRANET<\/strong>, Eugenie <strong>PHILIPPE<\/strong>, Valerie <strong>LINARES<\/strong><\/p>\n\n\n\n<p><\/p>\n\n\n\n<h2 class=\"wp-block-heading has-text-align-center\">MID AMATEUR R\u00c9GIONAL 2024 &#8211; DIVISION 1<\/h2>\n\n\n<div class=\"wp-block-image\">\n<figure class=\"aligncenter size-full is-resized\"><img loading=\"lazy\" decoding=\"async\" width=\"480\" height=\"640\" src=\"https:\/\/asgolfdepessac.com\/wp-content\/uploads\/2024\/09\/regional-mid-am-dames-margaux-mai-2024-A.jpg\" alt=\"\" class=\"wp-image-8089\" style=\"width:554px;height:auto\" srcset=\"https:\/\/asgolfdepessac.com\/wp-content\/uploads\/2024\/09\/regional-mid-am-dames-margaux-mai-2024-A.jpg 480w, https:\/\/asgolfdepessac.com\/wp-content\/uploads\/2024\/09\/regional-mid-am-dames-margaux-mai-2024-A-225x300.jpg 225w\" sizes=\"auto, (max-width: 480px) 100vw, 480px\" \/><\/figure>\n<\/div>\n\n\n<p class=\"has-text-align-center\">B\u00e9atrice <strong>GRAPOTTE,<\/strong> Christine <strong>FAYETTE<\/strong>, Manon <strong>LE-GALES<\/strong>, Sophie <strong>BERTRANET<\/strong> (capitaine)<br><strong> <\/strong><\/p>\n\n\n\n<p><\/p>\n\n\n\n<h2 class=\"wp-block-heading has-text-align-center\">\u00c9QUIPE 1 FRANCE 2024 &#8211; DIVISION 3<\/h2>\n\n\n<div class=\"wp-block-image\">\n<figure class=\"aligncenter size-large\"><img loading=\"lazy\" decoding=\"async\" width=\"1024\" height=\"768\" src=\"https:\/\/asgolfdepessac.com\/wp-content\/uploads\/2024\/09\/3-division-Dames-pau-artiguelouve-mai-2024--1024x768.jpg\" alt=\"\" class=\"wp-image-8038\" srcset=\"https:\/\/asgolfdepessac.com\/wp-content\/uploads\/2024\/09\/3-division-Dames-pau-artiguelouve-mai-2024--1024x768.jpg 1024w, https:\/\/asgolfdepessac.com\/wp-content\/uploads\/2024\/09\/3-division-Dames-pau-artiguelouve-mai-2024--300x225.jpg 300w, https:\/\/asgolfdepessac.com\/wp-content\/uploads\/2024\/09\/3-division-Dames-pau-artiguelouve-mai-2024--768x576.jpg 768w, https:\/\/asgolfdepessac.com\/wp-content\/uploads\/2024\/09\/3-division-Dames-pau-artiguelouve-mai-2024--1536x1152.jpg 1536w, https:\/\/asgolfdepessac.com\/wp-content\/uploads\/2024\/09\/3-division-Dames-pau-artiguelouve-mai-2024-.jpg 1600w\" sizes=\"auto, (max-width: 1024px) 100vw, 1024px\" \/><\/figure>\n<\/div>\n\n\n<p class=\"has-text-align-center\">\u00c9ric (papa et cadet de Manon), Manon <strong>LE-GALES<\/strong>, Eugenie <strong>PHILIPPE<\/strong>, Sophie <strong>BERTRANET<\/strong> (capitaine), Christine <strong>FAYETTE<\/strong>, Yasmine <strong>YOUSSOUFA<\/strong>, Louise <strong>JOUAN<\/strong>, Gaspard <strong>NAVARRO <\/strong>(pro), Audrey <strong>DASSI\u00c9<\/strong><\/p>\n\n\n\n<p><\/p>\n\n\n\n<h2 class=\"wp-block-heading has-text-align-center\">\u00c9QUIPE 1 R\u00c9GIONAL 2024 &#8211; DIVISION 1<\/h2>\n\n\n<div class=\"wp-block-image\">\n<figure class=\"aligncenter size-large\"><img loading=\"lazy\" decoding=\"async\" width=\"1024\" height=\"768\" src=\"https:\/\/asgolfdepessac.com\/wp-content\/uploads\/2024\/04\/DAMES_Champ-Regional-2024-1024x768.jpeg\" alt=\"\" class=\"wp-image-6884\" srcset=\"https:\/\/asgolfdepessac.com\/wp-content\/uploads\/2024\/04\/DAMES_Champ-Regional-2024-1024x768.jpeg 1024w, https:\/\/asgolfdepessac.com\/wp-content\/uploads\/2024\/04\/DAMES_Champ-Regional-2024-300x225.jpeg 300w, https:\/\/asgolfdepessac.com\/wp-content\/uploads\/2024\/04\/DAMES_Champ-Regional-2024-768x576.jpeg 768w, https:\/\/asgolfdepessac.com\/wp-content\/uploads\/2024\/04\/DAMES_Champ-Regional-2024-1536x1152.jpeg 1536w, https:\/\/asgolfdepessac.com\/wp-content\/uploads\/2024\/04\/DAMES_Champ-Regional-2024-2048x1536.jpeg 2048w\" sizes=\"auto, (max-width: 1024px) 100vw, 1024px\" \/><\/figure>\n<\/div>\n\n\n<p class=\"has-text-align-center\">B\u00e9atrice <strong>GRAPOTTE,<\/strong> Sophie <strong>BERTRANET<\/strong> (capitaine), Audrey <strong>DASSI\u00c9<\/strong>, Manon <strong>LE-GALES<\/strong>,<br>Eug\u00e9nie <strong>PHILIPPE<\/strong>, Yasmine <strong>YOUSSOUFA<\/strong>, Louise <strong>JOUAN<\/strong><\/p>\n\n\n\n<p>FIN DES PHOTO DAMES<\/p>\n","protected":false},"excerpt":{"rendered":"<p>\u00c9QUIPE MID AMATEUR R\u00c9GIONAL 2025 &#8211; DIVISION 1 Herv\u00e9 GILLIS (arbitre), Jean RICHER (pr\u00e9sident AS), Yasmine YOUSSOUFA, Manon LE-GALES, Damien AUMONT (directeur du golf), Eug\u00e9nie PHILIPPE, Pascal L\u00c9GLISE (pr\u00e9parateur mental), Sophie BERTRANET (capitaine), Denis DUTHEIL (arbitre) \u00c9QUIPE 1 FRANCE 2025 &#8211; DIVISION 3 Manon LE-GALES, Yasmine YOUSSOUFA, Louise JOUAN, Imane [&hellip;]<\/p>\n","protected":false},"author":14,"featured_media":0,"parent":0,"menu_order":0,"comment_status":"closed","ping_status":"closed","template":"","meta":{"footnotes":""},"class_list":["post-8051","page","type-page","status-publish","hentry"],"_links":{"self":[{"href":"https:\/\/asgolfdepessac.com\/index.php\/wp-json\/wp\/v2\/pages\/8051","targetHints":{"allow":["GET"]}}],"collection":[{"href":"https:\/\/asgolfdepessac.com\/index.php\/wp-json\/wp\/v2\/pages"}],"about":[{"href":"https:\/\/asgolfdepessac.com\/index.php\/wp-json\/wp\/v2\/types\/page"}],"author":[{"embeddable":true,"href":"https:\/\/asgolfdepessac.com\/index.php\/wp-json\/wp\/v2\/users\/14"}],"replies":[{"embeddable":true,"href":"https:\/\/asgolfdepessac.com\/index.php\/wp-json\/wp\/v2\/comments?post=8051"}],"version-history":[{"count":1,"href":"https:\/\/asgolfdepessac.com\/index.php\/wp-json\/wp\/v2\/pages\/8051\/revisions"}],"predecessor-version":[{"id":13747,"href":"https:\/\/asgolfdepessac.com\/index.php\/wp-json\/wp\/v2\/pages\/8051\/revisions\/13747"}],"wp:attachment":[{"href":"https:\/\/asgolfdepessac.com\/index.php\/wp-json\/wp\/v2\/media?parent=8051"}],"curies":[{"name":"wp","href":"https:\/\/api.w.org\/{rel}","templated":true}]}}