{"id":8059,"date":"2024-09-05T18:21:09","date_gmt":"2024-09-05T16:21:09","guid":{"rendered":"https:\/\/asgolfdepessac.com\/?page_id=8059"},"modified":"2026-04-01T10:06:14","modified_gmt":"2026-04-01T08:06:14","slug":"photos-messieurs","status":"publish","type":"page","link":"https:\/\/asgolfdepessac.com\/index.php\/photos-messieurs\/","title":{"rendered":"PHOTOS MESSIEURS"},"content":{"rendered":"\n<div style=\"height:49px\" aria-hidden=\"true\" class=\"wp-block-spacer\"><\/div>\n\n\n\n<h2 class=\"wp-block-heading has-text-align-center\"><strong>\u00c9QUIPE S\u00c9NIORS 2 &#8211; R\u00c9GIONAL 2026 &#8211; DIVISION 1 A<\/strong><\/h2>\n\n\n<div class=\"wp-block-image\">\n<figure class=\"aligncenter size-large is-resized\"><img loading=\"lazy\" decoding=\"async\" width=\"768\" height=\"1024\" src=\"https:\/\/asgolfdepessac.com\/wp-content\/uploads\/2026\/04\/6c3b8f59-d823-4d95-9be9-84fbc7f34fcd-768x1024.jpeg\" alt=\"\" class=\"wp-image-14207\" style=\"width:654px;height:auto\" srcset=\"https:\/\/asgolfdepessac.com\/wp-content\/uploads\/2026\/04\/6c3b8f59-d823-4d95-9be9-84fbc7f34fcd-768x1024.jpeg 768w, https:\/\/asgolfdepessac.com\/wp-content\/uploads\/2026\/04\/6c3b8f59-d823-4d95-9be9-84fbc7f34fcd-225x300.jpeg 225w, https:\/\/asgolfdepessac.com\/wp-content\/uploads\/2026\/04\/6c3b8f59-d823-4d95-9be9-84fbc7f34fcd-1152x1536.jpeg 1152w, https:\/\/asgolfdepessac.com\/wp-content\/uploads\/2026\/04\/6c3b8f59-d823-4d95-9be9-84fbc7f34fcd.jpeg 1200w\" sizes=\"auto, (max-width: 768px) 100vw, 768px\" \/><\/figure>\n<\/div>\n\n\n<p class=\"has-text-align-center\">Jean-Marc <strong>PONS<\/strong>, Christian <strong>BOUDAL<\/strong>, Bertrand <strong>LOUBIGNAC<\/strong>, Fabrice <strong>BAGNERES DARNAUDERY<\/strong>, <br>Absent de la photo : Philippe <strong>LAPOUDGE<\/strong><\/p>\n\n\n\n<div style=\"height:56px\" aria-hidden=\"true\" class=\"wp-block-spacer\"><\/div>\n\n\n\n<p><\/p>\n\n\n\n<h2 class=\"wp-block-heading has-text-align-center\"><strong>\u00c9QUIPE MID AMATEUR &#8211; R\u00c9GIONAL 2025 &#8211; DIVISION 2<\/strong><\/h2>\n\n\n<div class=\"wp-block-image\">\n<figure class=\"aligncenter size-large\"><img loading=\"lazy\" decoding=\"async\" width=\"1024\" height=\"803\" src=\"https:\/\/asgolfdepessac.com\/wp-content\/uploads\/2025\/06\/MID-AM-REG-2025-Messieurs-1024x803.jpg\" alt=\"\" class=\"wp-image-11477\" srcset=\"https:\/\/asgolfdepessac.com\/wp-content\/uploads\/2025\/06\/MID-AM-REG-2025-Messieurs-1024x803.jpg 1024w, https:\/\/asgolfdepessac.com\/wp-content\/uploads\/2025\/06\/MID-AM-REG-2025-Messieurs-300x235.jpg 300w, https:\/\/asgolfdepessac.com\/wp-content\/uploads\/2025\/06\/MID-AM-REG-2025-Messieurs-768x602.jpg 768w, https:\/\/asgolfdepessac.com\/wp-content\/uploads\/2025\/06\/MID-AM-REG-2025-Messieurs.jpg 1201w\" sizes=\"auto, (max-width: 1024px) 100vw, 1024px\" \/><\/figure>\n<\/div>\n\n\n<p class=\"has-text-align-center\">Alexandre <strong>BABAUD<\/strong> (capitaine), Brice <strong>LEFEBURE<\/strong>, Cl\u00e9ment <strong>LOUVET<\/strong>, David <strong>DASSI\u00c9<\/strong>, <br>Hugo <strong>GALERA<\/strong>, Antoine <strong>BROQUERE<\/strong>, Paul <strong>ANSIAUX-PERDRIAU<\/strong>, Christopher <strong>HOARE, <\/strong><\/p>\n\n\n\n<div style=\"height:57px\" aria-hidden=\"true\" class=\"wp-block-spacer\"><\/div>\n\n\n\n<h2 class=\"wp-block-heading has-text-align-center\"><strong>\u00c9QUIPE 1 &#8211; FRANCE 2025 &#8211; DIVISION 4<\/strong><\/h2>\n\n\n<div class=\"wp-block-image\">\n<figure class=\"aligncenter size-full\"><img loading=\"lazy\" decoding=\"async\" width=\"2000\" height=\"1500\" src=\"https:\/\/asgolfdepessac.com\/wp-content\/uploads\/2025\/05\/2e7d80c2-ef65-4d55-b17e-a6d2665c4204.jpeg\" alt=\"\" class=\"wp-image-11341\" srcset=\"https:\/\/asgolfdepessac.com\/wp-content\/uploads\/2025\/05\/2e7d80c2-ef65-4d55-b17e-a6d2665c4204.jpeg 2000w, https:\/\/asgolfdepessac.com\/wp-content\/uploads\/2025\/05\/2e7d80c2-ef65-4d55-b17e-a6d2665c4204-300x225.jpeg 300w, https:\/\/asgolfdepessac.com\/wp-content\/uploads\/2025\/05\/2e7d80c2-ef65-4d55-b17e-a6d2665c4204-1024x768.jpeg 1024w, https:\/\/asgolfdepessac.com\/wp-content\/uploads\/2025\/05\/2e7d80c2-ef65-4d55-b17e-a6d2665c4204-768x576.jpeg 768w, https:\/\/asgolfdepessac.com\/wp-content\/uploads\/2025\/05\/2e7d80c2-ef65-4d55-b17e-a6d2665c4204-1536x1152.jpeg 1536w\" sizes=\"auto, (max-width: 2000px) 100vw, 2000px\" \/><\/figure>\n<\/div>\n\n\n<p class=\"has-text-align-center\">Brice <strong>LEFEBURE<\/strong>, Ramuntcho <strong>ARTOLA <\/strong>(coach), Damien <strong>AUMONT <\/strong>(directeur), Antoine <strong>BROQUERE<\/strong>, David <strong>GRAMOND<\/strong>, Benjamin <strong>DAGNALL<\/strong>, Victor <strong>GAILLARD<\/strong>,<br> Paul <strong>ANSIAUX-PERDRIAU<\/strong>, Jules <strong>GASNIER, <\/strong>Hugo <strong>GALERA<\/strong>, Cl\u00e9ment <strong>LOUVET<\/strong>, Alexandre <strong>BABAUD<\/strong> (capitaine)<\/p>\n\n\n\n<div style=\"height:49px\" aria-hidden=\"true\" class=\"wp-block-spacer\"><\/div>\n\n\n\n<h2 class=\"wp-block-heading has-text-align-center\"><strong>\u00c9QUIPE 1 &#8211; R\u00c9GIONAL 2025<\/strong><\/h2>\n\n\n<div class=\"wp-block-image\">\n<figure class=\"aligncenter size-full\"><img loading=\"lazy\" decoding=\"async\" width=\"1600\" height=\"1200\" src=\"https:\/\/asgolfdepessac.com\/wp-content\/uploads\/2025\/04\/AS-GOLF-PESSAC_Messieurs-Regional-2025-2.jpg\" alt=\"\" class=\"wp-image-10817\" srcset=\"https:\/\/asgolfdepessac.com\/wp-content\/uploads\/2025\/04\/AS-GOLF-PESSAC_Messieurs-Regional-2025-2.jpg 1600w, https:\/\/asgolfdepessac.com\/wp-content\/uploads\/2025\/04\/AS-GOLF-PESSAC_Messieurs-Regional-2025-2-300x225.jpg 300w, https:\/\/asgolfdepessac.com\/wp-content\/uploads\/2025\/04\/AS-GOLF-PESSAC_Messieurs-Regional-2025-2-1024x768.jpg 1024w, https:\/\/asgolfdepessac.com\/wp-content\/uploads\/2025\/04\/AS-GOLF-PESSAC_Messieurs-Regional-2025-2-768x576.jpg 768w, https:\/\/asgolfdepessac.com\/wp-content\/uploads\/2025\/04\/AS-GOLF-PESSAC_Messieurs-Regional-2025-2-1536x1152.jpg 1536w\" sizes=\"auto, (max-width: 1600px) 100vw, 1600px\" \/><\/figure>\n<\/div>\n\n\n<p class=\"has-text-align-center\">Paul <strong>ANSIAUX-PERDRIAU<\/strong>, David <strong>GRAMOND<\/strong>, Benjamin <strong>DAGNALL<\/strong>, Alexandre <strong>BABAUD<\/strong>, Antoine <strong>BROQUERE<\/strong>, Hugo <strong>GALERA<\/strong>, Brice <strong>LEFEBURE<\/strong><\/p>\n\n\n\n<p><\/p>\n\n\n\n<h2 class=\"wp-block-heading has-text-align-center\"><strong>\u00c9QUIPE 2 &#8211; R\u00c9GIONAL 2025<\/strong><\/h2>\n\n\n<div class=\"wp-block-image\">\n<figure class=\"aligncenter size-full\"><img loading=\"lazy\" decoding=\"async\" width=\"2048\" height=\"1536\" src=\"https:\/\/asgolfdepessac.com\/wp-content\/uploads\/2025\/04\/AS-GOLF-PESSAC_Messieurs-Equipe-2-Regional-2025.jpg\" alt=\"\" class=\"wp-image-10818\" srcset=\"https:\/\/asgolfdepessac.com\/wp-content\/uploads\/2025\/04\/AS-GOLF-PESSAC_Messieurs-Equipe-2-Regional-2025.jpg 2048w, https:\/\/asgolfdepessac.com\/wp-content\/uploads\/2025\/04\/AS-GOLF-PESSAC_Messieurs-Equipe-2-Regional-2025-300x225.jpg 300w, https:\/\/asgolfdepessac.com\/wp-content\/uploads\/2025\/04\/AS-GOLF-PESSAC_Messieurs-Equipe-2-Regional-2025-1024x768.jpg 1024w, https:\/\/asgolfdepessac.com\/wp-content\/uploads\/2025\/04\/AS-GOLF-PESSAC_Messieurs-Equipe-2-Regional-2025-768x576.jpg 768w, https:\/\/asgolfdepessac.com\/wp-content\/uploads\/2025\/04\/AS-GOLF-PESSAC_Messieurs-Equipe-2-Regional-2025-1536x1152.jpg 1536w\" sizes=\"auto, (max-width: 2048px) 100vw, 2048px\" \/><\/figure>\n<\/div>\n\n\n<p class=\"has-text-align-center\">David <strong>DASSI\u00c9<\/strong>, Antoine <strong>VISTE<\/strong>, Paul <strong>DUBROCA-MARSAN<\/strong>, Andr\u00e9a <strong>ROSA<\/strong>, <br>Jean <strong>LLESTA<\/strong>, Jules <strong>GASNIER<\/strong>,<strong> <\/strong>Victor <strong>GAILLARD<\/strong><\/p>\n\n\n\n<p><\/p>\n\n\n\n<h2 class=\"wp-block-heading has-text-align-center\"><strong>\u00c9QUIPE 1 &#8211; R\u00c9GIONAL 2024<\/strong><\/h2>\n\n\n<div class=\"wp-block-image\">\n<figure class=\"aligncenter size-full\"><img loading=\"lazy\" decoding=\"async\" width=\"853\" height=\"712\" src=\"https:\/\/asgolfdepessac.com\/wp-content\/uploads\/2024\/10\/Messieurs-Equipe-regionale-2024.jpg\" alt=\"\" class=\"wp-image-8439\" srcset=\"https:\/\/asgolfdepessac.com\/wp-content\/uploads\/2024\/10\/Messieurs-Equipe-regionale-2024.jpg 853w, https:\/\/asgolfdepessac.com\/wp-content\/uploads\/2024\/10\/Messieurs-Equipe-regionale-2024-300x250.jpg 300w, https:\/\/asgolfdepessac.com\/wp-content\/uploads\/2024\/10\/Messieurs-Equipe-regionale-2024-768x641.jpg 768w\" sizes=\"auto, (max-width: 853px) 100vw, 853px\" \/><\/figure>\n<\/div>\n\n\n<p class=\"has-text-align-center\">Paul <strong>ANSIAUX-PERDRIAU<\/strong>, Antoine <strong>BROQUERE<\/strong>, Alexandre <strong>GUILLEMET<\/strong>, Hugo <strong>GALERA<\/strong>,<br>Alexandre <strong>BABAUD<\/strong>, Victor <strong>GAILLARD<\/strong><\/p>\n\n\n\n<p><\/p>\n\n\n\n<h2 class=\"wp-block-heading has-text-align-center\"><strong>\u00c9QUIPE PITCH AND PUTT 2024<\/strong><\/h2>\n\n\n<div class=\"wp-block-image\">\n<figure class=\"aligncenter size-full\"><img loading=\"lazy\" decoding=\"async\" width=\"720\" height=\"625\" src=\"https:\/\/asgolfdepessac.com\/wp-content\/uploads\/2024\/10\/equipe-pitch-and-putt-2024-a.jpg\" alt=\"\" class=\"wp-image-8363\" srcset=\"https:\/\/asgolfdepessac.com\/wp-content\/uploads\/2024\/10\/equipe-pitch-and-putt-2024-a.jpg 720w, https:\/\/asgolfdepessac.com\/wp-content\/uploads\/2024\/10\/equipe-pitch-and-putt-2024-a-300x260.jpg 300w\" sizes=\"auto, (max-width: 720px) 100vw, 720px\" \/><\/figure>\n<\/div>\n\n\n<p class=\"has-text-align-center\">Philippe <strong>LAPOUDGE<\/strong>, Gilles <strong>CARRANTI<\/strong>, Denis <strong>DUTHEIL<\/strong>, Stephane <strong>BOCCARD<\/strong><\/p>\n\n\n\n<p><\/p>\n\n\n\n<p class=\"has-text-align-center\"><strong>\u00c9QUIPE S\u00c9NIORS R\u00c9GIONAL 2024<\/strong><\/p>\n\n\n\n<figure class=\"wp-block-image size-large\"><img loading=\"lazy\" decoding=\"async\" width=\"1024\" height=\"794\" src=\"https:\/\/asgolfdepessac.com\/wp-content\/uploads\/2022\/09\/Championnat-de-France-Seniors2-2022-Champ-de-Bataille-r-1024x794.jpg\" alt=\"\" class=\"wp-image-3357\" srcset=\"https:\/\/asgolfdepessac.com\/wp-content\/uploads\/2022\/09\/Championnat-de-France-Seniors2-2022-Champ-de-Bataille-r-1024x794.jpg 1024w, https:\/\/asgolfdepessac.com\/wp-content\/uploads\/2022\/09\/Championnat-de-France-Seniors2-2022-Champ-de-Bataille-r-300x233.jpg 300w, https:\/\/asgolfdepessac.com\/wp-content\/uploads\/2022\/09\/Championnat-de-France-Seniors2-2022-Champ-de-Bataille-r-768x595.jpg 768w, https:\/\/asgolfdepessac.com\/wp-content\/uploads\/2022\/09\/Championnat-de-France-Seniors2-2022-Champ-de-Bataille-r-1536x1191.jpg 1536w, https:\/\/asgolfdepessac.com\/wp-content\/uploads\/2022\/09\/Championnat-de-France-Seniors2-2022-Champ-de-Bataille-r-2048x1587.jpg 2048w\" sizes=\"auto, (max-width: 1024px) 100vw, 1024px\" \/><\/figure>\n\n\n\n<p class=\"has-text-align-center\"><strong>CLASSEMENT EQUIPES PESSAC DE 2018 A 2023<\/strong><\/p>\n\n\n\n<p>FIN DES PHOTOST<\/p>\n","protected":false},"excerpt":{"rendered":"<p>\u00c9QUIPE S\u00c9NIORS 2 &#8211; R\u00c9GIONAL 2026 &#8211; DIVISION 1 A Jean-Marc PONS, Christian BOUDAL, Bertrand LOUBIGNAC, Fabrice BAGNERES DARNAUDERY, Absent de la photo : Philippe LAPOUDGE \u00c9QUIPE MID AMATEUR &#8211; R\u00c9GIONAL 2025 &#8211; DIVISION 2 Alexandre BABAUD (capitaine), Brice LEFEBURE, Cl\u00e9ment LOUVET, David DASSI\u00c9, Hugo GALERA, Antoine BROQUERE, Paul ANSIAUX-PERDRIAU, [&hellip;]<\/p>\n","protected":false},"author":14,"featured_media":0,"parent":0,"menu_order":0,"comment_status":"closed","ping_status":"closed","template":"","meta":{"footnotes":""},"class_list":["post-8059","page","type-page","status-publish","hentry"],"_links":{"self":[{"href":"https:\/\/asgolfdepessac.com\/index.php\/wp-json\/wp\/v2\/pages\/8059","targetHints":{"allow":["GET"]}}],"collection":[{"href":"https:\/\/asgolfdepessac.com\/index.php\/wp-json\/wp\/v2\/pages"}],"about":[{"href":"https:\/\/asgolfdepessac.com\/index.php\/wp-json\/wp\/v2\/types\/page"}],"author":[{"embeddable":true,"href":"https:\/\/asgolfdepessac.com\/index.php\/wp-json\/wp\/v2\/users\/14"}],"replies":[{"embeddable":true,"href":"https:\/\/asgolfdepessac.com\/index.php\/wp-json\/wp\/v2\/comments?post=8059"}],"version-history":[{"count":10,"href":"https:\/\/asgolfdepessac.com\/index.php\/wp-json\/wp\/v2\/pages\/8059\/revisions"}],"predecessor-version":[{"id":14217,"href":"https:\/\/asgolfdepessac.com\/index.php\/wp-json\/wp\/v2\/pages\/8059\/revisions\/14217"}],"wp:attachment":[{"href":"https:\/\/asgolfdepessac.com\/index.php\/wp-json\/wp\/v2\/media?parent=8059"}],"curies":[{"name":"wp","href":"https:\/\/api.w.org\/{rel}","templated":true}]}}