{"id":818,"date":"2021-09-24T12:25:44","date_gmt":"2021-09-24T10:25:44","guid":{"rendered":"https:\/\/asgolfdepessac.com\/?page_id=818"},"modified":"2025-11-16T17:31:50","modified_gmt":"2025-11-16T16:31:50","slug":"as-en-fete","status":"publish","type":"page","link":"https:\/\/asgolfdepessac.com\/index.php\/activites\/as-en-fete\/","title":{"rendered":"AS GOLF DE PESSAC EN FETE"},"content":{"rendered":"<h1 align=\"center\"><\/h1>\n<h1 style=\"text-align: center;\" align=\"center\"><strong><span style=\"font-size: large;\">Samedi 15 Novembre 2025<\/span><\/strong><\/h1>\n<p style=\"text-align: center;\"><span><span style=\"color: #000000;\">Journ\u00e9e conviviale avec la participation des joueurs des Equipes, des jeunes de l&rsquo;Ecole de Golf et des joueurs de PESSAC.<\/span><\/span><strong><\/strong><\/p>\n<p>Nous avons enregistr\u00e9 146 golfeurs adh\u00e9rents de l&rsquo;AS sur les 4 comp\u00e9titions organis\u00e9es cette ann\u00e9e : beau succ\u00e8s avec des conditions climatiques et de terrains id\u00e9ales.<\/p>\n<h2 style=\"text-align: center;\">&#8212; LES RESULTATS &#8212;<\/h2>\n<ul>\n<li>Comp\u00e9tition sur le MINI GOLF pour l&rsquo;Ecole de Golf : 9 participants, tous les enfants ont gagn\u00e9.<\/li>\n<li style=\"text-align: left;\">Comp\u00e9tition sur le COMPACT : <a href=\"https:\/\/pages.ffgolf.org\/resultats\/resultats-details\/8986b22e6f493691cc71534be6847c02\/2501388962\" target=\"_blank\" rel=\"noopener\">Le classement\u00a0<\/a><\/li>\n<li>Comp\u00e9tition sur le 9T ROUGE : <a href=\"https:\/\/pages.ffgolf.org\/resultats\/resultats-details\/8986b22e6f493691cc71534be6847c02\/2501388960\" target=\"_blank\" rel=\"noopener\">Le classement<\/a><\/li>\n<li>Comp\u00e9tition sur le 18 TROUS : <a href=\"https:\/\/pages.ffgolf.org\/resultats\/resultats-details\/8986b22e6f493691cc71534be6847c02\/2501388967\" target=\"_blank\" rel=\"noopener\">Le classement<\/a><\/li>\n<\/ul>\n<p style=\"text-align: center;\">Les Vainqueurs du SHAMBLE : Paul MIRONEAU, Emmanuel BANEGAS, Christine DUTHEIL, Ludovic BIDEAU\u00a0<\/p>\n\n\n<h4 class=\"wp-block-heading\"><\/h4>\n\n\n<div class=\"wp-block-image\">\n<figure class=\"aligncenter size-large\"><img loading=\"lazy\" decoding=\"async\" width=\"1024\" height=\"717\" src=\"https:\/\/asgolfdepessac.com\/wp-content\/uploads\/2025\/11\/as-en-fete-2025-vainqueur-shamble-brut-3-1024x717.jpg\" alt=\"\" class=\"wp-image-12843\" srcset=\"https:\/\/asgolfdepessac.com\/wp-content\/uploads\/2025\/11\/as-en-fete-2025-vainqueur-shamble-brut-3-1024x717.jpg 1024w, https:\/\/asgolfdepessac.com\/wp-content\/uploads\/2025\/11\/as-en-fete-2025-vainqueur-shamble-brut-3-300x210.jpg 300w, https:\/\/asgolfdepessac.com\/wp-content\/uploads\/2025\/11\/as-en-fete-2025-vainqueur-shamble-brut-3-768x537.jpg 768w, https:\/\/asgolfdepessac.com\/wp-content\/uploads\/2025\/11\/as-en-fete-2025-vainqueur-shamble-brut-3-1536x1075.jpg 1536w, https:\/\/asgolfdepessac.com\/wp-content\/uploads\/2025\/11\/as-en-fete-2025-vainqueur-shamble-brut-3-2048x1433.jpg 2048w\" sizes=\"auto, (max-width: 1024px) 100vw, 1024px\" \/><\/figure>\n<\/div>\n\n\n\n\n<h2 class=\"wp-block-heading has-text-align-center\">&#8212; Programme 2025 &#8212;<\/h2>\n\n\n\n<p><em>LES COMP\u00c9TITIONS SONT EXCLUSIVEMENT R\u00c9SERV\u00c9ES AUX ADH\u00c9RENTS DE l&rsquo;AS du GOLF de PESSAC<\/em><\/p>\n\n\n\n<ul class=\"wp-block-list\">\n<li>Comp\u00e9tition sur le MINI GOLF pour l&rsquo;Ecole de Golf <em>pour les enfants non inscrits sur les autres parcours Shotgun \u00e0 13H<strong>. <\/strong><\/em><\/li>\n\n\n\n<li>Comp\u00e9tition sur le COMPACT -1er d\u00e9part \u00e0 12h40 &#8211; CLASSEMENT en NET <\/li>\n\n\n\n<li>Comp\u00e9tition sur le 9T ROUGE &#8211; 1er d\u00e9part \u00e0 10h30 &#8211; SCRAMBLE \u00e0 2 &#8211; <em>index sup\u00e9rieur \u00e0 36 ramen\u00e9 \u00e0 36 <\/em><\/li>\n\n\n\n<li>Comp\u00e9tition sur le 18 TROUS &#8211; Shotgun \u00e0 09h00 &#8211; SHAMBLE \u00e0 4 <\/li>\n\n\n\n<li><em><strong>REMISE DES PRIX<\/strong> \u00e0 partir <strong>de 14h30 pour le Scramble 9T et le Schamble 18T<\/strong><\/em><\/li>\n<\/ul>\n\n\n\n<p><em>Partie de 4&nbsp; sur le 18T : Inscription individuelle et parties constitu\u00e9es par l&rsquo;AS comprenant un joueur d&rsquo;Equipe Capitaine, un Jeune, une Dame, un Monsieur<\/em><\/p>\n\n\n\n<ul class=\"wp-block-list\">\n<li>\n<ul class=\"wp-block-list\">\n<li><em>Rep\u00e8res Jaunes Messieurs, Rouges Dames<\/em><\/li>\n\n\n\n<li><em>Classement des \u00e9quipes en net avec index sup\u00e9rieur \u00e0 36 ramen\u00e9 \u00e0 36<\/em><\/li>\n\n\n\n<li><em>Concours de Drive Messieurs et Dames au trou 9<\/em><\/li>\n\n\n\n<li><em>Concours d&rsquo;approche Messieurs et Dames au trou 3<\/em><\/li>\n<\/ul>\n<\/li>\n<\/ul>\n\n\n\n<h4 class=\"wp-block-heading\">Pr\u00e9cisions sur LA FORMULE SCAMBLE \u00e0 4&nbsp;<\/h4>\n\n\n\n<p>SHAMBLE: Les joueurs jouent une balle au d\u00e9part et choisissent la meilleure balle.&nbsp; Depuis ce point, chaque joueur joue sa propre balle pour finir le trou.<\/p>\n\n\n\n<p>1 carte de score \u00e9dit\u00e9e par \u00e9quipe , 1 ligne avec le nom de chaque joueur et son index calcul\u00e9.<\/p>\n\n\n\n<p>L\u2019enregistrement des scores est assur\u00e9 par le capitaine d\u2019\u00e9quipe&nbsp;; afin que le r\u00e9sultat de l\u2019\u00e9quipe soit conforme, il veille \u00e0 ce que le bon score par trou soit enregistr\u00e9 au bon joueur.<\/p>\n\n\n\n<p>Classement : Pour chaque trou les 2 meilleurs Scores en Brut et en Net sont retenus (enregistrement score Maximum par+3)<\/p>\n","protected":false},"excerpt":{"rendered":"<p>Samedi 15 Novembre 2025 Journ\u00e9e conviviale avec la participation des joueurs des Equipes, des jeunes de l&rsquo;Ecole de Golf et des joueurs de PESSAC. Nous avons enregistr\u00e9 146 golfeurs adh\u00e9rents de l&rsquo;AS sur les 4 comp\u00e9titions organis\u00e9es cette ann\u00e9e : beau succ\u00e8s avec des conditions climatiques et de terrains id\u00e9ales. [&hellip;]<\/p>\n","protected":false},"author":1,"featured_media":52,"parent":502,"menu_order":0,"comment_status":"closed","ping_status":"closed","template":"","meta":{"footnotes":""},"class_list":["post-818","page","type-page","status-publish","has-post-thumbnail","hentry"],"_links":{"self":[{"href":"https:\/\/asgolfdepessac.com\/index.php\/wp-json\/wp\/v2\/pages\/818","targetHints":{"allow":["GET"]}}],"collection":[{"href":"https:\/\/asgolfdepessac.com\/index.php\/wp-json\/wp\/v2\/pages"}],"about":[{"href":"https:\/\/asgolfdepessac.com\/index.php\/wp-json\/wp\/v2\/types\/page"}],"author":[{"embeddable":true,"href":"https:\/\/asgolfdepessac.com\/index.php\/wp-json\/wp\/v2\/users\/1"}],"replies":[{"embeddable":true,"href":"https:\/\/asgolfdepessac.com\/index.php\/wp-json\/wp\/v2\/comments?post=818"}],"version-history":[{"count":0,"href":"https:\/\/asgolfdepessac.com\/index.php\/wp-json\/wp\/v2\/pages\/818\/revisions"}],"up":[{"embeddable":true,"href":"https:\/\/asgolfdepessac.com\/index.php\/wp-json\/wp\/v2\/pages\/502"}],"wp:featuredmedia":[{"embeddable":true,"href":"https:\/\/asgolfdepessac.com\/index.php\/wp-json\/wp\/v2\/media\/52"}],"wp:attachment":[{"href":"https:\/\/asgolfdepessac.com\/index.php\/wp-json\/wp\/v2\/media?parent=818"}],"curies":[{"name":"wp","href":"https:\/\/api.w.org\/{rel}","templated":true}]}}