{"id":8301,"date":"2024-09-30T09:51:49","date_gmt":"2024-09-30T07:51:49","guid":{"rendered":"https:\/\/asgolfdepessac.com\/?page_id=8301"},"modified":"2026-04-01T16:13:01","modified_gmt":"2026-04-01T14:13:01","slug":"match-play-hiver","status":"publish","type":"page","link":"https:\/\/asgolfdepessac.com\/index.php\/activites\/match-play-hiver\/","title":{"rendered":"MATCH PLAY HIVER"},"content":{"rendered":"\n<p><strong>&nbsp;<\/strong><u><b><span style=\"font-size: x-large;\"><strong>MATC<\/strong><\/span><\/b><strong><span style=\"font-size: x-large; color: #000000;\">H PLAY NET&nbsp; HIVER 2025 2026 9T : 3\/8&nbsp; diff\u00e9rence INDEX<\/span><\/strong><\/u><\/p>\n\n\n\n<p><strong>TOURS A FAIRE AVANT LE 31 MARS<\/strong><\/p>\n\n\n\n<p>FINALE : BARRE Jean Marc vs DAUTREMER Yves<\/p>\n\n\n\n<p>FINALE CONSOLANTE : CLAEYS Baptiste vs BRUNET Fabrice<\/p>\n\n\n\n<div class=\"wp-block-columns is-layout-flex wp-container-core-columns-is-layout-28f84493 wp-block-columns-is-layout-flex\">\n<div class=\"wp-block-column is-layout-flow wp-block-column-is-layout-flow\">\n<div class=\"wp-block-columns is-layout-flex wp-container-core-columns-is-layout-28f84493 wp-block-columns-is-layout-flex\">\n<div class=\"wp-block-column is-layout-flow wp-block-column-is-layout-flow\"><\/div>\n\n\n\n<div class=\"wp-block-column is-layout-flow wp-block-column-is-layout-flow\"><\/div>\n<\/div>\n<\/div>\n\n\n\n<div class=\"wp-block-column is-layout-flow wp-block-column-is-layout-flow\"><\/div>\n<\/div>\n\n\n\n<p><a href=\"https:\/\/docs.google.com\/forms\/d\/e\/1FAIpQLSefxzsUKfzQwMMT9FmRT5G0TCugyv06g1K41L6T5-7vWhgmSQ\/viewform?usp=header\" target=\"_blank\" rel=\"noreferrer noopener\">ENREGISTRER VOS RESULTATS<\/a><\/p>\n\n\n\n<p><a href=\"https:\/\/docs.google.com\/spreadsheets\/d\/e\/2PACX-1vT8JpXEMrPwPQdYIGlkCVOMH4bJwWmnEeZPcfJsCS-WdsookR33KoZwUvGp9NX0f8lmMBtB7yAsrt9w\/pubhtml\" target=\"_blank\" rel=\"noreferrer noopener\">LISTE DES RESULTATS<\/a><\/p>\n\n\n\n<p class=\"has-header-text-color-color has-text-color has-link-color wp-elements-27ef78d8683219c4cd6f93d4061dd6b7\">INSCRIPTION MATCH PLAY D&rsquo;HIVER ferm\u00e9e<\/p>\n\n\n\n<p class=\"has-accent-color has-text-color has-link-color wp-elements-327e7dc8759270523e2f572c2403aebb\"><strong> REGLEMENT DU MATCH PLAY HIVER 2025<\/strong> <strong>2026<\/strong><\/p>\n\n\n\n<p>\u2013 INDEX retenu : celui du jour de la rencontre<\/p>\n\n\n\n<p>\u2013&nbsp;INDEX &nbsp;maximum pris en compte : 36<\/p>\n\n\n\n<p>\u2013 D\u00e9part rep\u00e8res rouges pour les dames, rep\u00e8res jaunes pour les messieurs<\/p>\n\n\n\n<p>\u2013 En cas d\u2019\u00e9galit\u00e9 au 9\u00e8me&nbsp;trou, prendre les r\u00e9sultats des  6 derniers puis 3 derniers puis le dernier<\/p>\n\n\n\n<p><strong>Pour chaque tour, les parties seront tir\u00e9es au sort en privil\u00e9giant des joueurs d\u2019handicap proche et en tenant compte de leur disponibilit\u00e9 (toute la semaine, du lundi au vendredi, week end seulement, \u2026.).&nbsp;<\/strong>En cas d\u2019un nombre impair de joueurs pour le tour \u00e0 constituer, un tirage au sort sera organis\u00e9 pour \u00ab&nbsp;rep\u00e9cher&nbsp;\u00bb un joueur.<\/p>\n\n\n\n<p><strong>Consolante pour les \u00e9limin\u00e9s du 1er TOUR<\/strong>&nbsp;<\/p>\n\n\n\n<p><strong>Le Terrain n&rsquo;est pas <\/strong><strong>obligatoirement<\/strong>&nbsp;<strong>le<\/strong><strong> 9T Rouge  de PESSAC<\/strong><\/p>\n\n\n\n<p><strong>Animations gratuites r\u00e9serv\u00e9es aux&nbsp;adh\u00e9rents&nbsp;de l\u2019AS : si je ne suis pas adh\u00e9rent <\/strong>contactez SVP&nbsp; asgolfdepessac@gmail.com ou <a href=\"https:\/\/asgolfdepessac-b.fr\/index.php\/produit\/adhesion-et-licence-ffg\/\" target=\"_blank\" rel=\"noreferrer noopener\">ADHERER A l&rsquo;AS<\/a><\/p>\n\n\n\n<p>1er TOUR : Avant 15 d\u00e9cembre 2025<\/p>\n\n\n\n<p>2\u00e8me TOUR : Avant le 15 janvier 2026<\/p>\n\n\n\n<p>3\u00e8me&nbsp; TOUR : Avant le 15 f\u00e9vrier 2026<\/p>\n\n\n\n<p><strong>4\u00e8me TOUR : Avant&nbsp; le 15 mars  2026<\/strong><\/p>\n\n\n\n<p><strong>Demi Finale, Finale : fin avril 2026 <\/strong><\/p>\n\n\n\n<p>Pour toutes informations compl\u00e9mentaires Contacter Fabienne GRAND MOURSEL Tel 06 64 81 95 67 fabienne.grandmoursel@gmail.com<\/p>\n\n\n\n<p><strong>Exemple de calcul des points rendus pour le match play en net<\/strong><\/p>\n\n\n\n<p>Joueur 1 : Index 14,3&nbsp; &nbsp; Joueur 2 : Index 16,5&nbsp; <\/p>\n\n\n\n<p>3\/8 de 16.5-14.3&nbsp; = 0.825&nbsp; &nbsp;donc 1 point rendu (arrondi sup\u00e8rieur)&nbsp; sur le  trous les plus difficile du 9T retenu  \u00e0 Pessac : <\/p>\n\n\n\n<p>Pour organiser votre match, prenez contact avec votre partenaire\/adversaire et r\u00e9server vos d\u00e9parts par le syst\u00e8me de r\u00e9servation de Blue Green : <strong>les parties de match play ne sont pas prioritaires<\/strong><\/p>\n\n\n\n<iframe loading=\"lazy\" src=\"https:\/\/docs.google.com\/forms\/d\/e\/1FAIpQLSewqG3vjasAMAX85-9XNHFQdT6EJZjYxcWhTDd85FkeRuNobg\/viewform?embedded=true\" width=\"640\" height=\"2281\" frameborder=\"0\" marginheight=\"0\" marginwidth=\"0\">Chargement\u2026<\/iframe>\n\n\n\n<p class=\"has-accent-color has-text-color has-link-color wp-elements-27c2ba87e8f770dd89902379d6a571c0\"><strong>RESULTATS DES MATCH PLAY d&rsquo;HIVER 2024 2025<\/strong><\/p>\n\n\n\n<p class=\"has-text-align-center has-header-text-color-color has-text-color has-link-color wp-elements-c140a39aef65a0328959e23c4fa1dafe\">&nbsp;FINALE<\/p>\n\n\n\n<p class=\"has-text-align-center\">Vainqueur : <strong>LEUX  Marie Fran\u00e7oise<\/strong><\/p>\n\n\n\n<p class=\"has-text-align-center\"><\/p>\n\n\n\n<p class=\"has-text-align-center has-header-text-color-color has-text-color has-link-color wp-elements-357a6855d7fd6e251c6db5a07ed4f3bf\">FINALE CONSOLANTE <\/p>\n\n\n\n<p class=\"has-text-align-center\">VAINQUEUR : <strong>     ASTOUL Philippe<\/strong><\/p>\n\n\n\n<p class=\"has-medium-font-size\"><a href=\"https:\/\/docs.google.com\/forms\/d\/e\/1FAIpQLScEqcyKKUofLuNvfl8Wm0RH9ZqjJux_aO1zSu7UywsH_e_fVA\/viewform?usp=header\" target=\"_blank\" rel=\"noreferrer noopener\">ENREGISTRER VOS RESULTATS<\/a> AVANT LE 30 AVRIL<\/p>\n\n\n\n<p>( Les envois par mail , sms, WhatsApp ne seront pas pris en compte.&nbsp;)<\/p>\n\n\n\n<p><\/p>\n","protected":false},"excerpt":{"rendered":"<p>&nbsp;MATCH PLAY NET&nbsp; HIVER 2025 2026 9T : 3\/8&nbsp; diff\u00e9rence INDEX TOURS A FAIRE AVANT LE 31 MARS FINALE : BARRE Jean Marc vs DAUTREMER Yves FINALE CONSOLANTE : CLAEYS Baptiste vs BRUNET Fabrice ENREGISTRER VOS RESULTATS LISTE DES RESULTATS INSCRIPTION MATCH PLAY D&rsquo;HIVER ferm\u00e9e REGLEMENT DU MATCH PLAY HIVER [&hellip;]<\/p>\n","protected":false},"author":14,"featured_media":52,"parent":502,"menu_order":0,"comment_status":"closed","ping_status":"closed","template":"","meta":{"footnotes":""},"class_list":["post-8301","page","type-page","status-publish","has-post-thumbnail","hentry"],"_links":{"self":[{"href":"https:\/\/asgolfdepessac.com\/index.php\/wp-json\/wp\/v2\/pages\/8301","targetHints":{"allow":["GET"]}}],"collection":[{"href":"https:\/\/asgolfdepessac.com\/index.php\/wp-json\/wp\/v2\/pages"}],"about":[{"href":"https:\/\/asgolfdepessac.com\/index.php\/wp-json\/wp\/v2\/types\/page"}],"author":[{"embeddable":true,"href":"https:\/\/asgolfdepessac.com\/index.php\/wp-json\/wp\/v2\/users\/14"}],"replies":[{"embeddable":true,"href":"https:\/\/asgolfdepessac.com\/index.php\/wp-json\/wp\/v2\/comments?post=8301"}],"version-history":[{"count":5,"href":"https:\/\/asgolfdepessac.com\/index.php\/wp-json\/wp\/v2\/pages\/8301\/revisions"}],"predecessor-version":[{"id":14231,"href":"https:\/\/asgolfdepessac.com\/index.php\/wp-json\/wp\/v2\/pages\/8301\/revisions\/14231"}],"up":[{"embeddable":true,"href":"https:\/\/asgolfdepessac.com\/index.php\/wp-json\/wp\/v2\/pages\/502"}],"wp:featuredmedia":[{"embeddable":true,"href":"https:\/\/asgolfdepessac.com\/index.php\/wp-json\/wp\/v2\/media\/52"}],"wp:attachment":[{"href":"https:\/\/asgolfdepessac.com\/index.php\/wp-json\/wp\/v2\/media?parent=8301"}],"curies":[{"name":"wp","href":"https:\/\/api.w.org\/{rel}","templated":true}]}}