{"id":8545,"date":"2024-10-25T18:55:06","date_gmt":"2024-10-25T16:55:06","guid":{"rendered":"https:\/\/asgolfdepessac.com\/?page_id=8545"},"modified":"2024-11-15T18:48:29","modified_gmt":"2024-11-15T17:48:29","slug":"informations-competition","status":"publish","type":"page","link":"https:\/\/asgolfdepessac.com\/index.php\/activites\/informations-competition\/","title":{"rendered":"INFORMATIONS COMPETITIONS"},"content":{"rendered":"\n<p class=\"has-text-align-center\"><strong>Vous participez \u00e0 une comp\u00e9tition sur le Golf de Pessac<\/strong><\/p>\n\n\n<div class=\"wp-block-image\">\n<figure class=\"aligncenter size-full is-resized\"><img loading=\"lazy\" decoding=\"async\" width=\"1100\" height=\"2750\" src=\"https:\/\/asgolfdepessac.com\/wp-content\/uploads\/2024\/11\/SITE_ASGP_Infographie_Infos_Competitions.png\" alt=\"\" class=\"wp-image-8652\" style=\"object-fit:cover;width:709px;height:auto\" srcset=\"https:\/\/asgolfdepessac.com\/wp-content\/uploads\/2024\/11\/SITE_ASGP_Infographie_Infos_Competitions.png 1100w, https:\/\/asgolfdepessac.com\/wp-content\/uploads\/2024\/11\/SITE_ASGP_Infographie_Infos_Competitions-120x300.png 120w, https:\/\/asgolfdepessac.com\/wp-content\/uploads\/2024\/11\/SITE_ASGP_Infographie_Infos_Competitions-410x1024.png 410w, https:\/\/asgolfdepessac.com\/wp-content\/uploads\/2024\/11\/SITE_ASGP_Infographie_Infos_Competitions-768x1920.png 768w, https:\/\/asgolfdepessac.com\/wp-content\/uploads\/2024\/11\/SITE_ASGP_Infographie_Infos_Competitions-614x1536.png 614w, https:\/\/asgolfdepessac.com\/wp-content\/uploads\/2024\/11\/SITE_ASGP_Infographie_Infos_Competitions-819x2048.png 819w\" sizes=\"auto, (max-width: 1100px) 100vw, 1100px\" \/><\/figure>\n<\/div>\n\n\n<div style=\"height:38px\" aria-hidden=\"true\" class=\"wp-block-spacer\"><\/div>\n\n\n<div class=\"wp-block-image\">\n<figure class=\"aligncenter size-full is-resized\"><img loading=\"lazy\" decoding=\"async\" width=\"1414\" height=\"3000\" src=\"https:\/\/asgolfdepessac.com\/wp-content\/uploads\/2024\/11\/ASGP_COMPETITION_Les-bonnes-pratiques-A.png\" alt=\"\" class=\"wp-image-8647\" style=\"width:709px;height:auto\" srcset=\"https:\/\/asgolfdepessac.com\/wp-content\/uploads\/2024\/11\/ASGP_COMPETITION_Les-bonnes-pratiques-A.png 1414w, https:\/\/asgolfdepessac.com\/wp-content\/uploads\/2024\/11\/ASGP_COMPETITION_Les-bonnes-pratiques-A-141x300.png 141w, https:\/\/asgolfdepessac.com\/wp-content\/uploads\/2024\/11\/ASGP_COMPETITION_Les-bonnes-pratiques-A-483x1024.png 483w, https:\/\/asgolfdepessac.com\/wp-content\/uploads\/2024\/11\/ASGP_COMPETITION_Les-bonnes-pratiques-A-768x1629.png 768w, https:\/\/asgolfdepessac.com\/wp-content\/uploads\/2024\/11\/ASGP_COMPETITION_Les-bonnes-pratiques-A-724x1536.png 724w, https:\/\/asgolfdepessac.com\/wp-content\/uploads\/2024\/11\/ASGP_COMPETITION_Les-bonnes-pratiques-A-965x2048.png 965w\" sizes=\"auto, (max-width: 1414px) 100vw, 1414px\" \/><\/figure>\n<\/div>\n\n<h2><strong>INSCRIPTION<\/strong><\/h2>\n<ul>\n<li style=\"text-align: left;\"><span><span style=\"color: #000000;\">Je m&rsquo;inscris via le lien publi\u00e9 sur le site de l&rsquo;AS, le site de Blue Green PESSAC, le QR Code pr\u00e9sent sur les affiches<\/span><\/span><\/li>\n<li style=\"text-align: left;\">Je v\u00e9rifie que ma licence est active et j&rsquo;enregistre mon num\u00e9ro de licence,\u00a0<\/li>\n<li>Je v\u00e9rifie qu&rsquo;un certificat m\u00e9dical est bien enregistr\u00e9 ou que j&rsquo;ai r\u00e9pondu au questionnaire de sant\u00e9<\/li>\n<li>je consulte tous les messages envoy\u00e9s par asgolfdepessac (Voir les courriels en spams)<\/li>\n<li>Je v\u00e9rifie dans la<a href=\"https:\/\/drive.google.com\/drive\/folders\/1Hu_jHbIjTv9XrrnZsChm4qBJK75YtsGj\" target=\"_blank\" rel=\"noopener\"> liste des inscriptions<\/a> ma situation (liste mis \u00e0 jour toutes les 24h)<\/li>\n<li>Pour m&rsquo;annuler, je rempli le <strong>formulaire Annulation pr\u00e9sent sur la page produit<\/strong><\/li>\n<li>Si difficult\u00e9, j&rsquo;envoi un message \u00e0 asgolfdepessac@gmail.com<\/li>\n<\/ul>\n<h2><strong>PARTICIPATION A LA COMPETITION<\/strong><\/h2>\n<ul>\n<li style=\"text-align: left;\"><span><span style=\"color: #000000;\">La veille, je consulte mon heure de <a href=\"https:\/\/pages.ffgolf.org\/departs\/golf\/8986b22e6f493691cc71534be6847c02\" target=\"_blank\" rel=\"noopener\">d\u00e9parts<\/a> sur le site de la FFG, le site de l&rsquo;AS, mon espace licenci\u00e9<\/span><\/span><\/li>\n<li><span><span style=\"color: #000000;\">Je passe \u00e0 l&rsquo;accueil du Golf pour r\u00e9cup\u00e9rer ma carte de score et r\u00e9gler \u00e9ventuellement les droits d&rsquo;acc\u00e8s si je ne suis pas abonn\u00e9<\/span><\/span><\/li>\n<li style=\"text-align: left;\"><span><span style=\"color: #000000;\">Je me pr\u00e9sente au d\u00e9part\u00a0 10 minutes avant mon heure de d\u00e9part\u00a0<\/span><\/span><\/li>\n<li>Pendant la comp\u00e9tition, j<strong>&lsquo;applique les bonnes pratiques<\/strong><\/li>\n<li>En fin de comp\u00e9tition, je contr\u00f4le ma carte avec mon marqueur : je la signe et je lui demande de la signer. Je la prends \u00e9ventuellement en photo au cas d&rsquo;une contestation ult\u00e9rieure . Je d\u00e9pose <strong>imm\u00e9diatement<\/strong> ma carte \u00e0 l&rsquo;accueil du Golf<\/li>\n<\/ul>\n<h2><strong>CONDITIONS D&rsquo;ANNULATION<\/strong><\/h2>\n<ul>\n<li style=\"text-align: left;\"><span><span style=\"color: #000000;\">Toutes les annulations faites via le formulaire\u00a0 avant la publication des d\u00e9parts seront rembours\u00e9es<\/span><\/span><\/li>\n<li style=\"text-align: left;\"><span><span style=\"color: #000000;\">Annulations apr\u00e8s le d\u00e9part : e<\/span><\/span><span><span style=\"color: #000000;\">lles sont faites \u00e0 l&rsquo;accueil du Golf : les droits de jeu seront rembours\u00e9s sur justificatif d&rsquo;un certificat m\u00e9dical<\/span><\/span><\/li>\n<li style=\"text-align: left;\">Absence de pr\u00e9sentation au d\u00e9part sans avoir pr\u00e9venu : le joueur sera enregistr\u00e9 DISQUALIFIE<\/li>\n<li style=\"text-align: left;\">Certificat m\u00e9dical ou questionnaire de sant\u00e9 non rempli avant la saisie des r\u00e9sultats : le score ne sera pas enregistr\u00e9 et aucune correction ne sera enregistr\u00e9e\u00a0<\/li>\n<\/ul>\n<h2><strong>RESULTATS, CONTESTATION DE SAISIE DES SCORES<\/strong><\/h2>\n<ul>\n<li style=\"text-align: left;\">\n<p><span><span style=\"color: #000000;\">Je consulte les <a href=\"https:\/\/pages.ffgolf.org\/resultats\/liste-competitions\/8986b22e6f493691cc71534be6847c02\" target=\"_blank\" rel=\"noopener\">r\u00e9sultats<\/a> sur le site de l&rsquo;AS, sur le site de la FFG ou sur mon espace licenci\u00e9<\/span><\/span><\/p>\n<\/li>\n<li style=\"text-align: left;\">\n<p><span><span style=\"color: #000000;\">Si vous contestez le score saisie pour vous ou pour un joueur de votre partie, envoyez un message \u00e0 asgolfdepessac@gmail.com expliquant votre contestation avec\u00a0 \u00e9ventuellement la photo de votre carte des score\u00a0<\/span><\/span><\/p>\n<ul>\n<li style=\"text-align: left;\">\n<p><span><span style=\"color: #000000;\">Si c&rsquo;est une erreur de saisie, l&rsquo;enregistrement sera modifi\u00e9 et les r\u00e9sultats publi\u00e9s de nouveau<\/span><\/span><\/p>\n<\/li>\n<li style=\"text-align: left;\"><span><span style=\"color: #000000;\">Si ce n&rsquo;est pas un erreur de saisie, le Comit\u00e9 d&rsquo;Epreuve Golf examinera toutes les cartes , entendra \u00e9ventuellement tous les joueurs de la partie et statuera\u00a0 conform\u00e9ment aux r\u00e8gles de Golf<\/span><\/span><\/li>\n<\/ul>\n<\/li>\n<\/ul>\n\n\n<p><\/p>\n","protected":false},"excerpt":{"rendered":"<p>Vous participez \u00e0 une comp\u00e9tition sur le Golf de Pessac INSCRIPTION Je m&rsquo;inscris via le lien publi\u00e9 sur le site de l&rsquo;AS, le site de Blue Green PESSAC, le QR Code pr\u00e9sent sur les affiches Je v\u00e9rifie que ma licence est active et j&rsquo;enregistre mon num\u00e9ro de licence,\u00a0 Je v\u00e9rifie [&hellip;]<\/p>\n","protected":false},"author":14,"featured_media":52,"parent":502,"menu_order":0,"comment_status":"closed","ping_status":"closed","template":"","meta":{"footnotes":""},"class_list":["post-8545","page","type-page","status-publish","has-post-thumbnail","hentry"],"_links":{"self":[{"href":"https:\/\/asgolfdepessac.com\/index.php\/wp-json\/wp\/v2\/pages\/8545","targetHints":{"allow":["GET"]}}],"collection":[{"href":"https:\/\/asgolfdepessac.com\/index.php\/wp-json\/wp\/v2\/pages"}],"about":[{"href":"https:\/\/asgolfdepessac.com\/index.php\/wp-json\/wp\/v2\/types\/page"}],"author":[{"embeddable":true,"href":"https:\/\/asgolfdepessac.com\/index.php\/wp-json\/wp\/v2\/users\/14"}],"replies":[{"embeddable":true,"href":"https:\/\/asgolfdepessac.com\/index.php\/wp-json\/wp\/v2\/comments?post=8545"}],"version-history":[{"count":0,"href":"https:\/\/asgolfdepessac.com\/index.php\/wp-json\/wp\/v2\/pages\/8545\/revisions"}],"up":[{"embeddable":true,"href":"https:\/\/asgolfdepessac.com\/index.php\/wp-json\/wp\/v2\/pages\/502"}],"wp:featuredmedia":[{"embeddable":true,"href":"https:\/\/asgolfdepessac.com\/index.php\/wp-json\/wp\/v2\/media\/52"}],"wp:attachment":[{"href":"https:\/\/asgolfdepessac.com\/index.php\/wp-json\/wp\/v2\/media?parent=8545"}],"curies":[{"name":"wp","href":"https:\/\/api.w.org\/{rel}","templated":true}]}}