{"id":8656,"date":"2024-11-09T08:14:07","date_gmt":"2024-11-09T07:14:07","guid":{"rendered":"https:\/\/asgolfdepessac.com\/?page_id=8656"},"modified":"2024-12-05T18:07:32","modified_gmt":"2024-12-05T17:07:32","slug":"mdd-jeudi-12-decembre-give-and-take","status":"publish","type":"page","link":"https:\/\/asgolfdepessac.com\/index.php\/pessac-au-feminin-2\/mardi-des-dames\/mdd-jeudi-12-decembre-give-and-take\/","title":{"rendered":"MDD JEUDI 12 d\u00e9cembre Give and take"},"content":{"rendered":"\n<p class=\"has-header-gradient-color has-text-color has-link-color wp-elements-a2d32d5c6002675579e4544b40ec143d\"><strong>INSCRIPTIONS CLOSES<\/strong><\/p>\n\n\n\n<p class=\"has-header-text-color-color has-text-color has-link-color wp-elements-c4181d894237a2c3f73ea2acc8b2acbb\">DATE : <strong> JEUDI 12 d\u00e9cembre <\/strong>2024<\/p>\n\n\n\n<p>D\u00e9part en<strong> shotgun \u00e0 10h<\/strong> sur le parcours rouge (9 trous)<\/p>\n\n\n\n<p>Cette rencontre n&rsquo;est pas une comp\u00e9tition mais une rencontre amicale f\u00e9minine, r\u00e9serv\u00e9e aux membres du MDD<\/p>\n\n\n\n<p><strong>Cette journ\u00e9e sera l&rsquo;occasion de c\u00e9l\u00e9brer entre nous la fin de l&rsquo;ann\u00e9e : chacune devra apporter un petit cadeau symbolique (valeur environ 10\u20ac) que nous tirerons au sort au moment du d\u00e9jeuner<\/strong>. <\/p>\n\n\n\n<p><strong>Le P\u00e8re No\u00ebl  YAYA, sera aussi de la f\u00eate<\/strong><\/p>\n\n\n\n<p><strong>Repas : 30\u20ac <\/strong>(formule festive).<\/p>\n\n\n\n<p>Inscription et annulation par la fiche ci-dessous<strong> jusqu&rsquo;au VENDREDI 6 d\u00e9cembre \u00e0 midi.<\/strong> Plus tard, contacter une des 3 GO,&nbsp; par t\u00e9l\u00e9phone. Vous pourrez choisir sur cette fiche de ne participer qu&rsquo;au parcours ou qu&rsquo;au repas ou repas et parcours. Vous choisirez aussi chacun de vos plats.<\/p>\n\n\n\n<p>( Apr\u00e8s votre inscription\/ annulation, le d\u00e9lai de mise \u00e0 jour de la liste est d&rsquo;environ 5 minutes)<\/p>\n\n\n\n<p><a href=\"https:\/\/docs.google.com\/spreadsheets\/d\/e\/2PACX-1vQJ9VwYBZR5RmPjTmwZVEa5rH7IHI7EqPLnqaWCQAqyPutHJG5hpuMx3jW-M8a5q0XtaQ8KsWKwqLAs\/pubhtml\" data-type=\"link\" data-id=\"https:\/\/docs.google.com\/spreadsheets\/d\/e\/2PACX-1vQJ9VwYBZR5RmPjTmwZVEa5rH7IHI7EqPLnqaWCQAqyPutHJG5hpuMx3jW-M8a5q0XtaQ8KsWKwqLAs\/pubhtml\">Liste des inscrites<\/a><\/p>\n","protected":false},"excerpt":{"rendered":"<p>INSCRIPTIONS CLOSES DATE : JEUDI 12 d\u00e9cembre 2024 D\u00e9part en shotgun \u00e0 10h sur le parcours rouge (9 trous) Cette rencontre n&rsquo;est pas une comp\u00e9tition mais une rencontre amicale f\u00e9minine, r\u00e9serv\u00e9e aux membres du MDD Cette journ\u00e9e sera l&rsquo;occasion de c\u00e9l\u00e9brer entre nous la fin de l&rsquo;ann\u00e9e : chacune devra [&hellip;]<\/p>\n","protected":false},"author":5,"featured_media":52,"parent":647,"menu_order":0,"comment_status":"closed","ping_status":"closed","template":"","meta":{"footnotes":""},"class_list":["post-8656","page","type-page","status-publish","has-post-thumbnail","hentry"],"_links":{"self":[{"href":"https:\/\/asgolfdepessac.com\/index.php\/wp-json\/wp\/v2\/pages\/8656","targetHints":{"allow":["GET"]}}],"collection":[{"href":"https:\/\/asgolfdepessac.com\/index.php\/wp-json\/wp\/v2\/pages"}],"about":[{"href":"https:\/\/asgolfdepessac.com\/index.php\/wp-json\/wp\/v2\/types\/page"}],"author":[{"embeddable":true,"href":"https:\/\/asgolfdepessac.com\/index.php\/wp-json\/wp\/v2\/users\/5"}],"replies":[{"embeddable":true,"href":"https:\/\/asgolfdepessac.com\/index.php\/wp-json\/wp\/v2\/comments?post=8656"}],"version-history":[{"count":0,"href":"https:\/\/asgolfdepessac.com\/index.php\/wp-json\/wp\/v2\/pages\/8656\/revisions"}],"up":[{"embeddable":true,"href":"https:\/\/asgolfdepessac.com\/index.php\/wp-json\/wp\/v2\/pages\/647"}],"wp:featuredmedia":[{"embeddable":true,"href":"https:\/\/asgolfdepessac.com\/index.php\/wp-json\/wp\/v2\/media\/52"}],"wp:attachment":[{"href":"https:\/\/asgolfdepessac.com\/index.php\/wp-json\/wp\/v2\/media?parent=8656"}],"curies":[{"name":"wp","href":"https:\/\/api.w.org\/{rel}","templated":true}]}}