{"id":9082,"date":"2025-01-07T19:03:38","date_gmt":"2025-01-07T18:03:38","guid":{"rendered":"https:\/\/asgolfdepessac.com\/?page_id=9082"},"modified":"2026-04-01T10:20:30","modified_gmt":"2026-04-01T08:20:30","slug":"essai","status":"publish","type":"page","link":"https:\/\/asgolfdepessac.com\/index.php\/essai\/","title":{"rendered":"INFORMATIONS JEUNES"},"content":{"rendered":"\n<div style=\"height:42px\" aria-hidden=\"true\" class=\"wp-block-spacer\"><\/div>\n\n\n\n<h2 class=\"wp-block-heading\"><strong>GRAND PRIX U14 &amp; U16 2026 &#8211; BORDEAUX-LAC<\/strong><\/h2>\n\n\n\n<p><strong>Le Grand Prix Jeunes U14 et U16 de Bordeaux-Lac<\/strong>, disput\u00e9 les <strong>28 et 29 mars<\/strong>, a offert de tr\u00e8s belles performances \u00e0 nos jeunes golfeurs Pessacais.<\/p>\n\n\n\n<p>Trois de nos repr\u00e9sentants se sont particuli\u00e8rement illustr\u00e9s lors de ce week-end de comp\u00e9tition.<\/p>\n\n\n\n<p>Dans la cat\u00e9gorie <strong>U16 gar\u00e7ons, Andr\u00e9a ROSA <\/strong>r\u00e9alise une superbe performance en s\u2019imposant \u00e0 la <strong>1\u00e8re place<\/strong> avec des scores solides de 82 et 77. Il est suivi de tr\u00e8s pr\u00e8s par <strong>Aiden LARRE-LARROUY<\/strong>, qui monte sur la <strong>2\u00e8me<\/strong> marche du podium gr\u00e2ce \u00e0 ses cartes de 83 et 80. <strong>Nathanael RAFFIN<\/strong> compl\u00e8te cette belle repr\u00e9sentation en terminant \u00e0 la <strong>18\u00e8me<\/strong> place avec des scores de 96 et 91.<\/p>\n\n\n\n<p>Du c\u00f4t\u00e9 des <strong>U14 filles, Joy CARREIRA<\/strong> signe \u00e9galement un excellent r\u00e9sultat en d\u00e9crochant une tr\u00e8s belle <strong>2\u00e8me<\/strong> place, avec des scores r\u00e9guliers de 81 et 84.<\/p>\n\n\n\n<p>Ces r\u00e9sultats t\u00e9moignent de l\u2019engagement et de la progression de nos jeunes joueurs, ainsi que du travail accompli au sein du club. F\u00e9licitations \u00e0 tous pour ces belles performances ! \ud83d\udc4f<\/p>\n\n\n\n<p><a href=\"https:\/\/www.asgolfbordeauxlac.fr\/wp-content\/uploads\/2026\/01\/GPJ2026-Resultats.pdf\">Tableaux des r\u00e9sultats<\/a><\/p>\n\n\n<div class=\"wp-block-image\">\n<figure class=\"aligncenter size-large is-resized\"><img loading=\"lazy\" decoding=\"async\" width=\"768\" height=\"1024\" src=\"https:\/\/asgolfdepessac.com\/wp-content\/uploads\/2026\/04\/e9457128-ef26-499f-9a45-d12be4d39ee2-768x1024.jpeg\" alt=\"\" class=\"wp-image-14220\" style=\"width:627px;height:auto\" srcset=\"https:\/\/asgolfdepessac.com\/wp-content\/uploads\/2026\/04\/e9457128-ef26-499f-9a45-d12be4d39ee2-768x1024.jpeg 768w, https:\/\/asgolfdepessac.com\/wp-content\/uploads\/2026\/04\/e9457128-ef26-499f-9a45-d12be4d39ee2-225x300.jpeg 225w, https:\/\/asgolfdepessac.com\/wp-content\/uploads\/2026\/04\/e9457128-ef26-499f-9a45-d12be4d39ee2-1152x1536.jpeg 1152w, https:\/\/asgolfdepessac.com\/wp-content\/uploads\/2026\/04\/e9457128-ef26-499f-9a45-d12be4d39ee2.jpeg 1200w\" sizes=\"auto, (max-width: 768px) 100vw, 768px\" \/><\/figure>\n<\/div>\n\n\n<div style=\"height:62px\" aria-hidden=\"true\" class=\"wp-block-spacer\"><\/div>\n\n\n\n<h2 class=\"wp-block-heading\"><strong>RYDER CUP 2026<\/strong><\/h2>\n\n\n\n<p>La traditionnelle \u00ab\u00a0Ryder Cup\u00a0\u00bb de la commission jeunes s&rsquo;est d\u00e9roul\u00e9e les 2&amp;3 janvier dernier sur les 4 1\/2 journ\u00e9es, avec \u00e0 chaque fois une formule de jeu diff\u00e9rente.<\/p>\n\n\n\n<p>Malgr\u00e9 une temp\u00e9rature \u00ab\u00a0glaciale\u00a0\u00bb, ce sont plus d&rsquo;une quinzaine de jeunes de l&rsquo;AS qui se sont retrouv\u00e9s afin de s&rsquo;affronter comme les \u00ab\u00a0grands\u00a0\u00bb.<\/p>\n\n\n\n<p>Gr\u00e2ce \u00e0 un excellent travail de r\u00e9partition des index r\u00e9alis\u00e9 par Christian, responsable de la commission jeunes, les \u00e9quipes \u00e9taient bien \u00e9quilibr\u00e9es, \u00e0 tel point que ce sont les simples du samedi apr\u00e8s-midi qui ont fait la diff\u00e9rence, permettant \u00e0 l&rsquo;\u00e9quipe bleue de l&#8217;emporter sur le fil 16,5 \u00e0 14,5.<\/p>\n\n\n\n<p>Merci \u00e0 nos jeunes qui ont particip\u00e9 durant les 2 jours malgr\u00e9 les conditions m\u00e9t\u00e9o, gardant le sourire et leur enthousiasme; merci aux parents pour leur accompagnement et leur confiance; merci \u00e0 Ludovic, Cathy et Tom qui ont permis de combler les absences inopin\u00e9es.<\/p>\n\n\n\n<p><a href=\"https:\/\/asgolfdepessac.com\/wp-content\/uploads\/2026\/01\/team_ryder_2026_V2.pdf\" target=\"_blank\" rel=\"noreferrer noopener\">Tableaux des r\u00e9<\/a><a href=\"https:\/\/asgolfdepessac.com\/wp-content\/uploads\/2026\/01\/team_ryder_2026_V2.pdf\">sultats <\/a><\/p>\n\n\n\n<figure class=\"wp-block-gallery has-nested-images columns-default is-cropped wp-block-gallery-1 is-layout-flex wp-block-gallery-is-layout-flex\">\n<figure class=\"wp-block-image size-large\"><img decoding=\"async\" src=\"https:\/\/asgolfdepessac.com\/wp-content\/uploads\/2026\/01\/IMG_6229-scaled.jpg\" alt=\"\"\/><\/figure>\n<\/figure>\n\n\n\n<p><\/p>\n\n\n\n<h3 class=\"wp-block-heading\">FICHE DE SUIVI DE PARTIE<\/h3>\n\n\n\n<p><a href=\"https:\/\/asgolfdepessac.com\/wp-content\/uploads\/2025\/02\/Fiche-Suivi_des_parties.pdf\" target=\"_blank\" rel=\"noreferrer noopener\"><strong><em>Ce document, r\u00e9alis\u00e9 par la FFGolf<\/em><\/strong><\/a>, permet aux parents et aux b\u00e9n\u00e9voles, qui veulent suivre des parties de U10 et de U12 en comp\u00e9tition sur le parcours, d&rsquo;avoir les bonnes attitudes \u00e0 adopter.<\/p>\n\n\n\n<p>Le recto, en vert, explique quel comportement avoir pour aider les enfants; le recto, en rouge, donne des exemples de ce qui n&rsquo;aidera pas les enfants.<\/p>\n\n\n\n<p>Un exemplaire sera remis \u00e0 chaque adulte qui suivrait une \u00e9quipe de jeunes lors des comp\u00e9titions organis\u00e9es par l&rsquo;Association Sportive et\/ou l&rsquo;Ecole de golf de Pessac.<\/p>\n\n\n\n<h2 class=\"wp-block-heading\"><\/h2>\n\n\n\n<h3 class=\"wp-block-heading\"><\/h3>\n\n\n\n<p><\/p>\n\n\n\n<p><\/p>\n\n\n\n<p><\/p>\n","protected":false},"excerpt":{"rendered":"<p>GRAND PRIX U14 &amp; U16 2026 &#8211; BORDEAUX-LAC Le Grand Prix Jeunes U14 et U16 de Bordeaux-Lac, disput\u00e9 les 28 et 29 mars, a offert de tr\u00e8s belles performances \u00e0 nos jeunes golfeurs Pessacais. Trois de nos repr\u00e9sentants se sont particuli\u00e8rement illustr\u00e9s lors de ce week-end de comp\u00e9tition. Dans la [&hellip;]<\/p>\n","protected":false},"author":19,"featured_media":0,"parent":0,"menu_order":0,"comment_status":"closed","ping_status":"closed","template":"","meta":{"footnotes":""},"class_list":["post-9082","page","type-page","status-publish","hentry"],"_links":{"self":[{"href":"https:\/\/asgolfdepessac.com\/index.php\/wp-json\/wp\/v2\/pages\/9082","targetHints":{"allow":["GET"]}}],"collection":[{"href":"https:\/\/asgolfdepessac.com\/index.php\/wp-json\/wp\/v2\/pages"}],"about":[{"href":"https:\/\/asgolfdepessac.com\/index.php\/wp-json\/wp\/v2\/types\/page"}],"author":[{"embeddable":true,"href":"https:\/\/asgolfdepessac.com\/index.php\/wp-json\/wp\/v2\/users\/19"}],"replies":[{"embeddable":true,"href":"https:\/\/asgolfdepessac.com\/index.php\/wp-json\/wp\/v2\/comments?post=9082"}],"version-history":[{"count":13,"href":"https:\/\/asgolfdepessac.com\/index.php\/wp-json\/wp\/v2\/pages\/9082\/revisions"}],"predecessor-version":[{"id":14223,"href":"https:\/\/asgolfdepessac.com\/index.php\/wp-json\/wp\/v2\/pages\/9082\/revisions\/14223"}],"wp:attachment":[{"href":"https:\/\/asgolfdepessac.com\/index.php\/wp-json\/wp\/v2\/media?parent=9082"}],"curies":[{"name":"wp","href":"https:\/\/api.w.org\/{rel}","templated":true}]}}