{"id":9312,"date":"2025-01-20T17:56:21","date_gmt":"2025-01-20T16:56:21","guid":{"rendered":"https:\/\/asgolfdepessac.com\/?page_id=9312"},"modified":"2025-02-12T17:03:56","modified_gmt":"2025-02-12T16:03:56","slug":"regle-n1","status":"publish","type":"page","link":"https:\/\/asgolfdepessac.com\/index.php\/regle-n1\/","title":{"rendered":"R\u00e8gle n\u00b01 &#8211; Le jeu, le comportement du joueur et les r\u00e8gles"},"content":{"rendered":"\n<p class=\"has-text-align-center has-black-color has-background-color-background-color has-text-color has-background has-link-color has-medium-font-size wp-elements-8377d9ee255572c0f5d6eb2c1a8f2957\"><strong><a href=\"https:\/\/asgolfdepessac.com\/index.php\/clarification-de-la-regle-1\/\">Clarifications<\/a><\/strong><\/p>\n\n\n\n<p class=\"has-black-color has-background-color-background-color has-text-color has-background has-link-color wp-elements-62fd5e17f268a2356b22b5154e55f822\" id=\"R1\"><strong>Objet de la R\u00e8gle :<\/strong><br>La R\u00e8gle 1 pr\u00e9sente les principes suivants qui sont fondamentaux pour le joueur :<br>\u2022 Jouer le parcours comme vous le trouvez et jouer la balle comme elle repose.<br>\u2022 Jouer selon les R\u00e8gles et dans l\u2019esprit du jeu.<br>\u2022 Vous \u00eates responsable de l\u2019application de vos propres p\u00e9nalit\u00e9s si vous enfreignez une R\u00e8gle, ceci afin que vous n\u2019en tiriez aucun avantage potentiel vis-\u00e0-vis de votre adversaire en match play ou des autres joueurs en stroke play.<br>Le jeu, le comportement du joueur et les R\u00e8gles<br><strong>1.1 Le jeu de golf<\/strong><br>Le golf se joue sur un tour de 18 trous (ou moins) sur un parcours, en frappant une balle avec un club.<br>Chaque trou commence par un coup depuis la zone de d\u00e9part et finit quand la balle est entr\u00e9e dans le trou sur le green (ou lorsque les R\u00e8gles disent autrement que le trou est fini).<br>\u00c0 chaque coup, le joueur :<br>\u2022 Joue le parcours comme il le trouve, et<br>\u2022 Joue la balle comme elle repose.<br>Mais il existe des exceptions o\u00f9 les R\u00e8gles autorisent le joueur \u00e0 modifier les conditions du parcours et exigent du joueur ou lui permettent de jouer la balle depuis un endroit diff\u00e9rent de celui o\u00f9 elle repose.<br><strong>1.2 Normes de comportement du joueur<\/strong><br><strong>1.2a Comportement attendu de tous les joueurs<\/strong><br>Il est attendu des joueurs qu\u2019ils jouent dans l\u2019esprit du jeu en :<br>\u2022 Agissant avec int\u00e9grit\u00e9 \u2013 par ex. en respectant les R\u00e8gles, en appliquant toutes les p\u00e9nalit\u00e9s, et en \u00e9tant honn\u00eates dans tous les aspects du jeu.<br>\u2022 Faisant preuve de consid\u00e9ration envers les autres \u2013 par ex. en jouant dans un bon rythme, en prenant garde \u00e0 la s\u00e9curit\u00e9 des autres, et en ne perturbant pas le jeu des autres joueurs. Si un joueur joue une balle dans une direction o\u00f9 elle risquerait de frapper quelqu\u2019un, il devrait imm\u00e9diatement pr\u00e9venir, en criant un avertissement tel que le traditionnel \u00ab balle \u00bb.<br>\u2022 Prenant bien soin du parcours \u2013 par ex. en repla\u00e7ant les divots, aplanissant les bunkers, r\u00e9parant les impacts de balles, et en ne causant pas au parcours des dommages inutiles.<br>Il n\u2019y a pas de p\u00e9nalit\u00e9 selon les R\u00e8gles pour un manquement \u00e0 ces recommandations, sauf que le Comit\u00e9 peut disqualifier un joueur pour une action allant \u00e0 l\u2019encontre de l\u2019esprit du jeu s\u2019il estime que le joueur a commis une grave faute de comportement.<br>Une \u00ab grave faute de comportement \u00bb est une fa\u00e7on d\u2019agir du joueur si \u00e9loign\u00e9e de ce qui est attendu dans le golf que la sanction la plus s\u00e9v\u00e8re consistant \u00e0 exclure un joueur de la comp\u00e9tition est justifi\u00e9e.<br>Des p\u00e9nalit\u00e9s autres que la disqualification ne peuvent \u00eatre impos\u00e9es pour des fautes de comportement que si ces p\u00e9nalit\u00e9s ont \u00e9t\u00e9 adopt\u00e9es dans le cadre d\u2019un Code de comportement selon la R\u00e8gle 1.2b.<br><strong>1.2b Code de comportement<\/strong><br>Le Comit\u00e9 peut d\u00e9finir ses propres normes de comportement du joueur dans un Code de comportement adopt\u00e9 comme R\u00e8gle locale.<br>\u2022 Le Code peut pr\u00e9voir des p\u00e9nalit\u00e9s pour infraction \u00e0 ces normes, par ex. une p\u00e9nalit\u00e9 d\u2019un coup ou la p\u00e9nalit\u00e9 g\u00e9n\u00e9rale.<br>\u2022 Le Comit\u00e9 peut aussi disqualifier un joueur pour une grave faute de comportement ne respectant pas les normes du Code.<br>Voir Proc\u00e9dures pour le Comit\u00e9, <a href=\"https:\/\/asgolfdepessac.com\/index.php\/procedure-pour-le-comite-section-5i\/\" target=\"_blank\" rel=\"noreferrer noopener\">Section 5I<\/a> (expliquant les normes de comportement du joueur pouvant \u00eatre adopt\u00e9es).<\/p>\n\n\n\n<p class=\"has-black-color has-background-color-background-color has-text-color has-background\"><strong>1.3 Jouer selon les R\u00e8gles<\/strong><br><strong>1.3a Signification de \u00ab R\u00e8gles \u00bb ; R\u00e8glement de la Comp\u00e9tition<\/strong><br>Le terme \u00ab R\u00e8gles \u00bb signifie :<br>\u2022 Les R\u00e8gles 1 \u00e0 25 et les d\u00e9finitions dans ces R\u00e8gles de golf, et \u2022 Toute \u00ab R\u00e8gle locale \u00bb adopt\u00e9e par le Comit\u00e9 pour la comp\u00e9tition ou le parcours.<br>Les joueurs ont \u00e9galement la responsabilit\u00e9 de satisfaire int\u00e9gralement au \u00ab R\u00e8glement de la Comp\u00e9tition \u00bb adopt\u00e9 par le Comit\u00e9 (par ex. les conditions d\u2019inscription, la forme et les dates de jeu, le nombre de tours ainsi que le nombre et l\u2019ordre des trous de chaque tour).<br><em>Voir Proc\u00e9dures pour le Comit\u00e9, Section 5C et Section 8 (R\u00e8gles locales et ensemble des mod\u00e8les de R\u00e8gles locales autoris\u00e9es) ; Section 5A (R\u00e8glement de la Comp\u00e9tition).<\/em><br><strong>1.3b Application des R\u00e8gles<\/strong><br><strong>(1)<\/strong> Responsabilit\u00e9 du joueur dans l\u2019application des R\u00e8gles. Les joueurs ont la responsabilit\u00e9 de s\u2019appliquer eux-m\u00eames les R\u00e8gles :<br>\u2022 Il est attendu des joueurs qu\u2019ils reconnaissent leurs infractions aux R\u00e8gles et qu\u2019ils s\u2019appliquent honn\u00eatement leurs propres p\u00e9nalit\u00e9s.<br>\u00bb Si un joueur sait qu\u2019il a enfreint une R\u00e8gle qui implique une p\u00e9nalit\u00e9 et que d\u00e9lib\u00e9r\u00e9ment il ne s\u2019applique pas la p\u00e9nalit\u00e9, il est disqualifi\u00e9.<br>\u00bb Si deux joueurs ou plus s\u2019entendent pour ignorer toute R\u00e8gle ou toute p\u00e9nalit\u00e9 qu\u2019ils savent devoir appliquer et que n\u2019importe lequel d\u2019entre eux a commenc\u00e9 le tour, ils sont disqualifi\u00e9s (m\u00eame s\u2019ils<br>n\u2019ont pas encore mis en application leur accord).<br>\u2022 Quand il est n\u00e9cessaire de r\u00e9soudre des questions de fait, le joueur a la responsabilit\u00e9 de prendre en compte non seulement ses propres connaissances des faits mais aussi toutes les autres informations raisonnablement disponibles.<br>\u2022 Un joueur peut demander pour les R\u00e8gles l\u2019assistance d\u2019un arbitre ou du Comit\u00e9, mais si cette assistance ne peut \u00eatre obtenue dans un d\u00e9lai raisonnable le joueur doit continuer \u00e0 jouer et soumettre la question \u00e0 un arbitre ou au Comit\u00e9 quand ils seront disponibles (voir R\u00e8gle 20.1).<br><strong>(2)<\/strong> Accepter le \u00ab jugement raisonnable \u00bb du joueur pour d\u00e9terminer un emplacement dans l\u2019application d\u2019une R\u00e8gle.<br>\u2022 De nombreuses R\u00e8gles exigent que le joueur d\u00e9termine un emplacement, un point, une ligne, une lisi\u00e8re, une zone ou un autre endroit selon les R\u00e8gles, par ex. pour :<br>\u00bb Estimer o\u00f9 une balle a franchi en dernier la lisi\u00e8re d\u2019une zone \u00e0 p\u00e9nalit\u00e9,<br>\u00bb Estimer ou mesurer pour dropper ou placer une balle en prenant un d\u00e9gagement,<br>\u00bb Replacer une balle \u00e0 son emplacement d\u2019origine (que l\u2019emplacement soit connu ou estim\u00e9),<br>\u00bb D\u00e9terminer la zone du parcours o\u00f9 repose la balle, y compris si la balle repose sur le parcours, ou<br>\u00bb D\u00e9terminer si la balle touche ou repose dans ou sur une condition anormale du parcours.<br>\u2022 De telles d\u00e9terminations d\u2019emplacements n\u00e9cessitent d\u2019\u00eatre faites rapidement et avec pr\u00e9caution mais peuvent souvent manquer de pr\u00e9cision.<br>\u2022 D\u00e8s lors que le joueur fait tout ce qui peut \u00eatre raisonnablement attendu en fonction des circonstances, pour proc\u00e9der avec pr\u00e9cision, son jugement sera accept\u00e9 m\u00eame si, apr\u00e8s que le coup est jou\u00e9, la vid\u00e9o ou une autre information montre que ce jugement \u00e9tait faux.<br>\u2022 Si un joueur apprend que son estimation est fausse avant que le coup ne soit jou\u00e9, il doit la corriger (voir R\u00e8gle 14.5).<br><strong>1.3c P\u00e9nalit\u00e9s<\/strong><br><strong>(1)<\/strong> Actions donnant lieu \u00e0 des p\u00e9nalit\u00e9s. Une p\u00e9nalit\u00e9 s\u2019applique quand une infraction aux R\u00e8gles r\u00e9sulte des propres actions du joueur ou des actions de son cadet (voir R\u00e8gle 10.3c).<br>Une p\u00e9nalit\u00e9 s\u2019applique aussi quand :<br>\u2022 Une autre personne entreprend une action qui aurait enfreint les R\u00e8gles si elle avait \u00e9t\u00e9 entreprise par le joueur ou son cadet et que cette personne agit \u00e0 la demande ou sous l\u2019autorit\u00e9 du joueur, ou<br>\u2022 Le joueur voit une autre personne sur le point d\u2019entreprendre une action, concernant sa balle ou son \u00e9quipement, qu\u2019il sait \u00eatre en infraction avec les R\u00e8gles si elle avait \u00e9t\u00e9 entreprise par lui-m\u00eame ou son cadet, et qu\u2019il ne prend pas les mesures raisonnablement n\u00e9cessaires pour s\u2019y opposer ou l\u2019arr\u00eater avant qu\u2019elle n\u2019arrive.<br><strong>(2)<\/strong> Niveaux des p\u00e9nalit\u00e9s. Les p\u00e9nalit\u00e9s sont destin\u00e9es \u00e0 annuler tout avantage potentiel pour le joueur. Il y a trois principaux niveaux de p\u00e9nalit\u00e9 :<br>\u2022 P\u00e9nalit\u00e9 d\u2019un coup. Cette p\u00e9nalit\u00e9 s\u2019applique en match play et en stroke play selon certaines R\u00e8gles lorsque (a) l\u2019avantage potentiel obtenu \u00e0 la suite de l\u2019infraction est mineur ou (b) un joueur se d\u00e9gage avec p\u00e9nalit\u00e9 en jouant une balle d\u2019un endroit autre que celui o\u00f9 sa balle d\u2019origine repose.<br>\u2022 P\u00e9nalit\u00e9 g\u00e9n\u00e9rale (perte du trou en match play, deux coups de p\u00e9nalit\u00e9 en stroke play). Cette p\u00e9nalit\u00e9 s\u2019applique pour la plupart des infractions aux R\u00e8gles lorsque l\u2019avantage potentiel est plus important que celui obtenu lors des infractions pour lesquelles la p\u00e9nalit\u00e9 n\u2019est que d\u2019un coup.<br>\u2022 Disqualification. En match play et en stroke play, un joueur peut \u00eatre disqualifi\u00e9 de la comp\u00e9tition pour certaines actions ou infractions aux R\u00e8gles impliquant une grave faute de comportement (voir R\u00e8gle 1.2)<br>ou quand l\u2019avantage potentiel est trop important pour que le score du joueur puisse \u00eatre consid\u00e9r\u00e9 comme valide.<br><strong>(3)<\/strong> Pas de possibilit\u00e9 de modifier les p\u00e9nalit\u00e9s. Les p\u00e9nalit\u00e9s doivent s\u2019appliquer uniquement telles que pr\u00e9vues dans les R\u00e8gles :<br>\u2022 Ni un joueur, ni le Comit\u00e9 n\u2019ont autorit\u00e9 pour appliquer une p\u00e9nalit\u00e9 autrement, et<br>\u2022 Une mauvaise application ou la non-application d\u2019une p\u00e9nalit\u00e9 ne peuvent \u00eatre maintenues que s\u2019il est trop tard pour les corriger (voir R\u00e8gles 20.1b(2), 20.1b(3), 20.2d et 20.2e).<br>En match play, le joueur et son adversaire peuvent s\u2019entendre pour trancher une question de R\u00e8gles tant qu\u2019ils ne s\u2019entendent pas pour ignorer toute R\u00e8gle ou p\u00e9nalit\u00e9 qu\u2019ils savent devoir appliquer (voir R\u00e8gle 20.1b(1)).<br><strong>(4)<\/strong> Application des p\u00e9nalit\u00e9s pour infractions multiples aux R\u00e8gles. Le fait qu\u2019un joueur encourt des p\u00e9nalit\u00e9s multiples pour avoir enfreint plusieurs R\u00e8gles ou la m\u00eame R\u00e8gle plusieurs fois d\u00e9pend de la pr\u00e9sence ou non d\u2019un \u00e9v\u00e9nement interm\u00e9diaire et de ce que le joueur a fait.<br>Pour l\u2019application de cette R\u00e8gle, il existe deux \u00e9v\u00e9nements interm\u00e9diaires :                                     Plusieurs p\u00e9nalit\u00e9s s\u2019appliquent pour des infractions avant et apr\u00e8s un \u00e9v\u00e9nement interm\u00e9diaire : si un joueur enfreint une R\u00e8gle puis enfreint la m\u00eame R\u00e8gle ou une autre R\u00e8gle apr\u00e8s un \u00e9v\u00e9nement interm\u00e9diaire, le joueur encourt des p\u00e9nalit\u00e9s multiples.<br><strong>Exception <\/strong>\u2013 Ne pas replacer une balle d\u00e9plac\u00e9e : si un joueur doit replacer une balle d\u00e9plac\u00e9e selon la R\u00e8gle 9.4 mais ne le fait pas et joue d\u2019un mauvais endroit, il encourt uniquement la p\u00e9nalit\u00e9 g\u00e9n\u00e9rale selon la R\u00e8gle 14.7a.<br>Mais les coups de p\u00e9nalit\u00e9 encourus par le joueur en se d\u00e9gageant avec p\u00e9nalit\u00e9 (par ex. un coup de p\u00e9nalit\u00e9 selon les R\u00e8gles 17.1, 18.1 et 19.2) sont toujours appliqu\u00e9s en plus de toutes les autres p\u00e9nalit\u00e9s.<\/p>\n","protected":false},"excerpt":{"rendered":"<p>Clarifications Objet de la R\u00e8gle :La R\u00e8gle 1 pr\u00e9sente les principes suivants qui sont fondamentaux pour le joueur :\u2022 Jouer le parcours comme vous le trouvez et jouer la balle comme elle repose.\u2022 Jouer selon les R\u00e8gles et dans l\u2019esprit du jeu.\u2022 Vous \u00eates responsable de l\u2019application de vos propres [&hellip;]<\/p>\n","protected":false},"author":8,"featured_media":9462,"parent":0,"menu_order":0,"comment_status":"closed","ping_status":"closed","template":"","meta":{"footnotes":""},"class_list":["post-9312","page","type-page","status-publish","has-post-thumbnail","hentry"],"_links":{"self":[{"href":"https:\/\/asgolfdepessac.com\/index.php\/wp-json\/wp\/v2\/pages\/9312","targetHints":{"allow":["GET"]}}],"collection":[{"href":"https:\/\/asgolfdepessac.com\/index.php\/wp-json\/wp\/v2\/pages"}],"about":[{"href":"https:\/\/asgolfdepessac.com\/index.php\/wp-json\/wp\/v2\/types\/page"}],"author":[{"embeddable":true,"href":"https:\/\/asgolfdepessac.com\/index.php\/wp-json\/wp\/v2\/users\/8"}],"replies":[{"embeddable":true,"href":"https:\/\/asgolfdepessac.com\/index.php\/wp-json\/wp\/v2\/comments?post=9312"}],"version-history":[{"count":0,"href":"https:\/\/asgolfdepessac.com\/index.php\/wp-json\/wp\/v2\/pages\/9312\/revisions"}],"wp:featuredmedia":[{"embeddable":true,"href":"https:\/\/asgolfdepessac.com\/index.php\/wp-json\/wp\/v2\/media\/9462"}],"wp:attachment":[{"href":"https:\/\/asgolfdepessac.com\/index.php\/wp-json\/wp\/v2\/media?parent=9312"}],"curies":[{"name":"wp","href":"https:\/\/api.w.org\/{rel}","templated":true}]}}