{"id":9331,"date":"2025-01-20T19:00:02","date_gmt":"2025-01-20T18:00:02","guid":{"rendered":"https:\/\/asgolfdepessac.com\/?page_id=9331"},"modified":"2025-02-12T17:05:19","modified_gmt":"2025-02-12T16:05:19","slug":"regle-n2","status":"publish","type":"page","link":"https:\/\/asgolfdepessac.com\/index.php\/regle-n2\/","title":{"rendered":"R\u00e8gle n\u00b02 &#8211; Le parcours"},"content":{"rendered":"\n<p class=\"has-black-color has-background-color-background-color has-text-color has-background has-link-color wp-elements-467d8982b533f0230515659f2b331b37\" id=\"R2\"><strong>Objet de la R\u00e8gle :<\/strong><br>La R\u00e8gle 2 pr\u00e9sente les \u00e9l\u00e9ments de base que chaque joueur devrait conna\u00eetre \u00e0 propos du parcours :<br>\u2022 Il y a cinq zones du parcours sp\u00e9cifiquement d\u00e9finies, et<br>\u2022 Il y a plusieurs types d\u2019\u00e9l\u00e9ments et de conditions sp\u00e9cifiquement d\u00e9finis, qui peuvent interf\u00e9rer avec le jeu.<br>Il est important de conna\u00eetre la zone du parcours o\u00f9 repose la balle ainsi que le statut de n\u2019importe quel \u00e9l\u00e9ment ou condition interf\u00e9rant avec le jeu, car ils peuvent souvent affecter les options du joueur pour jouer la balle ou pour se d\u00e9gager.<br><strong>2.1 Limites du parcours et hors limites<\/strong><br>Le golf se joue sur un parcours dont les limites sont \u00e9tablies par le Comit\u00e9. Les zones qui ne sont pas sur le parcours sont hors limites.<\/p>\n\n\n\n<p class=\"has-black-color has-background-color-background-color has-text-color has-background has-link-color wp-elements-747ca1db430c9d386e4346479f27458a\"><strong>2.2 Zones du parcours sp\u00e9cifiquement d\u00e9finies<\/strong><br>Il y a cinq zones du parcours.<br><strong>2.2a La zone g\u00e9n\u00e9rale<\/strong><br>La zone g\u00e9n\u00e9rale comprend la totalit\u00e9 du parcours sauf les quatre zones du parcours particuli\u00e8res d\u00e9crites dans la R\u00e8gle 2.2b.<br>Elle est appel\u00e9e \u00ab zone g\u00e9n\u00e9rale \u00bb parce que :<br>\u2022 Elle couvre la majeure partie du parcours et c\u2019est de cette zone que la balle du joueur sera jou\u00e9e le plus souvent jusqu\u2019\u00e0 ce qu\u2019elle atteigne le green.<br>\u2022 Elle inclut tous les types de terrains et d\u2019\u00e9l\u00e9ments qui poussent, ou sont fix\u00e9s, se trouvant dans cette zone, tels que le fairway, le rough et les arbres.<br><strong>2.2b Les quatre zones particuli\u00e8res<\/strong><br>Certaines R\u00e8gles s\u2019appliquent sp\u00e9cifiquement aux quatre zones du parcours qui ne sont pas dans la zone g\u00e9n\u00e9rale :<br>\u2022 La zone de d\u00e9part que le joueur doit utiliser pour commencer le trou qu\u2019il joue (R\u00e8gle 6.2),<br>\u2022 Toutes les zones \u00e0 p\u00e9nalit\u00e9 (R\u00e8gle 17),<br>\u2022 Tous les bunkers (R\u00e8gle 12), et<br>\u2022 Le green du trou que le joueur joue (R\u00e8gle 13).<br><strong>2.2c D\u00e9terminer la zone du parcours o\u00f9 la balle repose<\/strong><br>La zone du parcours o\u00f9 repose la balle d\u2019un joueur a une influence sur les R\u00e8gles qui s\u2019appliquent en jouant la balle ou en se d\u00e9gageant.<br>Une balle est toujours consid\u00e9r\u00e9e comme reposant dans une seule zone du parcours :<br>\u2022 Si une balle est \u00e0 la fois dans la zone g\u00e9n\u00e9rale et dans l\u2019une des quatre zones du parcours particuli\u00e8res, elle est consid\u00e9r\u00e9e comme reposant dans cette zone du parcours particuli\u00e8re.<br>\u2022 Si une balle est \u00e0 la fois dans deux zones du parcours particuli\u00e8res, elle est consid\u00e9r\u00e9e comme reposant dans la zone particuli\u00e8re qui vient en premier dans l\u2019ordre : zone \u00e0 p\u00e9nalit\u00e9, bunker, green.<\/p>\n\n\n\n<p class=\"has-black-color has-background-color-background-color has-text-color has-background has-link-color wp-elements-b901efee099fd8db0a74a2de792be742\"><strong>2.3 Objets ou conditions pouvant interf\u00e9rer avec le jeu<\/strong><br>Certaines R\u00e8gles peuvent accorder un d\u00e9gagement gratuit (d\u00e9gagement sans p\u00e9nalit\u00e9) pour une interf\u00e9rence avec certains objets ou conditions sp\u00e9cifiquement d\u00e9finis tels que :<br>\u2022 Les d\u00e9tritus (R\u00e8gle 15.1),<br>\u2022 Les obstructions amovibles (R\u00e8gle 15.2), et<br>\u2022 Les conditions anormales du parcours, \u00e0 savoir les trous d\u2019animaux, les terrains en r\u00e9paration, les obstructions inamovibles et l\u2019eau temporaire (R\u00e8gle 16.1).<br>Mais il n\u2019y a pas de d\u00e9gagement gratuit des \u00e9l\u00e9ments de limites ou des \u00e9l\u00e9ments partie int\u00e9grante qui interf\u00e9rent avec le jeu.<\/p>\n\n\n\n<p class=\"has-black-color has-background-color-background-color has-text-color has-background has-link-color wp-elements-a65c4add4763d6f2b5d2b166835df46e\"><strong>2.4 Zones de jeu interdit<\/strong><br>Une zone de jeu interdit est une partie d\u00e9finie comme telle, soit d\u2019une condition anormale du parcours (voir R\u00e8gle 16.1f), soit d\u2019une zone \u00e0 p\u00e9nalit\u00e9 (voir R\u00e8gle 17.1e), o\u00f9 le jeu n\u2019est pas autoris\u00e9.<br>Le joueur doit se d\u00e9gager quand :<br>\u2022 Sa balle repose dans une zone de jeu interdit, ou<br>\u2022 Une zone de jeu interdit interf\u00e8re avec la zone de son stance ou de son swing intentionnels en jouant une balle reposant en dehors de la zone de jeu interdit (voir R\u00e8gles 16.1f et 17.1e).<br><em>Voir Proc\u00e9dures pour le Comit\u00e9, Section 5I(2) (un Code de comportement<br>peut demander aux joueurs de rester totalement en dehors d\u2019une zone de jeu<br>interdit).<\/em><\/p>\n\n\n<div class=\"wp-block-image\">\n<figure class=\"aligncenter size-full\"><img decoding=\"async\" src=\"https:\/\/asgolfdepessac.com\/wp-content\/uploads\/2025\/01\/image.png\" alt=\"\" class=\"wp-image-9456\"\/><\/figure>\n<\/div>\n\n\n<p class=\"has-x-large-font-size\"><\/p>\n\n\n\n<div class=\"wp-block-group\"><div class=\"wp-block-group__inner-container is-layout-constrained wp-block-group-is-layout-constrained\"><\/div><\/div>\n","protected":false},"excerpt":{"rendered":"<p>Objet de la R\u00e8gle :La R\u00e8gle 2 pr\u00e9sente les \u00e9l\u00e9ments de base que chaque joueur devrait conna\u00eetre \u00e0 propos du parcours :\u2022 Il y a cinq zones du parcours sp\u00e9cifiquement d\u00e9finies, et\u2022 Il y a plusieurs types d\u2019\u00e9l\u00e9ments et de conditions sp\u00e9cifiquement d\u00e9finis, qui peuvent interf\u00e9rer avec le jeu.Il est [&hellip;]<\/p>\n","protected":false},"author":8,"featured_media":9462,"parent":0,"menu_order":0,"comment_status":"closed","ping_status":"closed","template":"","meta":{"footnotes":""},"class_list":["post-9331","page","type-page","status-publish","has-post-thumbnail","hentry"],"_links":{"self":[{"href":"https:\/\/asgolfdepessac.com\/index.php\/wp-json\/wp\/v2\/pages\/9331","targetHints":{"allow":["GET"]}}],"collection":[{"href":"https:\/\/asgolfdepessac.com\/index.php\/wp-json\/wp\/v2\/pages"}],"about":[{"href":"https:\/\/asgolfdepessac.com\/index.php\/wp-json\/wp\/v2\/types\/page"}],"author":[{"embeddable":true,"href":"https:\/\/asgolfdepessac.com\/index.php\/wp-json\/wp\/v2\/users\/8"}],"replies":[{"embeddable":true,"href":"https:\/\/asgolfdepessac.com\/index.php\/wp-json\/wp\/v2\/comments?post=9331"}],"version-history":[{"count":0,"href":"https:\/\/asgolfdepessac.com\/index.php\/wp-json\/wp\/v2\/pages\/9331\/revisions"}],"wp:featuredmedia":[{"embeddable":true,"href":"https:\/\/asgolfdepessac.com\/index.php\/wp-json\/wp\/v2\/media\/9462"}],"wp:attachment":[{"href":"https:\/\/asgolfdepessac.com\/index.php\/wp-json\/wp\/v2\/media?parent=9331"}],"curies":[{"name":"wp","href":"https:\/\/api.w.org\/{rel}","templated":true}]}}