{"id":9400,"date":"2025-01-21T22:32:43","date_gmt":"2025-01-21T21:32:43","guid":{"rendered":"https:\/\/asgolfdepessac.com\/?page_id=9400"},"modified":"2025-05-03T06:50:23","modified_gmt":"2025-05-03T04:50:23","slug":"regle-n8-jouer-le-parcours-comme-on-le-trouve","status":"publish","type":"page","link":"https:\/\/asgolfdepessac.com\/index.php\/regle-n8-jouer-le-parcours-comme-on-le-trouve\/","title":{"rendered":"R\u00e8gle n\u00b08 &#8211; Jouer le parcours comme on le trouve"},"content":{"rendered":"\n<p class=\"has-text-align-center has-black-color has-background-color-background-color has-text-color has-background has-link-color has-medium-font-size wp-elements-ba05a823d1b0e90bfb2ee74249bd9ecd\"><strong><a href=\"https:\/\/asgolfdepessac.com\/index.php\/clarification-de-la-regle-n8\/\">Clarifications<\/a><\/strong><\/p>\n\n\n\n<p class=\"has-black-color has-background-color-background-color has-text-color has-background\"><strong>Objet de la R\u00e8gle :<\/strong><br>La R\u00e8gle 8 traite d\u2019un principe fondamental du jeu : \u00ab jouer le parcours comme vous le trouvez \u00bb. Quand la balle du joueur est au repos, celui-ci doit normalement accepter les conditions affectant le coup suivant et ne pas les am\u00e9liorer avant de jouer la balle. Cependant, un joueur peut entreprendre certaines<br>actions raisonnables m\u00eame si elles am\u00e9liorent ces conditions, et il y a des circonstances particuli\u00e8res o\u00f9 ces conditions peuvent \u00eatre restaur\u00e9es sans p\u00e9nalit\u00e9 apr\u00e8s qu\u2019elles ont \u00e9t\u00e9 am\u00e9lior\u00e9es ou d\u00e9grad\u00e9es.<\/p>\n\n\n\n<p class=\"has-black-color has-background-color-background-color has-text-color has-background\" id=\"R-8.1\"><strong>8.1 Actions du joueur qui am\u00e9liorent les conditions affectant le coup<\/strong><br>Pour \u00e9tayer le principe \u00ab jouer le parcours comme vous le trouvez \u00bb, cette R\u00e8gle restreint ce que peut faire un joueur pour am\u00e9liorer une quelconque des intangibles \u00ab conditions affectant le coup \u00bb (n\u2019importe o\u00f9 sur ou en dehors du parcours), pour le coup suivant que jouera le joueur, \u00e0 savoir :<br>\u2022 Le lie de la balle au repos du joueur,<br>\u2022 La zone de son stance intentionnel,<br>\u2022 La zone de son swing intentionnel,<br>\u2022 Sa ligne de jeu, et<br>\u2022 La zone de d\u00e9gagement dans laquelle le joueur droppera ou placera une balle.<br>Cette R\u00e8gle s\u2019applique aux actions entreprises \u00e0 la fois pendant un tour et pendant que le jeu est interrompu selon la R\u00e8gle 5.7a.<br>Ceci ne s\u2019applique pas :<br>\u2022 Au d\u00e9placement de d\u00e9tritus ou d\u2019obstructions amovibles qui est autoris\u00e9 dans la limite permise par la R\u00e8gle 15, ou<br>\u2022 \u00c0 une action entreprise pendant qu\u2019une balle d\u2019un joueur est en mouvement, ce qui est couvert par la R\u00e8gle 11.<br><strong>8.1a Actions qui ne sont pas autoris\u00e9es<\/strong><br>Sauf dans les cas limit\u00e9s autoris\u00e9s par les R\u00e8gles 8.1b, c et d, un joueur ne doit entreprendre aucune des actions suivantes si elles am\u00e9liorent les conditions affectant le coup :<br><strong>(1)<\/strong> D\u00e9placer, courber ou casser :<br>\u2022 Tout \u00e9l\u00e9ment naturel poussant ou fix\u00e9,<br>\u2022 Toute obstruction inamovible, tout \u00e9l\u00e9ment partie int\u00e9grante ou \u00e9l\u00e9ment de limites, ou<br>\u2022 Toute marque de d\u00e9part utilis\u00e9e pour la zone de d\u00e9part en jouant une balle de cette zone.<br><strong>(2)<\/strong> Positionner un d\u00e9tritus ou une obstruction amovible (par ex. pour construire un stance ou am\u00e9liorer la ligne de jeu).<br><strong>(3)<\/strong> Modifier la surface du sol, y compris :<br>\u2022 Replacer des divots dans un trou de divot,<br>\u2022 Enlever ou tasser des divots qui ont d\u00e9j\u00e0 \u00e9t\u00e9 replac\u00e9s ou d\u2019autres plaques de gazon d\u00e9j\u00e0 en place, ou<br>\u2022 Cr\u00e9er ou \u00e9liminer des trous, des marques ou des irr\u00e9gularit\u00e9s de surface.<br><strong>(4)<\/strong> Enlever ou tasser du sable ou de la terre meuble.<br><strong>(5)<\/strong> Enlever de la ros\u00e9e, du givre ou de l\u2019eau.<br><em><strong>P\u00e9nalit\u00e9 pour infraction \u00e0 la R\u00e8gle 8.1a : p\u00e9nalit\u00e9 g\u00e9n\u00e9rale.<\/strong><\/em><br><strong>8.1b Actions qui sont autoris\u00e9es<\/strong><br>En se pr\u00e9parant pour jouer un coup ou en le jouant, le joueur peut entreprendre l\u2019une quelconque des actions suivantes, et il n\u2019y a pas de p\u00e9nalit\u00e9 m\u00eame si ceci am\u00e9liore les conditions affectant le coup :<br><strong>(1)<\/strong> Chercher correctement sa balle en entreprenant des actions raisonnables pour la trouver et l\u2019identifier (voir R\u00e8gle 7.1a).<br><strong>(2)<\/strong> Entreprendre des actions raisonnables pour enlever des d\u00e9tritus (voir R\u00e8gle15.1) et des obstructions amovibles (voir R\u00e8gle 15.2).<br><strong>(3)<\/strong> Entreprendre des actions raisonnables pour marquer l\u2019emplacement d\u2019une balle et pour relever et replacer la balle selon les R\u00e8gles 14.1 et 14.2.<br><strong>(4)<\/strong> Poser l\u00e9g\u00e8rement le club sur le sol juste devant ou juste derri\u00e8re la balle.<br>\u00ab Poser l\u00e9g\u00e8rement le club \u00bb signifie permettre au poids du club d\u2019\u00eatre support\u00e9 par l\u2019herbe, la terre, le sable ou tout autre mat\u00e9riau sur ou au-dessus de la surface du sol.<br>Mais ceci ne permet pas :<br>\u2022 D\u2019appuyer le club sur le sol, ou<br>\u2022 Quand la balle est dans un bunker, de toucher le sable juste devant ou juste derri\u00e8re la balle (voir R\u00e8gle 12.2b(1)).<br><strong>(5)<\/strong> Placer fermement les pieds en prenant un stance, y compris en enfon\u00e7ant raisonnablement les pieds dans le sable ou la terre meuble.<br><strong>(6)<\/strong> Prendre correctement un stance en entreprenant des actions raisonnables pour atteindre la balle et prendre un stance.<br>Mais, ce faisant le joueur :<br>\u2022 N\u2019a pas n\u00e9cessairement droit \u00e0 un stance ou un swing normaux, et<br>\u2022 Doit utiliser la fa\u00e7on de proc\u00e9der la moins intrusive possible pour traiter la situation.<br><strong>(7)<\/strong> Jouer un coup, ou faire le backswing pour un coup qui est ensuite jou\u00e9.<br>Mais quand la balle repose dans un bunker, toucher le sable dans le bunker lors du backswing est interdit par la R\u00e8gle12.2b(1).<br><strong>(8)<\/strong> Dans la zone de d\u00e9part :<br>\u2022 Placer un tee dans ou sur le sol (voir R\u00e8gle 6.2b(2)),<br>\u2022 D\u00e9placer, courber ou casser tout \u00e9l\u00e9ment naturel poussant ou fix\u00e9 (voir R\u00e8gle 6.2b(3)), et<br>\u2022 Modifier la surface du sol, enlever ou tasser du sable et de la terre, ou enlever de la ros\u00e9e, du givre ou de l\u2019eau (voir R\u00e8gle 6.2b(3)).<br><strong>(9)<\/strong> Dans un bunker, aplanir le sable pour prendre soin du parcours une fois que la balle jou\u00e9e du bunker est hors du bunker (voir R\u00e8gle 12.2b(3)).<br><strong>(10)<\/strong> Sur le green, enlever du sable et de la terre meuble et r\u00e9parer des dommages (voir R\u00e8gle 13.1c).<br><strong>(11)<\/strong> D\u00e9placer un \u00e9l\u00e9ment naturel pour voir s\u2019il est d\u00e9tach\u00e9.<br>Mais s\u2019il s\u2019av\u00e8re que l\u2019\u00e9l\u00e9ment pousse ou est fix\u00e9, celui-ci doit rester fix\u00e9 et \u00eatre remis autant que possible dans sa position d\u2019origine.<br>Voir R\u00e8gle 25.4g (modification de la R\u00e8gle 8.1b(5) en prenant un stance pour les joueurs utilisant un dispositif d\u2019assistance \u00e0 la mobilit\u00e9).<br><strong>8.1c \u00c9viter une p\u00e9nalit\u00e9 en restaurant les conditions am\u00e9lior\u00e9es lors d\u2019une infraction \u00e0 la R\u00e8gle 8.1a(1) ou 8.1a(2)<\/strong><br>Si un joueur a am\u00e9lior\u00e9 les conditions affectant le coup en d\u00e9pla\u00e7ant, courbant ou cassant un \u00e9l\u00e9ment en infraction \u00e0 la R\u00e8gle 8.1a(1) ou en positionnant un \u00e9l\u00e9ment en infraction \u00e0 la R\u00e8gle 8.1a(2) :<br>\u2022 Il n\u2019y a pas de p\u00e9nalit\u00e9 si, avant de jouer le coup suivant, le joueur supprime cette am\u00e9lioration en restaurant les conditions d\u2019origine d\u2019une des mani\u00e8res autoris\u00e9es par (1) et (2) ci-dessous.<br>\u2022 Mais si le joueur am\u00e9liore les conditions affectant le coup en entreprenant n\u2019importe quelle autre action list\u00e9e dans les R\u00e8gles 8.1a(3)-(5), il ne peut pas \u00e9viter la p\u00e9nalit\u00e9 en restaurant les conditions d\u2019origine.<br><strong>(1)<\/strong> Comment restaurer les conditions am\u00e9lior\u00e9es en d\u00e9pla\u00e7ant, courbant ou cassant un \u00e9l\u00e9ment. Avant de jouer le coup, le joueur peut \u00e9viter une p\u00e9nalit\u00e9 pour infraction \u00e0 la R\u00e8gle 8.1a(1) en remettant l\u2019\u00e9l\u00e9ment autant que possible dans sa position d\u2019origine de telle sorte que l\u2019am\u00e9lioration cr\u00e9\u00e9e par l\u2019infraction soit supprim\u00e9e, par ex. :<br>\u2022 En repla\u00e7ant un \u00e9l\u00e9ment de limites (par ex. un piquet de limites) qui a \u00e9t\u00e9 enlev\u00e9 ou en remettant un \u00e9l\u00e9ment de limites dans sa position d\u2019origine apr\u00e8s que son inclinaison a \u00e9t\u00e9 modifi\u00e9e, ou<br>\u2022 En remettant une branche d\u2019arbre ou de l\u2019herbe, ou une obstruction inamovible dans leur position d\u2019origine apr\u00e8s qu\u2019elles ont \u00e9t\u00e9 d\u00e9plac\u00e9es.<br>Mais le joueur ne peut \u00e9viter la p\u00e9nalit\u00e9 :<br>\u2022 Si l\u2019am\u00e9lioration n\u2019est pas supprim\u00e9e (comme quand un \u00e9l\u00e9ment de limites ou une branche ont \u00e9t\u00e9 courb\u00e9s ou cass\u00e9s de mani\u00e8re significative de telle sorte qu\u2019ils ne peuvent \u00eatre remis dans leur position d\u2019origine), ou<br>\u2022 En utilisant autre chose que l\u2019\u00e9l\u00e9ment d\u2019origine lui-m\u00eame pour essayer de restaurer les conditions, par ex. :<br>\u00bb En utilisant un objet diff\u00e9rent ou suppl\u00e9mentaire (par ex. en pla\u00e7ant un piquet diff\u00e9rent dans un trou d\u2019o\u00f9 a \u00e9t\u00e9 enlev\u00e9 un piquet de limites<br>ou en attachant une branche d\u00e9plac\u00e9e pour la remettre en place), ou<br>\u00bb En utilisant d\u2019autres mat\u00e9riaux pour r\u00e9parer l\u2019\u00e9l\u00e9ment d\u2019origine (par ex. en utilisant de l\u2019adh\u00e9sif pour r\u00e9parer un \u00e9l\u00e9ment de limites ou une branche qui ont \u00e9t\u00e9 cass\u00e9s).<br><strong>(2)<\/strong> Comment restaurer les conditions am\u00e9lior\u00e9es par le positionnement d\u2019un \u00e9l\u00e9ment. Avant de jouer le coup, le joueur peut \u00e9viter la p\u00e9nalit\u00e9 pour infraction \u00e0 la R\u00e8gle 8.1a(2) en enlevant l\u2019\u00e9l\u00e9ment qui a \u00e9t\u00e9 positionn\u00e9.<br><strong>8.1d Restaurer les conditions d\u00e9grad\u00e9es apr\u00e8s que la balle est au repos<\/strong><br>Si les conditions affectant le coup sont d\u00e9grad\u00e9es apr\u00e8s que la balle du joueur est au repos :<br><strong>(1)<\/strong> Restauration autoris\u00e9e des conditions d\u00e9grad\u00e9es. Si les conditions affectant le coup sont d\u00e9grad\u00e9es par une autre personne que le joueur ou par un animal, le joueur peut sans p\u00e9nalit\u00e9 selon la R\u00e8gle 8.1a :<br>\u2022 Restaurer les conditions d\u2019origine au plus pr\u00e8s possible.<br>\u2022 Marquer l\u2019emplacement de la balle et la relever, la nettoyer et la replacer \u00e0 son emplacement d\u2019origine (voir R\u00e8gles 14.1 et 14.2), s\u2019il est raisonnablement n\u00e9cessaire de le faire pour restaurer les conditions d\u2019origine ou si des mat\u00e9riaux se sont d\u00e9pos\u00e9s sur la balle lors de la d\u00e9gradation des conditions.<br>\u2022 Si les conditions d\u00e9grad\u00e9es ne peuvent \u00eatre ais\u00e9ment restaur\u00e9es, relever et replacer la balle en la pla\u00e7ant \u00e0 l\u2019emplacement le plus proche (pas plus pr\u00e8s du trou) qui (1) pr\u00e9sente les conditions affectant le coup les plus similaires, (2) est situ\u00e9 \u00e0 une longueur de club maximum de l\u2019emplacement d\u2019origine, et (3) se trouve dans la m\u00eame zone du parcours que cet emplacement.<br><strong>Exception<\/strong> \u2013 Lie d\u2019une balle d\u00e9grad\u00e9 pendant ou apr\u00e8s qu\u2019une balle est relev\u00e9e ou d\u00e9plac\u00e9e et avant qu\u2019elle ne soit replac\u00e9e : ceci est trait\u00e9 par la R\u00e8gle 14.2d, \u00e0 moins que le lie ait \u00e9t\u00e9 d\u00e9grad\u00e9 pendant une interruption de jeu et que la balle ait \u00e9t\u00e9 relev\u00e9e auquel cas cette R\u00e8gle s\u2019applique.<br><strong>(2)<\/strong> Restauration non autoris\u00e9e des conditions d\u00e9grad\u00e9es. Un joueur ne doit pas am\u00e9liorer les conditions affectant le coup (sauf comme autoris\u00e9 par les R\u00e8gles 8.1c(1), 8.1c(2) et par la R\u00e8gle 13.1c) d\u00e9grad\u00e9es par :<br>\u2022 Le joueur, y compris le cadet du joueur,<br>\u2022 Une autre personne (autre qu\u2019un arbitre) entreprenant une action autoris\u00e9e par le joueur, ou<br>\u2022 Des forces naturelles telles que le vent ou l\u2019eau.<br><em><strong>Si le joueur am\u00e9liore les conditions d\u00e9grad\u00e9es alors qu\u2019il n\u2019est pas autoris\u00e9 \u00e0 le faire, le joueur encourt la p\u00e9nalit\u00e9 g\u00e9n\u00e9rale selon la R\u00e8gle 8.1a.<\/strong><\/em><br><em><strong>P\u00e9nalit\u00e9 pour avoir jou\u00e9 une balle d\u2019un mauvais endroit en infraction avec la R\u00e8gle 8.1d : p\u00e9nalit\u00e9 g\u00e9n\u00e9rale selon la R\u00e8gle 14.7a.<\/strong><\/em><br><em>Voir R\u00e8gle 22.2 (en Foursome, chaque partenaire peut agir pour le compte<br>du camp et une action du partenaire est consid\u00e9r\u00e9e comme une action du<br>joueur) ; R\u00e8gle 23.5 (en Quatre balles, chaque partenaire peut agir pour le<br>compte du camp et une action du partenaire concernant la balle ou l\u2019\u00e9quipe<br>ment du joueur est consid\u00e9r\u00e9e comme une action du joueur).<\/em><\/p>\n\n\n\n<p class=\"R-8.2a has-black-color has-background-color-background-color has-text-color has-background\" id=\"R-8.2a\"><strong>8.2 Actions d\u00e9lib\u00e9r\u00e9es du joueur pour modifier d\u2019autres conditions\u2022 physiques affectant sa propre balle au repos ou le coup \u00e0 jouer<\/strong><br><strong>8.2a Application de la R\u00e8gle 8.2<\/strong><br>Cette R\u00e8gle ne concerne que les actions d\u00e9lib\u00e9r\u00e9es d\u2019un joueur pour modifier d\u2019autres conditions physiques affectant sa balle au repos ou le coup \u00e0 jouer.<br>Cette R\u00e8gle ne s\u2019applique pas aux actions d\u2019un joueur qui :<br>\u2022 D\u00e9vie ou arr\u00eate d\u00e9lib\u00e9r\u00e9ment sa propre balle ou qui modifie d\u00e9lib\u00e9r\u00e9ment toute condition physique influant sur l\u2019endroit o\u00f9 la balle du joueur pourrait venir reposer (situations trait\u00e9es par les R\u00e8gles 11.2 et 11.3), ou<br>\u2022 Modifie les conditions affectant son coup (trait\u00e9 par la R\u00e8gle 8.1a).<br><strong>8.2b Actions interdites pour modifier d\u2019autres conditions physiques<\/strong><br>Un joueur ne doit pas d\u00e9lib\u00e9r\u00e9ment entreprendre l\u2019une quelconque des actions list\u00e9es dans la R\u00e8gle 8.1a (sauf celles permises par la R\u00e8gle 8.1b, c ou d) pour modifier toute autre condition physique influant sur :<br>\u2022 L\u2019endroit o\u00f9 la balle du joueur pourrait aller ou venir reposer apr\u00e8s son coup suivant ou un coup ult\u00e9rieur, ou<br>\u2022 L\u2019endroit o\u00f9 la balle du joueur pourrait aller ou venir reposer si elle se d\u00e9place avant que le coup ne soit jou\u00e9 (par ex. quand la balle se trouve sur une forte pente et que le joueur craint que sa balle puisse rouler dans un buisson).<br>Exception \u2013 Actions entreprises pour prendre soin du parcours : il n\u2019y a pas de p\u00e9nalit\u00e9 selon cette R\u00e8gle si le joueur modifie toute autre condition physique pour prendre soin du parcours (par ex. en aplanissant des traces de pas dans un bunker ou en remettant un divot dans un trou de divot).<br><strong><em>P\u00e9nalit\u00e9 pour infraction \u00e0 la R\u00e8gle 8.2 : p\u00e9nalit\u00e9 g\u00e9n\u00e9rale.<\/em><\/strong><br><em>Voir R\u00e8gle 22.2 (en Foursome, chaque partenaire peut agir pour le compte du camp et une action du partenaire est consid\u00e9r\u00e9e comme une action du joueur) ; R\u00e8gle 23.5 (en Quatre balles, chaque partenaire peut agir pour le compte du camp et une action du partenaire concernant la balle ou l\u2019\u00e9quipement du joueur est consid\u00e9r\u00e9e comme une action du joueur).<\/em><\/p>\n\n\n\n<p class=\"R-8.3a has-black-color has-background-color-background-color has-text-color has-background\" id=\"R-8.3a\"><strong>8.3 Actions d\u00e9lib\u00e9r\u00e9es du joueur pour modifier des conditions physiques affectant la balle au repos ou le coup \u00e0 jouer d\u2019un autre joueur<\/strong><br><strong>8.3a Application de la R\u00e8gle 8.3<\/strong><br>Cette R\u00e8gle ne concerne que les actions d\u00e9lib\u00e9r\u00e9es d\u2019un joueur pour modifier des conditions physiques affectant la balle au repos d\u2019un autre joueur ou le coup \u00e0 jouer par cet autre joueur.<br>Elle ne s\u2019applique pas aux actions d\u2019un joueur qui d\u00e9vie ou arr\u00eate d\u00e9lib\u00e9r\u00e9ment la balle en mouvement d\u2019un autre joueur ou qui modifie d\u00e9lib\u00e9r\u00e9ment toute condition physique influant sur l\u2019endroit o\u00f9 la balle pourrait venir reposer (situations trait\u00e9es par les R\u00e8gles 11.2 et 11.3).<br><strong>8.3b Actions interdites pour modifier d\u2019autres conditions physiques<\/strong><br>Un joueur ne doit pas d\u00e9lib\u00e9r\u00e9ment entreprendre l\u2019une quelconque des actions list\u00e9es dans la R\u00e8gle 8.1a (sauf celles permises par les R\u00e8gles 8.1b, c ou d) pour :<br>\u2022 Am\u00e9liorer ou d\u00e9grader les conditions affectant le coup d\u2019un autre joueur, ou<br>\u2022 Modifier toute autre condition physique influant sur :<br>\u00bb L\u2019endroit o\u00f9 la balle d\u2019un autre joueur pourrait aller ou venir reposer apr\u00e8s le coup suivant ou un coup ult\u00e9rieur du joueur, ou<br>\u00bb L\u2019endroit o\u00f9 la balle au repos d\u2019un autre joueur pourrait aller ou venir reposer si elle se d\u00e9place avant que le coup ne soit jou\u00e9.<br><strong>Exception<\/strong> \u2013 Actions entreprises pour prendre soin du parcours : il n\u2019y a pas de p\u00e9nalit\u00e9 selon cette R\u00e8gle si le joueur modifie toute autre condition physique pour prendre soin du parcours (par ex. en aplanissant des traces de pas dans un bunker ou en remettant un divot dans un trou de divot).<br><strong><em>P\u00e9nalit\u00e9 pour infraction \u00e0 la R\u00e8gle 8.3 : p\u00e9nalit\u00e9 g\u00e9n\u00e9rale.<\/em><\/strong><br><em>Voir R\u00e8gle 22.2 (en Foursome, chaque partenaire peut agir pour le compte du camp et une action du partenaire est consid\u00e9r\u00e9e comme une action du joueur) ; R\u00e8gle 23.5 (en Quatre balles, chaque partenaire peut agir pour le compte du camp et une action du partenaire concernant la balle ou l\u2019\u00e9quipement du joueur est consid\u00e9r\u00e9e comme une action du joueur).<\/em><br><\/p>\n","protected":false},"excerpt":{"rendered":"<p>Clarifications Objet de la R\u00e8gle :La R\u00e8gle 8 traite d\u2019un principe fondamental du jeu : \u00ab jouer le parcours comme vous le trouvez \u00bb. Quand la balle du joueur est au repos, celui-ci doit normalement accepter les conditions affectant le coup suivant et ne pas les am\u00e9liorer avant de jouer [&hellip;]<\/p>\n","protected":false},"author":8,"featured_media":9462,"parent":0,"menu_order":0,"comment_status":"closed","ping_status":"closed","template":"","meta":{"footnotes":""},"class_list":["post-9400","page","type-page","status-publish","has-post-thumbnail","hentry"],"_links":{"self":[{"href":"https:\/\/asgolfdepessac.com\/index.php\/wp-json\/wp\/v2\/pages\/9400","targetHints":{"allow":["GET"]}}],"collection":[{"href":"https:\/\/asgolfdepessac.com\/index.php\/wp-json\/wp\/v2\/pages"}],"about":[{"href":"https:\/\/asgolfdepessac.com\/index.php\/wp-json\/wp\/v2\/types\/page"}],"author":[{"embeddable":true,"href":"https:\/\/asgolfdepessac.com\/index.php\/wp-json\/wp\/v2\/users\/8"}],"replies":[{"embeddable":true,"href":"https:\/\/asgolfdepessac.com\/index.php\/wp-json\/wp\/v2\/comments?post=9400"}],"version-history":[{"count":0,"href":"https:\/\/asgolfdepessac.com\/index.php\/wp-json\/wp\/v2\/pages\/9400\/revisions"}],"wp:featuredmedia":[{"embeddable":true,"href":"https:\/\/asgolfdepessac.com\/index.php\/wp-json\/wp\/v2\/media\/9462"}],"wp:attachment":[{"href":"https:\/\/asgolfdepessac.com\/index.php\/wp-json\/wp\/v2\/media?parent=9400"}],"curies":[{"name":"wp","href":"https:\/\/api.w.org\/{rel}","templated":true}]}}