{"id":9480,"date":"2025-01-24T06:47:17","date_gmt":"2025-01-24T05:47:17","guid":{"rendered":"https:\/\/asgolfdepessac.com\/?page_id=9480"},"modified":"2025-02-09T08:10:13","modified_gmt":"2025-02-09T07:10:13","slug":"regle-n9","status":"publish","type":"page","link":"https:\/\/asgolfdepessac.com\/index.php\/regle-n9\/","title":{"rendered":"R\u00e8gle n\u00b09 &#8211; Jouer la balle comme elle repose"},"content":{"rendered":"\n<p class=\"has-text-align-center has-black-color has-background-color-background-color has-text-color has-background has-link-color has-medium-font-size wp-elements-d2fa88b62f199a7698debcff1732ef79\"><strong><a href=\"https:\/\/asgolfdepessac.com\/index.php\/clarification-de-la-regle-9\/\">Clarifications<\/a><\/strong><\/p>\n\n\n\n<p class=\"has-black-color has-background-color-background-color has-text-color has-background has-link-color wp-elements-2e382a42511cdd8aece4945f6f4a59c4\"><strong>Objet de la R\u00e8gle :<\/strong><br>La R\u00e8gle 9 traite d\u2019un principe fondamental du jeu : \u00ab jouer la balle comme elle repose \u00bb.<br>\u2022 Si la balle d\u2019un joueur est au repos et qu\u2019ensuite elle est d\u00e9plac\u00e9e par des forces naturelles telles que le vent ou l\u2019eau, le joueur doit normalement jouer la balle de son nouvel emplacement.<br>\u2022 Si une balle au repos est relev\u00e9e ou d\u00e9plac\u00e9e par toute personne ou toute influence ext\u00e9rieure avant que le coup ne soit jou\u00e9, la balle doit \u00eatre replac\u00e9e \u00e0 son emplacement d\u2019origine.<br>\u2022 Les joueurs devraient faire attention lorsqu\u2019ils sont pr\u00e8s d\u2019une balle au repos, et un joueur qui cause le d\u00e9placement de sa propre balle ou de celle d\u2019un adversaire encourra normalement une p\u00e9nalit\u00e9 (sauf sur le green).<br>Balle jou\u00e9e comme elle repose ; balle au repos relev\u00e9e ou d\u00e9plac\u00e9e<br>La R\u00e8gle 9 s\u2019applique \u00e0 une balle en jeu au repos sur le parcours, \u00e0 la fois pendant un tour et pendant que le jeu est interrompu selon la R\u00e8gle 5.7a.<\/p>\n\n\n\n<p class=\"has-black-color has-background-color-background-color has-text-color has-background has-link-color wp-elements-177ef9bad580ab1a2c4f90f7c22be09a\"><strong>9.1 Balle jou\u00e9e comme elle repose<\/strong><br><strong>9.1a Jouer la balle o\u00f9 elle repose<\/strong><br>Sur le parcours une balle au repos d\u2019un joueur doit \u00eatre jou\u00e9e comme elle repose, sauf lorsque les R\u00e8gles exigent du joueur ou lui permettent de :<br>\u2022 Jouer une balle d\u2019un autre endroit sur le parcours, ou<br>\u2022 Relever une balle, puis la replacer \u00e0 son emplacement d\u2019origine.<br><strong>9.1b Balle se d\u00e9pla\u00e7ant pendant le backswing ou le coup<\/strong><br>Si une balle au repos d\u2019un joueur commence \u00e0 se d\u00e9placer apr\u00e8s que le joueur a commenc\u00e9 le coup, ou le backswing pour le coup, et que le joueur continue \u00e0 jouer le coup :<br>\u2022 La balle ne doit pas \u00eatre replac\u00e9e, quelle que soit la cause de son d\u00e9placement.<br>\u2022 Au lieu de cela, le joueur doit jouer la balle de l\u2019emplacement o\u00f9 elle repose apr\u00e8s le coup.<br>\u2022 Si le joueur a caus\u00e9 le d\u00e9placement de la balle, voir la R\u00e8gle 9.4b pour savoir s\u2019il y a une p\u00e9nalit\u00e9.<br><strong><em>P\u00e9nalit\u00e9 pour avoir jou\u00e9 une balle d\u2019un mauvais endroit en infraction avec la R\u00e8gle 9.1 : p\u00e9nalit\u00e9 g\u00e9n\u00e9rale selon la R\u00e8gle 14.7a.<\/em><\/strong><\/p>\n\n\n\n<p class=\"has-black-color has-background-color-background-color has-text-color has-background has-link-color wp-elements-d2ebb014c69fb910111472cabec342e3\"><strong>9.2 D\u00e9terminer si une balle s\u2019est d\u00e9plac\u00e9e et quelle est la cause du d\u00e9placement<\/strong><br><strong>9.2a D\u00e9terminer si une balle s\u2019est d\u00e9plac\u00e9e<\/strong><br>Une balle au repos d\u2019un joueur est consid\u00e9r\u00e9e comme s\u2019\u00e9tant d\u00e9plac\u00e9e seulement si l\u2019on est s\u00fbr ou quasiment certain qu\u2019elle l\u2019a fait.<br>Si la balle s\u2019est peut-\u00eatre d\u00e9plac\u00e9e, mais que ce n\u2019est pas s\u00fbr ou quasiment certain, elle est consid\u00e9r\u00e9e comme ne s\u2019\u00e9tant pas d\u00e9plac\u00e9e et doit \u00eatre jou\u00e9e comme elle repose.<br><strong>9.2b D\u00e9terminer la cause du d\u00e9placement<\/strong><br>Lorsqu\u2019une balle au repos d\u2019un joueur s\u2019est d\u00e9plac\u00e9e :<br>\u2022 Il faut d\u00e9terminer la cause de son d\u00e9placement.<br>\u2022 Selon la cause, le joueur devra replacer la balle ou la jouer comme elle repose, et il y aura ou non une p\u00e9nalit\u00e9.<br>(1) Quatre causes possibles. Les R\u00e8gles ne reconnaissent que quatre causes possibles de d\u00e9placement lorsqu\u2019une balle au repos se d\u00e9place avant que le joueur ne joue un coup :<br>\u2022 Les forces naturelles, telles que le vent ou l\u2019eau (voir R\u00e8gle 9.3),<br>\u2022 Les actions du joueur, y compris les actions du cadet du joueur (voir R\u00e8gle 9.4),<br>\u2022 Les actions de l\u2019adversaire en match play, y compris les actions du cadet de l\u2019adversaire (voir R\u00e8gle 9.5), ou<br>\u2022 Une influence ext\u00e9rieure, y compris tout autre joueur en stroke play (voir R\u00e8gle 9.6).<br><em>Voir R\u00e8gle 22.2 (en Foursome, chaque partenaire peut agir pour le compte du camp et une action du partenaire est consid\u00e9r\u00e9e comme une action du joueur) ; R\u00e8gle 23.5 (en Quatre balles, chaque partenaire peut agir pour le compte du camp et une action du partenaire concernant la balle ou l\u2019\u00e9quipement du joueur est consid\u00e9r\u00e9e comme une action du joueur).<\/em><br>(2) Norme d\u2019application de \u00ab S\u00fbr ou quasiment certain \u00bb pour d\u00e9terminer la cause du d\u00e9placement.<br>\u2022 Le joueur, l\u2019adversaire ou une influence ext\u00e9rieure seront consid\u00e9r\u00e9s avoir caus\u00e9 le d\u00e9placement seulement si l\u2019on est s\u00fbr ou quasiment certain qu\u2019ils en sont la cause.<br>\u2022 Si l\u2019on n\u2019est pas s\u00fbr ou quasiment certain qu\u2019au moins l\u2019une de ces causes soit \u00e0 l\u2019origine du d\u00e9placement, la balle est consid\u00e9r\u00e9e avoir \u00e9t\u00e9 d\u00e9plac\u00e9e par des forces naturelles.<br>Lors de l\u2019application de cette norme, toutes les informations raisonnable ment disponibles doivent \u00eatre prises en compte, ce qui signifie toutes les informations que le joueur conna\u00eet ou peut obtenir sans trop d\u2019effort et sans d\u00e9lai excessif.<\/p>\n\n\n\n<p class=\"has-black-color has-background-color-background-color has-text-color has-background has-link-color wp-elements-baa4aa37ca0cba03ea88464d5549f41f\"><strong>9.3 Balle d\u00e9plac\u00e9e par des forces naturelles<\/strong><br>Si des forces naturelles (par ex. le vent ou l\u2019eau) causent le d\u00e9placement d\u2019une balle au repos d\u2019un joueur :<br>\u2022 Il n\u2019y a pas de p\u00e9nalit\u00e9, et<br>\u2022 La balle doit \u00eatre jou\u00e9e de son nouvel emplacement.<br>Exception 1 \u2013 Une balle sur le green doit \u00eatre replac\u00e9e si elle se d\u00e9place apr\u00e8s avoir d\u00e9j\u00e0 \u00e9t\u00e9 relev\u00e9e et replac\u00e9e (voir R\u00e8gle 13.1d) : sur le green, si la balle d\u2019un joueur se d\u00e9place apr\u00e8s que le joueur l\u2019a d\u00e9j\u00e0 relev\u00e9e et replac\u00e9e \u00e0 l\u2019emplacement d\u2019o\u00f9 elle s\u2019est d\u00e9plac\u00e9e :<br>\u2022 La balle doit \u00eatre replac\u00e9e \u00e0 son emplacement d\u2019origine (qui, s\u2019il n\u2019est pas connu doit \u00eatre estim\u00e9) (voir R\u00e8gle 14.2).<br>\u2022 Ceci est valable, quelle que soit la cause de son d\u00e9placement (y compris par des forces naturelles).<br>Exception 2 \u2013 Une balle au repos doit \u00eatre replac\u00e9e si elle se d\u00e9place vers une autre zone du parcours ou hors limites apr\u00e8s avoir \u00e9t\u00e9 dropp\u00e9e, plac\u00e9e ou replac\u00e9e : si le joueur met en jeu la balle d\u2019origine ou une autre balle en la droppant, la pla\u00e7ant ou la repla\u00e7ant, et que des forces naturelles font que la<br>balle au repos se d\u00e9place et vient reposer dans une autre zone du parcours ou hors limites, la balle doit \u00eatre replac\u00e9e \u00e0 son emplacement d\u2019origine (qui s\u2019il n\u2019est pas connu doit \u00eatre estim\u00e9) (voir R\u00e8gle 14.2). Mais pour une balle sur le green qui a \u00e9t\u00e9 replac\u00e9e, voir Exception 1.<br><strong><em>P\u00e9nalit\u00e9 pour avoir jou\u00e9 une balle d\u2019un mauvais endroit en infraction avec la R\u00e8gle 9.3 : p\u00e9nalit\u00e9 g\u00e9n\u00e9rale selon la R\u00e8gle 14.7a.<\/em><\/strong><\/p>\n\n\n\n<p class=\"has-black-color has-background-color-background-color has-text-color has-background has-link-color wp-elements-4b974e4a7d8a1e36c2be298248d943aa\"><strong>9.4 Balle relev\u00e9e ou d\u00e9plac\u00e9e par le joueur<\/strong><br>Cette R\u00e8gle s\u2019applique uniquement quand on est s\u00fbr ou quasiment certain que le joueur (y compris son cadet) a relev\u00e9 sa balle au repos ou que les actions du joueur ou de son cadet ont caus\u00e9 son d\u00e9placement.<br><strong>9.4a Situations o\u00f9 une balle relev\u00e9e ou d\u00e9plac\u00e9e doit \u00eatre replac\u00e9e<\/strong><br>Si le joueur rel\u00e8ve sa balle au repos ou cause son d\u00e9placement, la balle doit \u00eatre replac\u00e9e \u00e0 son emplacement d\u2019origine (qui, s\u2019il n\u2019est pas connu, doit \u00eatre estim\u00e9) (voir R\u00e8gle 14.2), sauf :<br>\u2022 Lorsque le joueur rel\u00e8ve la balle selon une R\u00e8gle pour se d\u00e9gager ou pour la replacer \u00e0 un emplacement diff\u00e9rent (voir R\u00e8gles 14.2d et 14.2e), ou<br>\u2022 Lorsque la balle se d\u00e9place seulement apr\u00e8s que le joueur a commenc\u00e9 le coup ou le backswing pour un coup et qu\u2019ensuite il continue \u00e0 jouer le coup (voir R\u00e8gle 9.1b).<br><strong>9.4b P\u00e9nalit\u00e9 pour relever ou toucher d\u00e9lib\u00e9r\u00e9ment une balle ou causer son d\u00e9placement<\/strong><br>Si le joueur rel\u00e8ve ou touche d\u00e9lib\u00e9r\u00e9ment sa balle au repos ou cause son d\u00e9placement, il encourt un coup de p\u00e9nalit\u00e9.<br>Mais il y a cinq exceptions :<br><strong>Exception 1<\/strong> \u2013 Joueur autoris\u00e9 \u00e0 relever ou d\u00e9placer sa balle : il n\u2019y a pas de p\u00e9nalit\u00e9 lorsque le joueur rel\u00e8ve sa balle ou cause son d\u00e9placement selon une R\u00e8gle qui :<br>\u2022 Autorise la balle \u00e0 \u00eatre relev\u00e9e et ensuite replac\u00e9e \u00e0 son emplacement d\u2019origine,<br>\u2022 Exige qu\u2019une balle d\u00e9plac\u00e9e soit replac\u00e9e \u00e0 son emplacement d\u2019origine, ou<br>\u2022 Exige ou permet que le joueur droppe ou place une balle \u00e0 nouveau ou qu\u2019il joue une balle d\u2019un autre endroit.<br><strong>Exception 2<\/strong> \u2013 D\u00e9placement accidentel en essayant de trouver ou d\u2019identifier la balle : il n\u2019y a pas de p\u00e9nalit\u00e9 lorsque le joueur cause accidentellement le d\u00e9placement de la balle en essayant de la trouver ou de l\u2019identifier (voir R\u00e8gle 7.4).<br><strong>Exception 3<\/strong> \u2013 D\u00e9placement accidentel sur le green : il n\u2019y a pas de p\u00e9nalit\u00e9 lorsque le joueur cause accidentellement le d\u00e9placement de la balle sur le green (voir R\u00e8gle 13.1d), peu importe comment cela se produit.<br><strong>Exception 4<\/strong> \u2013 D\u00e9placement accidentel n\u2019importe o\u00f9 ailleurs que sur le green lors de l\u2019application d\u2019une R\u00e8gle : il n\u2019y a pas de p\u00e9nalit\u00e9 lorsque le joueur cause accidentellement le d\u00e9placement de la balle n\u2019importe o\u00f9 ailleurs que sur le green en entreprenant des actions raisonnables pour :<br>\u2022 Marquer l\u2019emplacement de la balle, relever ou replacer la balle, lorsqu\u2019il est autoris\u00e9 \u00e0 le faire (voir les R\u00e8gles 14.1 et 14.2),<br>\u2022 Enlever une obstruction amovible (voir R\u00e8gle 15.2),<br>\u2022 Restaurer des conditions d\u00e9grad\u00e9es, lorsqu\u2019il est autoris\u00e9 \u00e0 le faire (voir R\u00e8gle 8.1d),<br>\u2022 Se d\u00e9gager selon une R\u00e8gle, y compris pour d\u00e9terminer si le d\u00e9gagement est autoris\u00e9 selon une R\u00e8gle (par ex. en effectuant un swing avec un club pour voir s\u2019il y a une interf\u00e9rence avec une condition), ou pour trouver o\u00f9 prendre un d\u00e9gagement (par ex. en d\u00e9terminant le point le plus proche de<br>d\u00e9gagement complet), ou<br>\u2022 Mesurer selon une R\u00e8gle (par ex. pour d\u00e9terminer l\u2019ordre de jeu selon la R\u00e8gle 6.4).<br><strong>Exception 5<\/strong> \u2013 D\u00e9placement de la balle apr\u00e8s qu\u2019elle est venue reposer contre un joueur ou un \u00e9quipement : il n\u2019y a pas de p\u00e9nalit\u00e9 si, apr\u00e8s que la balle du joueur est venue reposer contre le joueur ou son \u00e9quipement \u00e0 la suite d\u2019un coup (voir R\u00e8gle 11.1) ou apr\u00e8s avoir dropp\u00e9 la balle (R\u00e8gle 14.3c(1)), le joueur provoque le d\u00e9placement de la balle en se retirant ou en enlevant son \u00e9quipement.<br><strong><em>P\u00e9nalit\u00e9 pour avoir jou\u00e9 une balle d\u2019un mauvais endroit en infraction avec la R\u00e8gle 9.4 : p\u00e9nalit\u00e9 g\u00e9n\u00e9rale selon la R\u00e8gle 14.7a.<\/em><\/strong><br>S\u2019il est exig\u00e9 du joueur de replacer une balle d\u00e9plac\u00e9e selon la R\u00e8gle 9.4 mais qu\u2019il ne le fait pas et joue d\u2019un mauvais endroit, il encourt uniquement la p\u00e9nalit\u00e9 g\u00e9n\u00e9rale selon la R\u00e8gle 14.7a (voir Exception de la R\u00e8gle 1.3c(4)).<\/p>\n\n\n\n<p class=\"has-black-color has-background-color-background-color has-text-color has-background has-link-color wp-elements-4a9c0101345d74c5a21f28cf86f55247\"><strong>9.5 Balle relev\u00e9e ou d\u00e9plac\u00e9e par un adversaire en match play<\/strong><br>Cette R\u00e8gle s\u2019applique uniquement quand on est s\u00fbr ou quasiment certain que l\u2019adversaire (y compris son cadet) a relev\u00e9 la balle au repos du joueur ou que leurs actions ont caus\u00e9 son d\u00e9placement.<br>Le cas d\u2019un adversaire jouant la balle du joueur en tant que mauvaise balle est couvert par la R\u00e8gle 6.3c(1) et non par cette R\u00e8gle.<br><strong>9.5a Situations o\u00f9 une balle relev\u00e9e ou d\u00e9plac\u00e9e doit \u00eatre replac\u00e9e<\/strong><br>Si l\u2019adversaire rel\u00e8ve ou d\u00e9place la balle au repos d\u2019un joueur, la balle doit \u00eatre replac\u00e9e \u00e0 son emplacement d\u2019origine (qui, s\u2019il n\u2019est pas connu, doit \u00eatre estim\u00e9) (voir R\u00e8gle 14.2), sauf :<br>\u2022 Lorsque l\u2019adversaire conc\u00e8de le coup suivant, un trou ou le match (voir R\u00e8gle 3.2b), ou<br>\u2022 Lorsque l\u2019adversaire rel\u00e8ve ou d\u00e9place la balle du joueur \u00e0 la demande de ce dernier parce que le joueur a l\u2019intention d\u2019appliquer une R\u00e8gle pour se d\u00e9gager ou pour replacer la balle \u00e0 un emplacement diff\u00e9rent.<br><strong>9.5b P\u00e9nalit\u00e9 pour relever ou toucher d\u00e9lib\u00e9r\u00e9ment une balle ou causer son d\u00e9placement<\/strong><br>Si l\u2019adversaire rel\u00e8ve ou touche d\u00e9lib\u00e9r\u00e9ment la balle au repos du joueur ou cause son d\u00e9placement, l\u2019adversaire encourt un coup de p\u00e9nalit\u00e9.<br>Mais il y a plusieurs exceptions :<br><strong>Exception 1<\/strong> \u2013 Adversaire autoris\u00e9 \u00e0 relever la balle du joueur : il n\u2019y a pas de p\u00e9nalit\u00e9 lorsque l\u2019adversaire rel\u00e8ve la balle :<br>\u2022 En conc\u00e9dant au joueur un coup, un trou ou le match, ou<br>\u2022 \u00c0 la demande du joueur.<br><strong>Exception 2<\/strong> \u2013 Marquer et relever la balle du joueur sur le green par erreur : il n\u2019y a pas de p\u00e9nalit\u00e9 lorsque l\u2019adversaire marque l\u2019emplacement de la balle du joueur et la rel\u00e8ve sur le green pensant par erreur que c\u2019est sa propre balle.<br><strong>Exception 3<\/strong> \u2013 M\u00eames exceptions que pour le joueur : il n\u2019y a pas de p\u00e9nalit\u00e9 lorsque l\u2019adversaire cause accidentellement le d\u00e9placement de la balle en entreprenant l\u2019une quelconque des actions trait\u00e9es dans les Exceptions 2, 3, 4 ou 5 de la R\u00e8gle 9.4b.<br><strong><em>P\u00e9nalit\u00e9 pour avoir jou\u00e9 une balle d\u2019un mauvais endroit en infraction avec la R\u00e8gle 9.5 : p\u00e9nalit\u00e9 g\u00e9n\u00e9rale selon la R\u00e8gle 14.7a.<\/em><\/strong><\/p>\n\n\n\n<p class=\"has-black-color has-background-color-background-color has-text-color has-background has-link-color wp-elements-f93a06c5097deeabdd2c7182a28a2be5\"><strong>9.6 Balle relev\u00e9e ou d\u00e9plac\u00e9e par une influence ext\u00e9rieure<\/strong><br>Si l\u2019on est s\u00fbr ou quasiment certain qu\u2019une influence ext\u00e9rieure (y compris un autre joueur en stroke play ou une autre balle) a relev\u00e9 ou d\u00e9plac\u00e9 la balle au repos d\u2019un joueur :<br>\u2022 Il n\u2019y a pas de p\u00e9nalit\u00e9, et<br>\u2022 La balle doit \u00eatre replac\u00e9e \u00e0 son emplacement d\u2019origine (qui, s\u2019il n\u2019est pas connu, doit \u00eatre estim\u00e9) (voir R\u00e8gle 14.2).<br>Ceci s\u2019applique que la balle du joueur ait \u00e9t\u00e9 trouv\u00e9e ou non.<br>Mais si l\u2019on n\u2019est pas s\u00fbr ou quasiment certain que la balle a \u00e9t\u00e9 relev\u00e9e ou d\u00e9plac\u00e9e par une influence ext\u00e9rieure et que la balle est perdue, le joueur doit prendre un d\u00e9gagement coup et distance en application de la R\u00e8gle 18.2.<br>Le cas de la balle du joueur jou\u00e9e en tant que mauvaise balle par un autre joueur est couvert par la R\u00e8gle 6.3c(2) et non par cette R\u00e8gle.<br>P\u00e9nalit\u00e9 pour avoir jou\u00e9 une balle d\u2019un mauvais endroit en infraction avec la R\u00e8gle 9.6 : p\u00e9nalit\u00e9 g\u00e9n\u00e9rale selon la R\u00e8gle 14.7a.<\/p>\n\n\n\n<p class=\"has-black-color has-background-color-background-color has-text-color has-background has-link-color wp-elements-478068a7b175f39cdd045d8ad4b0b547\"><strong>9.7 Marque-balle relev\u00e9 ou d\u00e9plac\u00e9<\/strong><br>Cette R\u00e8gle traite de ce qu\u2019il faut faire si un marque-balle, qui marque l\u2019emplacement d\u2019une balle relev\u00e9e, est relev\u00e9 ou d\u00e9plac\u00e9 avant que la balle ne soit replac\u00e9e.<br><strong>9.7a La balle ou le marque-balle doit \u00eatre replac\u00e9<\/strong><br>Si l\u2019on est s\u00fbr ou quasiment certain que le marque-balle d\u2019un joueur est relev\u00e9 ou d\u00e9plac\u00e9 d\u2019une mani\u00e8re quelconque (y compris par des forces naturelles) avant que la balle ne soit replac\u00e9e, le joueur doit :<br>\u2022 Ou bien replacer la balle \u00e0 son emplacement d\u2019origine (qui, s\u2019il n\u2019est pas connu, doit \u00eatre estim\u00e9) (voir R\u00e8gle 14.2),<br>\u2022 Ou alors placer un marque-balle pour marquer l\u2019emplacement d\u2019origine.<br><strong>9.7b P\u00e9nalit\u00e9 pour relever un marque-balle ou causer son d\u00e9placement<\/strong><br>Si le joueur ou son adversaire en match play rel\u00e8ve le marque-balle du joueur ou cause son d\u00e9placement (lorsque la balle est relev\u00e9e et pas encore replac\u00e9e), le joueur ou l\u2019adversaire encourt un coup de p\u00e9nalit\u00e9.<br><strong>Exception<\/strong> \u2013 Les Exceptions des R\u00e8gles 9.4b et 9.5b s\u2019appliquent lorsqu\u2019un marque-balle a \u00e9t\u00e9 relev\u00e9 ou d\u00e9plac\u00e9 ou que l\u2019on a caus\u00e9 son d\u00e9placement : dans tous les cas o\u00f9 le joueur ou l\u2019adversaire n\u2019encourent pas de p\u00e9nalit\u00e9 pour avoir relev\u00e9 ou d\u00e9plac\u00e9 accidentellement la balle du joueur, il n\u2019y a pas de p\u00e9nalit\u00e9 non plus pour avoir relev\u00e9 ou d\u00e9plac\u00e9 accidentellement le marque-balle du joueur.<br><strong><em>P\u00e9nalit\u00e9 pour avoir jou\u00e9 une balle d\u2019un mauvais endroit en infraction avec la R\u00e8gle 9.7 : p\u00e9nalit\u00e9 g\u00e9n\u00e9rale selon la R\u00e8gle 14.7a.<\/em><\/strong><\/p>\n\n\n\n<p class=\"has-header-text-color-color has-text-color\"><\/p>\n","protected":false},"excerpt":{"rendered":"<p>Clarifications Objet de la R\u00e8gle :La R\u00e8gle 9 traite d\u2019un principe fondamental du jeu : \u00ab jouer la balle comme elle repose \u00bb.\u2022 Si la balle d\u2019un joueur est au repos et qu\u2019ensuite elle est d\u00e9plac\u00e9e par des forces naturelles telles que le vent ou l\u2019eau, le joueur doit normalement [&hellip;]<\/p>\n","protected":false},"author":8,"featured_media":9462,"parent":0,"menu_order":0,"comment_status":"closed","ping_status":"closed","template":"","meta":{"footnotes":""},"class_list":["post-9480","page","type-page","status-publish","has-post-thumbnail","hentry"],"_links":{"self":[{"href":"https:\/\/asgolfdepessac.com\/index.php\/wp-json\/wp\/v2\/pages\/9480","targetHints":{"allow":["GET"]}}],"collection":[{"href":"https:\/\/asgolfdepessac.com\/index.php\/wp-json\/wp\/v2\/pages"}],"about":[{"href":"https:\/\/asgolfdepessac.com\/index.php\/wp-json\/wp\/v2\/types\/page"}],"author":[{"embeddable":true,"href":"https:\/\/asgolfdepessac.com\/index.php\/wp-json\/wp\/v2\/users\/8"}],"replies":[{"embeddable":true,"href":"https:\/\/asgolfdepessac.com\/index.php\/wp-json\/wp\/v2\/comments?post=9480"}],"version-history":[{"count":0,"href":"https:\/\/asgolfdepessac.com\/index.php\/wp-json\/wp\/v2\/pages\/9480\/revisions"}],"wp:featuredmedia":[{"embeddable":true,"href":"https:\/\/asgolfdepessac.com\/index.php\/wp-json\/wp\/v2\/media\/9462"}],"wp:attachment":[{"href":"https:\/\/asgolfdepessac.com\/index.php\/wp-json\/wp\/v2\/media?parent=9480"}],"curies":[{"name":"wp","href":"https:\/\/api.w.org\/{rel}","templated":true}]}}