{"id":9518,"date":"2025-01-25T17:53:48","date_gmt":"2025-01-25T16:53:48","guid":{"rendered":"https:\/\/asgolfdepessac.com\/?page_id=9518"},"modified":"2025-05-28T22:31:03","modified_gmt":"2025-05-28T20:31:03","slug":"regle-n5-jouer-un-tour","status":"publish","type":"page","link":"https:\/\/asgolfdepessac.com\/index.php\/regle-n5-jouer-un-tour\/","title":{"rendered":"R\u00e8gle n\u00b05 &#8211; Jouer un tour"},"content":{"rendered":"\n<p class=\"has-text-align-center has-black-color has-background-color-background-color has-text-color has-background has-link-color has-medium-font-size wp-elements-6e57f39ca439bbf13b5d81f19ef6ef99\"><a href=\"https:\/\/asgolfdepessac.com\/index.php\/clarification-de-la-regle-5\/\"><strong>Clarifications<\/strong><\/a><\/p>\n\n\n\n<p class=\"has-black-color has-background-color-background-color has-text-color has-background\">Objet de la R\u00e8gle :<br>La R\u00e8gle 5 traite de la fa\u00e7on de jouer un tour \u2014 par ex. quand et o\u00f9 un joueur peut s\u2019entra\u00eener sur le parcours avant ou pendant un tour, quand un tour commence et finit et ce qui arrive quand le jeu doit \u00eatre interrompu ou repris. Les joueurs sont cens\u00e9s :<br>\u2022 Commencer chaque tour \u00e0 l\u2019heure, et<br>\u2022 Jouer de mani\u00e8re continue et \u00e0 une cadence rapide pendant chaque trou jusqu\u2019\u00e0 ce que le tour soit termin\u00e9.<br>Quand c\u2019est au tour d\u2019un joueur de jouer, il est recommand\u00e9 qu\u2019il joue le coup en 40 secondes maximum, et g\u00e9n\u00e9ralement plus rapidement que cela.<br><strong>5.1 D\u00e9finition d\u2019un tour<\/strong><br>Un \u00ab tour \u00bb comprend 18 trous ou moins jou\u00e9s dans un ordre d\u00e9fini par le Comit\u00e9.<br>Quand un tour finit sur une \u00e9galit\u00e9 et que le jeu continue jusqu\u2019\u00e0 ce qu\u2019il y ait un vainqueur :<br>\u2022 Match partag\u00e9 prolong\u00e9 trou par trou. C\u2019est la continuation du m\u00eame tour, pas un nouveau tour.<br>\u2022 Play-off en stroke play. C\u2019est un nouveau tour.<br>Un joueur joue son tour quand il commence jusqu\u2019\u00e0 ce qu\u2019il finisse (voir R\u00e8gle 5.3), sauf quand le jeu est interrompu selon la R\u00e8gle 5.7a.<br>Quand une R\u00e8gle fait r\u00e9f\u00e9rence aux actions entreprises \u00ab pendant un tour \u00bb, ceci n\u2019inclut pas la p\u00e9riode o\u00f9 le jeu est interrompu selon la R\u00e8gle 5.7a \u00e0 moins que la R\u00e8gle ne dise le contraire.<\/p>\n\n\n\n<p class=\"has-black-color has-background-color-background-color has-text-color has-background\"><strong>5.2 Entra\u00eenement sur le parcours avant ou entre des tours<\/strong><br>Pour l\u2019application de cette R\u00e8gle :<br>\u2022 \u00ab Entra\u00eenement sur le parcours \u00bb signifie jouer une balle, ou tester la surface du green de n\u2019importe quel trou en faisant rouler une balle ou en frottant la surface, et<br>\u2022 Les restrictions \u00e0 s\u2019entra\u00eener sur le parcours avant ou entre des tours s\u2019appliquent uniquement au joueur, pas \u00e0 son cadet.<br><strong>5.2a Match play<\/strong><br>Un joueur peut s\u2019entra\u00eener sur le parcours avant un tour ou entre des tours d\u2019une comp\u00e9tition en match play.<br><strong>5.2b Stroke play<\/strong><br>Le jour d\u2019une comp\u00e9tition en stroke play :<br>\u2022 Un joueur ne doit pas s\u2019entra\u00eener sur le parcours avant un tour, sauf que le joueur peut :<br>\u00bb S\u2019entra\u00eener au putting ou aux petites approches sur ou pr\u00e8s de sa premi\u00e8re zone de d\u00e9part.<br>\u00bb S\u2019entra\u00eener sur n\u2019importe quelle zone d\u2019entra\u00eenement.<br>\u00bb S\u2019entra\u00eener sur ou pr\u00e8s du green du dernier trou jou\u00e9 m\u00eame s\u2019il jouera ce trou \u00e0 nouveau le m\u00eame jour (voir R\u00e8gle 5.5b).<br>\u2022 Un joueur peut s\u2019entra\u00eener sur le parcours apr\u00e8s avoir fini son dernier tour de la journ\u00e9e.<br>Si un joueur joue un coup en infraction avec cette R\u00e8gle, il encourt la p\u00e9nalit\u00e9 g\u00e9n\u00e9rale appliqu\u00e9e \u00e0 son premier trou. <strong><em>S\u2019il joue un coup suppl\u00e9mentaire en infraction avec cette R\u00e8gle, il est disqualifi\u00e9<\/em><\/strong>.<br><em>Voir Proc\u00e9dures pour le Comit\u00e9, Section 8 ; R\u00e8gle locale type I-1 (dans l\u2019une ou l\u2019autre forme de jeu, le Comit\u00e9 peut adopter une R\u00e8gle locale interdisant, restreignant ou autorisant l\u2019entra\u00eenement sur le parcours avant ou entre des tours).<\/em><\/p>\n\n\n\n<p class=\"has-black-color has-background-color-background-color has-text-color has-background\"><strong>5.3 Commencement et fin d\u2019un tour<\/strong><br><strong>5.3a Commencement d\u2019un tour<\/strong><br>Le tour pour un joueur commence quand il a jou\u00e9 un coup pour d\u00e9marrer son premier trou (voir R\u00e8gle 6.1a).<br>Le joueur doit commencer \u00e0 son heure de d\u00e9part (et pas plus t\u00f4t) :<br>\u2022 Ceci signifie que le joueur doit \u00eatre pr\u00eat \u00e0 jouer \u00e0 l\u2019heure et au point de d\u00e9part fix\u00e9s par le Comit\u00e9.<br>\u2022 Une heure de d\u00e9part fix\u00e9e par le Comit\u00e9 est consid\u00e9r\u00e9e comme une heure exacte (par ex., 9h signifie 9:00:00 pr\u00e9cises, et pas jusqu\u2019\u00e0 9h01).<br>Si l\u2019heure de d\u00e9part est retard\u00e9e pour n\u2019importe quelle raison (par ex. les conditions climatiques, le jeu lent d\u2019autres groupes, ou une d\u00e9cision demand\u00e9e \u00e0 un arbitre), il n\u2019y a pas d\u2019infraction \u00e0 cette R\u00e8gle si le joueur est pr\u00e9sent et pr\u00eat \u00e0 jouer quand le groupe du joueur aura r\u00e9ellement la possibilit\u00e9 de commencer.<br><em><strong>P\u00e9nalit\u00e9 pour infraction \u00e0 la R\u00e8gle 5.3a : disqualification<\/strong><\/em>, sauf dans les 3 cas suivants :<br>\u2022 <strong>Exception 1<\/strong> \u2013 Le joueur arrive au point de d\u00e9part, pr\u00eat \u00e0 jouer, avec un retard de pas plus de cinq minutes : le joueur encourt la p\u00e9nalit\u00e9 g\u00e9n\u00e9rale appliqu\u00e9e \u00e0 son premier trou.<br><strong>\u2022 Exception 2<\/strong> \u2013 Le joueur commence \u00e0 jouer avec pas plus de cinq minutes d\u2019avance : le joueur encourt la p\u00e9nalit\u00e9 g\u00e9n\u00e9rale appliqu\u00e9e \u00e0 son premier trou.<br><strong>\u2022 Exception 3<\/strong> \u2013 Le Comit\u00e9 juge que des circonstances exceptionnelles ont emp\u00each\u00e9 le joueur de partir \u00e0 l\u2019heure : il n\u2019y a pas d\u2019infraction \u00e0 cette R\u00e8gle et pas de p\u00e9nalit\u00e9.<br><strong>5.3b Fin d\u2019un tour<\/strong><br>Pour un joueur le tour prend fin :<br>\u2022 En match play, quand le r\u00e9sultat du match est acquis selon la R\u00e8gle 3.2a(3) ou (4).<br>\u2022 En stroke play, quand le joueur a entr\u00e9 sa balle au dernier trou (y compris en corrigeant une erreur selon la R\u00e8gle 6.1 ou 14.7b).<br><em>Voir R\u00e8gles 21.1e, 21.2e, 21.3e et 23.3b (d\u00e9but et fin d\u2019un tour dans d\u2019autres formes de stroke play et en Quatre balles).<\/em><\/p>\n\n\n\n<p class=\"has-black-color has-background-color-background-color has-text-color has-background\"><strong>5.4 Jouer en groupes<\/strong><br><strong>5.4a Match play<\/strong><br>Pendant un tour, le joueur et son adversaire doivent jouer chaque trou dans le m\u00eame groupe.<br><strong>5.4b Stroke play<\/strong><br>Pendant un tour, le joueur doit rester dans le groupe assign\u00e9 par le Comit\u00e9, \u00e0 moins que le Comit\u00e9 approuve un changement avant qu\u2019il ait lieu ou a posteriori.<br><strong><em>P\u00e9nalit\u00e9 pour infraction \u00e0 la R\u00e8gle 5.4 : disqualification.<\/em><\/strong><\/p>\n\n\n\n<p class=\"has-black-color has-background-color-background-color has-text-color has-background\"><strong>5.5 Entra\u00eenement pendant un tour ou pendant une interruption de jeu<\/strong><br><strong>5.5a Pas de coups d\u2019entra\u00eenement en jouant un trou<\/strong><br>En jouant un trou, un joueur ne doit pas jouer un coup d\u2019entra\u00eenement sur aucune balle sur ou en dehors du parcours.<br>Ne sont pas des coups d\u2019entra\u00eenement :<br>\u2022 Un swing d\u2019essai sans intention de frapper la balle.<br>\u2022 Un coup pour renvoyer une balle vers un practice ou \u00e0 un autre joueur, lorsque cela est fait uniquement par courtoisie.<br>\u2022 Les coups jou\u00e9s en continuant le jeu d\u2019un trou dont le r\u00e9sultat a \u00e9t\u00e9 acquis.<br><strong>5.5b Restriction sur les coups d\u2019entra\u00eenement apr\u00e8s avoir fini le jeu d\u2019un trou<\/strong><br>Apr\u00e8s avoir fini le jeu d\u2019un trou, mais avant de jouer un coup pour commencer un autre trou, un joueur ne doit pas jouer un coup d\u2019entra\u00eenement.<br><strong>Exception<\/strong> \u2013 Endroits o\u00f9 un joueur est autoris\u00e9 \u00e0 s\u2019entra\u00eener au putting ou aux petites approches : le joueur peut s\u2019entra\u00eener au putting ou aux petites approches sur ou pr\u00e8s :<br>\u2022 Du green du dernier trou jou\u00e9 et de tout green d\u2019entra\u00eenement (voir R\u00e8gle 13.1e), et<br>\u2022 De la zone de d\u00e9part du trou suivant.<br>Mais de tels coups d\u2019entra\u00eenement ne doivent pas \u00eatre jou\u00e9s d\u2019un bunker et ne doivent pas retarder le jeu de mani\u00e8re d\u00e9raisonnable (voir R\u00e8gle 5.6a).<br><strong><em>Voir Proc\u00e9dures pour le Comit\u00e9, Section 8 ; R\u00e8gle locale type I-2 (le Comit\u00e9 peut adopter une R\u00e8gle locale interdisant aux joueurs de s\u2019entra\u00eener au putting ou aux petites approches sur ou pr\u00e8s du green du dernier trou jou\u00e9).<\/em><\/strong><br><strong>5.5c Entra\u00eenement quand le jeu est suspendu ou autrement interrompu<\/strong><br>Pendant que le jeu est suspendu ou autrement interrompu selon la R\u00e8gle 5.7a, un joueur ne doit pas jouer un coup d\u2019entra\u00eenement sauf :<br>\u2022 Comme autoris\u00e9 par la R\u00e8gle 5.5b,<br>\u2022 N\u2019importe o\u00f9 ailleurs que sur le parcours, et<br>\u2022 \u00c0 tout endroit sur le parcours autoris\u00e9 par le Comit\u00e9.<br>Si un match est interrompu par accord entre les joueurs et que le match ne reprend pas le m\u00eame jour, les joueurs peuvent, sans restriction, s\u2019entra\u00eener sur le parcours avant que le match ne reprenne.<br><strong><em>P\u00e9nalit\u00e9 pour infraction \u00e0 la R\u00e8gle 5.5 : p\u00e9nalit\u00e9 g\u00e9n\u00e9rale.<\/em><\/strong><br>Si l\u2019infraction intervient entre le jeu de deux trous, la p\u00e9nalit\u00e9 s\u2019applique au trou suivant.<\/p>\n\n\n\n<p class=\"has-black-color has-background-color-background-color has-text-color has-background\"><strong>5.6 Retard d\u00e9raisonnable ; cadence de jeu rapide<\/strong><br><strong>5.6a Retarder le jeu de mani\u00e8re d\u00e9raisonnable<\/strong><br>Un joueur ne doit pas retarder le jeu de mani\u00e8re d\u00e9raisonnable, aussi bien en jouant un trou qu\u2019entre le jeu de deux trous.<br>Un joueur peut se voir accorder un court d\u00e9lai pour certaines raisons telles que :<br>\u2022 Quand le joueur cherche l\u2019aide d\u2019un arbitre ou du Comit\u00e9,<br>\u2022 Quand le joueur se blesse ou tombe malade, ou<br>\u2022 Pour d\u2019autres bonnes raisons.<br><strong><em>P\u00e9nalit\u00e9 pour infraction \u00e0 la R\u00e8gle 5.6a :<br>\u2022 Premi\u00e8re infraction : un coup de p\u00e9nalit\u00e9.<br>\u2022 Deuxi\u00e8me infraction : p\u00e9nalit\u00e9 g\u00e9n\u00e9rale.<br>\u2022 Troisi\u00e8me infraction : disqualification.<\/em><\/strong><br>Si le joueur retarde le jeu de mani\u00e8re d\u00e9raisonnable entre le jeu de deux trous, la p\u00e9nalit\u00e9 s\u2019applique au trou suivant.<br><em>Voir R\u00e8gle 25.6a (application de la R\u00e8gle 5.6a aux joueurs pr\u00e9sentant un handicap).<\/em><br><strong>5.6b Cadence de jeu rapide<\/strong><br>Un tour de golf est cens\u00e9 \u00eatre jou\u00e9 \u00e0 une cadence rapide.<br>Chaque joueur devrait reconna\u00eetre que sa cadence de jeu risque d\u2019affecter le temps que mettront les autres joueurs pour jouer leurs tours, aussi bien ceux qui sont dans le groupe du joueur que ceux qui sont dans les groupes suivants.<br>Les joueurs sont encourag\u00e9s \u00e0 laisser passer les groupes plus rapides.<br><strong>(1)<\/strong> Recommandations relatives \u00e0 la cadence de jeu. Le joueur devrait jouer \u00e0 une cadence rapide tout au long du tour, y compris lorsqu\u2019il :<br>\u2022 Se pr\u00e9pare pour chaque coup et le joue,<br>\u2022 Se d\u00e9place d\u2019un endroit \u00e0 l\u2019autre entre les coups, et<br>\u2022 Se rend vers la zone de d\u00e9part suivante apr\u00e8s avoir fini un trou.<br>Un joueur devrait se pr\u00e9parer \u00e0 l\u2019avance pour le coup suivant et \u00eatre pr\u00eat \u00e0 jouer quand c\u2019est son tour.<br>Quand c\u2019est au tour du joueur de jouer :<br>\u2022 Il est recommand\u00e9 que le joueur joue son coup en 40 secondes maximum, une fois qu\u2019il a (ou devrait avoir) la possibilit\u00e9 de jouer sans g\u00eaneni distraction, et<br>\u2022 Le joueur devrait normalement \u00eatre capable de jouer plus rapidement que cela et il est encourag\u00e9 \u00e0 le faire.<br><strong>(2)<\/strong> Jouer hors tour pour acc\u00e9l\u00e9rer la cadence de jeu. En fonction de la forme de jeu, il y a des fois o\u00f9 les joueurs peuvent jouer hors tour pour acc\u00e9l\u00e9rer la cadence de jeu :<br>\u2022 En match play, les joueurs peuvent se mettre d\u2019accord pour que l\u2019un d\u2019eux joue hors tour afin de gagner du temps (voir R\u00e8gle 6.4a Exception).<br>\u2022 En stroke play, les joueurs peuvent pratiquer le golf \u00ab Pr\u00eat ? Jouez ! \u00bb de mani\u00e8re responsable et en toute s\u00e9curit\u00e9 (voir R\u00e8gle 6.4b(2)).<br><strong>(3)<\/strong> Dispositions adopt\u00e9es par le Comit\u00e9 vis-\u00e0-vis de la cadence de jeu. Pour encourager et inciter \u00e0 un jeu rapide, le Comit\u00e9 devrait adopter une R\u00e8gle locale instaurant des dispositions relatives \u00e0 la cadence de jeu.<br>Ces dispositions peuvent fixer un temps maximum pour jouer un tour, un trou ou une s\u00e9rie de trous et un coup, et elles peuvent instaurer des p\u00e9nalit\u00e9s pour ne pas les respecter.<br><em>Voir Proc\u00e9dures pour le Comit\u00e9, Section 5H (recommandations sur le contenu des dispositions relatives \u00e0 la cadence de jeu).<\/em><\/p>\n\n\n\n<p class=\"has-black-color has-background-color-background-color has-text-color has-background\"><strong>5.7 Interruption de jeu ; reprise du jeu<\/strong><br><strong>5.7a Possibilit\u00e9 ou obligation pour les joueurs d\u2019interrompre le jeu<\/strong><br>Pendant un tour, un joueur ne doit pas interrompre le jeu sauf dans les situations suivantes :<br>\u2022 Interruption par le Comit\u00e9. Tous les joueurs doivent arr\u00eater de jouer si le Comit\u00e9 interrompt le jeu (voir R\u00e8gle 5.7b).<br>\u2022 Interruption de jeu d\u2019un commun accord en match play. Les joueurs d\u2019un match peuvent se mettre d\u2019accord pour interrompre le jeu pour n\u2019importe quelle raison, sauf si, ce faisant, ils retardent la comp\u00e9tition. S\u2019ils se mettent d\u2019accord pour interrompre le jeu et qu\u2019ensuite un joueur veut reprendre le jeu, l\u2019accord ne tient plus et l\u2019autre joueur doit reprendre le jeu.<br>\u2022 Interruption de jeu par un joueur individuel pour cause de foudre. Un joueur peut interrompre le jeu s\u2019il croit raisonnablement qu\u2019il y a un danger de foudre, mais il doit en informer le Comit\u00e9 d\u00e8s que possible.<br>Le fait de quitter le parcours ne constitue pas en soi une interruption de jeu.<br>Retarder le jeu est couvert par la R\u00e8gle 5.6a et non par cette R\u00e8gle.<br>Si un joueur interrompt le jeu pour quelque raison non admise par cette R\u00e8gle, ou omet d\u2019en informer le Comit\u00e9 alors qu\u2019il est exig\u00e9 qu\u2019il le fasse, le joueur est disqualifi\u00e9.<br><strong>5.7b Ce que doivent faire les joueurs quand le Comit\u00e9 interrompt le jeu<\/strong><br>Il y a deux types d\u2019interruptions de jeu par le Comit\u00e9, chacune comportant des directives diff\u00e9rentes relatives au moment o\u00f9 les joueurs doivent arr\u00eater de jouer.<br><strong>(1)<\/strong> Interruption imm\u00e9diate (par ex. quand il y a un danger imminent). Si le Comit\u00e9 d\u00e9clare une interruption imm\u00e9diate de jeu, un joueur ne doit pas jouer un autre coup jusqu\u2019\u00e0 ce que le Comit\u00e9 reprenne le jeu.<br>Le Comit\u00e9 devrait utiliser une m\u00e9thode distinctive pour informer les joueurs d\u2019une interruption imm\u00e9diate.<br><strong>(2)<\/strong> Interruption normale (par ex. \u00e0 cause de l\u2019obscurit\u00e9 ou du parcours injouable). Si le Comit\u00e9 interrompt le jeu pour des raisons normales, la proc\u00e9dure d\u00e9pend de la situation o\u00f9 se trouvent les groupes en train de jouer :<br>\u2022 Entre le jeu de deux trous. Si tous les joueurs d\u2019un groupe sont entre le jeu de deux trous, ils doivent interrompre le jeu et ne doivent pas jouer un coup pour commencer un autre trou jusqu\u2019\u00e0 ce que le Comit\u00e9 reprenne le jeu.<br>\u2022 Pendant le jeu d\u2019un trou. Si n\u2019importe quel joueur du groupe a commenc\u00e9 un trou, les joueurs peuvent choisir d\u2019interrompre le jeu ou de finir le jeu du trou.<br>\u00bb Les joueurs sont autoris\u00e9s \u00e0 s\u2019accorder un bref moment (qui normalement ne devrait pas \u00eatre sup\u00e9rieur \u00e0 deux minutes) pour d\u00e9cider s\u2019ils interrompent le jeu ou s\u2019ils finissent le jeu du trou.<br>\u00bb Si les joueurs continuent \u00e0 jouer, ils peuvent finir le trou ou s\u2019arr\u00eater avant de finir le trou.<br>\u00bb Une fois que les joueurs ont fini le trou ou arr\u00eat\u00e9 avant de finir le trou, ils ne doivent pas jouer un autre coup jusqu\u2019\u00e0 ce que le Comit\u00e9 reprenne le jeu selon la R\u00e8gle 5.7c.<br>S\u2019il n\u2019y a pas d\u2019accord entre les joueurs pour savoir que faire :<br>\u00bb Match play. Si l\u2019adversaire interrompt le jeu, le joueur doit aussi l\u2019interrompre et les deux joueurs ne doivent pas jouer \u00e0 nouveau jusqu\u2019\u00e0 ce que le Comit\u00e9 reprenne le jeu. Si le joueur n\u2019interrompt pas le jeu, il encourt la p\u00e9nalit\u00e9 g\u00e9n\u00e9rale (perte du trou).<br>\u00bb Stroke play. Tout joueur dans le groupe peut choisir d\u2019interrompre le jeu ou de continuer le trou, peu importe ce que les autres joueurs du groupe d\u00e9cident de faire, sauf que le joueur ne peut continuer le jeu que si le marqueur du joueur est pr\u00e9sent pour valider son score.<br><strong><em>P\u00e9nalit\u00e9 pour infraction \u00e0 la R\u00e8gle 5.7b : disqualification.<\/em><\/strong><br><strong>Exception<\/strong> \u2013 Pas de p\u00e9nalit\u00e9 si le Comit\u00e9 juge que le fait de n\u2019avoir pas interrompu le jeu \u00e9tait justifi\u00e9 : Il n\u2019y a pas d\u2019infraction \u00e0 cette R\u00e8gle et pas de p\u00e9nalit\u00e9 si le Comit\u00e9 d\u00e9cide qu\u2019il y a des circonstances justifiant que le joueur n\u2019ait pas arr\u00eat\u00e9 le jeu alors qu\u2019il \u00e9tait tenu de le faire.<br><em>Voir Proc\u00e9dures pour le Comit\u00e9, Section 8 ; R\u00e8gle locale type J-1 (recommandations au Comit\u00e9 pour indiquer aux joueurs une interruption imm\u00e9diate ou normale du jeu).<\/em><br><strong>5.7c Ce que doivent faire les joueurs quand le jeu reprend<\/strong><br><strong>(1)<\/strong> O\u00f9 reprendre le jeu. Un joueur doit reprendre le jeu d\u2019o\u00f9 il a interrompu le jeu du trou ou, s\u2019il a interrompu le jeu entre le jeu de deux trous, de la zone de d\u00e9part suivante, m\u00eame si le jeu est repris un jour ult\u00e9rieur.<br>Si un joueur reprend le jeu d\u2019un endroit diff\u00e9rent de celui o\u00f9 il avait interrompu le jeu, voir les R\u00e8gles 6.1b et 14.7.<br><strong>(2)<\/strong> Quand reprendre le jeu. Le joueur doit \u00eatre pr\u00e9sent \u00e0 l\u2019endroit r\u00e9f\u00e9renc\u00e9 en (1) et \u00eatre pr\u00eat \u00e0 jouer :<br>\u2022 \u00c0 l\u2019heure fix\u00e9e par le Comit\u00e9 pour reprendre le jeu, et<br>\u2022 Le joueur doit reprendre le jeu \u00e0 cette heure-l\u00e0 (et pas plus t\u00f4t).<br>Si la possibilit\u00e9 de reprendre le jeu est retard\u00e9e pour n\u2019importe quelle raison (par ex. parce que les joueurs du groupe pr\u00e9c\u00e9dent doivent jouer d\u2019abord et avancer pour lib\u00e9rer le trou), il n\u2019y a pas d\u2019infraction \u00e0 cette R\u00e8gle si le joueur est pr\u00e9sent et pr\u00eat \u00e0 jouer quand le groupe du joueur a r\u00e9ellement la<br>possibilit\u00e9 de reprendre le jeu.<br><strong><em>P\u00e9nalit\u00e9 pour infraction \u00e0 la R\u00e8gle 5.7c(2) : disqualification.<\/em><\/strong><br>Exceptions \u00e0 la disqualification pour ne pas avoir repris le jeu \u00e0 temps :<br>les Exceptions 1, 2 et 3 de la R\u00e8gle 5.3a et l\u2019Exception de la R\u00e8gle 5.7b s\u2019appliquent \u00e9galement ici.<br><strong>5.7d Relever la balle quand le jeu est interrompu ; replacer et substituer une balle quand le jeu reprend<\/strong><br><strong>(1)<\/strong> Relever la balle quand le jeu est interrompu ou avant que le jeu ne reprenne.<br>En interrompant le jeu d\u2019un trou selon cette R\u00e8gle, le joueur peut marquer l\u2019emplacement de sa balle et la relever (voir R\u00e8gle 14.1). Que ce soit avant que le jeu ne reprenne ou au moment o\u00f9 il reprend :<br>\u2022 Quand la balle du joueur a \u00e9t\u00e9 relev\u00e9e au moment o\u00f9 le jeu a \u00e9t\u00e9 interrompu. Le joueur doit replacer la balle d\u2019origine, ou une autre balle, \u00e0 l\u2019emplacement d\u2019origine (qui, s\u2019il n\u2019est pas connu, doit \u00eatre estim\u00e9) (voir R\u00e8gle 14.2).<br>\u2022 Quand la balle du joueur n\u2019a pas \u00e9t\u00e9 relev\u00e9e au moment o\u00f9 le jeu a \u00e9t\u00e9 interrompu. Le joueur peut jouer la balle comme elle repose, ou peut marquer l\u2019emplacement de la balle, relever la balle (voir R\u00e8gle 14.1) et replacer cette balle, ou une autre balle, \u00e0 l\u2019emplacement d\u2019origine (voir R\u00e8gle 14.2).<br>Dans les deux cas :<br>\u2022 Si le lie de la balle a \u00e9t\u00e9 modifi\u00e9 par le fait de relever la balle, le joueur doit replacer la balle ou une autre balle comme exig\u00e9 par la R\u00e8gle 14.2d.<br>\u2022 Si le lie de la balle a \u00e9t\u00e9 modifi\u00e9 apr\u00e8s que la balle a \u00e9t\u00e9 relev\u00e9e et avant qu\u2019une balle ne soit replac\u00e9e, la R\u00e8gle 14.2d ne s\u2019applique pas :<br>\u00bb La balle d\u2019origine ou une autre balle doit \u00eatre replac\u00e9e \u00e0 l\u2019emplacement d\u2019origine (qui, s\u2019il n\u2019est pas connu, doit \u00eatre estim\u00e9) (voir R\u00e8gle 14.2).<br>\u00bb Mais si le lie ou d\u2019autres conditions affectant le coup ont \u00e9t\u00e9 d\u00e9grad\u00e9s pendant ce temps, la R\u00e8gle 8.1d s\u2019applique.<br><strong>(2)<\/strong> Balle ou marque-balle d\u00e9plac\u00e9 pendant l\u2019interruption du jeu. Si la balle du joueur ou son marque-balle a \u00e9t\u00e9 d\u00e9plac\u00e9 de n\u2019importe quelle mani\u00e8re (y compris par des forces naturelles) avant la reprise du jeu, le joueur doit :<br>\u2022 Replacer la balle d\u2019origine, ou une autre balle, \u00e0 l\u2019emplacement d\u2019origine (qui, s\u2019il n\u2019est pas connu, doit \u00eatre estim\u00e9) (voir R\u00e8gle 14.2), ou<br>\u2022 Placer un marque-balle pour marquer cet emplacement d\u2019origine, et ensuite replacer la balle d\u2019origine, ou une autre balle, \u00e0 cet emplacement (voir R\u00e8gles 14.1 et 14.2).<br>Si les conditions affectant le coup du joueur ont \u00e9t\u00e9 d\u00e9grad\u00e9es pendant l\u2019interruption de jeu, voir R\u00e8gle 8.1d.<br><em><strong>P\u00e9nalit\u00e9 pour avoir jou\u00e9 une balle d\u2019un mauvais endroit en infraction avec la R\u00e8gle 5.7d : p\u00e9nalit\u00e9 g\u00e9n\u00e9rale selon la R\u00e8gle 14.7a.<\/strong><\/em><br><\/p>\n","protected":false},"excerpt":{"rendered":"<p>Clarifications Objet de la R\u00e8gle :La R\u00e8gle 5 traite de la fa\u00e7on de jouer un tour \u2014 par ex. quand et o\u00f9 un joueur peut s\u2019entra\u00eener sur le parcours avant ou pendant un tour, quand un tour commence et finit et ce qui arrive quand le jeu doit \u00eatre interrompu [&hellip;]<\/p>\n","protected":false},"author":8,"featured_media":52,"parent":0,"menu_order":0,"comment_status":"closed","ping_status":"closed","template":"","meta":{"footnotes":""},"class_list":["post-9518","page","type-page","status-publish","has-post-thumbnail","hentry"],"_links":{"self":[{"href":"https:\/\/asgolfdepessac.com\/index.php\/wp-json\/wp\/v2\/pages\/9518","targetHints":{"allow":["GET"]}}],"collection":[{"href":"https:\/\/asgolfdepessac.com\/index.php\/wp-json\/wp\/v2\/pages"}],"about":[{"href":"https:\/\/asgolfdepessac.com\/index.php\/wp-json\/wp\/v2\/types\/page"}],"author":[{"embeddable":true,"href":"https:\/\/asgolfdepessac.com\/index.php\/wp-json\/wp\/v2\/users\/8"}],"replies":[{"embeddable":true,"href":"https:\/\/asgolfdepessac.com\/index.php\/wp-json\/wp\/v2\/comments?post=9518"}],"version-history":[{"count":0,"href":"https:\/\/asgolfdepessac.com\/index.php\/wp-json\/wp\/v2\/pages\/9518\/revisions"}],"wp:featuredmedia":[{"embeddable":true,"href":"https:\/\/asgolfdepessac.com\/index.php\/wp-json\/wp\/v2\/media\/52"}],"wp:attachment":[{"href":"https:\/\/asgolfdepessac.com\/index.php\/wp-json\/wp\/v2\/media?parent=9518"}],"curies":[{"name":"wp","href":"https:\/\/api.w.org\/{rel}","templated":true}]}}