{"id":9571,"date":"2025-01-28T18:17:09","date_gmt":"2025-01-28T17:17:09","guid":{"rendered":"https:\/\/asgolfdepessac.com\/?page_id=9571"},"modified":"2025-02-09T10:02:41","modified_gmt":"2025-02-09T09:02:41","slug":"clarification-de-la-regle-1","status":"publish","type":"page","link":"https:\/\/asgolfdepessac.com\/index.php\/clarification-de-la-regle-1\/","title":{"rendered":"Clarification de la r\u00e8gle 1"},"content":{"rendered":"\n<p class=\"has-black-color has-background-color-background-color has-text-color has-background\" id=\"C-1.2\"><strong>R\u00e8gle 1.2 Clarifications : normes de comportement du joueur<\/strong><br><strong>1.2a\/1 \u2013 D\u00e9terminer si un joueur a commis une grave faute de comportement<\/strong><br>Pour d\u00e9terminer si un joueur a commis une grave faute de comportement, le Comit\u00e9 doit consid\u00e9rer toutes les circonstances. M\u00eame si le Comit\u00e9 d\u00e9termine que la faute de comportement est grave, il peut consid\u00e9rer qu\u2019il est plus appropri\u00e9 d\u2019avertir le joueur qu\u2019une r\u00e9p\u00e9tition de la faute de comportement ou une faute de comportement similaire entra\u00eenera la disqualification, au lieu de le disqualifier directement.<br>Exemples d\u2019actions d\u2019un joueur susceptibles d\u2019\u00eatre consid\u00e9r\u00e9es comme une<br>grave faute de comportement :<br>\u2022 Causer d\u00e9lib\u00e9r\u00e9ment un grave dommage \u00e0 un green.<br>\u2022 \u00catre en d\u00e9saccord avec la pr\u00e9paration du parcours, et prendre sur lui de d\u00e9placer des marques de d\u00e9part ou des piquets de hors limites.<br>\u2022 Mettre en danger la s\u00e9curit\u00e9 d\u2019autrui comme jeter un club en direction d\u2019un autre joueur ou d\u2019un spectateur.<br>\u2022 D\u00e9concentrer d\u00e9lib\u00e9r\u00e9ment d\u2019autres joueurs pendant qu\u2019ils jouent des coups.<br>\u2022 Enlever des d\u00e9tritus ou des obstructions amovibles pour d\u00e9savantager un autre joueur apr\u00e8s que l\u2019autre joueur lui a demand\u00e9 de les laisser en place.<br>\u2022 Refuser \u00e0 plusieurs reprises de relever une balle au repos lorsqu\u2019elle g\u00eane un autre joueur en stroke play.<br>\u2022 Jouer d\u00e9lib\u00e9r\u00e9ment en s\u2019\u00e9loignant du trou puis vers le trou pour aider son partenaire (par ex. aider son partenaire \u00e0 lire la pente sur le green).<br>\u2022 D\u00e9lib\u00e9r\u00e9ment ne pas jouer conform\u00e9ment aux R\u00e8gles et, ce faisant, potentiellement gagner un avantage significatif, malgr\u00e9 le fait d\u2019encourir une p\u00e9nalit\u00e9 pour une infraction \u00e0 la R\u00e8gle concern\u00e9e.<br>\u2022 Utiliser de mani\u00e8re r\u00e9p\u00e9t\u00e9e un langage grossier ou offensant.<br>\u2022 Utiliser un handicap qui a \u00e9t\u00e9 \u00e9tabli dans le but de fournir un avantage injuste ou se servir du tour en train d\u2019\u00eatre jou\u00e9 pour \u00e9tablir un tel handicap.<br>\u2022 Refuser d\u2019identifier une balle qui a \u00e9t\u00e9 trouv\u00e9e et qui pourrait \u00eatre celle du joueur.<br>Exemples d\u2019actions d\u2019un joueur qui, bien qu\u2019impliquant une faute de comportement, ne sont pas susceptibles d\u2019\u00eatre consid\u00e9r\u00e9es comme une grave faute de comportement :<br>\u2022 Frapper un club sur le sol, endommager le club et causer des dommages mineurs au gazon.<br>\u2022 Lancer vers un sac de golf un club qui frappe involontairement une autre personne.<br>\u2022 D\u00e9concentrer par inadvertance un autre joueur jouant un coup.<\/p>\n\n\n\n<p class=\"has-black-color has-background-color-background-color has-text-color has-background\" id=\"C-1.3\"><strong>R\u00e8gle 1.3 Clarifications : jouer selon les r\u00e8gles<\/strong><br><strong>1.3b(1)\/1 \u2013 Disqualification des joueurs qui connaissent une R\u00e8gle mais s\u2019entendent pour l\u2019ignorer<\/strong><br>Si deux joueurs ou plus s\u2019entendent pour ignorer une R\u00e8gle ou une p\u00e9nalit\u00e9 qu\u2019ils connaissent, ils seront disqualifi\u00e9s \u00e0 moins que l\u2019accord ne soit fait avant le tour et qu\u2019il soit annul\u00e9 avant qu\u2019un des joueurs impliqu\u00e9s dans l\u2019accord ne commence son tour.<br>Par exemple, en stroke play, deux joueurs s\u2019entendent pour consid\u00e9rer entr\u00e9s les putts \u00e0 moins d\u2019une longueur de club du trou, alors qu\u2019ils savent qu\u2019ils doivent terminer le trou sur chaque trou.<br>Sur le premier green, un autre joueur du groupe apprend cet accord. Ce joueur insiste pour que les deux joueurs qui ont conclu l\u2019accord terminent le trou, et ils le font.<br>M\u00eame si aucun des joueurs qui a particip\u00e9 \u00e0 l\u2019accord ne l\u2019a appliqu\u00e9, ceux-ci sont quand m\u00eame disqualifi\u00e9s parce qu\u2019ils se sont entendus pour ne pas respecter la R\u00e8gle 3.3c (Ne pas terminer le trou).<br><strong>1.3b(1)\/2 \u2013 Pour pouvoir s\u2019entendre pour ignorer une R\u00e8gle ou une p\u00e9nalit\u00e9, les joueurs doivent \u00eatre conscients que la R\u00e8gle existe<\/strong><br>La R\u00e8gle 1.3b(1) ne s\u2019applique pas et il n\u2019y a pas de p\u00e9nalit\u00e9 si des joueurs s\u2019entendent pour enfreindre une R\u00e8gle dont ils n\u2019ont pas connaissance ou s\u2019ils n\u2019appliquent pas une p\u00e9nalit\u00e9 dont ils ignorent l\u2019existence.<br>Exemples o\u00f9 deux joueurs sont ignorants d\u2019une R\u00e8gle ou n\u2019ont pas appliqu\u00e9 une p\u00e9nalit\u00e9, et ne sont donc pas disqualifi\u00e9s selon la R\u00e8gle 1.3b(1) :<br>\u2022 Dans un match, deux joueurs s\u2019entendent \u00e0 l\u2019avance pour conc\u00e9der tous les putts d\u2019une certaine longueur, mais ne savent pas que les R\u00e8gles leur interdisent de conc\u00e9der les putts de cette mani\u00e8re.<br>\u2022 Avant un match sur 36 trous, deux joueurs s\u2019entendent pour jouer seulement 18 trous et pour que celui qui perd \u00e0 ce moment-l\u00e0 conc\u00e8de le match, ne sachant pas que cet accord n\u2019est pas conforme au R\u00e8glement de la comp\u00e9tition.<br>Le match se poursuit sur cette base et le joueur qui perd apr\u00e8s 18 trous conc\u00e8de le match. Puisque les joueurs ne savent pas qu\u2019un tel accord n\u2019est pas autoris\u00e9, la concession est maintenue.<br>\u2022 Dans une comp\u00e9tition en stroke play, un joueur et son marqueur, qui est \u00e9galement un joueur, ne savent pas si la zone de d\u00e9gagement pour un terrain en r\u00e9paration est d\u2019une longueur de club ou de deux. Ignorant la R\u00e8gle, ils se mettent d\u2019accord sur deux longueurs de club et le joueur se d\u00e9gage en droppant une balle \u00e0 presque deux longueurs de club du point le plus proche de d\u00e9gagement complet. Plus tard dans le tour, le Comit\u00e9 l\u2019apprend. Bien qu\u2019aucun des joueurs ne soit disqualifi\u00e9 selon la R\u00e8gle 1.3b(1) parce qu\u2019ils ignoraient la R\u00e8gle, le joueur a jou\u00e9 d\u2019un mauvais endroit et encourt la p\u00e9nalit\u00e9 selon la R\u00e8gle 14.7 (Jouer d\u2019un mauvais endroit). Il n\u2019y a pas de p\u00e9nalit\u00e9 pour donner accidentellement une information incorrecte sur les R\u00e8gles de golf.<br><em>Clarifications connexes \u00e0 la R\u00e8gle 1.3b(2) : jugement raisonnable<br><\/em><a href=\"https:\/\/asgolfdepessac.com\/index.php\/clarification-de-la-regle-9\/\">\u2022 9.6\/2 \u2013 O\u00f9 replacer une balle lorsqu\u2019elle a \u00e9t\u00e9 d\u00e9plac\u00e9e d\u2019un emplacement inconnu.<\/a><em><br>\u2022 17.1a\/1 \u2013 Balle perdue soit dans une zone \u00e0 p\u00e9nalit\u00e9, soit dans une condition anormale du parcours adjacente \u00e0 la zone \u00e0 p\u00e9nalit\u00e9.<br>\u2022 17.1d(3)\/2 \u2013 Un joueur droppe une balle sur la base d\u2019une estimation du point o\u00f9 la balle a franchi en dernier la lisi\u00e8re de la zone p\u00e9nalit\u00e9, point qui s\u2019av\u00e8re \u00eatre inexact.<\/em><br><strong>1.3c\/1 \u2013 Le joueur n\u2019est pas disqualifi\u00e9 d\u2019une comp\u00e9tition lorsque ce tour ne compte pas<\/strong><br>Dans les comp\u00e9titions o\u00f9 tous les tours ne comptent pas, un joueur n\u2019est pas disqualifi\u00e9 de la comp\u00e9tition pour avoir \u00e9t\u00e9 disqualifi\u00e9 sur un seul tour.<br>Par exemple, dans une comp\u00e9tition par \u00e9quipes avec des \u00e9quipes de quatre joueurs, o\u00f9 les trois meilleurs scores de chaque tour sont additionn\u00e9s pour obtenir le score de l\u2019\u00e9quipe sur chaque tour, un joueur est disqualifi\u00e9 du deuxi\u00e8me tour pour ne pas avoir corrig\u00e9 le jeu d\u2019une mauvaise balle. Le score de ce joueur<br>ne compte pas pour le score de l\u2019\u00e9quipe au deuxi\u00e8me tour, mais le score du joueur pourrait compter pour n\u2019importe quel autre tour de la comp\u00e9tition.<br><strong>1.3c\/2 \u2013 P\u00e9nalit\u00e9s de disqualification, concessions et nombre de coups erron\u00e9 : application dans un play-off de stroke play<\/strong><br>Pendant un play-off dans une comp\u00e9tition en stroke play, les R\u00e8gles s\u2019appliquent comme suit :<br>\u2022 Si un joueur est disqualifi\u00e9 (par ex. pour avoir jou\u00e9 un coup avec un club non conforme), le joueur est disqualifi\u00e9 du play-off seulement et le joueur a droit \u00e0 tout prix qui aurait pu \u00eatre gagn\u00e9 dans la comp\u00e9tition elle-m\u00eame.<br>\u2022 Si deux joueurs sont dans un play-off, un joueur est autoris\u00e9 \u00e0 conc\u00e9der le play-off \u00e0 l\u2019autre joueur.<br>\u2022 Si le joueur A donne par erreur un nombre de coups erron\u00e9 au joueur B et que cette erreur fait que le joueur B rel\u00e8ve sa balle (par ex. lorsque le joueur B pense qu\u2019il a perdu le play-off face au joueur A), le joueur B est autoris\u00e9 \u00e0 replacer la balle sans p\u00e9nalit\u00e9 et \u00e0 finir le trou. Il n\u2019y a pas de p\u00e9nalit\u00e9 pour le<br>joueur A.<br><strong>1.3c(1)\/1 \u2013 Une action d\u2019une autre personne enfreint une R\u00e8gle pour le joueur<\/strong><br>Un joueur est responsable lorsque l\u2019action d\u2019une autre personne enfreint, eu \u00e9gard au joueur, une R\u00e8gle si cela est fait \u00e0 la demande du joueur ou si le joueur voit l\u2019action et l\u2019autorise.<br>Exemples de quand un joueur encourt la p\u00e9nalit\u00e9 parce qu\u2019il a demand\u00e9 ou autoris\u00e9 l\u2019action :<br>\u2022 Un joueur demande \u00e0 un spectateur de d\u00e9placer un d\u00e9tritus \u00e0 proximit\u00e9 de sa balle. Si la balle se d\u00e9place, le joueur encourt un coup de p\u00e9nalit\u00e9 selon la R\u00e8gle 9.4b (P\u00e9nalit\u00e9 pour relever ou toucher d\u00e9lib\u00e9r\u00e9ment une balle ou causer son d\u00e9placement) et la balle doit \u00eatre replac\u00e9e.<br>\u2022 La balle d\u2019un joueur est recherch\u00e9e dans des hautes herbes. Un spectateur trouve la balle et presse l\u2019herbe autour de la balle, am\u00e9liorant ainsi les conditions affectant le coup. Si le joueur, voyant que cela est sur le point de se produire, ne prend pas de mesures raisonnables pour tenter d\u2019arr\u00eater le spectateur, il encourt la p\u00e9nalit\u00e9 g\u00e9n\u00e9rale pour infraction \u00e0 la R\u00e8gle 8.1a (Actions du joueur qui am\u00e9liorent les conditions affectant le coup).<br><strong>1.3c(4)\/1 \u2013 Un joueur encourt deux p\u00e9nalit\u00e9s d\u2019un coup lorsqu\u2019il y a un \u00e9v\u00e9nement interm\u00e9diaire<\/strong><br>Si un joueur enfreint une R\u00e8gle impliquant un coup de p\u00e9nalit\u00e9, qu\u2019il est inform\u00e9 de cette infraction, puis enfreint \u00e0 nouveau la m\u00eame R\u00e8gle ou une R\u00e8gle diff\u00e9rente impliquant un coup de p\u00e9nalit\u00e9, le joueur encourt les deux p\u00e9nalit\u00e9s pour un total de deux coups de p\u00e9nalit\u00e9.<br>Par exemple, un joueur rel\u00e8ve sa balle dans la zone g\u00e9n\u00e9rale pour l\u2019identifier sans marquer l\u2019emplacement de la balle. Un autre joueur informe le joueur de l\u2019infraction et qu\u2019il encourt un coup de p\u00e9nalit\u00e9 selon la R\u00e8gle 7.3. Avant de replacer la balle, le joueur nettoie la balle plus que n\u00e9cessaire pour l\u2019identifier, \u00e9galement en infraction avec la R\u00e8gle 7.3. Quand le joueur a \u00e9t\u00e9 averti de la premi\u00e8re p\u00e9nalit\u00e9, il<br>s\u2019agissait d\u2019un \u00e9v\u00e9nement interm\u00e9diaire et donc le joueur encourt \u00e9galement un coup de p\u00e9nalit\u00e9 pour avoir nettoy\u00e9 la balle, ce qui veut dire que le joueur encourt deux coups de p\u00e9nalit\u00e9 au total. (Nouvelle)<br><strong>1.3c(4)\/2 \u2013 Un joueur enfreint une R\u00e8gle puis enfreint une autre R\u00e8gle dans le cadre de son prochain coup<\/strong><br>Si un joueur enfreint une R\u00e8gle sans \u00eatre inform\u00e9 de cette infraction puis enfreint la m\u00eame R\u00e8gle ou une autre R\u00e8gle, le joueur encourt seulement une p\u00e9nalit\u00e9.<br>Par exemple, en stroke play, un joueur se d\u00e9gage d\u2019une obstruction inamovible pr\u00e8s d\u2019un green mais par erreur droppe une balle \u00e0 un mauvais endroit. Avant de jouer la balle, le joueur enl\u00e8ve du sable sur sa ligne de jeu dans la zone g\u00e9n\u00e9rale en infraction avec la R\u00e8gle 8.1a puis joue un coup depuis le mauvais endroit.<br>Comme il n\u2019y a pas eu d\u2019\u00e9v\u00e9nement interm\u00e9diaire entre l\u2019enl\u00e8vement du sable et avoir jou\u00e9 la balle du mauvais endroit, le joueur encourt seulement une p\u00e9nalit\u00e9 g\u00e9n\u00e9rale de deux coups. (Nouvelle)<\/p>\n","protected":false},"excerpt":{"rendered":"<p>R\u00e8gle 1.2 Clarifications : normes de comportement du joueur1.2a\/1 \u2013 D\u00e9terminer si un joueur a commis une grave faute de comportementPour d\u00e9terminer si un joueur a commis une grave faute de comportement, le Comit\u00e9 doit consid\u00e9rer toutes les circonstances. M\u00eame si le Comit\u00e9 d\u00e9termine que la faute de comportement est [&hellip;]<\/p>\n","protected":false},"author":8,"featured_media":9462,"parent":0,"menu_order":0,"comment_status":"closed","ping_status":"closed","template":"","meta":{"footnotes":""},"class_list":["post-9571","page","type-page","status-publish","has-post-thumbnail","hentry"],"_links":{"self":[{"href":"https:\/\/asgolfdepessac.com\/index.php\/wp-json\/wp\/v2\/pages\/9571","targetHints":{"allow":["GET"]}}],"collection":[{"href":"https:\/\/asgolfdepessac.com\/index.php\/wp-json\/wp\/v2\/pages"}],"about":[{"href":"https:\/\/asgolfdepessac.com\/index.php\/wp-json\/wp\/v2\/types\/page"}],"author":[{"embeddable":true,"href":"https:\/\/asgolfdepessac.com\/index.php\/wp-json\/wp\/v2\/users\/8"}],"replies":[{"embeddable":true,"href":"https:\/\/asgolfdepessac.com\/index.php\/wp-json\/wp\/v2\/comments?post=9571"}],"version-history":[{"count":0,"href":"https:\/\/asgolfdepessac.com\/index.php\/wp-json\/wp\/v2\/pages\/9571\/revisions"}],"wp:featuredmedia":[{"embeddable":true,"href":"https:\/\/asgolfdepessac.com\/index.php\/wp-json\/wp\/v2\/media\/9462"}],"wp:attachment":[{"href":"https:\/\/asgolfdepessac.com\/index.php\/wp-json\/wp\/v2\/media?parent=9571"}],"curies":[{"name":"wp","href":"https:\/\/api.w.org\/{rel}","templated":true}]}}