{"id":9623,"date":"2025-01-30T09:34:33","date_gmt":"2025-01-30T08:34:33","guid":{"rendered":"https:\/\/asgolfdepessac.com\/?page_id=9623"},"modified":"2025-02-09T08:12:32","modified_gmt":"2025-02-09T07:12:32","slug":"clarification-de-la-regle-6","status":"publish","type":"page","link":"https:\/\/asgolfdepessac.com\/index.php\/clarification-de-la-regle-6\/","title":{"rendered":"Clarification de la r\u00e8gle 6"},"content":{"rendered":"\n<p class=\"has-black-color has-background-color-background-color has-text-color has-background\"><strong>R\u00e8gle 6.1 Clarifications : commencer le jeu d\u2019un trou<\/strong><br><strong>6.1b(1)\/1<\/strong> \u2013 Balle jou\u00e9e de l\u2019ext\u00e9rieur de la zone de d\u00e9part en match play et coup non annul\u00e9 par l\u2019adversaire<br>Si, en commen\u00e7ant le jeu d\u2019un trou en match play, un coup jou\u00e9 de l\u2019ext\u00e9rieur de la zone de d\u00e9part n\u2019est pas annul\u00e9, la R\u00e8gle 6.1b(1) pr\u00e9voit que le joueur joue la balle comme elle repose. Cependant, le joueur peut ne pas \u00eatre toujours autoris\u00e9 \u00e0 jouer la balle comme elle repose.<br>Par exemple, en commen\u00e7ant le jeu d\u2019un trou, un joueur envoie une balle hors limites de l\u2019ext\u00e9rieur de la zone de d\u00e9part (par ex., de mauvaises marques de d\u00e9part) et l\u2019adversaire n\u2019annule pas le coup.<br>Comme le coup du joueur n\u2019est pas annul\u00e9 et que la balle est hors limites, le joueur doit prendre un d\u00e9gagement coup et distance en jouant une balle d\u2019o\u00f9 le coup pr\u00e9c\u00e9dent a \u00e9t\u00e9 jou\u00e9. Cependant, comme le coup n\u2019a pas \u00e9t\u00e9 jou\u00e9 de l\u2019int\u00e9rieur de la zone de d\u00e9part, la balle doit \u00eatre dropp\u00e9e et pas sur\u00e9lev\u00e9e (voir la R\u00e8gle 14.6b \u2013 Coup pr\u00e9c\u00e9dent jou\u00e9 de la zone g\u00e9n\u00e9rale, d\u2019une zone \u00e0 p\u00e9nalit\u00e9 ou<br>d\u2019un bunker).<\/p>\n\n\n\n<p class=\"has-black-color has-background-color-background-color has-text-color has-background\"><strong>R\u00e8gle 6.2 Clarifications : jouer une balle de la zone de d\u00e9part<\/strong><br><strong>6.2b(4)\/1<\/strong> \u2013 Une marque de d\u00e9part d\u00e9plac\u00e9e sans am\u00e9lioration<br>Si un joueur provoque le d\u00e9placement d\u2019une marque de d\u00e9part (par exemple en tr\u00e9buchant dessus, en la frappant de col\u00e8re ou en la d\u00e9pla\u00e7ant sans raison apparente), mais que cela n\u2019am\u00e9liore pas les conditions affectant le coup, il n\u2019y a pas de p\u00e9nalit\u00e9, m\u00eame si le joueur ne la replace pas avant de jouer depuis la zone de d\u00e9part.<br>Mais parce que le d\u00e9placement des marques de d\u00e9part peut avoir un effet significatif sur la comp\u00e9tition, elles ne doivent pas \u00eatre d\u00e9plac\u00e9es et, si elles le sont, elles doivent \u00eatre replac\u00e9es. Toutefois, si un joueur d\u00e9place une marque de d\u00e9part parce qu\u2019il pense qu\u2019elle devrait \u00eatre \u00e0 un endroit diff\u00e9rent ou qu\u2019il d\u00e9truit<br>d\u00e9lib\u00e9r\u00e9ment la marque de d\u00e9part, le Comit\u00e9 peut d\u00e9cider de disqualifier le joueur pour une grave faute de comportement contraire \u00e0 l\u2019esprit du jeu (R\u00e8gle 1.2a).<\/p>\n\n\n\n<p class=\"has-black-color has-background-color-background-color has-text-color has-background\"><strong>R\u00e8gle 6.3 Clarifications : balle utilis\u00e9e pendant le jeu d\u2019un trou<\/strong><br><strong>6.3a\/1<\/strong> \u2013 Proc\u00e9dure lorsque des balles sont \u00e9chang\u00e9es \u00e0 un endroit inconnu<br>Si, apr\u00e8s avoir termin\u00e9 un trou, deux joueurs d\u00e9couvrent qu\u2019ils ont fini un trou chacun avec la balle de l\u2019autre joueur mais ne peuvent pas \u00e9tablir si les balles ont \u00e9t\u00e9 \u00e9chang\u00e9es pendant le jeu du trou, il n\u2019y a pas de p\u00e9nalit\u00e9.<br>Par exemple, apr\u00e8s le jeu d\u2019un trou, on d\u00e9couvre que le joueur A a termin\u00e9 le trou avec la balle du joueur B et que le joueur B a termin\u00e9 le trou avec la balle du joueur A. Les deux joueurs sont certains qu\u2019ils ont termin\u00e9 le trou avec la balle qu\u2019ils ont jou\u00e9e depuis la zone de d\u00e9part.<br>Dans cette situation, et parce qu\u2019un joueur est autoris\u00e9 \u00e0 commencer chaque trou avec une quelconque balle conforme (R\u00e8gle 6.3a), il devrait \u00eatre d\u00e9termin\u00e9 que les balles ont \u00e9t\u00e9 \u00e9chang\u00e9es avant que le jeu sur ce trou ne commence, sauf preuve contraire.<br><strong>6.3c(1)\/1<\/strong> \u2013 Signification de \u00ab coups de p\u00e9nalit\u00e9 encourus uniquement en jouant cette balle \u00bb<br>Lorsque les coups jou\u00e9s sur une balle ne comptent pas dans le score du joueur, les coups de p\u00e9nalit\u00e9 que le joueur encourt lors du jeu de cette balle ne comptent pas, \u00e0 moins que le joueur n\u2019encoure une p\u00e9nalit\u00e9 qui pourrait \u00e9galement s\u2019appliquer \u00e0 sa balle en jeu.<br>Exemples de p\u00e9nalit\u00e9s qui ne comptent pas car elles ne peuvent pas s\u2019appliquer \u00e9galement \u00e0 la balle en jeu :<br>\u2022 Toucher ou d\u00e9placer la balle d\u00e9lib\u00e9r\u00e9ment (R\u00e8gle 9.4).<br>\u2022 Le cadet du joueur se tient derri\u00e8re le joueur quand il prend son stance (R\u00e8gle 10.2b(4)).<br>\u2022 Toucher du sable dans le backswing pour le coup (R\u00e8gle 12.2b(2)).<br>Exemples de p\u00e9nalit\u00e9s qui comptent car elles s\u2019appliquent \u00e9galement \u00e0 la balle en jeu :<br>\u2022 Jouer un coup d\u2019entra\u00eenement pendant un trou (R\u00e8gle 5.5a).<br>\u2022 Jouer une mauvaise balle (R\u00e8gle 6.3c(1)).<br>\u2022 Demander ou donner un conseil (R\u00e8gle 10.2a).<\/p>\n\n\n\n<p class=\"has-black-color has-background-color-background-color has-text-color has-background\"><strong>R\u00e8gle 6.4 Clarifications : ordre de jeu durant le jeu d\u2019un trou<\/strong><br><strong>6.4b(1)\/1<\/strong> \u2013 Signification de \u00ab m\u00eame ordre \u00bb dans la R\u00e8gle 6.4b(1) lorsque les joueurs ont jou\u00e9 hors tour dans la zone de d\u00e9part pr\u00e9c\u00e9dente<br>Le terme \u00ab m\u00eame ordre \u00bb dans la R\u00e8gle 6.4b(1) fait r\u00e9f\u00e9rence \u00e0 l\u2019ordre dans lequel les joueurs du groupe auraient d\u00fb jouer depuis la zone de d\u00e9part pr\u00e9c\u00e9dente, m\u00eame s\u2019ils ont jou\u00e9 dans un ordre diff\u00e9rent.<br>Par exemple, le joueur A a l\u2019honneur au 6e trou, mais le joueur B joue en premier depuis la zone de d\u00e9part pour gagner du temps. Si les joueurs ont le m\u00eame score au 6e trou, l\u2019honneur au 7e trou reste au joueur A car c\u2019est le m\u00eame ordre que dans lequel les joueurs auraient jou\u00e9 depuis la zone de d\u00e9part pr\u00e9c\u00e9dente s\u2019ils n\u2019avaient pas choisi de jouer le \u00ab pr\u00eat ? Jouez ! \u00bb\u00bb. (Nouvelle)<br><strong>6.4c\/1<\/strong> \u2013 Le coup ne peut pas \u00eatre annul\u00e9 lorsqu\u2019une balle provisoire est jou\u00e9e hors tour de la zone de d\u00e9part<br>Si un joueur qui a l\u2019honneur d\u00e9cide de jouer une balle provisoire apr\u00e8s que son adversaire a jou\u00e9 une balle provisoire, le joueur ne peut pas annuler le coup de l\u2019adversaire avec la balle provisoire selon la R\u00e8gle 6.4a(2).<br>Par exemple, le joueur A a l\u2019honneur et joue le premier depuis la zone de d\u00e9part. Le joueur B (l\u2019adversaire) joue ensuite et comme sa balle risque d\u2019\u00eatre hors limites, il d\u00e9cide de jouer une balle provisoire et le fait. Apr\u00e8s que le joueur B a jou\u00e9 la balle provisoire, le joueur A d\u00e9cide \u00e9galement de jouer une balle provisoire.<br>Comme le joueur A n\u2019a fait part de son intention de jouer une balle provisoire qu\u2019apr\u00e8s que le joueur B a jou\u00e9, le joueur A a abandonn\u00e9 le droit d\u2019annuler le coup du joueur B avec la balle provisoire. Cependant, le joueur A peut toujours jouer une balle provisoire.<\/p>\n\n\n\n<p class=\"has-black-color has-background-color-background-color has-text-color has-background\"><strong>R\u00e8gle 6.5 Clarifications : finir le jeu d\u2019un trou<\/strong><br><strong>6.5\/1<\/strong> \u2013 Moment o\u00f9 un joueur ou un camp a termin\u00e9 un trou<br>Il existe plusieurs R\u00e8gles (telles que les R\u00e8gles 4.1b, 4.3, 5.5b et 20.1b(2)) o\u00f9 il est important de comprendre quand un trou est fini.<br>Exemples de cas o\u00f9 un joueur a fini un trou et se trouve donc entre le jeu de deux trous :<br>Match play :<br>Simple : lorsque le joueur a termin\u00e9 le trou, son prochain coup a \u00e9t\u00e9 conc\u00e9d\u00e9 ou le r\u00e9sultat du trou est acquis.<br>Foursome : lorsque le camp a termin\u00e9 le trou, son coup suivant a \u00e9t\u00e9 conc\u00e9d\u00e9 ou le r\u00e9sultat du trou est acquis.<br>Quatre balles : lorsque les deux partenaires ont termin\u00e9 le trou, leurs prochains coups ont \u00e9t\u00e9 conc\u00e9d\u00e9s ou le r\u00e9sultat du trou est acquis.<br>Stroke Play :<br>Individuel : Lorsque le joueur a termin\u00e9 le trou.<br>Foursome : lorsque le camp a termin\u00e9 le trou.<br>Quatre balles : lorsque les deux partenaires ont termin\u00e9 le trou, ou qu\u2019un partenaire a termin\u00e9 le trou et que l\u2019autre ne peut pas am\u00e9liorer le score du camp.<br>Stableford, Par \/ Bogey et Score maximum : lorsque le joueur a termin\u00e9 le trou ou a relev\u00e9 sa balle apr\u00e8s avoir marqu\u00e9 z\u00e9ro point, perdu le trou ou atteint le score maximum.<\/p>\n","protected":false},"excerpt":{"rendered":"<p>R\u00e8gle 6.1 Clarifications : commencer le jeu d\u2019un trou6.1b(1)\/1 \u2013 Balle jou\u00e9e de l\u2019ext\u00e9rieur de la zone de d\u00e9part en match play et coup non annul\u00e9 par l\u2019adversaireSi, en commen\u00e7ant le jeu d\u2019un trou en match play, un coup jou\u00e9 de l\u2019ext\u00e9rieur de la zone de d\u00e9part n\u2019est pas annul\u00e9, [&hellip;]<\/p>\n","protected":false},"author":8,"featured_media":9462,"parent":0,"menu_order":0,"comment_status":"closed","ping_status":"closed","template":"","meta":{"footnotes":""},"class_list":["post-9623","page","type-page","status-publish","has-post-thumbnail","hentry"],"_links":{"self":[{"href":"https:\/\/asgolfdepessac.com\/index.php\/wp-json\/wp\/v2\/pages\/9623","targetHints":{"allow":["GET"]}}],"collection":[{"href":"https:\/\/asgolfdepessac.com\/index.php\/wp-json\/wp\/v2\/pages"}],"about":[{"href":"https:\/\/asgolfdepessac.com\/index.php\/wp-json\/wp\/v2\/types\/page"}],"author":[{"embeddable":true,"href":"https:\/\/asgolfdepessac.com\/index.php\/wp-json\/wp\/v2\/users\/8"}],"replies":[{"embeddable":true,"href":"https:\/\/asgolfdepessac.com\/index.php\/wp-json\/wp\/v2\/comments?post=9623"}],"version-history":[{"count":0,"href":"https:\/\/asgolfdepessac.com\/index.php\/wp-json\/wp\/v2\/pages\/9623\/revisions"}],"wp:featuredmedia":[{"embeddable":true,"href":"https:\/\/asgolfdepessac.com\/index.php\/wp-json\/wp\/v2\/media\/9462"}],"wp:attachment":[{"href":"https:\/\/asgolfdepessac.com\/index.php\/wp-json\/wp\/v2\/media?parent=9623"}],"curies":[{"name":"wp","href":"https:\/\/api.w.org\/{rel}","templated":true}]}}