{"id":9655,"date":"2025-02-01T18:14:32","date_gmt":"2025-02-01T17:14:32","guid":{"rendered":"https:\/\/asgolfdepessac.com\/?page_id=9655"},"modified":"2025-06-08T05:41:05","modified_gmt":"2025-06-08T03:41:05","slug":"regle-n7-recherche-de-balle-trouver-et-identifier-la-balle","status":"publish","type":"page","link":"https:\/\/asgolfdepessac.com\/index.php\/regle-n7-recherche-de-balle-trouver-et-identifier-la-balle\/","title":{"rendered":"R\u00e8gle n\u00b07 &#8211; Recherche de balle: trouver et identifier la balle"},"content":{"rendered":"\n<p class=\"has-text-align-center has-black-color has-background-color-background-color has-text-color has-background has-link-color has-medium-font-size wp-elements-9fba7bc1579d12c20c5ed80a145a3933\"><strong><a href=\"https:\/\/asgolfdepessac.com\/index.php\/clarification-de-la-regle-7\/\">Clarifications<\/a><\/strong><\/p>\n\n\n\n<p class=\"has-black-color has-background-color-background-color has-text-color has-background has-link-color wp-elements-7c3fd811add79c630c8da0c08d9af78b\">Objet de la R\u00e8gle :<br>La R\u00e8gle 7 autorise le joueur \u00e0 entreprendre des actions raisonnables pour rechercher correctement sa balle en jeu apr\u00e8s chaque coup.<br>\u2022 Mais le joueur doit cependant demeurer attentif, car une p\u00e9nalit\u00e9 lui sera appliqu\u00e9e si des actions excessives causent une am\u00e9lioration des conditions affectant son coup suivant.<br>\u2022 Le joueur n\u2019encourt pas de p\u00e9nalit\u00e9 si la balle est accidentellement d\u00e9plac\u00e9e en essayant de la chercher ou de l\u2019identifier, mais il doit alors replacer la balle \u00e0 son emplacement d\u2019origine. <br><strong>7.1 Chercher correctement la balle<\/strong><br><strong>7.1a Actions raisonnables que le joueur peut entreprendre pour trouver et identifier la balle<\/strong><br>Le joueur est responsable de trouver sa balle en jeu apr\u00e8s chaque coup.<br>Le joueur peut correctement chercher sa balle en entreprenant des actions raisonnables pour la trouver et l\u2019identifier, comme par ex. :<br>\u2022 D\u00e9placer du sable ou de l\u2019eau, et<br>\u2022 D\u00e9placer ou courber de l\u2019herbe, des buissons, des branches d\u2019arbre et d\u2019autres \u00e9l\u00e9ments naturels qui poussent ou sont fix\u00e9s, et \u00e9galement casser de tels \u00e9l\u00e9ments, mais seulement si le fait de les casser est le r\u00e9sultat d\u2019autres actions raisonnables entreprises pour trouver ou identifier la balle.<br>Si entreprendre de telles actions raisonnables au cours d\u2019une recherche correcte am\u00e9liore les conditions affectant le coup :<br>\u2022 Il n\u2019y a pas de p\u00e9nalit\u00e9 selon la R\u00e8gle 8.1a si l\u2019am\u00e9lioration r\u00e9sulte d\u2019une recherche correcte.<br>\u2022 Mais si l\u2019am\u00e9lioration r\u00e9sulte d\u2019actions qui exc\u00e8dent ce qui \u00e9tait raisonnablement n\u00e9cessaire pour une recherche correcte, le joueur encourt <strong><em>la p\u00e9nalit\u00e9 g\u00e9n\u00e9rale pour infraction \u00e0 la R\u00e8gle 8.1a<\/em><\/strong>.<br>En essayant de trouver et d\u2019identifier la balle, le joueur peut enlever des d\u00e9tritus comme autoris\u00e9 par la R\u00e8gle 15.1 et peut enlever des obstructions amovibles comme autoris\u00e9 par la R\u00e8gle 15.2 <br><strong>7.1b Sable, affectant le lie de la balle d\u2019un joueur, d\u00e9plac\u00e9 en essayant de trouver ou d\u2019identifier la balle<\/strong><br>\u2022 Le joueur doit recr\u00e9er le lie d\u2019origine dans le sable, mais il peut laisser une petite partie de la balle visible si la balle \u00e9tait recouverte par le sable.<br>\u2022 Si le joueur joue la balle sans avoir recr\u00e9\u00e9 le lie d\u2019origine, le joueur encourt l<strong><em>a p\u00e9nalit\u00e9 g\u00e9n\u00e9rale<\/em><\/strong>.<br><strong>7.2 Identifier la balle<\/strong><br>Une balle au repos d\u2019un joueur peut \u00eatre identifi\u00e9e de n\u2019importe laquelle de ces mani\u00e8res :<br>\u2022 Par le joueur ou n\u2019importe qui d\u2019autre voyant une balle venir reposer dans des circonstances o\u00f9 il est av\u00e9r\u00e9 qu\u2019il s\u2019agit de la balle du joueur.<br>\u2022 En voyant la marque d\u2019identification du joueur sur la balle (voir R\u00e8gle 6.3a), mais ceci ne s\u2019applique pas si une balle identique avec une marque d\u2019identification identique est \u00e9galement trouv\u00e9e dans la m\u00eame zone.<br>\u2022 En trouvant une balle avec la m\u00eame marque, le m\u00eame mod\u00e8le, le m\u00eame num\u00e9ro et dans le m\u00eame \u00e9tat que celle utilis\u00e9e par le joueur, dans un endroit o\u00f9 la balle du joueur est suppos\u00e9e \u00eatre, mais ceci ne s\u2019applique pas si une balle identique repose dans le m\u00eame endroit et qu\u2019il n\u2019y a aucun moyen de<br>dire laquelle est la balle du joueur.<br>Si la balle provisoire d\u2019un joueur ne peut \u00eatre distingu\u00e9e de sa balle d\u2019origine, voir la R\u00e8gle 18.3c(2).<\/p>\n\n\n\n<p class=\"has-black-color has-background-color-background-color has-text-color has-background has-link-color wp-elements-47f7a3fde72a14a1ba2a5e2e4ef4e821\"><strong>7.3 Relever la balle pour l\u2019identifier<\/strong><br>Si une balle peut \u00eatre la balle du joueur mais qu\u2019il est impossible de l\u2019identifier telle qu\u2019elle repose :<br>\u2022 Le joueur peut relever la balle pour l\u2019identifier (y compris en la faisant tourner), mais :<br>\u2022 L\u2019emplacement de la balle doit \u00eatre d\u2019abord marqu\u00e9, et la balle ne doit pas \u00eatre nettoy\u00e9e plus que n\u00e9cessaire \u00e0 son identification (sauf sur le green) (voir R\u00e8gle 14.1).<br>Si la balle relev\u00e9e est celle du joueur ou celle d\u2019un autre joueur, elle doit \u00eatre replac\u00e9e \u00e0 son emplacement d\u2019origine (voir R\u00e8gle 14.2).<br>Si le joueur rel\u00e8ve sa balle selon cette R\u00e8gle alors que ce n\u2019est pas raisonnablement n\u00e9cessaire pour l\u2019identifier (sauf sur le green o\u00f9 le joueur peut la relever selon la R\u00e8gle 13.1b), s\u2019il omet de marquer l\u2019emplacement de la balle avant de la relever ou s\u2019il la nettoie alors que ce n\u2019est pas autoris\u00e9, le joueur encourt <strong><em>un coup de p\u00e9nalit\u00e9<\/em><\/strong>.<br><strong><em>P\u00e9nalit\u00e9 pour avoir jou\u00e9 une balle d\u2019un mauvais endroit en infraction avec la R\u00e8gle 7.3 : p\u00e9nalit\u00e9 g\u00e9n\u00e9rale selon la R\u00e8gle 14.7a.<\/em><\/strong><\/p>\n\n\n\n<p class=\"has-black-color has-background-color-background-color has-text-color has-background has-link-color wp-elements-1897ac8fb018cf36d8bedbe71af29563\"><strong>7.4 Balle accidentellement d\u00e9plac\u00e9e en essayant de la trouver ou de l\u2019identifier<\/strong><br>Il n\u2019y a pas de p\u00e9nalit\u00e9 si la balle du joueur est d\u00e9plac\u00e9e accidentellement par le joueur, l\u2019adversaire, ou n\u2019importe qui d\u2019autre en essayant de la trouver ou de l\u2019identifier. Mais, si le joueur cause le d\u00e9placement de la balle avant le d\u00e9but de la recherche de la balle, le joueur encourt un coup de p\u00e9nalit\u00e9 selon la R\u00e8gle 9.4b.<br>Pour l\u2019application de cette R\u00e8gle, le terme \u00ab accidentellement \u00bb inclut le d\u00e9placement de la balle par n\u2019importe quelle personne entreprenant des actions raisonnables pour trouver la balle, actions qui sont susceptibles de r\u00e9v\u00e9ler l\u2019emplacement de la balle en la d\u00e9pla\u00e7ant (par ex. en balayant avec les pieds<br>dans de l\u2019herbe haute, ou en secouant un arbre).<br>Dans ces situations, la balle doit \u00eatre replac\u00e9e \u00e0 son emplacement d\u2019origine (qui, s\u2019il n\u2019est pas connu, doit \u00eatre estim\u00e9) (voir R\u00e8gle 14.2). En proc\u00e9dant ainsi :<br>\u2022 Si la balle reposait sur, sous ou contre toute obstruction inamovible, \u00e9l\u00e9ment partie int\u00e9grante, \u00e9l\u00e9ment de limites, ou tout \u00e9l\u00e9ment naturel poussant ou fix\u00e9, la balle doit \u00eatre replac\u00e9e \u00e0 son emplacement d\u2019origine sur, sous ou contre de tels \u00e9l\u00e9ments (voir R\u00e8gle 14.2c).<br>\u2022 Si la balle \u00e9tait recouverte par du sable, le lie d\u2019origine doit \u00eatre recr\u00e9\u00e9 et la balle replac\u00e9e dans ce lie (voir R\u00e8gle 14.2d(1)). Mais le joueur peut laisser une petite partie de la balle visible en agissant ainsi.<br>Voir aussi la R\u00e8gle 15.1a (restrictions sur le fait d\u2019enlever d\u00e9lib\u00e9r\u00e9ment certains d\u00e9tritus avant de replacer la balle).<br><strong><em>P\u00e9nalit\u00e9 pour infraction \u00e0 la R\u00e8gle 7.4 : p\u00e9nalit\u00e9 g\u00e9n\u00e9rale.<\/em><\/strong><\/p>\n","protected":false},"excerpt":{"rendered":"<p>Clarifications Objet de la R\u00e8gle :La R\u00e8gle 7 autorise le joueur \u00e0 entreprendre des actions raisonnables pour rechercher correctement sa balle en jeu apr\u00e8s chaque coup.\u2022 Mais le joueur doit cependant demeurer attentif, car une p\u00e9nalit\u00e9 lui sera appliqu\u00e9e si des actions excessives causent une am\u00e9lioration des conditions affectant son [&hellip;]<\/p>\n","protected":false},"author":8,"featured_media":9462,"parent":0,"menu_order":0,"comment_status":"closed","ping_status":"closed","template":"","meta":{"footnotes":""},"class_list":["post-9655","page","type-page","status-publish","has-post-thumbnail","hentry"],"_links":{"self":[{"href":"https:\/\/asgolfdepessac.com\/index.php\/wp-json\/wp\/v2\/pages\/9655","targetHints":{"allow":["GET"]}}],"collection":[{"href":"https:\/\/asgolfdepessac.com\/index.php\/wp-json\/wp\/v2\/pages"}],"about":[{"href":"https:\/\/asgolfdepessac.com\/index.php\/wp-json\/wp\/v2\/types\/page"}],"author":[{"embeddable":true,"href":"https:\/\/asgolfdepessac.com\/index.php\/wp-json\/wp\/v2\/users\/8"}],"replies":[{"embeddable":true,"href":"https:\/\/asgolfdepessac.com\/index.php\/wp-json\/wp\/v2\/comments?post=9655"}],"version-history":[{"count":0,"href":"https:\/\/asgolfdepessac.com\/index.php\/wp-json\/wp\/v2\/pages\/9655\/revisions"}],"wp:featuredmedia":[{"embeddable":true,"href":"https:\/\/asgolfdepessac.com\/index.php\/wp-json\/wp\/v2\/media\/9462"}],"wp:attachment":[{"href":"https:\/\/asgolfdepessac.com\/index.php\/wp-json\/wp\/v2\/media?parent=9655"}],"curies":[{"name":"wp","href":"https:\/\/api.w.org\/{rel}","templated":true}]}}