{"id":9661,"date":"2025-02-01T18:25:28","date_gmt":"2025-02-01T17:25:28","guid":{"rendered":"https:\/\/asgolfdepessac.com\/?page_id=9661"},"modified":"2025-02-09T08:13:02","modified_gmt":"2025-02-09T07:13:02","slug":"clarification-de-la-regle-7","status":"publish","type":"page","link":"https:\/\/asgolfdepessac.com\/index.php\/clarification-de-la-regle-7\/","title":{"rendered":"Clarification de la r\u00e8gle 7"},"content":{"rendered":"\n<p class=\"has-black-color has-background-color-background-color has-text-color has-background\"><strong>R\u00e8gle 7.1 Clarifications : rechercher correctement une balle<\/strong><br><strong>7.1a\/1 <\/strong>\u2013 Exemples d\u2019actions peu susceptibles de faire partie d\u2019une recherche correcte<br>Exemples d\u2019actions peu susceptibles d\u2019\u00eatre consid\u00e9r\u00e9es comme faisant partie d\u2019une recherche correcte, et qui entra\u00eeneront la p\u00e9nalit\u00e9 g\u00e9n\u00e9rale s\u2019il y a une am\u00e9lioration des conditions affectant le coup :<br>\u2022 Entreprendre une action dans la zone o\u00f9 la balle est cens\u00e9e reposer pour aplanir, au-del\u00e0 de ce qui est raisonnablement n\u00e9cessaire, des zones d\u2019herbe en y marchant ou en recherchant la balle ;<br>\u2022 D\u00e9lib\u00e9r\u00e9ment retirer du sol toute chose qui y pousse ; ou<br>\u2022 Casser une branche d\u2019arbre pour permettre un acc\u00e8s plus facile \u00e0 la balle alors qu\u2019elle aurait pu \u00eatre atteinte sans le faire.<\/p>\n\n\n\n<p class=\"has-black-color has-background-color-background-color has-text-color has-background\"><strong>R\u00e8gle 7.2 Clarifications : identifier une balle<\/strong><br><strong>7.2\/1<\/strong> \u2013 Identifier une balle qui ne peut \u00eatre r\u00e9cup\u00e9r\u00e9e<br>Si un joueur voit une balle dans un arbre ou dans quelque autre endroit et qu\u2019il n\u2019est pas capable de la r\u00e9cup\u00e9rer, le joueur ne peut pas supposer que c\u2019est la sienne, mais doit plut\u00f4t l\u2019identifier de l\u2019une des mani\u00e8res d\u00e9crites dans la R\u00e8gle 7.2.<br>Bien que le joueur soit incapable de r\u00e9cup\u00e9rer la balle, cette identification peut, par exemple, \u00eatre r\u00e9alis\u00e9e:<br>\u2022 En utilisant des jumelles ou un appareil de mesure de distance pour voir une marque qui identifie absolument la balle comme \u00e9tant celle du joueur, ou<br>\u2022 En \u00e9tablissant qu\u2019un autre joueur ou un spectateur ont vu la balle venir reposer \u00e0 cet endroit sp\u00e9cifique suite au coup du joueur.<\/p>\n\n\n\n<p class=\"has-black-color has-background-color-background-color has-text-color has-background\"><strong>R\u00e8gle 7.4 &#8211; Clarifications : balle accidentellement d\u00e9plac\u00e9e en essayant de la trouver ou de l\u2019identifier<\/strong><br><strong>7.4\/1<\/strong>\u2013 Estimer l\u2019emplacement d\u2019origine o\u00f9 replacer une balle d\u00e9plac\u00e9e pendant une recherche<br>Quand la balle d\u2019un joueur est accidentellement d\u00e9plac\u00e9e pendant une recherche et que l\u2019emplacement d\u2019origine o\u00f9 elle doit \u00eatre replac\u00e9e doit \u00eatre estim\u00e9, le joueur devrait prendre en compte toutes les \u00e9vidences raisonnablement disponibles concernant la position o\u00f9 se trouvait la balle avant qu\u2019elle ne soit d\u00e9plac\u00e9e.<br>Par exemple, en estimant l\u2019emplacement d\u2019origine de la balle, le joueur devrait prendre en compte :<br>\u2022 La mani\u00e8re dont la balle a \u00e9t\u00e9 retrouv\u00e9e (par ex. soit en marchant dessus, soit en donnant un coup de pied, soit en la d\u00e9pla\u00e7ant \u00e0 la main ou en sondant avec un club),<br>\u2022 Le fait que la balle \u00e9tait visible ou pas, et<br>\u2022 La position de la balle par rapport au sol et \u00e0 tout objet poussant, par exemple si elle reposait contre de l\u2019herbe ou en dessous et \u00e0 quelle profondeur elle se trouvait dans l\u2019herbe.<br>En repla\u00e7ant la balle, le joueur n\u2019est pas tenu de replacer les d\u00e9tritus (par ex. des feuilles) qui ont pu \u00eatre d\u00e9plac\u00e9s puisque les d\u00e9tritus ne font pas partie du lie et que, dans beaucoup de cas, ce serait pratiquement impossible de reconstituer la situation d\u2019origine si les d\u00e9tritus devaient \u00eatre replac\u00e9s.<br>Par exemple, en recherchant une balle recouverte par des feuilles dans une zone \u00e0 p\u00e9nalit\u00e9, le joueur donne un coup de pied \u00e0 la balle et d\u00e9place les feuilles qui en \u00e9taient proches. Bien que la balle doive \u00eatre replac\u00e9e \u00e0 son emplacement d\u2019origine ou estim\u00e9, les feuilles n\u2019ont pas \u00e0 \u00eatre remises dans leur position d\u2019origine m\u00eame si la balle reposait certainement sous les feuilles.<br><strong>7.4\/2 <\/strong>\u2013 Signification de \u00ab essayer de trouver \u00bb<br>Dans la R\u00e8gle 7.4 et dans l\u2019Exception 2 de la R\u00e8gle 9.4 (Balle accidentellement d\u00e9plac\u00e9e avant qu\u2019elle ne soit trouv\u00e9e), il n\u2019y a pas de p\u00e9nalit\u00e9 si la balle est accidentellement d\u00e9plac\u00e9e en \u00ab essayant de la trouver \u00bb. L\u2019expression \u00ab essayer de la trouver \u00bb prend en compte des actions qui peuvent raisonnablement \u00eatre consid\u00e9r\u00e9es comme faisant partie de la recherche de la balle, y compris les actions autoris\u00e9es par la R\u00e8gle 7.1 (Rechercher correctement la balle). Cela ne comprend pas des actions entreprises avant que la recherche ne commence telles que marcher vers la zone o\u00f9 la balle est suppos\u00e9e \u00eatre.<br>Par exemple, la balle d\u2019un joueur est frapp\u00e9e en direction d\u2019une zone bois\u00e9e. Le joueur n\u2019est pas au courant que la balle a heurt\u00e9 un arbre et est revenue en arri\u00e8re vers la zone de d\u00e9part. Alors que le joueur est encore \u00e0 quelque distance de la zone o\u00f9 il pense que se trouve probablement sa balle et avant de commencer la recherche, le joueur donne accidentellement un coup de pied \u00e0 sa balle. Comme<br>cette action n\u2019est pas survenue en essayant de trouver la balle, le joueur encourt un coup de p\u00e9nalit\u00e9 selon la R\u00e8gle 9.4b pour avoir provoqu\u00e9 accidentellement le d\u00e9placement de sa balle et il doit la replacer.<br><strong>7.4\/3<\/strong> \u2013 Balle d\u00e9plac\u00e9e alors que la recherche est momentan\u00e9ment interrompue<br>Dans la Clarification 7.4\/2 le joueur encourt une p\u00e9nalit\u00e9 si la balle est d\u00e9plac\u00e9e alors qu\u2019il n\u2019essaie pas de la trouver.<br>Toutefois, si un joueur d\u00e9place accidentellement sa balle alors que la recherche est momentan\u00e9ment interrompue suite \u00e0 des circonstances ind\u00e9pendantes de la volont\u00e9 du joueur, le joueur n\u2019encourt pas de p\u00e9nalit\u00e9 pour avoir d\u00e9plac\u00e9 la balle.<br>Par exemple :<br>\u2022 Le joueur arr\u00eate la recherche de sa balle pour s\u2019\u00e9carter du chemin d\u2019un autre groupe qui est en train de d\u00e9passer. En s\u2019\u00e9cartant, le joueur d\u00e9place accidentellement sa balle.<br>\u2022 Le Comit\u00e9 interrompt le jeu, le joueur commence \u00e0 quitter la zone et marche accidentellement sur sa balle et la d\u00e9place.<\/p>\n","protected":false},"excerpt":{"rendered":"<p>R\u00e8gle 7.1 Clarifications : rechercher correctement une balle7.1a\/1 \u2013 Exemples d\u2019actions peu susceptibles de faire partie d\u2019une recherche correcteExemples d\u2019actions peu susceptibles d\u2019\u00eatre consid\u00e9r\u00e9es comme faisant partie d\u2019une recherche correcte, et qui entra\u00eeneront la p\u00e9nalit\u00e9 g\u00e9n\u00e9rale s\u2019il y a une am\u00e9lioration des conditions affectant le coup :\u2022 Entreprendre une action [&hellip;]<\/p>\n","protected":false},"author":8,"featured_media":9462,"parent":0,"menu_order":0,"comment_status":"closed","ping_status":"closed","template":"","meta":{"footnotes":""},"class_list":["post-9661","page","type-page","status-publish","has-post-thumbnail","hentry"],"_links":{"self":[{"href":"https:\/\/asgolfdepessac.com\/index.php\/wp-json\/wp\/v2\/pages\/9661","targetHints":{"allow":["GET"]}}],"collection":[{"href":"https:\/\/asgolfdepessac.com\/index.php\/wp-json\/wp\/v2\/pages"}],"about":[{"href":"https:\/\/asgolfdepessac.com\/index.php\/wp-json\/wp\/v2\/types\/page"}],"author":[{"embeddable":true,"href":"https:\/\/asgolfdepessac.com\/index.php\/wp-json\/wp\/v2\/users\/8"}],"replies":[{"embeddable":true,"href":"https:\/\/asgolfdepessac.com\/index.php\/wp-json\/wp\/v2\/comments?post=9661"}],"version-history":[{"count":0,"href":"https:\/\/asgolfdepessac.com\/index.php\/wp-json\/wp\/v2\/pages\/9661\/revisions"}],"wp:featuredmedia":[{"embeddable":true,"href":"https:\/\/asgolfdepessac.com\/index.php\/wp-json\/wp\/v2\/media\/9462"}],"wp:attachment":[{"href":"https:\/\/asgolfdepessac.com\/index.php\/wp-json\/wp\/v2\/media?parent=9661"}],"curies":[{"name":"wp","href":"https:\/\/api.w.org\/{rel}","templated":true}]}}