{"id":9668,"date":"2025-02-01T18:35:48","date_gmt":"2025-02-01T17:35:48","guid":{"rendered":"https:\/\/asgolfdepessac.com\/?page_id=9668"},"modified":"2025-02-12T17:03:33","modified_gmt":"2025-02-12T16:03:33","slug":"regle-n10-preparation-et-jeu-dun-coup-conseil-et-aide-cadets","status":"publish","type":"page","link":"https:\/\/asgolfdepessac.com\/index.php\/regle-n10-preparation-et-jeu-dun-coup-conseil-et-aide-cadets\/","title":{"rendered":"R\u00e8gle n\u00b010 &#8211; Pr\u00e9paration et jeu d&rsquo;un coup; Conseil et aide; Cadets"},"content":{"rendered":"\n<p class=\"has-text-align-center has-black-color has-background-color-background-color has-text-color has-background has-link-color has-medium-font-size wp-elements-444127deb7220372b1d961fd71631abd\"><strong><a href=\"https:\/\/asgolfdepessac.com\/index.php\/clarification-de-la-regle-10\/\">Clarifications<\/a><\/strong><\/p>\n\n\n\n<p class=\"has-black-color has-background-color-background-color has-text-color has-background\" id=\"R10\">Objet de la R\u00e8gle :<br>La R\u00e8gle 10 traite de comment pr\u00e9parer et jouer un coup, y compris les conseils et aides diverses que le joueur peut obtenir des autres (y compris des cadets).<br>Le principe sous-jacent est que le golf est un jeu d\u2019habilet\u00e9 et un challenge personnel.<br><strong>10.1 Jouer un coup<\/strong><br>Objet de la R\u00e8gle :<br>La R\u00e8gle 10.1 traite de comment jouer un coup et des diff\u00e9rentes actions qui sont interdites en jouant un coup. Un coup est jou\u00e9 en frappant franchement une balle avec la t\u00eate d\u2019un club. Le challenge fondamental est de diriger et de contr\u00f4ler le mouvement de tout le club en faisant un swing libre sans ancrer le club.<br><strong>10.1a Frapper franchement la balle<\/strong><br>En jouant un coup :<br>\u2022 Le joueur doit frapper franchement la balle avec n\u2019importe quelle partie de la t\u00eate du club de telle mani\u00e8re qu\u2019il y ait seulement un bref contact entre le club et la balle, et il ne doit pas pousser, faire riper ou cueillir la balle.<br>\u2022 Si le club du joueur frappe accidentellement la balle plus d\u2019une fois, il y a seulement un coup et il n\u2019y a pas de p\u00e9nalit\u00e9.<br><strong>10.1b Ancrer le club<\/strong><br>En jouant un coup, le joueur ne doit pas ancrer le club :<br>\u2022 Soit directement, en tenant le club, ou une main tenant le club, contre une partie quelconque du corps (sauf que le joueur peut tenir le club, ou une main tenant le club, contre une main ou un avant-bras),<br>\u2022 Soit indirectement, par l\u2019utilisation d\u2019un \u00ab point d\u2019ancrage \u00bb, en maintenant un avant-bras en contact avec une partie quelconque du corps pour utiliser une main tenant le club comme point stable autour duquel l\u2019autre main peut faire balancer le club.<br>Si le club du joueur, la main le tenant ou l\u2019avant-bras touchent simplement le corps du joueur ou ses habits pendant le coup, sans avoir \u00e9t\u00e9 maintenu contre le corps, il n\u2019y a pas d\u2019infraction \u00e0 cette R\u00e8gle.<br>Pour l\u2019application de cette R\u00e8gle, \u00ab avant-bras \u00bb d\u00e9signe la partie du bras sous l\u2019articulation du coude, y compris le poignet.<br><em>Voir R\u00e8gles 25.3b et 25.4h (modification de la R\u00e8gle 10.1b pour les joueurs amput\u00e9s et ceux utilisant un dispositif d\u2019assistance \u00e0 la mobilit\u00e9).<\/em><br><strong>10.1c Jouer un coup en se tenant sur ou de part et d\u2019autre de la ligne de jeu<\/strong><br>Le joueur ne doit pas jouer un coup en prenant un stance avec les pieds d\u00e9lib\u00e9r\u00e9ment plac\u00e9s de part et d\u2019autre de la ligne de jeu ou d\u2019une extension de cette ligne derri\u00e8re la balle, ou avec l\u2019un des pieds touchant d\u00e9lib\u00e9r\u00e9ment la ligne de jeu ou une extension de cette ligne derri\u00e8re la balle.<br>Pour cette R\u00e8gle uniquement, la ligne de jeu ne comprend pas de distance raisonnable de part et d\u2019autre de cette ligne.<br><strong>Exception<\/strong> \u2013 il n\u2019y a pas de p\u00e9nalit\u00e9 si le stance est pris accidentellement ou pour \u00e9viter la ligne de jeu d\u2019un autre joueur.<br><em>Voir R\u00e8gle 25.4i (pour les joueurs utilisant un dispositif d\u2019assistance \u00e0 la mobilit\u00e9 ; la modification de la R\u00e8gle 10.1c inclut le stance pris avec n\u2019importe quelle partie du dispositif d\u2019assistance \u00e0 la mobilit\u00e9).<\/em><br><strong>10.1d Jouer une balle en mouvement<\/strong><br>Un joueur ne doit pas jouer un coup sur une balle en mouvement :<br>\u2022 Une balle en jeu est en \u00ab mouvement \u00bb lorsqu\u2019elle n\u2019est pas au repos sur un emplacement.<br>\u2022 Si une balle qui est au repos oscille mais reste ou revient \u00e0 son emplacement d\u2019origine, elle est consid\u00e9r\u00e9e \u00eatre au repos et n\u2019est pas une balle en mouvement.<br>Mais il y a trois exceptions o\u00f9 il n\u2019y a pas de p\u00e9nalit\u00e9 :<br><strong>Exception 1<\/strong> \u2013 La balle commence \u00e0 se d\u00e9placer apr\u00e8s que le joueur a commenc\u00e9 le backswing pour le coup : jouer un coup sur une balle en mouvement dans cette situation est couvert par la R\u00e8gle 9.1b, et non par cette R\u00e8gle.<br><strong>Exception 2<\/strong> \u2013 Balle tombant du tee : jouer un coup sur une balle tombant d\u2019un tee est couvert par la R\u00e8gle 6.2b(5), et non par cette R\u00e8gle.<br><strong>Exception 3 <\/strong>\u2013 Balle se d\u00e9pla\u00e7ant dans l\u2019eau : lorsqu\u2019une balle se d\u00e9place dans de l\u2019eau temporaire ou dans l\u2019eau dans une zone \u00e0 p\u00e9nalit\u00e9 :<br>\u2022 Le joueur peut jouer un coup sur la balle en mouvement sans p\u00e9nalit\u00e9, ou<br>\u2022 Le joueur peut se d\u00e9gager selon la R\u00e8gle 16.1 ou 17, et peut relever la balle en mouvement.<br>Dans les deux cas, le joueur ne doit pas retarder le jeu de mani\u00e8re d\u00e9raisonnable (voir R\u00e8gle 5.6a) pour permettre au vent ou au courant de d\u00e9placer la balle vers un endroit plus favorable.<br>P\u00e9nalit\u00e9 pour avoir jou\u00e9 un coup en infraction avec la R\u00e8gle 10.1 : <strong><em>p\u00e9nalit\u00e9 g\u00e9n\u00e9rale.<\/em><\/strong><br>En stroke play, un coup jou\u00e9 en infraction avec cette R\u00e8gle compte et le joueur encourt <strong><em>deux coups de p\u00e9nalit\u00e9.<\/em><\/strong><\/p>\n\n\n\n<p class=\"has-black-color has-background-color-background-color has-text-color has-background\"><strong>10.2 Conseil et autres aides<\/strong><br>Objet de la R\u00e8gle :<br>Un challenge fondamental pour le joueur consiste \u00e0 d\u00e9cider de la strat\u00e9gie et des tactiques de jeu. Il y a donc des limites aux conseils et aux autres aides que le joueur peut obtenir pendant un tour.<br><strong>10.2a Conseil<\/strong><br>Pendant un tour, un joueur ne doit pas :<br>\u2022 Donner de conseil \u00e0 toute personne de la comp\u00e9tition jouant sur le parcours,<br>\u2022 Demander un conseil \u00e0 quiconque, autre que son cadet, ou<br>\u2022 Toucher l\u2019\u00e9quipement d\u2019un autre joueur pour avoir une information qui serait un conseil si elle \u00e9tait donn\u00e9e par l\u2019autre joueur ou lui \u00e9tait demand\u00e9e (par ex. toucher les clubs ou le sac de l\u2019autre joueur pour voir quel club est utilis\u00e9).<br>Cela ne s\u2019applique pas avant un tour, pendant que le jeu est interrompu selon la R\u00e8gle 5.7a ou entre les tours d\u2019une comp\u00e9tition.<br><strong><em>P\u00e9nalit\u00e9 pour infraction \u00e0 la R\u00e8gle 10.2a : p\u00e9nalit\u00e9 g\u00e9n\u00e9rale.<\/em><\/strong><br>Aussi bien en match play qu\u2019en stroke play, la p\u00e9nalit\u00e9 s\u2019applique de la fa\u00e7on suivante :<br>\u2022 Un joueur demande ou donne un conseil lorsque l\u2019un ou l\u2019autre joueur joue un trou. Le joueur encourt la p\u00e9nalit\u00e9 g\u00e9n\u00e9rale pour le trou en train d\u2019\u00eatre jou\u00e9 ou juste fini.<br>\u2022 Un joueur demande ou donne un conseil lorsque les deux joueurs sont entre le jeu de deux trous. Le joueur encourt la p\u00e9nalit\u00e9 g\u00e9n\u00e9rale pour le trou suivant.<br><em>Voir les R\u00e8gles 22, 23 et 24 (dans les formes de jeu impliquant des partenaires, un joueur peut donner des conseils \u00e0 son partenaire ou au cadet du partenaire et peut demander conseil au partenaire ou au cadet du partenaire).<\/em><br><strong>10.2b Autres aides<\/strong><br><strong>(1)<\/strong> Obtenir l\u2019aide de son cadet concernant la ligne de jeu ou d\u2019autres indications de direction. Lorsque le cadet du joueur aide le joueur concernant la ligne de jeu ou d\u2019autres indications de direction, le cadet est soumis aux restrictions suivantes :<br>\u2022 Le cadet ne doit pas poser un objet pouvant fournir une telle aide (et le joueur ne peut pas \u00e9viter la p\u00e9nalit\u00e9 en retirant cet objet avant que le coup ne soit jou\u00e9).<br>\u2022 Pendant que le coup est jou\u00e9, le cadet ne doit pas :<br>\u00bb Se tenir dans une position permettant au joueur de jouer dans sa direction, ou<br>\u00bb Faire n\u2019importe quoi d\u2019autre pour fournir une telle aide (par ex. indiquer un point sur le sol).<br>\u2022 Le cadet ne doit pas se tenir dans la zone restreinte lorsqu\u2019il n\u2019y est pas autoris\u00e9 par la R\u00e8gle 10.2b(4).<br>Mais, cette R\u00e8gle n\u2019interdit pas au cadet de se tenir \u00e0 proximit\u00e9 du trou pour prendre en charge le drapeau.<br><strong>(2)<\/strong> Obtenir de l\u2019aide de n\u2019importe quelle autre personne que le cadet concernant la ligne de jeu ou d\u2019autres indications de direction. Le joueur ne doit pas obtenir de l\u2019aide concernant la ligne de jeu ou d\u2019autres indications de direction de n\u2019importe quelle autre personne que son cadet sauf comme suit :<br>\u2022 Cette personne peut apporter de l\u2019aide en donnant des informations notoirement connues (comme d\u00e9signer un arbre qui indique le milieu d\u2019un fairway jou\u00e9 en aveugle).<br>\u2022 Sauf lorsque la balle du joueur est sur le green, cette personne peut se tenir dans une position vers laquelle le joueur doit jouer, mais elle doit s\u2019\u00e9carter avant que le coup ne soit jou\u00e9.<br>Mais, cette R\u00e8gle n\u2019interdit pas \u00e0 quiconque de se tenir \u00e0 proximit\u00e9 du trou pour prendre en charge le drapeau.<br><strong>(3)<\/strong> Ne pas poser un objet pour aider \u00e0 s\u2019aligner, prendre son stance ou ex\u00e9cuter un swing. Un joueur ne doit pas poser un objet pour l\u2019aider \u00e0 s\u2019aligner, ou pour l\u2019aider \u00e0 prendre son stance pour le coup \u00e0 jouer (par ex. poser un club au sol pour indiquer o\u00f9 le joueur devrait s\u2019aligner ou positionner ses pieds).<br>\u00ab Poser un objet \u00bb signifie que cet objet repose sur le sol et que le joueur ne touche pas l\u2019objet.<br>Si le joueur est en infraction avec cette R\u00e8gle, il ne peut pas \u00e9viter la p\u00e9nalit\u00e9 en retirant l\u2019objet avant que le coup ne soit jou\u00e9.<br>Cette R\u00e8gle s\u2019applique \u00e9galement \u00e0 une action dont le but est similaire, par ex. le joueur faisant une trace dans le sable ou la ros\u00e9e afin de l\u2019aider dans l\u2019ex\u00e9cution de son swing.<br>Cette R\u00e8gle ne s\u2019applique pas au marque-balle lorsqu\u2019il est utilis\u00e9 pour marquer l\u2019emplacement d\u2019une balle ou \u00e0 la balle lorsqu\u2019elle est plac\u00e9e \u00e0 un emplacement. Mais le cas d\u2019un marque-balle qui r\u00e9pond \u00e0 la d\u00e9finition d\u2019un \u00ab dispositif d\u2019alignement \u00bb dans les R\u00e8gles sur l\u2019\u00e9quipement est trait\u00e9 par la R\u00e8gle 4.3.<br><em>Voir R\u00e8gle 25.2c (modification de la R\u00e8gle 10.2b(3) pour les joueurs aveugles).<\/em><br><strong>(4)<\/strong> Zone restreinte pour le cadet avant que le joueur ne joue un coup. Quand un joueur commence \u00e0 prendre son stance pour jouer un coup (c\u2019est-\u00e0-dire qu\u2019il a au moins un pied positionn\u00e9 pour ce stance) et jusqu\u2019\u00e0 ce que le coup soit jou\u00e9, il existe des restrictions concernant le moment et la raison<br>pour lesquels le cadet d\u2019un joueur peut se tenir d\u00e9lib\u00e9r\u00e9ment sur ou \u00e0 proximit\u00e9 d\u2019une extension de la ligne de jeu derri\u00e8re la balle (c\u2019est la \u00ab zone restreinte \u00bb) comme suit :<br>\u2022 Alignement : le cadet ne doit pas se tenir dans la zone restreinte pour aider le joueur \u00e0 s\u2019aligner. Cette aide inclut le cas o\u00f9 le cadet s\u2019\u00e9loigne sans rien dire mais, en proc\u00e9dant de la sorte, donne en fait un signal au joueur qu\u2019il est bien align\u00e9 vers la cible vis\u00e9e. Mais, il n\u2019y a pas de p\u00e9nalit\u00e9, si le joueur se recule avant de jouer le coup et que le cadet se d\u00e9place pour ne plus \u00eatre dans la zone restreinte avant que le joueur ne recommence \u00e0 prendre son stance pour le coup.<br>\u2022 Aide autre que l\u2019alignement : si le cadet aide le joueur pour quelque chose de sp\u00e9cifique autre que l\u2019alignement (par ex. v\u00e9rifier si le club du joueur va heurter un arbre \u00e0 proximit\u00e9 pendant le backswing), le cadet peut se tenir dans la zone restreinte mais seulement si le cadet se d\u00e9place avant que le coup ne soit jou\u00e9 et \u00e0 condition que ce positionnement ne fasse pas partie d\u2019une routine r\u00e9guli\u00e8re.<br>Il n\u2019y a pas de p\u00e9nalit\u00e9 si le cadet se tient par inadvertance dans la zone restreinte.<br>Cette R\u00e8gle n\u2019interdit pas au joueur d\u2019obtenir de l\u2019aide en ayant une personne autre que son cadet dans la zone restreinte pour l\u2019aider \u00e0 suivre le vol de la balle.<br><em>Voir les R\u00e8gles 22, 23 et 24 (dans les formes de jeu impliquant des partenaires et des donneurs de conseil, les m\u00eames restrictions s\u2019appliquent pour un partenaire du joueur, le cadet du partenaire ou un donneur de conseil).<br>Voir R\u00e8gle 25.2d (modification de la R\u00e8gle 10.2b(4) pour les joueurs aveugles).<\/em><br><strong>(5)<\/strong> Aide physique, \u00e9limination des sources de distraction et protection contre les \u00e9l\u00e9ments. Un joueur ne doit pas jouer un coup :<br>\u2022 En obtenant de l\u2019aide physique de son cadet ou de toute autre personne,<br>ou<br>\u2022 Avec son cadet ou toute autre personne ou tout objet d\u00e9lib\u00e9r\u00e9ment plac\u00e9 pour :<br>\u00bb \u00c9liminer les sources de distraction, ou<br>\u00bb Le prot\u00e9ger du soleil, de la pluie, du vent ou d\u2019autres \u00e9l\u00e9ments.<br>Cette R\u00e8gle n\u2019interdit pas au joueur :<br>\u2022 De prendre ses propres dispositions pour se prot\u00e9ger contre les \u00e9l\u00e9ments lorsqu\u2019il joue un coup, par ex. en portant des v\u00eatements de protection ou en tenant un parapluie au-dessus de sa t\u00eate, ou<br>\u2022 De demander \u00e0 toute autre personne qui n\u2019a pas \u00e9t\u00e9 d\u00e9lib\u00e9r\u00e9ment positionn\u00e9e par le joueur, de rester en place ou de s\u2019\u00e9carter du jeu (par ex. lorsqu\u2019un spectateur cr\u00e9e de l\u2019ombre sur la balle du joueur).<br><strong>P\u00e9nalit\u00e9 pour infraction \u00e0 la R\u00e8gle 10.2b : <em>p\u00e9nalit\u00e9 g\u00e9n\u00e9rale.<\/em><\/strong><\/p>\n\n\n\n<p class=\"has-black-color has-background-color-background-color has-text-color has-background\"><strong>10.3 Cadets<\/strong><br>Objet de la R\u00e8gle :<br>Le joueur peut avoir un cadet pour transporter ses clubs, lui donner des conseils et d\u2019autres aides pendant le tour, mais il y a des limites \u00e0 ce que le cadet du joueur est autoris\u00e9 \u00e0 faire. Le joueur est responsable des actions du cadet pendant le tour et sera p\u00e9nalis\u00e9 si le cadet enfreint les R\u00e8gles.<br><strong>10.3a Le cadet peut aider le joueur pendant un tour<\/strong><br><strong>(1)<\/strong> Joueur autoris\u00e9 \u00e0 n\u2019avoir qu\u2019un seul cadet \u00e0 tout moment. Un joueur peut avoir un cadet qui transporte et manipule ses clubs, lui donne des conseils et l\u2019aide de toute autre mani\u00e8re autoris\u00e9e pendant un tour, mais avec les restrictions suivantes :<br>\u2022 Le joueur ne doit pas avoir plus d\u2019un cadet \u00e0 n\u2019importe quel moment.<br>\u2022 Le joueur peut changer de cadet pendant un tour, mais il ne doit pas le faire temporairement dans le seul but d\u2019obtenir un conseil du nouveau cadet.<br>Que le joueur ait ou non un cadet, toute autre personne qui marche ou accompagne le joueur ou qui transporte d\u2019autres objets pour le joueur (par ex. une tenue de pluie, un parapluie ou de la nourriture et des boissons) n\u2019est pas le cadet du joueur sauf s\u2019il a \u00e9t\u00e9 d\u00e9sign\u00e9 comme tel par le joueur ou s\u2019il<br>transporte ou manipule les clubs du joueur.<br><strong>(2)<\/strong> Deux ou plusieurs joueurs peuvent partager un cadet. Lorsqu\u2019il existe un probl\u00e8me de R\u00e8gles concernant une action sp\u00e9cifique d\u2019un cadet partag\u00e9 et qu\u2019il faut d\u00e9terminer pour quel joueur l\u2019action a \u00e9t\u00e9 entreprise :<br>\u2022 Si l\u2019action du cadet a \u00e9t\u00e9 entreprise \u00e0 la demande sp\u00e9cifique de l\u2019un des joueurs partageant le cadet, l\u2019action a \u00e9t\u00e9 entreprise pour ce joueur.<br>\u2022 Si aucun de ces joueurs n\u2019a sp\u00e9cifiquement demand\u00e9 cette action, l\u2019action est consid\u00e9r\u00e9e avoir \u00e9t\u00e9 entreprise pour le joueur, partageant le cadet, dont la balle est en cause.<br>\u2022 Si aucun des joueurs partageant le cadet n\u2019a sp\u00e9cifiquement demand\u00e9 cette action et qu\u2019aucune des balles des joueurs n\u2019\u00e9taient impliqu\u00e9es, tous les joueurs partageant le cadet encourent la p\u00e9nalit\u00e9.<br><em>Voir R\u00e8gles 25.2, 25.4 et 25.5 (les joueurs ayant certaines d\u00e9ficiences peuvent \u00e9galement avoir l\u2019assistance d\u2019un aide).<br>Voir Proc\u00e9dures pour le Comit\u00e9, Section 8 ; R\u00e8gle locale type H-1 (le Comit\u00e9 peut adopter une R\u00e8gle locale interdisant ou exigeant l\u2019utilisation de cadets ou limitant le choix du joueur pour le cadet).<\/em><br>P\u00e9nalit\u00e9 pour infraction \u00e0 la R\u00e8gle 10.3a :<br>\u2022 Le joueur encourt la <em><strong>p\u00e9nalit\u00e9 g\u00e9n\u00e9rale<\/strong><\/em> pour chaque trou pendant lequel il est aid\u00e9 par plus d\u2019un cadet \u00e0 n\u2019importe quel moment.<br>\u2022 Si l\u2019infraction se produit ou se poursuit entre le jeu de deux trous, le joueur encourt la p\u00e9nalit\u00e9 g\u00e9n\u00e9rale pour le trou suivant.<br><strong>10.3b Ce qu\u2019un cadet peut faire<\/strong><br>Exemples de ce qu\u2019un cadet est autoris\u00e9 \u00e0 faire ou \u00e0 ne pas faire :<br><strong>(1)<\/strong> Actions toujours autoris\u00e9es. Un cadet peut toujours entreprendre les actions suivantes lorsque les R\u00e8gles les autorisent pour le joueur :<br>\u2022 Porter, transporter et manipuler les clubs du joueur et d\u2019autres \u00e9quipements (y compris conduire une voiturette ou tirer un chariot).<br>\u2022 Chercher la balle du joueur (R\u00e8gle 7.1).<br>\u2022 Donner des informations, des conseils ou toute autre aide avant qu\u2019un coup ne soit jou\u00e9 (R\u00e8gles 10.2a et 10.2b).<br>\u2022 Aplanir les bunkers ou entreprendre d\u2019autres actions pour prendre soin du parcours (R\u00e8gles 8.2 Exception, 8.3 Exception, et 12.2b(2) et (3)).<br>\u2022 Enlever du sable et de la terre meuble et r\u00e9parer des dommages sur le green (R\u00e8gle 13.1c).<br>\u2022 Enlever ou prendre en charge le drapeau (R\u00e8gle 13.2b).<br>\u2022 Relever la balle du joueur une fois qu\u2019il est raisonnable de penser (suite \u00e0 une action ou une d\u00e9claration) que le joueur va se d\u00e9gager selon une R\u00e8gle (R\u00e8gle 14.1b).<br>\u2022 Marquer l\u2019emplacement de la balle du joueur, la relever et la replacer sur le green (R\u00e8gles 14.1b Exception et 14.2b).<br>\u2022 Nettoyer la balle du joueur (R\u00e8gle 14.1c).<br><strong>\u2022 D\u00e9placer des d\u00e9tritus et des obstructions amovibles (R\u00e8gles 15.1 et 15.2).<br>(2)<\/strong> Actions autoris\u00e9es uniquement avec l\u2019autorisation du joueur. Un cadet ne peut entreprendre les actions suivantes que lorsque les R\u00e8gles autorisent le joueur \u00e0 les faire, et uniquement avec l\u2019autorisation du joueur (qui doit \u00eatre donn\u00e9e sp\u00e9cifiquement chaque fois et non pas pour l\u2019ensemble d\u2019un tour) :<br>\u2022 Restaurer des conditions qui ont \u00e9t\u00e9 d\u00e9grad\u00e9es apr\u00e8s que la balle du joueur est au repos (R\u00e8gle 8.1d).<br>\u2022 Lorsque la balle du joueur se trouve n\u2019importe o\u00f9 ailleurs que sur le green, relever la balle du joueur selon une R\u00e8gle exigeant qu\u2019elle soit replac\u00e9e (R\u00e8gle 14.1b).<br><strong>(3)<\/strong> Actions non autoris\u00e9es. Un cadet n\u2019est pas autoris\u00e9 \u00e0 entreprendre les actions suivantes pour le joueur:<br>\u2022 Conc\u00e9der le coup suivant, un trou ou le match \u00e0 l\u2019adversaire, ou se mettre d\u2019accord avec l\u2019adversaire sur le score du match (R\u00e8gle 3.2).<br>\u2022 Replacer une balle, \u00e0 moins que le cadet n\u2019ait relev\u00e9 ou d\u00e9plac\u00e9 la balle (R\u00e8gle 14.2b).<br>\u2022 Dropper ou placer une balle en prenant un d\u00e9gagement (R\u00e8gle 14.3).<br>\u2022 D\u00e9cider de prendre un d\u00e9gagement selon une R\u00e8gle (par ex. en consid\u00e9rant une balle injouable selon la R\u00e8gle 19 ou en se d\u00e9gageant d\u2019une condition anormale du parcours ou d\u2019une zone \u00e0 p\u00e9nalit\u00e9 selon la R\u00e8gle 16.1 ou 17) ; le cadet peut conseiller au joueur de le faire, mais c\u2019est le joueur qui doit d\u00e9cider.<br><strong>10.3c Le joueur est responsable des actions et infractions aux R\u00e8gles du cadet<\/strong><br>Un joueur est responsable des actions de son cadet \u00e0 la fois pendant un tour et pendant que le jeu est interrompu selon la R\u00e8gle 5.7a, mais pas avant ou apr\u00e8s un tour.<br>Si l\u2019action d\u2019un cadet enfreint une R\u00e8gle ou si cette action serait une infraction \u00e0 une R\u00e8gle si celle-ci \u00e9tait entreprise par le joueur, le joueur encourt la p\u00e9nalit\u00e9 selon la R\u00e8gle en question.<br>Lorsque l\u2019application d\u2019une R\u00e8gle d\u00e9pend de la connaissance ou non par le joueur de certains faits, la connaissance du joueur est consid\u00e9r\u00e9e comme int\u00e9grant ce qui est connu par son cadet.<\/p>\n","protected":false},"excerpt":{"rendered":"<p>Clarifications Objet de la R\u00e8gle :La R\u00e8gle 10 traite de comment pr\u00e9parer et jouer un coup, y compris les conseils et aides diverses que le joueur peut obtenir des autres (y compris des cadets).Le principe sous-jacent est que le golf est un jeu d\u2019habilet\u00e9 et un challenge personnel.10.1 Jouer un [&hellip;]<\/p>\n","protected":false},"author":8,"featured_media":9462,"parent":0,"menu_order":0,"comment_status":"closed","ping_status":"closed","template":"","meta":{"footnotes":""},"class_list":["post-9668","page","type-page","status-publish","has-post-thumbnail","hentry"],"_links":{"self":[{"href":"https:\/\/asgolfdepessac.com\/index.php\/wp-json\/wp\/v2\/pages\/9668","targetHints":{"allow":["GET"]}}],"collection":[{"href":"https:\/\/asgolfdepessac.com\/index.php\/wp-json\/wp\/v2\/pages"}],"about":[{"href":"https:\/\/asgolfdepessac.com\/index.php\/wp-json\/wp\/v2\/types\/page"}],"author":[{"embeddable":true,"href":"https:\/\/asgolfdepessac.com\/index.php\/wp-json\/wp\/v2\/users\/8"}],"replies":[{"embeddable":true,"href":"https:\/\/asgolfdepessac.com\/index.php\/wp-json\/wp\/v2\/comments?post=9668"}],"version-history":[{"count":0,"href":"https:\/\/asgolfdepessac.com\/index.php\/wp-json\/wp\/v2\/pages\/9668\/revisions"}],"wp:featuredmedia":[{"embeddable":true,"href":"https:\/\/asgolfdepessac.com\/index.php\/wp-json\/wp\/v2\/media\/9462"}],"wp:attachment":[{"href":"https:\/\/asgolfdepessac.com\/index.php\/wp-json\/wp\/v2\/media?parent=9668"}],"curies":[{"name":"wp","href":"https:\/\/api.w.org\/{rel}","templated":true}]}}