{"id":9670,"date":"2025-02-01T18:39:14","date_gmt":"2025-02-01T17:39:14","guid":{"rendered":"https:\/\/asgolfdepessac.com\/?page_id=9670"},"modified":"2025-02-12T17:27:56","modified_gmt":"2025-02-12T16:27:56","slug":"regle-n11-balle-en-mouvement-heurtant-accidentellement-une-personne-un-animal-ou-un-objet-actions-deliberees-pour-influer-une-balle-en-mouvement","status":"publish","type":"page","link":"https:\/\/asgolfdepessac.com\/index.php\/regle-n11-balle-en-mouvement-heurtant-accidentellement-une-personne-un-animal-ou-un-objet-actions-deliberees-pour-influer-une-balle-en-mouvement\/","title":{"rendered":"R\u00e8gle n\u00b011 &#8211; Balle en mouvement heurtant accidentellement une personne, un animal ou un objet; Actions d\u00e9lib\u00e9r\u00e9es pour influer une balle en mouvement"},"content":{"rendered":"\n<p class=\"has-text-align-center has-black-color has-background-color-background-color has-text-color has-background has-link-color has-medium-font-size wp-elements-d023c7a07d772b30812d5cea06942853\" id=\"R11\"><strong><a href=\"https:\/\/asgolfdepessac.com\/index.php\/clarification-de-la-regle-11\/\">Clarifications<\/a><\/strong><\/p>\n\n\n\n<p class=\"has-black-color has-background-color-background-color has-text-color has-background\">Objet de la R\u00e8gle :<br>La R\u00e8gle 11 traite de ce qu\u2019il faut faire si la balle en mouvement d\u2019un joueur heurte une personne, un animal, un \u00e9quipement ou quoi que ce soit d\u2019autre sur le parcours. Quand cela se produit accidentellement, il n\u2019y a pas de p\u00e9nalit\u00e9 et le joueur doit normalement accepter le r\u00e9sultat qu\u2019il soit favorable ou non, et jouer la balle \u00e0 l\u2019endroit o\u00f9 elle repose. La R\u00e8gle 11 emp\u00eache \u00e9galement un joueur<br>d\u2019entreprendre d\u00e9lib\u00e9r\u00e9ment des actions pour influer sur l\u2019endroit o\u00f9 toute balle en mouvement pourrait venir reposer.<br>Balle en mouvement heurtant accidentellement une personne, un animal ou un objet ; actions d\u00e9lib\u00e9r\u00e9es pour influer sur une balle en mouvement<br>Cette R\u00e8gle s\u2019applique chaque fois qu\u2019une balle en jeu est en mouvement (que ce soit apr\u00e8s un coup ou autrement), sauf lorsqu\u2019une balle a \u00e9t\u00e9 dropp\u00e9e dans une zone de d\u00e9gagement et n\u2019est pas encore au repos. Cette situation est couverte par la R\u00e8gle 14.3.<br><strong>11.1 Balle en mouvement heurtant accidentellement une personne ou une influence ext\u00e9rieure<\/strong><br><strong>11.1a Pas de p\u00e9nalit\u00e9 pour quelque joueur que ce soit<\/strong><br>Si une balle en mouvement d\u2019un joueur heurte accidentellement toute personne (y compris le joueur) ou influence ext\u00e9rieure :<br>\u2022 Il n\u2019y a de p\u00e9nalit\u00e9 pour aucun joueur.<br>\u2022 Cela est vrai m\u00eame si la balle heurte le joueur, l\u2019adversaire ou tout autre joueur ou l\u2019un de leurs cadets ou \u00e9quipements.<br><strong>Exception<\/strong> \u2013 Balle jou\u00e9e sur le green en stroke play : si la balle en mouvement du joueur heurte une autre balle au repos sur le green et que les deux balles \u00e9taient sur le green avant le coup, le joueur encourt la <strong><em>p\u00e9nalit\u00e9 g\u00e9n\u00e9rale (deux coups de p\u00e9nalit\u00e9)<\/em><\/strong>.<br><strong>11.1b Emplacement d\u2019o\u00f9 la balle doit \u00eatre jou\u00e9e<\/strong><br><strong>(1) <\/strong>Lorsqu\u2019une balle est jou\u00e9e de n\u2019importe o\u00f9 ailleurs que sur le green. Si la balle en mouvement d\u2019un joueur jou\u00e9e n\u2019importe o\u00f9 ailleurs que sur le green heurte accidentellement toute personne (y compris le joueur) ou influence ext\u00e9rieure (y compris un \u00e9quipement), la balle doit normalement \u00eatre jou\u00e9e<br>comme elle repose. Mais, si la balle vient reposer sur toute personne, tout animal ou toute influence ext\u00e9rieure en mouvement, le joueur ne doit pas jouer la balle comme elle repose. Au lieu de cela, le joueur doit se d\u00e9gager :<br>\u2022 Lorsque la balle vient reposer sur toute personne, tout animal ou toute influence ext\u00e9rieure en mouvement situ\u00e9s n\u2019importe o\u00f9 ailleurs que sur le green. Le joueur doit dropper la balle d\u2019origine, ou une autre balle, dans la zone de d\u00e9gagement suivante (voir R\u00e8gle 14.3) :<br>\u00bb Point de r\u00e9f\u00e9rence : le point estim\u00e9 directement en dessous de l\u2019endroit o\u00f9 la balle est venue reposer initialement sur la personne, l\u2019animal ou l\u2019influence ext\u00e9rieure en mouvement.<br>\u00bb Dimension de la zone de d\u00e9gagement mesur\u00e9e depuis le point de r\u00e9f\u00e9rence : une longueur de club, mais avec les restrictions suivantes :<br>\u00bb Restrictions sur la zone de d\u00e9gagement :<br>Elle doit \u00eatre dans la m\u00eame zone du parcours que le point de r\u00e9f\u00e9rence, et<br>Elle ne doit pas \u00eatre plus pr\u00e8s du trou que le point de r\u00e9f\u00e9rence.<br>\u2022 Lorsque la balle vient reposer sur toute personne, tout animal ou toute influence ext\u00e9rieure en mouvement situ\u00e9s sur le green. Le joueur doit placer la balle d\u2019origine, ou une autre balle, \u00e0 l\u2019emplacement estim\u00e9 directement en dessous de l\u2019endroit o\u00f9 la balle est venue reposer initiale<br>ment sur la personne, l\u2019animal ou l\u2019influence ext\u00e9rieure en mouvement, en appliquant les proc\u00e9dures pour replacer une balle selon les R\u00e8gles 14.2b(2) et 14.2e.<br><strong><em>P\u00e9nalit\u00e9 pour avoir jou\u00e9 une balle d\u2019un mauvais endroit en infraction avec la R\u00e8gle 11.1b(1) : p\u00e9nalit\u00e9 g\u00e9n\u00e9rale selon la R\u00e8gle 14.7a.<\/em><\/strong><br><strong>(2)<\/strong> Lorsqu\u2019une balle est jou\u00e9e sur le green. Si la balle en mouvement d\u2019un joueur jou\u00e9e sur le green heurte accidentellement le joueur ou une influence ext\u00e9rieure, la balle doit normalement \u00eatre jou\u00e9e comme elle repose.<br>Mais, s\u2019il est s\u00fbr ou quasiment certain que la balle en mouvement a heurt\u00e9 l\u2019un des \u00e9l\u00e9ments suivants sur le green, le joueur doit rejouer le coup en jouant la balle d\u2019origine, ou une autre balle, de l\u2019emplacement d\u2019o\u00f9 ce coup a \u00e9t\u00e9 jou\u00e9 (voir R\u00e8gle 14.6) :<br>\u2022 Toute personne autre que :<br>\u00bb le joueur, ou<br>\u00bb la personne ayant pris en charge le drapeau (cette situation est couverte par la R\u00e8gle 13.2b(2) et non par cette R\u00e8gle).<br>\u2022 Une obstruction amovible autre que :<br>\u00bb le club utilis\u00e9 pour jouer le coup,<br>\u00bb un marque-balle,<br>\u00bb une balle au repos sur le green (voir R\u00e8gle 11.1a pour l\u2019application ou non d\u2019une p\u00e9nalit\u00e9 en stroke play), ou<br>\u00bb un drapeau (cette situation est couverte par la R\u00e8gle 13.2b(2) et non par cette R\u00e8gle).<br>\u2022 Un animal autre que ceux (par ex. un insecte) d\u00e9finis comme un d\u00e9tritus.<br>Si le joueur rejoue le coup mais le fait d\u2019un mauvais endroit, il encourt la p\u00e9nalit\u00e9 g\u00e9n\u00e9rale selon la R\u00e8gle 14.7.<br>Si le joueur ne rejoue pas le coup, il encourt la p\u00e9nalit\u00e9 g\u00e9n\u00e9rale et le coup compte, mais le joueur n\u2019a pas jou\u00e9 d\u2019un mauvais endroit.<br><em>Voir R\u00e8gles 25.4k (pour les joueurs qui utilisent un dispositif d\u2019assistance \u00e0 la mobilit\u00e9, la R\u00e8gle 11.1b(2) est modifi\u00e9e de sorte qu\u2019une balle heurtant le dispositif est jou\u00e9e comme elle repose).<\/em><\/p>\n\n\n\n<p class=\"has-black-color has-background-color-background-color has-text-color has-background\"><strong>11.2 Balle en mouvement d\u00e9lib\u00e9r\u00e9ment d\u00e9vi\u00e9e, ou arr\u00eat\u00e9e, par une personne<\/strong><br><strong>11.2a Application de la R\u00e8gle 11.2<\/strong><br>Cette R\u00e8gle s\u2019applique seulement quand on est s\u00fbr ou quasiment certain qu\u2019une balle en mouvement d\u2019un joueur a d\u00e9lib\u00e9r\u00e9ment \u00e9t\u00e9 d\u00e9vi\u00e9e, ou arr\u00eat\u00e9e, par une personne, c\u2019est-\u00e0-dire lorsque :<br>\u2022 Une personne touche d\u00e9lib\u00e9r\u00e9ment la balle en mouvement, ou<br>\u2022 La balle en mouvement heurte n\u2019importe quel \u00e9quipement ou autre objet (sauf un marque-balle ou une autre balle au repos avant que la balle ne soit jou\u00e9e ou mise en mouvement autrement) ou toute personne (par ex. le cadet du joueur) qu\u2019un joueur a d\u00e9lib\u00e9r\u00e9ment positionn\u00e9 ou laiss\u00e9 \u00e0 un en<br>droit particulier afin que l\u2019\u00e9quipement, l\u2019objet ou la personne puisse d\u00e9vier ou arr\u00eater la balle en mouvement.<br><strong>Exception<\/strong> \u2013 Balle d\u00e9lib\u00e9r\u00e9ment d\u00e9vi\u00e9e, ou arr\u00eat\u00e9e, en match play alors qu\u2019il n\u2019y a raisonnablement aucune chance qu\u2019elle puisse entrer : le cas d\u2019une balle en mouvement d\u2019un adversaire qui est d\u00e9lib\u00e9r\u00e9ment d\u00e9vi\u00e9e, ou arr\u00eat\u00e9e, alors qu\u2019il n\u2019y a raisonnablement aucune chance qu\u2019elle puisse entrer, et que cela<br>est fait ou bien comme une concession, ou alors lorsque la balle doit \u00eatre entr\u00e9e pour partager le trou, est couvert par la R\u00e8gle 3.2a(1) ou 3.2b(1) et non par cette R\u00e8gle.<br>En ce qui concerne le droit d\u2019un joueur de faire relever une balle ou d\u00e9placer un marque-balle avant qu\u2019un coup ne soit jou\u00e9 s\u2019il croit raisonnablement que la balle ou le marque-balle pourrait aider ou g\u00eaner le jeu, voir la R\u00e8gle 15.3.<br><strong>11.2b Application de p\u00e9nalit\u00e9 au joueur<\/strong><br>\u2022 Un joueur encourt la p\u00e9nalit\u00e9 g\u00e9n\u00e9rale si d\u00e9lib\u00e9r\u00e9ment il d\u00e9vie, ou arr\u00eate, toute balle en mouvement.<br>\u2022 Cela est vrai, que ce soit la propre balle du joueur ou une balle jou\u00e9e par un adversaire ou un autre joueur en stroke play.<br><strong>Exception<\/strong> \u2013 Balle se d\u00e9pla\u00e7ant dans l\u2019eau : il n\u2019y a pas de p\u00e9nalit\u00e9 si un joueur rel\u00e8ve sa balle se d\u00e9pla\u00e7ant dans l\u2019eau dans de l\u2019eau temporaire ou dans une zone \u00e0 p\u00e9nalit\u00e9 en se d\u00e9gageant selon les R\u00e8gles 16.1 ou 17 (voir R\u00e8gle 10.1d Exception 3).<br><em>Voir R\u00e8gle 22.2 (en Foursome, chaque partenaire peut agir pour le compte du camp et une action du partenaire est consid\u00e9r\u00e9e comme une action du joueur) ; R\u00e8gle 23.5 (en Quatre balles, chaque partenaire peut agir pour le compte du camp et une action du partenaire concernant la balle ou l\u2019\u00e9quipement du joueur est consid\u00e9r\u00e9e comme une action du joueur).<\/em><br><strong>11.2c Endroit o\u00f9 doit \u00eatre jou\u00e9e une balle d\u00e9lib\u00e9r\u00e9ment d\u00e9vi\u00e9e, ou arr\u00eat\u00e9e<\/strong><br>Si l\u2019on est s\u00fbr ou quasiment certain que la balle en mouvement d\u2019un joueur a d\u00e9lib\u00e9r\u00e9ment \u00e9t\u00e9 d\u00e9vi\u00e9e, ou arr\u00eat\u00e9e, par une personne (que la balle ait \u00e9t\u00e9 retrouv\u00e9e ou non), elle ne doit pas \u00eatre jou\u00e9e comme elle repose. Au lieu de cela, le joueur doit se d\u00e9gager comme suit :<br><strong>(1)<\/strong> Coup jou\u00e9 de n\u2019importe o\u00f9 ailleurs que sur le green. Le joueur doit se d\u00e9gager en fonction de l\u2019emplacement estim\u00e9 o\u00f9 la balle serait venue reposer si elle n\u2019avait pas \u00e9t\u00e9 d\u00e9vi\u00e9e ou arr\u00eat\u00e9e :<br>\u2022 Lorsque la balle serait venue reposer n\u2019importe o\u00f9 sur le parcours ailleurs que sur le green. Le joueur doit dropper la balle d\u2019origine, ou une autre balle, dans la zone de d\u00e9gagement suivante (voir R\u00e8gle 14.3):<br>\u00bb Point de r\u00e9f\u00e9rence : le point estim\u00e9 o\u00f9 la balle serait venue reposer.<br>\u00bb Dimension de la zone de d\u00e9gagement mesur\u00e9e depuis le point de r\u00e9f\u00e9rence : une longueur de club, mais avec les restrictions suivantes :<br>\u00bb Restrictions sur la zone de d\u00e9gagement :<br>Elle doit \u00eatre dans la m\u00eame zone du parcours que le point de r\u00e9f\u00e9rence, et<br>Elle ne doit pas \u00eatre plus pr\u00e8s du trou que le point de r\u00e9f\u00e9rence.<br><strong>Exception<\/strong> &#8211; Balle estim\u00e9e \u00eatre venue reposer dans une zone \u00e0 p\u00e9nalit\u00e9 : si la position estim\u00e9e de la balle se situe dans une zone \u00e0 p\u00e9nalit\u00e9, le joueur n\u2019est pas tenu de se d\u00e9gager selon cette R\u00e8gle. Comme autre<br>possibilit\u00e9, le joueur peut se d\u00e9gager directement de la zone \u00e0 p\u00e9nalit\u00e9 selon la R\u00e8gle 17.1d en se basant sur le point estim\u00e9 o\u00f9 la balle aurait franchi en dernier la lisi\u00e8re de la zone \u00e0 p\u00e9nalit\u00e9.<br>\u2022 Lorsque la balle serait venue reposer sur le green. Le joueur doit placer la balle d\u2019origine, ou une autre balle, \u00e0 l\u2019emplacement estim\u00e9 o\u00f9 la balle serait venue reposer, en appliquant les proc\u00e9dures pour replacer une balle selon les R\u00e8gles 14.2b(2) et 14.2e.<br>\u2022 Lorsque la balle serait venue reposer hors limites. Le joueur doit prendre un d\u00e9gagement coup et distance selon la R\u00e8gle 18.2.<br><strong><em>P\u00e9nalit\u00e9 pour avoir jou\u00e9 une balle d\u2019un mauvais endroit en infraction avec la R\u00e8gle 11.2c(1) : p\u00e9nalit\u00e9 g\u00e9n\u00e9rale selon la R\u00e8gle 14.7a.<\/em><\/strong><br><strong>(2)<\/strong> Coup jou\u00e9 sur le green. Le joueur doit rejouer le coup en jouant la balle d\u2019origine, ou une autre balle, de l\u2019emplacement d\u2019o\u00f9 ce coup a \u00e9t\u00e9 jou\u00e9 (Voir R\u00e8gle 14.6).<br>Si le joueur rejoue le coup mais le fait d\u2019un mauvais endroit, il encourt la p\u00e9nalit\u00e9 g\u00e9n\u00e9rale selon la R\u00e8gle 14.7a.<br>Si le joueur ne rejoue pas le coup, il encourt la p\u00e9nalit\u00e9 g\u00e9n\u00e9rale et le coup compte, mais le joueur n\u2019a pas jou\u00e9 d\u2019un mauvais endroit.<\/p>\n\n\n\n<p class=\"has-black-color has-background-color-background-color has-text-color has-background\"><strong>11.3 Enlever d\u00e9lib\u00e9r\u00e9ment des objets ou modifier des conditions pour influer sur une balle en mouvement<\/strong><br>Lorsqu\u2019une balle est en mouvement, un joueur ne doit pas d\u00e9lib\u00e9r\u00e9ment entreprendre les actions suivantes pour influer sur l\u2019endroit o\u00f9 la balle (que ce soit la propre balle du joueur ou celle d\u2019un autre joueur) pourrait venir reposer :<br>\u2022 Modifier les conditions physiques en entreprenant toute action list\u00e9e dans la R\u00e8gle 8.1a (par ex. replacer un divot ou tasser une zone de gazon soulev\u00e9), ou<br>\u2022 Relever ou enlever :<br>\u00bb Un d\u00e9tritus (voir R\u00e8gle 15.1a, Exception 2), ou<br>\u00bb Une obstruction amovible (voir R\u00e8gle 15.2a, Exception 2).<br>Le joueur est en infraction avec cette R\u00e8gle pour avoir accompli ces actions d\u00e9lib\u00e9r\u00e9es m\u00eame si ces actions n\u2019influent pas sur l\u2019emplacement o\u00f9 la balle vient reposer.<br><strong>Exception<\/strong> \u2013 D\u00e9placer le drapeau, une balle au repos sur le green et l\u2019\u00e9quipement d\u2019un joueur : cette R\u00e8gle n\u2019interdit pas au joueur de relever ou de d\u00e9placer :<br>\u2022 Un drapeau retir\u00e9 du trou,<br>\u2022 Une balle au repos sur le green (voir R\u00e8gles 9.4, 9.5 et 14.1 pour savoir si une p\u00e9nalit\u00e9 s\u2019applique), ou<br>\u2022 Un \u00e9quipement appartenant \u00e0 n\u2019importe quel joueur (autre qu\u2019une balle au repos n\u2019importe o\u00f9 ailleurs que sur le green, ou un marque-balle n\u2019importe o\u00f9 sur le parcours).<br>Retirer le drapeau du trou (y compris en le prenant en charge) lorsqu\u2019une balle est en mouvement est couvert par la R\u00e8gle 13.2 et non par cette R\u00e8gle.<br><strong><em>P\u00e9nalit\u00e9 pour entreprendre une action interdite en infraction avec la R\u00e8gle 11.3 : p\u00e9nalit\u00e9 g\u00e9n\u00e9rale.<\/em><\/strong><br><em>Voir R\u00e8gle 22.2 (en Foursome, chaque partenaire peut agir pour le compte du camp et une action du partenaire est consid\u00e9r\u00e9e comme une action du joueur) ; R\u00e8gle 23.5 (en Quatre balles, chaque partenaire peut agir pour le compte du camp et une action du partenaire concernant la balle ou l\u2019\u00e9quipe<br>ment du joueur est consid\u00e9r\u00e9e comme une action du joueur).<\/em><\/p>\n\n\n\n<p class=\"has-header-text-color-color has-text-color\"><\/p>\n","protected":false},"excerpt":{"rendered":"<p>Clarifications Objet de la R\u00e8gle :La R\u00e8gle 11 traite de ce qu\u2019il faut faire si la balle en mouvement d\u2019un joueur heurte une personne, un animal, un \u00e9quipement ou quoi que ce soit d\u2019autre sur le parcours. Quand cela se produit accidentellement, il n\u2019y a pas de p\u00e9nalit\u00e9 et le [&hellip;]<\/p>\n","protected":false},"author":8,"featured_media":9462,"parent":0,"menu_order":0,"comment_status":"closed","ping_status":"closed","template":"","meta":{"footnotes":""},"class_list":["post-9670","page","type-page","status-publish","has-post-thumbnail","hentry"],"_links":{"self":[{"href":"https:\/\/asgolfdepessac.com\/index.php\/wp-json\/wp\/v2\/pages\/9670","targetHints":{"allow":["GET"]}}],"collection":[{"href":"https:\/\/asgolfdepessac.com\/index.php\/wp-json\/wp\/v2\/pages"}],"about":[{"href":"https:\/\/asgolfdepessac.com\/index.php\/wp-json\/wp\/v2\/types\/page"}],"author":[{"embeddable":true,"href":"https:\/\/asgolfdepessac.com\/index.php\/wp-json\/wp\/v2\/users\/8"}],"replies":[{"embeddable":true,"href":"https:\/\/asgolfdepessac.com\/index.php\/wp-json\/wp\/v2\/comments?post=9670"}],"version-history":[{"count":0,"href":"https:\/\/asgolfdepessac.com\/index.php\/wp-json\/wp\/v2\/pages\/9670\/revisions"}],"wp:featuredmedia":[{"embeddable":true,"href":"https:\/\/asgolfdepessac.com\/index.php\/wp-json\/wp\/v2\/media\/9462"}],"wp:attachment":[{"href":"https:\/\/asgolfdepessac.com\/index.php\/wp-json\/wp\/v2\/media?parent=9670"}],"curies":[{"name":"wp","href":"https:\/\/api.w.org\/{rel}","templated":true}]}}