{"id":9672,"date":"2025-02-01T18:40:24","date_gmt":"2025-02-01T17:40:24","guid":{"rendered":"https:\/\/asgolfdepessac.com\/?page_id=9672"},"modified":"2025-02-13T15:53:58","modified_gmt":"2025-02-13T14:53:58","slug":"regle-n12-bunkers","status":"publish","type":"page","link":"https:\/\/asgolfdepessac.com\/index.php\/regle-n12-bunkers\/","title":{"rendered":"R\u00e8gle n\u00b012 &#8211; Bunkers"},"content":{"rendered":"\n<p class=\"has-text-align-center has-black-color has-background-color-background-color has-text-color has-background has-link-color has-medium-font-size wp-elements-90259a57faa489d9ff21b836ab5777c1\"><strong><a href=\"https:\/\/asgolfdepessac.com\/index.php\/clarification-de-la-regle-12\/\">Clarifications<\/a><\/strong><\/p>\n\n\n\n<p class=\"has-black-color has-background-color-background-color has-text-color has-background\" id=\"R12\">Objet de la R\u00e8gle :<br>La R\u00e8gle 12 est une R\u00e8gle particuli\u00e8re pour les bunkers qui sont des zones sp\u00e9cialement pr\u00e9par\u00e9es dans le but de tester la capacit\u00e9 du joueur \u00e0 jouer une balle depuis le sable. Pour s\u2019assurer que le joueur est confront\u00e9 \u00e0 ce challenge, il y a des restrictions sur la possibilit\u00e9 de toucher le sable avant que le coup ne soit jou\u00e9 et sur l\u2019endroit o\u00f9 un d\u00e9gagement peut \u00eatre pris pour une balle reposant<br>dans un bunker.<br><strong>12.1 Balle dans un bunker<\/strong><br>Une balle est dans un bunker quand une partie quelconque de la balle :<br>\u2022 Touche le sable sur le sol \u00e0 l\u2019int\u00e9rieur de la lisi\u00e8re du bunker, ou<br>\u2022 Est \u00e0 l\u2019int\u00e9rieur de la lisi\u00e8re du bunker et repose :<br>\u00bb Sur le sol \u00e0 un endroit o\u00f9 du sable devrait normalement se trouver (par ex. lorsque le sable a \u00e9t\u00e9 souffl\u00e9 ou emport\u00e9 par l\u2019eau ou le vent), ou<br>\u00bb Sur ou dans un d\u00e9tritus, une obstruction amovible, une condition anormale du parcours ou un \u00e9l\u00e9ment partie int\u00e9grante qui touchent le sable dans le bunker ou sont sur le sol \u00e0 un endroit o\u00f9 du sable devrait normalement se trouver.<br>Si une balle repose sur de la terre, de l\u2019herbe ou sur tout autre \u00e9l\u00e9ment naturel poussant ou fix\u00e9 \u00e0 l\u2019int\u00e9rieur de la lisi\u00e8re du bunker sans toucher de sable, la balle n\u2019est pas dans le bunker.<br>Si une partie de la balle est \u00e0 la fois dans un bunker et dans une autre zone du parcours, voir la R\u00e8gle 2.2c.<\/p>\n\n\n\n<p class=\"has-black-color has-background-color-background-color has-text-color has-background\"><strong>12.2 Jouer une balle dans un bunker<\/strong><br>Cette R\u00e8gle s\u2019applique \u00e0 la fois pendant un tour et pendant que le jeu est interrompu selon la R\u00e8gle 5.7a.<br><strong>12.2a Retirer des d\u00e9tritus et des obstructions amovibles<\/strong><br>Avant de jouer une balle dans un bunker, un joueur peut retirer des d\u00e9tritus, selon la R\u00e8gle 15.1, et des obstructions amovibles, selon la R\u00e8gle 15.2.<br>Cela inclut le fait de toucher ou de d\u00e9placer de fa\u00e7on raisonnable du sable dans le bunker en entreprenant de telles actions.<br><strong>12.2b Restrictions sur la possibilit\u00e9 de toucher le sable dans un bunker<\/strong><br><strong>(1)<\/strong> Situations o\u00f9 toucher le sable implique une p\u00e9nalit\u00e9. Avant de jouer un coup sur une balle dans un bunker, un joueur ne doit pas :<br>\u2022 Toucher d\u00e9lib\u00e9r\u00e9ment le sable dans le bunker avec une main, un club, un r\u00e2teau ou un autre objet pour tester l\u2019\u00e9tat du sable afin d\u2019obtenir des informations pour le coup suivant, ou<br>\u2022 Toucher le sable dans le bunker avec un club :<br>\u00bb Dans la zone juste devant ou juste derri\u00e8re la balle (sauf comme autoris\u00e9 selon la R\u00e8gle 7.1a en cherchant correctement une balle, ou selon la R\u00e8gle 12.2a en retirant un d\u00e9tritus ou une obstruction amovible),<br>\u00bb En faisant un swing d\u2019essai, ou<br>\u00bb En faisant le backswing pour un coup.<br><em>Voir R\u00e8gle 25.2f (modification de la R\u00e8gle 12.2b(1) pour les joueurs aveugles) ; R\u00e8gle 25.4l (application de la R\u00e8gle 12.2b(1) pour les joueurs utilisant un dispositif d\u2019assistance \u00e0 la mobilit\u00e9).<\/em><br><strong>(2) <\/strong>Situations o\u00f9 toucher le sable n\u2019implique pas de p\u00e9nalit\u00e9. Sauf dans les situations d\u00e9crites en (1), cette R\u00e8gle n\u2019interdit pas au joueur de toucher le sable dans le bunker de toute autre mani\u00e8re, y compris :<br>\u2022 En creusant avec les pieds pour prendre un stance pour un swing d\u2019essai ou pour le coup,<br>\u2022 En aplanissant le bunker pour prendre soin du parcours,<br>\u2022 En pla\u00e7ant des clubs, de l\u2019\u00e9quipement ou d\u2019autres objets dans le bunker (que ce soit en les jetant ou en les posant),<br>\u2022 En mesurant, marquant, relevant, repla\u00e7ant ou entreprenant toute autre action selon une R\u00e8gle,<br>\u2022 En s\u2019appuyant sur un club pour se reposer, garder son \u00e9quilibre ou \u00e9viter une chute, ou<br>\u2022 En frappant le sable de frustration ou de col\u00e8re.<br>Mais le joueur encourt la p\u00e9nalit\u00e9 g\u00e9n\u00e9rale si le fait de toucher le sable am\u00e9liore les conditions affectant le coup en infraction avec la R\u00e8gle 8.1a.<br><em>(Voir aussi les R\u00e8gles 8.2 et 8.3 pour les restrictions sur l\u2019am\u00e9lioration ou la d\u00e9gradation d\u2019autres conditions physiques affectant le jeu).<\/em><br><strong>(3)<\/strong> Aucune restriction apr\u00e8s que la balle est sortie du bunker. Apr\u00e8s que la balle dans un bunker a \u00e9t\u00e9 jou\u00e9e et qu\u2019elle est en dehors du bunker, ou que le joueur s\u2019est d\u00e9gag\u00e9 ou a l\u2019intention de se d\u00e9gager \u00e0 l\u2019ext\u00e9rieur du bunker, le joueur peut :<br>\u2022 Toucher le sable dans le bunker sans p\u00e9nalit\u00e9 selon la R\u00e8gle 12.2b(1), et<br>\u2022 Aplanir le sable dans le bunker pour prendre soin du parcours sans p\u00e9nalit\u00e9 selon la R\u00e8gle 8.1b.<br>Cela est vrai m\u00eame si la balle repose en dehors du bunker et que :<br>\u2022 Les R\u00e8gles exigent du joueur ou lui permettent de prendre un d\u00e9gagement coup et distance en droppant une balle dans le bunker, et<br>\u2022 Le sable dans le bunker est sur la ligne de jeu du joueur pour le coup suivant jou\u00e9 depuis l\u2019ext\u00e9rieur du bunker.<br>Mais, si la balle jou\u00e9e du bunker retourne par la suite dans le bunker, ou si le joueur se d\u00e9gage en droppant une balle dans le bunker, ou si le joueur d\u00e9cide de ne pas se d\u00e9gager \u00e0 l\u2019ext\u00e9rieur du bunker, les restrictions des R\u00e8gles 12.2b(1) et 8.1a s\u2019appliquent \u00e0 nouveau \u00e0 la balle en jeu dans le bunker.<br><strong><em>P\u00e9nalit\u00e9 pour infraction \u00e0 la R\u00e8gle 12.2 : p\u00e9nalit\u00e9 g\u00e9n\u00e9rale<\/em><\/strong>.<\/p>\n\n\n\n<p class=\"has-black-color has-background-color-background-color has-text-color has-background\"><strong>12.3 R\u00e8gles particuli\u00e8res de d\u00e9gagement quand la balle est dans un bunker<\/strong><br>Lorsqu\u2019une balle est dans un bunker, des R\u00e8gles particuli\u00e8res de d\u00e9gagement peuvent s\u2019appliquer dans les situations suivantes :<br>\u2022 Interf\u00e9rence avec une condition anormale du parcours (R\u00e8gle 16.1c),<br>\u2022 Interf\u00e9rence avec une situation dangereuse due \u00e0 un animal (R\u00e8gle 16.2), et<br>\u2022 Balle injouable (R\u00e8gle 19.3).<\/p>\n\n\n\n<p class=\"has-header-text-color-color has-text-color\"><\/p>\n","protected":false},"excerpt":{"rendered":"<p>Clarifications Objet de la R\u00e8gle :La R\u00e8gle 12 est une R\u00e8gle particuli\u00e8re pour les bunkers qui sont des zones sp\u00e9cialement pr\u00e9par\u00e9es dans le but de tester la capacit\u00e9 du joueur \u00e0 jouer une balle depuis le sable. Pour s\u2019assurer que le joueur est confront\u00e9 \u00e0 ce challenge, il y a [&hellip;]<\/p>\n","protected":false},"author":8,"featured_media":9462,"parent":0,"menu_order":0,"comment_status":"closed","ping_status":"closed","template":"","meta":{"footnotes":""},"class_list":["post-9672","page","type-page","status-publish","has-post-thumbnail","hentry"],"_links":{"self":[{"href":"https:\/\/asgolfdepessac.com\/index.php\/wp-json\/wp\/v2\/pages\/9672","targetHints":{"allow":["GET"]}}],"collection":[{"href":"https:\/\/asgolfdepessac.com\/index.php\/wp-json\/wp\/v2\/pages"}],"about":[{"href":"https:\/\/asgolfdepessac.com\/index.php\/wp-json\/wp\/v2\/types\/page"}],"author":[{"embeddable":true,"href":"https:\/\/asgolfdepessac.com\/index.php\/wp-json\/wp\/v2\/users\/8"}],"replies":[{"embeddable":true,"href":"https:\/\/asgolfdepessac.com\/index.php\/wp-json\/wp\/v2\/comments?post=9672"}],"version-history":[{"count":0,"href":"https:\/\/asgolfdepessac.com\/index.php\/wp-json\/wp\/v2\/pages\/9672\/revisions"}],"wp:featuredmedia":[{"embeddable":true,"href":"https:\/\/asgolfdepessac.com\/index.php\/wp-json\/wp\/v2\/media\/9462"}],"wp:attachment":[{"href":"https:\/\/asgolfdepessac.com\/index.php\/wp-json\/wp\/v2\/media?parent=9672"}],"curies":[{"name":"wp","href":"https:\/\/api.w.org\/{rel}","templated":true}]}}