{"id":9690,"date":"2025-02-02T22:51:05","date_gmt":"2025-02-02T21:51:05","guid":{"rendered":"https:\/\/asgolfdepessac.com\/?page_id=9690"},"modified":"2025-05-29T07:15:51","modified_gmt":"2025-05-29T05:15:51","slug":"clarification-de-la-regle-5","status":"publish","type":"page","link":"https:\/\/asgolfdepessac.com\/index.php\/clarification-de-la-regle-5\/","title":{"rendered":"Clarification de la r\u00e8gle 5"},"content":{"rendered":"\n<p class=\"has-black-color has-background-color-background-color has-text-color has-background\"><strong>R\u00e8gle 5.2 Clarifications : entra\u00eenement sur le parcours avant ou entre des tours<\/strong><br><strong>5.2\/1 <\/strong>\u2013 Signification de \u00ab parcours \u00bb dans la R\u00e8gle 5.2<br>Dans l\u2019application de la R\u00e8gle 5.2, le mot \u00ab parcours \u00bb (lorsqu\u2019il n\u2019est pas utilis\u00e9 comme une d\u00e9finition en italique) est utilis\u00e9 pour d\u00e9signer les trous utilis\u00e9s pour tous les tours de la comp\u00e9tition \u00e0 jouer ce jour-l\u00e0.<br>Exemples de cas o\u00f9 l\u2019entra\u00eenement est autoris\u00e9 avant un tour :<br>\u2022 Un joueur qui doit jouer une comp\u00e9tition sur un parcours peut jouer plus t\u00f4t sur l\u2019autre parcours, le m\u00eame jour, m\u00eame si les deux parcours sont situ\u00e9s sur la m\u00eame propri\u00e9t\u00e9 sans limites entre les deux.<br>\u2022 Un joueur qui doit jouer une comp\u00e9tition sur les trous 1 \u00e0 9 peut jouer sur les trous 10 \u00e0 18 plus t\u00f4t, le m\u00eame jour. (Nouvelle)<br><strong>5.2b\/1<\/strong> \u2013 Signification de \u00ab finir son dernier tour de la journ\u00e9e \u00bb en stroke play<br>En stroke play, un joueur a fini son dernier tour de la journ\u00e9e lorsqu\u2019il ne jouera plus de trous suppl\u00e9mentaires ce jour-l\u00e0 sur le parcours dans le cadre de la comp\u00e9tition.<br>Par exemple, apr\u00e8s avoir fini le jeu du premier tour le premier jour d\u2019une comp\u00e9tition de 36 trous sur deux jours, un joueur est autoris\u00e9 par la R\u00e8gle 5.2b \u00e0 s\u2019entra\u00eener sur le parcours de la comp\u00e9tition plus tard dans la journ\u00e9e d\u00e8s lors que son prochain tour ne commencera pas avant le lendemain.<br>Cependant, si le joueur finit un tour mais qu\u2019il jouera un autre tour ou une partie d\u2019un tour sur le parcours le m\u00eame jour, s\u2019entra\u00eener sur le parcours entre les tours enfreindrait la R\u00e8gle 5.2b.<br>Par exemple, apr\u00e8s avoir fini un tour de qualification en stroke play pour une comp\u00e9tition de match play, un joueur s\u2019entra\u00eene sur le parcours. Apr\u00e8s la fin du jeu, le joueur est \u00e0 \u00e9galit\u00e9 pour la derni\u00e8re place qualificative pour la comp\u00e9tition de match play. L\u2019\u00e9galit\u00e9 doit \u00eatre d\u00e9partag\u00e9e par un play-off en stroke play trou par trou pr\u00e9vu pour se jouer imm\u00e9diatement apr\u00e8s la fin du jeu le m\u00eame jour sur ce parcours.<br>Si l\u2019entra\u00eenement du joueur sur le parcours constituait sa premi\u00e8re infraction \u00e0 la R\u00e8gle 5.2b, le joueur encourt la p\u00e9nalit\u00e9 g\u00e9n\u00e9rale appliqu\u00e9e au premier trou du play-off. Dans le cas contraire, le joueur est disqualifi\u00e9 du play-off selon la R\u00e8gle 5.2b pour s\u2019\u00eatre entra\u00een\u00e9 sur le parcours avant le play-off.<br><strong>5.2b\/2<\/strong> \u2013 L\u2019entra\u00eenement peut \u00eatre autoris\u00e9 sur le parcours avant un tour dans une comp\u00e9tition qui se d\u00e9roule sur plusieurs jours cons\u00e9cutifs<br>Lorsqu\u2019une comp\u00e9tition est programm\u00e9e sur un parcours sur plusieurs jours cons\u00e9cutifs et que le Comit\u00e9 pr\u00e9voit que certains joueurs joueront le premier jour et d\u2019autres un jour ult\u00e9rieur, un joueur est autoris\u00e9 \u00e0 s\u2019entra\u00eener sur le parcours chaque jour o\u00f9 il n\u2019est pas pr\u00e9vu qu\u2019il joue son tour.<br>Par exemple, si une comp\u00e9tition est programm\u00e9e pour le samedi et le dimanche et qu\u2019un joueur ne doit jouer que le dimanche, ce joueur est autoris\u00e9 \u00e0 s\u2019entra\u00eener sur le parcours le samedi.<br><strong>5.2b\/<\/strong>3 \u2013 La r\u00e8gle 5.2b explique quand un joueur n&rsquo;est pas autoris\u00e9 \u00e0 s&rsquo;entrainer sur le parcours avant un tour en stroke play. L&rsquo;\u00e9nonc\u00e9 de la p\u00e9nalit\u00e9 dans la r\u00e8gle 5.2b ne se limite pas au fait de jouer un coup car le terme \u00ab\u00a0s&rsquo;entrainer sur le parcours\u00a0\u00bb inclut \u00e9galement tester la surface du green en faisant rouler une balle ou en frottant la surface.<br>Si un joueur frotte la surface d&rsquo;un seul green, il n&rsquo;a enfreint la r\u00e8gle 5.2b qu&rsquo;une seule fois, quel que soit soit le nombre de fois o\u00f9 il frotte la surface du m\u00eame green (d\u00e9cembre 2022)<\/p>\n\n\n\n<p class=\"has-black-color has-background-color-background-color has-text-color has-background\"><strong>R\u00e8gle 5.3 Clarifications : commencement et fin d\u2019un tour<\/strong><br><strong>5.3a\/1<\/strong> \u2013 Circonstances exceptionnelles qui justifient de ne pas appliquer la p\u00e9nalit\u00e9 pour l\u2019heure de d\u00e9part<br>L\u2019expression \u00ab circonstances exceptionnelles \u00bb dans l\u2019Exception 3 de la R\u00e8gle 5.3a ne signifie pas des \u00e9v\u00e9nements malheureux ou inattendus \u00e9chappant au contr\u00f4le d\u2019un joueur. Il est de la responsabilit\u00e9 du joueur de pr\u00e9voir suffisamment de temps pour arriver sur le parcours et de prendre en compte d\u2019\u00e9ventuels retards.<br>Il n\u2019y a pas de directive sp\u00e9cifique dans les R\u00e8gles pour d\u00e9cider de ce qui est exceptionnel, car cela d\u00e9pend des circonstances dans chaque cas et doit \u00eatre laiss\u00e9 \u00e0 la discr\u00e9tion du Comit\u00e9.<br>Un facteur important qui n\u2019appara\u00eet pas dans les exemples ci-dessous est qu\u2019une situation o\u00f9 de nombreux joueurs sont impliqu\u00e9s devrait \u00eatre prise en compte par le Comit\u00e9 et pourrait conduire celui-ci \u00e0 consid\u00e9rer cette situation comme exceptionnelle.<br>Exemples de circonstances \u00e0 consid\u00e9rer comme exceptionnelles :<br>\u2022 Le joueur \u00e9tait pr\u00e9sent sur les lieux d\u2019un accident et a fourni une assistance m\u00e9dicale ou a d\u00fb faire une d\u00e9claration en tant que t\u00e9moin, sans quoi il aurait pris son d\u00e9part \u00e0 l\u2019heure.<br>\u2022 Il y a une alarme incendie \u00e0 l\u2019h\u00f4tel du joueur et il doit \u00e9vacuer. Au moment o\u00f9 le joueur peut retourner dans sa chambre pour s\u2019habiller ou r\u00e9cup\u00e9rer son \u00e9quipement, le joueur ne peut plus respecter son heure de d\u00e9part.<br>Exemples de circonstances qui ne devraient pas \u00eatre consid\u00e9r\u00e9es comme exceptionnelles :<br>\u2022 Le joueur se perd ou sa voiture tombe en panne en chemin.<br>\u2022 Une circulation dense ou un accident entra\u00eene un trajet plus long que pr\u00e9vu.<br><strong>5.3a\/2<\/strong> \u2013 Signification de \u00ab point de d\u00e9part \u00bb<br>Dans la R\u00e8gle 5.3a, le \u00ab point de d\u00e9part \u00bb est la zone de d\u00e9part du trou o\u00f9 le joueur commencera son tour selon les prescriptions du Comit\u00e9.<br>Par exemple, le Comit\u00e9 peut faire partir des groupes du 1er tee et des groupes du 10e tee. Dans un \u00ab d\u00e9part en shotgun \u00bb, le Comit\u00e9 peut attribuer \u00e0 chaque groupe un trou diff\u00e9rent pour commencer.<br>Le Comit\u00e9 peut \u00e9tablir une norme pr\u00e9cisant ce que signifie pour le joueur \u00eatre au point de d\u00e9part. Par exemple, le Comit\u00e9 peut indiquer que, pour \u00eatre au point de d\u00e9part, le joueur doit \u00eatre dans les cordes de la zone de d\u00e9part du trou \u00e0 jouer.<br><strong>5.3a\/3 <\/strong>\u2013 Signification de \u00ab pr\u00eat \u00e0 jouer \u00bb<br>Le terme \u00ab pr\u00eat \u00e0 jouer \u00bb signifie que le joueur a au moins un club et une balle pr\u00eats \u00e0 \u00eatre utilis\u00e9s imm\u00e9diatement.<br>Par exemple, si un joueur arrive \u00e0 son point de d\u00e9part \u00e0 l\u2019heure de d\u00e9part avec une balle et un club (m\u00eame s\u2019il ne s\u2019agit que du putter du joueur), le joueur est consid\u00e9r\u00e9 \u00eatre pr\u00eat \u00e0 jouer. Si le joueur d\u00e9cidait d\u2019attendre qu\u2019on lui apporte un autre club lorsque c\u2019est son tour de jouer, il pourrait encourir une p\u00e9nalit\u00e9 pour avoir retard\u00e9 le jeu de mani\u00e8re d\u00e9raisonnable (R\u00e8gle 5.6a).<br><strong>5.3a\/4<\/strong> \u2013 Joueur au point de d\u00e9part mais quittant ensuite le point de d\u00e9part<br>Lorsqu\u2019un joueur est pr\u00eat \u00e0 jouer au point de d\u00e9part, mais quitte ensuite le point de d\u00e9part pour une raison quelconque, la R\u00e8gle qui s\u2019applique d\u00e9pend de s\u2019il est pr\u00eat \u00e0 jouer au point de d\u00e9part \u00e0 l\u2019heure de d\u00e9part, ou pas.<br>Par exemple, l\u2019heure de d\u00e9part d\u2019un joueur est 9h00 et il est pr\u00eat \u00e0 jouer au point de d\u00e9part \u00e0 8h57. Le joueur se rend compte qu\u2019il a laiss\u00e9 quelque chose dans un casier et quitte le point de d\u00e9part pour le chercher. Si le joueur ne revient pas au point de d\u00e9part \u00e0 9h00:00, le joueur est en retard par rapport \u00e0 son heure de d\u00e9part et la R\u00e8gle 5.3a s\u2019applique.<br>Cependant, si le joueur \u00e9tait pr\u00eat \u00e0 jouer au point de d\u00e9part \u00e0 9h00 et ensuite est all\u00e9 \u00e0 son casier, il peut encourir la p\u00e9nalit\u00e9 selon la R\u00e8gle 5.6a (Retard d\u00e9raisonnable) car il a satisfait aux exigences de la R\u00e8gle 5.3a en \u00e9tant pr\u00eat \u00e0 jouer au point de d\u00e9part \u00e0 l\u2019heure de d\u00e9part.<br><strong>5.3a\/5<\/strong> \u2013 Le match commence au deuxi\u00e8me trou lorsque les deux joueurs sont en retard<br>Lorsque les deux joueurs d\u2019un match arrivent en retard au point de d\u00e9part, pr\u00eats \u00e0 jouer pas plus de cinq minutes apr\u00e8s leur heure de d\u00e9part et qu\u2019aucun d\u2019eux n\u2019a de circonstances exceptionnelles (Exception 3), ils encourent tous les deux une p\u00e9nalit\u00e9 de perte de trou et donc le premier trou est partag\u00e9.<br>Par exemple, si l\u2019heure de d\u00e9part est 9h00 et que le joueur arrive au point de d\u00e9part pr\u00eat \u00e0 jouer \u00e0 9h02 tandis que son adversaire arrive pr\u00eat \u00e0 jouer \u00e0 9h04, ils encourent tous les deux une p\u00e9nalit\u00e9 de perte du trou m\u00eame si le joueur est arriv\u00e9 avant l\u2019adversaire (Exception 1). Par cons\u00e9quent, le premier trou est partag\u00e9 et le match commence sur le deuxi\u00e8me trou \u00e0 \u00e9galit\u00e9 (all square). Il n\u2019y a pas de p\u00e9nalit\u00e9 s\u2019ils jouent le premier trou pour rejoindre la zone de d\u00e9part du deuxi\u00e8me trou.<\/p>\n\n\n\n<p class=\"has-black-color has-background-color-background-color has-text-color has-background\"><strong>R\u00e8gle 5.5 Clarifications : entra\u00eenement pendant un tour ou pendant une interruption de jeu<\/strong><br><strong>5.5a\/1<\/strong> \u2013 Un coup d\u2019entra\u00eenement avec une balle de taille similaire \u00e0 celle d\u2019une balle conforme est une infraction<br>Un \u00ab coup d\u2019entra\u00eenement \u00bb selon la R\u00e8gle 5.5a couvre non seulement le fait de frapper une balle conforme avec un club, mais \u00e9galement le fait de frapper tout autre type de balle de taille similaire \u00e0 une balle de golf, par exemple une balle de practice en plastique.<br>Frapper un tee ou un objet naturel avec un club (par ex. une pierre ou une pomme de pin) n\u2019est pas un coup d\u2019entra\u00eenement.<br><strong>5.5c\/1<\/strong> \u2013 Les autorisations suppl\u00e9mentaires de s\u2019entra\u00eener en cas d\u2019interruption de jeu ne s\u2019appliquent plus quand le jeu reprend en stroke play<br>En stroke play, lorsque le Comit\u00e9 reprend le jeu apr\u00e8s son interruption, tous les joueurs qui avaient commenc\u00e9 leur tour avant l\u2019interruption sont consid\u00e9r\u00e9s avoir repris le jeu de leur tour. Par cons\u00e9quent, ces joueurs ne sont plus autoris\u00e9s \u00e0 s\u2019entra\u00eener autrement que comme autoris\u00e9 par la R\u00e8gle 5.5b (Restrictions sur les coups d\u2019entra\u00eenement entre le jeu de deux trous).<br>Par exemple, si le Comit\u00e9 interrompt le jeu pour la journ\u00e9e et d\u00e9cide que le jeu reprendra \u00e0 8h00 du matin le lendemain, un joueur dont le groupe sera le troisi\u00e8me groupe \u00e0 jouer depuis une zone de d\u00e9part particuli\u00e8re ne peut continuer \u00e0 s\u2019entra\u00eener sur la zone d\u2019entra\u00eenement autoris\u00e9e apr\u00e8s que le jeu a repris \u00e0 8h00 du matin.<br>Le tour du joueur a repris, m\u00eame si les joueurs de son groupe ne sont pas en mesure de jouer leurs prochains coups imm\u00e9diatement. Le seul entra\u00eenement autoris\u00e9 est de putter ou de faire des petites approches sur ou pr\u00e8s du green du dernier trou jou\u00e9, sur ou pr\u00e8s de tout green d\u2019entra\u00eenement ou sur ou pr\u00e8s de la zone de d\u00e9part du trou suivant.<\/p>\n\n\n\n<p class=\"has-black-color has-background-color-background-color has-text-color has-background\"><strong>R\u00e8gle 5.6 Clarifications : retard d\u00e9raisonnable ; cadence de jeu rapide<\/strong><br><strong>5.6a\/1<\/strong> \u2013 Exemples de retards consid\u00e9r\u00e9s raisonnables ou d\u00e9raisonnables<br>Les retards d\u00e9raisonnables dans le contexte de la R\u00e8gle 5.6a sont des retards caus\u00e9s par les actions d\u2019un joueur qui sont sous son contr\u00f4le et qui affectent d\u2019autres joueurs ou retardent la comp\u00e9tition. Les brefs retards r\u00e9sultant d\u2019\u00e9v\u00e9nements normaux se produisant pendant un tour ou hors de contr\u00f4le du joueur sont g\u00e9n\u00e9ralement consid\u00e9r\u00e9s comme \u00ab raisonnables \u00bb.<br>D\u00e9terminer quelles actions sont raisonnables ou d\u00e9raisonnables d\u00e9pend de toutes les circonstances, y compris celles o\u00f9 le joueur attend du fait d\u2019autres joueurs de son groupe ou du groupe devant.<br>Exemples d\u2019actions susceptibles d\u2019\u00eatre consid\u00e9r\u00e9es comme raisonnables :<br>\u2022 S\u2019arr\u00eater bri\u00e8vement au club-house pour se procurer de la nourriture ou des boissons.<br>\u2022 Prendre le temps de consulter les autres membres du groupe de jeu afin de d\u00e9cider s\u2019il convient de finir le trou lorsqu\u2019il y a une interruption normale par le Comit\u00e9 (R\u00e8gle 5.7b(2)).<br>Exemples d\u2019actions qui, si elles provoquent plus qu\u2019un bref retard de jeu, sont susceptibles d\u2019\u00eatre consid\u00e9r\u00e9es comme engendrant des d\u00e9lais d\u00e9raisonnables :<br>\u2022 Revenir \u00e0 la zone de d\u00e9part depuis le green pour r\u00e9cup\u00e9rer un club perdu.<br>\u2022 Continuer \u00e0 chercher une balle perdue pendant plusieurs minutes apr\u00e8s que le temps de recherche autoris\u00e9 de trois minutes a expir\u00e9.<br>\u2022 S\u2019arr\u00eater au club-house pour se procurer de la nourriture ou des boissons pendant plus de quelques minutes si le Comit\u00e9 ne l\u2019a pas autoris\u00e9.<br><strong>5.6a\/2<\/strong> \u2013 Un joueur qui tombe soudain malade ou se blesse peut normalement disposer de 15 minutes pour r\u00e9cup\u00e9rer<br>Si un joueur tombe soudain malade ou se blesse (par ex., \u00e9puisement d\u00fb \u00e0 la chaleur, piq\u00fbre d\u2019abeille ou balle de golf frappant le joueur), le Comit\u00e9 devrait normalement permettre \u00e0 ce joueur de disposer de 15 minutes pour r\u00e9cup\u00e9rer avant que la non reprise du jeu par le joueur ne soit consid\u00e9r\u00e9e comme retarder<br>d\u00e9raisonnablement le jeu.<br>Le Comit\u00e9 devrait normalement \u00e9galement appliquer ce m\u00eame d\u00e9lai au temps total utilis\u00e9 par un joueur pour recevoir des soins r\u00e9p\u00e9t\u00e9s pendant un tour pour soulager une blessure.<\/p>\n\n\n\n<p class=\"has-black-color has-background-color-background-color has-text-color has-background\"><strong>R\u00e8gle 5.7 Clarifications : interruption de jeu ; reprise du jeu<\/strong><br><strong>5.7a\/1 <\/strong>\u2013 Arr\u00eat du jeu par le joueur<br>Arr\u00eater le jeu dans le contexte de la R\u00e8gle 5.7a peut \u00eatre soit une action intentionnelle du joueur, soit un retard suffisamment long pour constituer une interruption. Les retards momentan\u00e9s, qu\u2019ils soient raisonnables ou d\u00e9raisonnables, sont couverts par la R\u00e8gle 5.6a (Retard d\u00e9raisonnable).<br>Exemples o\u00f9 le Comit\u00e9 est susceptible de disqualifier un joueur selon la R\u00e8gle 5.7a pour avoir interrompu le jeu :<br>\u2022 Le joueur quitte le parcours de frustration sans intention d\u2019y revenir.<br>\u2022 Le joueur s\u2019arr\u00eate au club-house apr\u00e8s neuf trous pour regarder la t\u00e9l\u00e9vision ou pour d\u00e9jeuner alors que le Comit\u00e9 ne l\u2019a pas autoris\u00e9.<br>\u2022 Le joueur s\u2019abrite de la pluie pendant un temps consid\u00e9rable.<br><strong>5.7b\/1<\/strong> \u2013 Dropper une balle apr\u00e8s que le jeu a \u00e9t\u00e9 interrompu n\u2019est pas un manquement \u00e0 l\u2019arr\u00eat du jeu<br>Apr\u00e8s une interruption de jeu, si un joueur proc\u00e8de selon une R\u00e8gle, par exemple en droppant une balle, en d\u00e9terminant le point le plus proche de d\u00e9gagement complet ou en continuant une recherche, il n\u2019y a pas de p\u00e9nalit\u00e9.<br>Toutefois, si le Comit\u00e9 a signal\u00e9 une interruption imm\u00e9diate, compte tenu de l\u2019objet de la R\u00e8gle 5.7b(1), il est recommand\u00e9 que tous les joueurs s\u2019abritent imm\u00e9diatement sans entreprendre d\u2019autres actions.<br><strong>5.7b(1)\/1<\/strong> \u2013 Circonstances justifiant qu\u2019un joueur n\u2019ait pas interrompu le jeu<br>Selon la R\u00e8gle 5.7b(1), si le Comit\u00e9 d\u00e9cide d\u2019une interruption imm\u00e9diate du jeu, tous les joueurs doivent arr\u00eater de jouer imm\u00e9diatement. Le but de cette suspension est de permettre au parcours d\u2019\u00eatre \u00e9vacu\u00e9 le plus rapidement possible lorsqu\u2019une situation potentiellement dangereuse, telle que la foudre, existe.<br>Cependant, il peut se produire une certaine confusion ou incertitude lors de la d\u00e9cision d\u2019une interruption et il peut y avoir des circonstances qui expliquent ou justifient pourquoi le joueur ne s\u2019est pas arr\u00eat\u00e9 imm\u00e9diatement. Dans ces cas, l\u2019Exception \u00e0 la R\u00e8gle 5.7b permet au Comit\u00e9 de juger qu\u2019il n\u2019y a pas d\u2019infraction \u00e0 la R\u00e8gle.<br>Si un joueur joue un coup apr\u00e8s l\u2019interruption du jeu, le Comit\u00e9 doit tenir compte de tous les faits pertinents pour juger si le joueur doit \u00eatre disqualifi\u00e9.<br>Exemples de situations o\u00f9 le Comit\u00e9 est susceptible de juger que la poursuite du jeu apr\u00e8s l\u2019interruption est justifi\u00e9e :<br>\u2022 Le joueur se trouve dans une partie \u00e9loign\u00e9e du parcours et n\u2019entend pas le signal d\u2019interruption du jeu, ou prend le signal pour autre chose, par exemple un klaxon de v\u00e9hicule.<br>\u2022 Le joueur ayant d\u00e9j\u00e0 pris son stance avec un club derri\u00e8re la balle ou ayant commenc\u00e9 le backswing pour un coup, joue le coup sans h\u00e9sitation.<br>Un exemple o\u00f9 le Comit\u00e9 est susceptible de juger que la poursuite du jeu apr\u00e8s l\u2019interruption n\u2019est pas justifi\u00e9e est le cas o\u00f9 un joueur entend le signal d\u2019interruption du jeu mais souhaite jouer un coup rapidement avant de s\u2019arr\u00eater, par exemple pour finir un trou avec un petit putt ou profiter d\u2019un vent favorable.<br><strong>5.7c\/1<\/strong> \u2013 Les joueurs doivent reprendre le jeu lorsque le Comit\u00e9 conclut qu\u2019il n\u2019y a pas de danger de foudre<br>La s\u00e9curit\u00e9 des joueurs est primordiale et les Comit\u00e9s ne devraient pas risquer d\u2019exposer les joueurs \u00e0 des dangers. La R\u00e8gle 5.7a (Possibilit\u00e9 ou obligation pour les joueurs d\u2019interrompre le jeu) permet \u00e0 un joueur d\u2019arr\u00eater de jouer s\u2019il croit raisonnablement qu\u2019il y a un danger de foudre. Dans cette situation, si la conviction du joueur est raisonnable, le joueur est le seul juge final.<br>Cependant, si le Comit\u00e9 a ordonn\u00e9 une reprise du jeu apr\u00e8s avoir utilis\u00e9 tous les moyens raisonnables pour conclure que le danger de foudre n\u2019existe plus, tous les joueurs doivent reprendre le jeu. Si un joueur refuse parce qu\u2019il croit qu\u2019il y a encore du danger, le Comit\u00e9 peut juger que la conviction du joueur est d\u00e9raisonnable et il peut \u00eatre disqualifi\u00e9 selon la R\u00e8gle 5.7c.<br><strong>5.7d(1)\/1<\/strong> \u2013 Le joueur doit accepter un lie am\u00e9lior\u00e9 ou d\u00e9t\u00e9rior\u00e9 dans un bunker pendant une interruption de jeu<br>Lorsqu\u2019une balle est replac\u00e9e en reprenant le jeu, la R\u00e8gle 14.2d (Endroit o\u00f9 replacer la balle lorsque le lie d\u2019origine est modifi\u00e9) ne s\u2019applique pas et le joueur n\u2019est pas tenu de recr\u00e9er le lie d\u2019origine.<br>Par exemple, la balle d\u2019un joueur est enfonc\u00e9e dans un bunker lorsque le jeu est interrompu. Pendant l\u2019interruption du jeu, le bunker est pr\u00e9par\u00e9 par le personnel d\u2019entretien et la surface du sable est d\u00e9sormais aplanie. Le joueur doit reprendre le jeu en pla\u00e7ant une balle \u00e0 l\u2019endroit estim\u00e9 d\u2019o\u00f9 la balle a \u00e9t\u00e9 relev\u00e9e, m\u00eame si cet endroit se trouve d\u00e9sormais \u00e0 la surface du sable et que la balle n\u2019est pas<br>enfonc\u00e9e.<br>Cependant, si le bunker n\u2019a pas \u00e9t\u00e9 pr\u00e9par\u00e9 par le personnel d\u2019entretien, le joueur n\u2019a pas n\u00e9cessairement droit aux conditions affectant le coup qu\u2019il avait avant que le jeu soit arr\u00eat\u00e9. Si les conditions affectant le coup sont d\u00e9t\u00e9rior\u00e9es par des forces naturelles (comme le vent ou l\u2019eau), le joueur ne doit pas am\u00e9liorer ces conditions d\u00e9t\u00e9rior\u00e9es (R\u00e8gle 8.1d).<\/p>\n","protected":false},"excerpt":{"rendered":"<p>R\u00e8gle 5.2 Clarifications : entra\u00eenement sur le parcours avant ou entre des tours5.2\/1 \u2013 Signification de \u00ab parcours \u00bb dans la R\u00e8gle 5.2Dans l\u2019application de la R\u00e8gle 5.2, le mot \u00ab parcours \u00bb (lorsqu\u2019il n\u2019est pas utilis\u00e9 comme une d\u00e9finition en italique) est utilis\u00e9 pour d\u00e9signer les trous utilis\u00e9s pour [&hellip;]<\/p>\n","protected":false},"author":8,"featured_media":9462,"parent":0,"menu_order":0,"comment_status":"closed","ping_status":"closed","template":"","meta":{"footnotes":""},"class_list":["post-9690","page","type-page","status-publish","has-post-thumbnail","hentry"],"_links":{"self":[{"href":"https:\/\/asgolfdepessac.com\/index.php\/wp-json\/wp\/v2\/pages\/9690","targetHints":{"allow":["GET"]}}],"collection":[{"href":"https:\/\/asgolfdepessac.com\/index.php\/wp-json\/wp\/v2\/pages"}],"about":[{"href":"https:\/\/asgolfdepessac.com\/index.php\/wp-json\/wp\/v2\/types\/page"}],"author":[{"embeddable":true,"href":"https:\/\/asgolfdepessac.com\/index.php\/wp-json\/wp\/v2\/users\/8"}],"replies":[{"embeddable":true,"href":"https:\/\/asgolfdepessac.com\/index.php\/wp-json\/wp\/v2\/comments?post=9690"}],"version-history":[{"count":0,"href":"https:\/\/asgolfdepessac.com\/index.php\/wp-json\/wp\/v2\/pages\/9690\/revisions"}],"wp:featuredmedia":[{"embeddable":true,"href":"https:\/\/asgolfdepessac.com\/index.php\/wp-json\/wp\/v2\/media\/9462"}],"wp:attachment":[{"href":"https:\/\/asgolfdepessac.com\/index.php\/wp-json\/wp\/v2\/media?parent=9690"}],"curies":[{"name":"wp","href":"https:\/\/api.w.org\/{rel}","templated":true}]}}