{"id":9736,"date":"2025-02-03T18:27:26","date_gmt":"2025-02-03T17:27:26","guid":{"rendered":"https:\/\/asgolfdepessac.com\/?page_id=9736"},"modified":"2026-04-06T05:47:29","modified_gmt":"2026-04-06T03:47:29","slug":"trophee-seniors-2025","status":"publish","type":"page","link":"https:\/\/asgolfdepessac.com\/index.php\/activites\/trophee-seniors-2025\/","title":{"rendered":"TROPHEE SENIORS 2026"},"content":{"rendered":"\n<p>DATE : 03-04 Juin 2026<\/p>\n\n\n\n<p><a href=\"https:\/\/d0ad97c4-d159-482c-a5d6-626bacc8ca08.usrfiles.com\/ugd\/8cc628_78264172ecce420fbc6e3402033a1e4e.pdf\" target=\"_blank\" rel=\"noreferrer noopener\">LE REGLEMENT DU TROPHEE SENIORS 2026<\/a><\/p>\n\n\n\n<p class=\"has-accent-color has-text-color has-link-color wp-elements-11b804171c2552357501b5a3cba472be\">Comp\u00e9tition se d\u00e9roulant suivant&nbsp; <strong>le r\u00e8glement&nbsp;publi\u00e9<\/strong> sur le site de la Ligue Nouvelle Aquitaine de GOLF et les d\u00e9tails sur le site de l&rsquo;AS.<br>Index inf\u00e9rieur \u00e0 15.4 pour les Messieurs, 18.4 pour les Dames possibilit\u00e9 de Wild Card<\/p>\n\n\n\n<p><strong>Formule de Jeu : Strokeplay&nbsp; &nbsp;Rep\u00e8res 3 Jaune&nbsp; messieurs, 5 Rouge Dames<\/strong><\/p>\n\n\n\n<p><strong>Pour pouvoir participer, il est n\u00e9cessaire&nbsp;d&rsquo;avoir r\u00e9gl\u00e9 pr\u00e9alablement le droit f\u00e9d\u00e9ral de 40\u20ac<\/strong><\/p>\n\n\n\n<p><strong>Seules sont accept\u00e9es les inscriptions faites en ligne et r\u00e9gl\u00e9es par Carte Bancaire <\/strong><\/p>\n\n\n\n<p><a href=\"https:\/\/asgolfdepessac-b.fr\/index.php\/produit\/trophee-seniors-2026\/\" target=\"_blank\" rel=\"noreferrer noopener\">POUR S&rsquo;INSCRIRE<\/a><\/p>\n\n\n\n<p class=\"has-text-align-center has-accent-color has-text-color has-link-color has-large-font-size wp-elements-2e99d2fc02ecb8e88d74fc75cc3eb409\"><strong>DOCUMENTS OFFICIELS<\/strong><\/p>\n\n\n\n<div class=\"wp-block-columns is-layout-flex wp-container-core-columns-is-layout-28f84493 wp-block-columns-is-layout-flex\">\n<div class=\"wp-block-column is-layout-flow wp-block-column-is-layout-flow\">\n<h2 class=\"wp-block-heading has-text-align-center has-background-color-background-color has-background has-medium-font-size\"><a href=\"https:\/\/asgolfdepessac.com\/wp-content\/uploads\/2026\/04\/qrcode_www.ffgolf.org-1.png\" target=\"_blank\" rel=\"noreferrer noopener\"><strong>Qr Code<\/strong><\/a><\/h2>\n<\/div>\n\n\n\n<div class=\"wp-block-column is-layout-flow wp-block-column-is-layout-flow\">\n<p class=\"has-text-align-center has-background-color-background-color has-background has-medium-font-size\">Ou tous les <a href=\"https:\/\/www.ffgolf.org\/golf-amateur\/seniors\/calendrier-resultats\/grands-prix-trophees-seniors\/2026\/trophee-seniors-de-pessac\/tableau-officiel\" target=\"_blank\" rel=\"noreferrer noopener\"><strong>documents<\/strong><\/a><\/p>\n<\/div>\n<\/div>\n\n\n\n<p class=\"has-text-align-center\">R\u00e8gles locales 3 et 4 Juin<\/p>\n\n\n\n<p class=\"has-text-align-center\"><a href=\"https:\/\/asgolfdepessac.com\/wp-content\/uploads\/2025\/06\/Plan-deevacuation.-Golf-de-Pessac-Bluegreen.pdf\" target=\"_blank\" rel=\"noreferrer noopener\">Plans d&rsquo;\u00e9vacuation Golf de Pessac<\/a><\/p>\n\n\n\n<p><strong>Pour r\u00e9server votre journ\u00e9e de reconnaissance possible du 28\/05 au 2\/06 : 8 jours avant la date, envoyez un email \u00e0 <a href=\"mailto:bordeaux.pessac@bluegreen.fr\">bordeaux.pessac@bluegreen.fr<\/a> en pr\u00e9cisant votre nom pr\u00e9nom, n\u00b0 t\u00e9l\u00e9phone, jour et horaire souhait\u00e9s<\/strong><\/p>\n\n\n\n<p class=\"has-text-align-center has-accent-color has-text-color has-link-color wp-elements-d5baad8cfd0e2cd582784d4187cba081\">TARIFS<strong>&nbsp;<br><\/strong><\/p>\n\n\n\n<figure class=\"wp-block-table is-style-regular\"><table><tbody><tr><td>&nbsp;<\/td><td class=\"has-text-align-center\" data-align=\"center\">&nbsp;EXTERIEURS<\/td><td class=\"has-text-align-center\" data-align=\"center\">&nbsp;ABONNES BLUE GREEN PESSAC<\/td><\/tr><tr><td>&nbsp;&nbsp;Adultes<\/td><td class=\"has-text-align-center\" data-align=\"center\">&nbsp;90\u20ac<\/td><td class=\"has-text-align-center\" data-align=\"center\">&nbsp;45\u20ac<\/td><\/tr><tr><td>&nbsp;Adultes Membres AS Golf de&nbsp;&nbsp;PESSAC<\/td><td class=\"has-text-align-center\" data-align=\"center\"> 85\u20ac<\/td><td class=\"has-text-align-center\" data-align=\"center\">&nbsp;35\u20ac<\/td><\/tr><tr><td>&nbsp;<\/td><td class=\"has-text-align-center\" data-align=\"center\">&nbsp;<\/td><td class=\"has-text-align-center\" data-align=\"center\">&nbsp;<\/td><\/tr><tr><td><\/td><td class=\"has-text-align-center\" data-align=\"center\"><\/td><td class=\"has-text-align-center\" data-align=\"center\">&nbsp;<\/td><\/tr><\/tbody><\/table><\/figure>\n\n\n\n<p><\/p>\n\n\n\n<p><a href=\"https:\/\/pages.ffgolf.org\/resultats\/resultats-details\/8986b22e6f493691cc71534be6847c02\/2501323201\" target=\"_blank\" rel=\"noreferrer noopener\">CLASSEMENTS TROPHEE SENIORS 2025<\/a><\/p>\n\n\n\n<p class=\"has-accent-color has-text-color has-link-color wp-elements-6fa733f4f7c6bf92222493e1ab40a561\"><strong>LES VAINQUEURS    :  Julien DELHOMME<\/strong> <strong>Christine FAYETTE <\/strong><\/p>\n\n\n\n<figure class=\"wp-block-image size-large\"><img loading=\"lazy\" decoding=\"async\" width=\"689\" height=\"1024\" src=\"https:\/\/asgolfdepessac.com\/wp-content\/uploads\/2025\/06\/Trophee-seniors-2025-photo-vainqueurs-1-689x1024.jpg\" alt=\"\" class=\"wp-image-11438\" srcset=\"https:\/\/asgolfdepessac.com\/wp-content\/uploads\/2025\/06\/Trophee-seniors-2025-photo-vainqueurs-1-689x1024.jpg 689w, https:\/\/asgolfdepessac.com\/wp-content\/uploads\/2025\/06\/Trophee-seniors-2025-photo-vainqueurs-1-202x300.jpg 202w, https:\/\/asgolfdepessac.com\/wp-content\/uploads\/2025\/06\/Trophee-seniors-2025-photo-vainqueurs-1-768x1141.jpg 768w, https:\/\/asgolfdepessac.com\/wp-content\/uploads\/2025\/06\/Trophee-seniors-2025-photo-vainqueurs-1-1033x1536.jpg 1033w, https:\/\/asgolfdepessac.com\/wp-content\/uploads\/2025\/06\/Trophee-seniors-2025-photo-vainqueurs-1-1378x2048.jpg 1378w, https:\/\/asgolfdepessac.com\/wp-content\/uploads\/2025\/06\/Trophee-seniors-2025-photo-vainqueurs-1-scaled.jpg 1722w\" sizes=\"auto, (max-width: 689px) 100vw, 689px\" \/><\/figure>\n\n\n\n<p><\/p>\n\n\n\n<p><\/p>\n\n\n\n<h2 class=\"wp-block-heading has-text-align-center\">&nbsp;&nbsp;<strong>TROPHEE SENIORS 2024<\/strong><\/h2>\n\n\n\n<p><a href=\"https:\/\/pages.ffgolf.org\/resultats\/resultats-details\/8986b22e6f493691cc71534be6847c02\/2401237048\" target=\"_blank\" rel=\"noreferrer noopener\"><strong>RESULTATS DEFINITIFS<\/strong><\/a> <strong>2024<\/strong><\/p>\n\n\n\n<p>VAINQUEUR DAMES : Christine FAYETTE<\/p>\n\n\n\n<p>VAINQUEUR MESSIEURS : Davod GRAMOND<\/p>\n\n\n\n<figure class=\"wp-block-image size-large\"><img loading=\"lazy\" decoding=\"async\" width=\"1024\" height=\"819\" src=\"https:\/\/asgolfdepessac.com\/wp-content\/uploads\/2024\/10\/trophee-seniors-2024-vainqueurs-A-1024x819.jpg\" alt=\"\" class=\"wp-image-8420\" srcset=\"https:\/\/asgolfdepessac.com\/wp-content\/uploads\/2024\/10\/trophee-seniors-2024-vainqueurs-A-1024x819.jpg 1024w, https:\/\/asgolfdepessac.com\/wp-content\/uploads\/2024\/10\/trophee-seniors-2024-vainqueurs-A-300x240.jpg 300w, https:\/\/asgolfdepessac.com\/wp-content\/uploads\/2024\/10\/trophee-seniors-2024-vainqueurs-A-768x614.jpg 768w, https:\/\/asgolfdepessac.com\/wp-content\/uploads\/2024\/10\/trophee-seniors-2024-vainqueurs-A-1536x1229.jpg 1536w, https:\/\/asgolfdepessac.com\/wp-content\/uploads\/2024\/10\/trophee-seniors-2024-vainqueurs-A-2048x1638.jpg 2048w\" sizes=\"auto, (max-width: 1024px) 100vw, 1024px\" \/><\/figure>\n\n\n\n<p class=\"has-text-align-center has-accent-color has-text-color has-link-color wp-elements-23cf39616419d809b9456ff8306fc9dd\"><\/p>\n\n\n\n<p class=\"has-text-align-center has-large-font-size\"><strong>TROPHEE SENIORS 2023<\/strong><\/p>\n\n\n\n<p><a href=\"https:\/\/pages.ffgolf.org\/resultats\/resultats-details\/8986b22e6f493691cc71534be6847c02\/2300997642\" target=\"_blank\" rel=\"noreferrer noopener\">RESULTATS DEFINITIFS<\/a><\/p>\n\n\n\n<figure class=\"wp-block-image\"><img loading=\"lazy\" decoding=\"async\" width=\"749\" height=\"1024\" src=\"https:\/\/asgolfdepessac.com\/wp-content\/uploads\/2023\/05\/photo-vainqueur-749x1024.jpg\" alt=\"\" class=\"wp-image-4732\" srcset=\"https:\/\/asgolfdepessac.com\/wp-content\/uploads\/2023\/05\/photo-vainqueur-749x1024.jpg 749w, https:\/\/asgolfdepessac.com\/wp-content\/uploads\/2023\/05\/photo-vainqueur-219x300.jpg 219w, https:\/\/asgolfdepessac.com\/wp-content\/uploads\/2023\/05\/photo-vainqueur-768x1050.jpg 768w, https:\/\/asgolfdepessac.com\/wp-content\/uploads\/2023\/05\/photo-vainqueur-1123x1536.jpg 1123w, https:\/\/asgolfdepessac.com\/wp-content\/uploads\/2023\/05\/photo-vainqueur-1498x2048.jpg 1498w, https:\/\/asgolfdepessac.com\/wp-content\/uploads\/2023\/05\/photo-vainqueur-scaled.jpg 1872w\" sizes=\"auto, (max-width: 749px) 100vw, 749px\" \/><figcaption class=\"wp-element-caption\">Olivier DENIS Damien AUMONT Laurence LAJOIE MEUNIER<\/figcaption><\/figure>\n","protected":false},"excerpt":{"rendered":"<p>DATE : 03-04 Juin 2026 LE REGLEMENT DU TROPHEE SENIORS 2026 Comp\u00e9tition se d\u00e9roulant suivant&nbsp; le r\u00e8glement&nbsp;publi\u00e9 sur le site de la Ligue Nouvelle Aquitaine de GOLF et les d\u00e9tails sur le site de l&rsquo;AS.Index inf\u00e9rieur \u00e0 15.4 pour les Messieurs, 18.4 pour les Dames possibilit\u00e9 de Wild Card Formule [&hellip;]<\/p>\n","protected":false},"author":14,"featured_media":52,"parent":502,"menu_order":0,"comment_status":"closed","ping_status":"closed","template":"","meta":{"footnotes":""},"class_list":["post-9736","page","type-page","status-publish","has-post-thumbnail","hentry"],"_links":{"self":[{"href":"https:\/\/asgolfdepessac.com\/index.php\/wp-json\/wp\/v2\/pages\/9736","targetHints":{"allow":["GET"]}}],"collection":[{"href":"https:\/\/asgolfdepessac.com\/index.php\/wp-json\/wp\/v2\/pages"}],"about":[{"href":"https:\/\/asgolfdepessac.com\/index.php\/wp-json\/wp\/v2\/types\/page"}],"author":[{"embeddable":true,"href":"https:\/\/asgolfdepessac.com\/index.php\/wp-json\/wp\/v2\/users\/14"}],"replies":[{"embeddable":true,"href":"https:\/\/asgolfdepessac.com\/index.php\/wp-json\/wp\/v2\/comments?post=9736"}],"version-history":[{"count":11,"href":"https:\/\/asgolfdepessac.com\/index.php\/wp-json\/wp\/v2\/pages\/9736\/revisions"}],"predecessor-version":[{"id":14282,"href":"https:\/\/asgolfdepessac.com\/index.php\/wp-json\/wp\/v2\/pages\/9736\/revisions\/14282"}],"up":[{"embeddable":true,"href":"https:\/\/asgolfdepessac.com\/index.php\/wp-json\/wp\/v2\/pages\/502"}],"wp:featuredmedia":[{"embeddable":true,"href":"https:\/\/asgolfdepessac.com\/index.php\/wp-json\/wp\/v2\/media\/52"}],"wp:attachment":[{"href":"https:\/\/asgolfdepessac.com\/index.php\/wp-json\/wp\/v2\/media?parent=9736"}],"curies":[{"name":"wp","href":"https:\/\/api.w.org\/{rel}","templated":true}]}}