{"id":9770,"date":"2025-02-04T15:18:28","date_gmt":"2025-02-04T14:18:28","guid":{"rendered":"https:\/\/asgolfdepessac.com\/?page_id=9770"},"modified":"2025-02-13T16:29:21","modified_gmt":"2025-02-13T15:29:21","slug":"clarification-de-la-regle-14","status":"publish","type":"page","link":"https:\/\/asgolfdepessac.com\/index.php\/clarification-de-la-regle-14\/","title":{"rendered":"Clarification de la r\u00e8gle 14"},"content":{"rendered":"\n<p class=\"has-black-color has-background-color-background-color has-text-color has-background\"><strong>R\u00e8gle 14.1 Clarifications : marquer, relever et nettoyer une balle<\/strong><br><strong>14.1a\/1 <\/strong>\u2013 Marquer correctement la balle<br>La R\u00e8gle 14.1a utilise les expressions \u00ab juste derri\u00e8re \u00bb et \u00ab juste \u00e0 c\u00f4t\u00e9 de \u00bb pour \u00eatre certain que l\u2019emplacement d\u2019une balle relev\u00e9e est marqu\u00e9 avec suffisamment de pr\u00e9cision pour que le joueur la replace au bon endroit.<br>Une balle peut \u00eatre marqu\u00e9e \u00e0 n\u2019importe quel endroit autour de la balle pourvu qu\u2019elle soit marqu\u00e9e juste \u00e0 c\u00f4t\u00e9 d\u2019elle, y compris en pla\u00e7ant un marque-balle devant ou sur le c\u00f4t\u00e9 de la balle.<br><strong>14.1c\/1<\/strong> \u2013 Le joueur doit agir avec pr\u00e9caution quand une balle relev\u00e9e ne peut pas \u00eatre nettoy\u00e9e<br>Quand un joueur applique l\u2019une des quatre situations mentionn\u00e9es dans la R\u00e8gle 14.1c o\u00f9 nettoyer la balle n\u2019est pas autoris\u00e9, il y a des actions que le joueur devrait \u00e9viter, car bien qu\u2019il n\u2019y ait pas intention de nettoyer la balle, l\u2019action elle-m\u00eame peut faire que la balle est nettoy\u00e9e.<br>Par exemple, si un joueur rel\u00e8ve sa balle avec de l\u2019herbe ou d\u2019autres d\u00e9bris qui y adh\u00e8rent et la jette \u00e0 son cadet qui l\u2019attrape avec une serviette, il est probable qu\u2019une partie de l\u2019herbe ou des autres d\u00e9bris seront enlev\u00e9s, ce qui signifie que la balle a \u00e9t\u00e9 nettoy\u00e9e. De m\u00eame, si le joueur met cette balle dans sa poche ou la laisse tomber sur le sol, ces actions pourraient avoir comme r\u00e9sultat d\u2019enlever une partie de l\u2019herbe et des autres d\u00e9bris de cette balle, ce qui signifie que la balle a \u00e9t\u00e9 nettoy\u00e9e.<br>Toutefois, si le joueur entreprend ces actions apr\u00e8s avoir relev\u00e9 une balle dont on savait qu\u2019elle \u00e9tait propre avant d\u2019\u00eatre relev\u00e9e, le joueur n\u2019encourt pas de p\u00e9nalit\u00e9 car la balle n\u2019a pas \u00e9t\u00e9 nettoy\u00e9e.<br><strong>14.1c\/2<\/strong> &#8211; Nettoyer une balle d\u00e9plac\u00e9e<br>Lorsqu\u2019une balle d\u00e9plac\u00e9e a \u00e9t\u00e9 relev\u00e9e parce qu\u2019une R\u00e8gle exige qu\u2019elle soit replac\u00e9e, la balle peut toujours \u00eatre nettoy\u00e9e, sauf dans les quatre situations d\u00e9crites dans la R\u00e8gle 14.1c.<br>Par exemple, si la balle d\u2019un joueur est venue reposer contre une obstruction amovible et que la balle se d\u00e9place lorsque l\u2019obstruction amovible est retir\u00e9e, le joueur doit replacer la balle sur son emplacement d\u2019origine (R\u00e8gle 15.2a(1)) et il peut nettoyer la balle avant de proc\u00e9der ainsi. (Nouvelle)<\/p>\n\n\n\n<p class=\"has-black-color has-background-color-background-color has-text-color has-background\"><strong>R\u00e8gle 14.2 Clarifications : replacer une balle \u00e0 son emplacement<\/strong><br><strong>14.2b(2)\/1<\/strong> \u2013 Un joueur droppe une balle quand la balle doit \u00eatre replac\u00e9e<br>Quand un joueur droppe une balle alors que les R\u00e8gles exigent qu\u2019il replace la balle, la balle a \u00e9t\u00e9 replac\u00e9e d\u2019une mauvaise mani\u00e8re. Si le joueur replace la balle d\u2019une mauvaise mani\u00e8re, mais \u00e0 l\u2019endroit requis (y compris si le joueur droppe la balle et qu\u2019elle vient reposer \u00e0 l\u2019endroit requis) il encourt un coup de p\u00e9nalit\u00e9 si la balle est jou\u00e9e sans corriger l\u2019erreur selon la R\u00e8gle 14.5 (Corriger une erreur commise en substituant, repla\u00e7ant, droppant ou pla\u00e7ant une balle).<br>Mais si le joueur a dropp\u00e9 une balle et que cette balle vient reposer ailleurs qu\u2019\u00e0 l\u2019emplacement requis, il encourt la p\u00e9nalit\u00e9 g\u00e9n\u00e9rale pour avoir jou\u00e9 d\u2019un mauvais endroit si la balle est jou\u00e9e sans corriger l\u2019erreur.<br>Par exemple, en stroke play, un joueur d\u00e9place sa balle pendant la recherche et il doit la replacer sans p\u00e9nalit\u00e9. Au lieu de replacer la balle \u00e0 l\u2019emplacement d\u2019origine ou estim\u00e9, le joueur droppe la balle \u00e0 cet endroit, la balle rebondit et vient reposer \u00e0 un autre endroit, et le joueur joue la balle de l\u00e0. Le joueur a replac\u00e9 la balle d\u2019une mauvaise mani\u00e8re et il a aussi jou\u00e9 d\u2019un mauvais endroit. Le joueur encourt seulement deux coups de p\u00e9nalit\u00e9 car il n\u2019y a pas eu d\u2019\u00e9v\u00e9nement interm\u00e9diaire (voir R\u00e8gle 1.3c(4)).<br><strong>14.2c\/1 <\/strong>\u2013 Une balle peut \u00eatre replac\u00e9e en l\u2019alignant de presque toutes les fa\u00e7ons<br>Quand on replace une balle relev\u00e9e \u00e0 un emplacement, les R\u00e8gles se pr\u00e9occupent uniquement de l\u2019endroit. La balle peut \u00eatre align\u00e9e de n\u2019importe quelle fa\u00e7on quand elle est replac\u00e9e (par ex. en alignant une marque commerciale) pourvu que la distance verticale de la balle avec le sol reste la m\u00eame.<br>Par exemple, en utilisant une R\u00e8gle qui ne permet pas de nettoyer la balle, le joueur rel\u00e8ve sa balle et il y a un morceau de boue coll\u00e9 dessus. La balle peut \u00eatre align\u00e9e de n\u2019importe quelle fa\u00e7on quand elle est replac\u00e9e \u00e0 son emplacement d\u2019origine (par ex. en orientant vers le trou la boue coll\u00e9e sur la balle).<br>Toutefois, le joueur n\u2019est pas autoris\u00e9 \u00e0 replacer la balle dans un alignement tel que la balle repose sur la boue sauf si c\u2019\u00e9tait sa position avant d\u2019\u00eatre relev\u00e9e.<br>L\u2019emplacement de la balle inclut sa position verticale par rapport au sol.<br><strong>14.2c\/2<\/strong> \u2013 Enlever un d\u00e9tritus de l\u2019endroit o\u00f9 une balle doit \u00eatre replac\u00e9e<br>L\u2019Exception 1 de la R\u00e8gle 15.1a dit clairement qu\u2019avant de replacer une balle, le joueur ne doit pas enlever un d\u00e9tritus qui, s\u2019il avait \u00e9t\u00e9 d\u00e9plac\u00e9 quand la balle \u00e9tait au repos, aurait vraisemblablement caus\u00e9 le d\u00e9placement de la balle. Mais il y a des situations o\u00f9 un d\u00e9tritus peut \u00eatre d\u00e9plac\u00e9 soit en relevant la balle, soit avant qu\u2019elle soit replac\u00e9e, et le joueur n\u2019est pas tenu de remettre le d\u00e9tritus en place avant de replacer la balle ou apr\u00e8s l\u2019avoir replac\u00e9e.<br>Par exemple :<br>\u2022 Un joueur marque et rel\u00e8ve sa balle dans la zone g\u00e9n\u00e9rale apr\u00e8s qu\u2019on lui a demand\u00e9 de le faire car cette balle interf\u00e9rait avec le jeu d\u2019un autre joueur. En relevant la balle, une brindille d\u00e9tach\u00e9e reposant contre la balle est d\u00e9plac\u00e9e.<br>Le joueur n\u2019est pas tenu de remettre la brindille en place quand la balle est replac\u00e9e.<br>\u2022 Un joueur marque et rel\u00e8ve sa balle dans un bunker pour voir si elle est coup\u00e9e. Pendant que la balle est relev\u00e9e, une feuille qui \u00e9tait juste derri\u00e8re le marque-balle est enlev\u00e9e par le vent. Le joueur n\u2019est pas tenu de remettre la feuille en place quand la balle est replac\u00e9e.<br><strong>14.2c\/3<\/strong> \u2013 La balle ne doit pas \u00eatre enfonc\u00e9e dans le sol lorsqu\u2019elle est replac\u00e9e<br>Lorsqu\u2019une balle est replac\u00e9e, elle doit l\u2019\u00eatre sur son emplacement d\u2019origine.<br>L\u2019emplacement d\u2019origine inclut la m\u00eame position verticale que celle \u00e0 laquelle \u00e9tait situ\u00e9e la balle avant qu\u2019elle ne soit relev\u00e9e ou d\u00e9plac\u00e9e. Si la balle ne reste pas au repos lorsque le joueur tente de la replacer, il doit proc\u00e9der selon la R\u00e8gle 14.2e (Balle replac\u00e9e ne restant pas \u00e0 son emplacement d\u2019origine) plut\u00f4t que d\u2019enfoncer la balle dans le sol.<br>Par exemple, la balle d\u2019un joueur vient reposer contre une obstruction amovible dans la pente d\u2019un bunker. Si la balle se d\u00e9place lorsque l\u2019obstruction est enlev\u00e9e, la balle doit \u00eatre replac\u00e9e. Si la balle ne reste pas au repos sur son emplacement d\u2019origine, le joueur doit placer la balle \u00e0 l\u2019emplacement le plus proche dans le bunker o\u00f9 elle restera au repos sans \u00eatre plus pr\u00e8s du trou. Si au lieu de cela, le joueur enfonce la balle dans le sable, le joueur a replac\u00e9 la balle \u00e0 un mauvais endroit (R\u00e8gle 14.7) et a modifi\u00e9 son lie (R\u00e8gle 14.2d), il doit corriger l\u2019erreur en relevant la balle (R\u00e8gle 14.5b(2)), recr\u00e9ant le lie d\u2019origine et repla\u00e7ant la balle selon les R\u00e8gles 14.2c et 14.2e. (Nouvelle)<br><strong>14.2d(2)\/1<\/strong> \u2013 Le lie modifi\u00e9 peut \u00eatre \u00ab l\u2019emplacement le plus proche avec le lie le plus similaire \u00bb<br>Si le lie d\u2019un joueur est modifi\u00e9 quand sa balle est relev\u00e9e ou d\u00e9plac\u00e9e et qu\u2019elle doit \u00eatre replac\u00e9e, le lie modifi\u00e9 peut \u00eatre l\u2019emplacement le plus proche avec le lie le plus similaire au lie d\u2019origine du joueur, et il peut \u00eatre exig\u00e9 du joueur qu\u2019il joue la balle depuis le lie modifi\u00e9.<br>Par exemple, la balle d\u2019un joueur vient reposer dans un trou de divot sur le fairway.<br>Croyant que c\u2019\u00e9tait sa balle un autre joueur joue la balle, rendant le trou du divot un peu plus profond. S\u2019il n\u2019y a pas un trou de divot similaire dans une longueur de club, l\u2019emplacement le plus proche avec le lie le plus similaire au lie d\u2019origine devrait \u00eatre un emplacement dans le trou de divot approfondi.<br><strong>14.2e\/1<\/strong> \u2013 Un joueur doit se d\u00e9gager avec p\u00e9nalit\u00e9 quand l\u2019emplacement o\u00f9 la balle restera au repos est plus pr\u00e8s du trou<br>En appliquant la R\u00e8gle 14.2e, il est possible que le seul emplacement dans la m\u00eame zone du parcours o\u00f9 la balle restera au repos quand elle est plac\u00e9e soit plus pr\u00e8s du trou. Dans de telles circonstances, le joueur doit se d\u00e9gager avec p\u00e9nalit\u00e9 selon une R\u00e8gle autoris\u00e9e.<br>Le joueur n\u2019est pas autoris\u00e9 \u00e0 presser sa balle sur le sol pour s\u2019assurer qu\u2019elle reste sur l\u2019emplacement (voir Clarification 14.2c\/3).<br>Par exemple, la balle d\u2019un joueur vient reposer dans la pente descendante d\u2019un bunker contre un r\u00e2teau et, en enlevant le r\u00e2teau, la balle se d\u00e9place. Le joueur tente de replacer la balle comme exig\u00e9, mais elle ne reste pas au repos. Il proc\u00e8de ensuite sans succ\u00e8s selon la R\u00e8gle 14.2e et d\u00e9couvre qu\u2019il n\u2019y a pas d\u2019autre emplacement o\u00f9 il pourrait essayer de placer la balle dans le bunker qui ne soit pas plus pr\u00e8s du trou.<br>Dans ce cas le joueur doit se d\u00e9gager selon la R\u00e8gle de la balle injouable en utilisant soit le d\u00e9gagement coup et distance avec un coup de p\u00e9nalit\u00e9 (R\u00e8gle 19.2a), soit le d\u00e9gagement en arri\u00e8re sur la ligne en dehors du bunker avec deux coups de p\u00e9nalit\u00e9 (R\u00e8gle 19.3b).<\/p>\n\n\n\n<p class=\"has-black-color has-background-color-background-color has-text-color has-background\"><strong>R\u00e8gle 14.3 Clarifications : dropper une balle dans une zone de d\u00e9gagement<\/strong><br><strong>14.3b(2)\/1<\/strong> \u2013Balle dropp\u00e9e \u00e0 hauteur de genou dans une zone irr\u00e9guli\u00e8re<br>La R\u00e8gle 14.3b(2) et la d\u00e9finition du \u00ab drop \u00bb exigent qu\u2019un joueur droppe une balle d\u2019un endroit situ\u00e9 \u00e0 hauteur de genou du joueur quand il est en position debout.<br>Quand il y a un sol irr\u00e9gulier sur et autour de l\u2019emplacement o\u00f9 le joueur droppera la balle, la distance que franchira la balle depuis la hauteur de genou jusqu\u2019au sol d\u00e9pendra de l\u2019endroit o\u00f9 le joueur se tient pour dropper la balle.<br>Pourvu que la balle tombe d\u2019une hauteur qui correspond \u00e0 la hauteur de genou depuis une position sur laquelle le joueur aurait pu se tenir pour dropper la balle sur l\u2019emplacement, la balle a \u00e9t\u00e9 dropp\u00e9e \u00e0 hauteur de genou.<br>Mais, la balle doit toujours traverser l\u2019air afin d\u2019\u00eatre dropp\u00e9e et ne doit pas \u00eatre plac\u00e9e.<br><strong>14.3c\/1<\/strong> \u2013 La zone de d\u00e9gagement comprend toute chose dans la zone de d\u00e9gagement<br>La zone de d\u00e9gagement d\u2019un joueur comprend les hautes herbes, les buissons ou les autres choses qui poussent dedans. M\u00eame si la balle dropp\u00e9e d\u2019un joueur vient reposer dans un mauvais lie dans la zone de d\u00e9gagement, elle est consid\u00e9r\u00e9e n\u00e9anmoins \u00eatre au repos dans la zone de d\u00e9gagement.<br>Par exemple, un joueur droppe sa balle correctement et elle reste dans un buisson dans la zone de d\u00e9gagement. Le buisson faisant partie de la zone de d\u00e9gagement, la balle est donc en jeu et le joueur n\u2019est pas autoris\u00e9 \u00e0 dropper de nouveau selon la R\u00e8gle 14.3c.<br><strong>14.3c\/2<\/strong> \u2013 Une balle peut \u00eatre dropp\u00e9e dans une zone de jeu interdit<br>En droppant une balle selon une R\u00e8gle de d\u00e9gagement, le joueur peut dropper une balle dans une zone de jeu interdit dans la mesure o\u00f9 cette zone de jeu interdit fait partie de la zone de d\u00e9gagement. Toutefois, le joueur doit ensuite se d\u00e9gager selon la R\u00e8gle applicable.<br>Par exemple, un joueur peut se d\u00e9gager d\u2019une zone \u00e0 p\u00e9nalit\u00e9 et dropper une balle dans une zone de jeu interdit dans une condition anormale du parcours. Mais, apr\u00e8s que la balle dropp\u00e9e est au repos dans la zone de d\u00e9gagement requise par la R\u00e8gle 17 (D\u00e9gagement d\u2019une zone \u00e0 p\u00e9nalit\u00e9), le joueur doit se d\u00e9gager selon la R\u00e8gle 16.1f.<br><strong>14.3c(1)\/1 <\/strong>\u2013 Que faire quand une balle dropp\u00e9e se d\u00e9place apr\u00e8s \u00eatre venue reposer contre un pied du joueur ou contre son \u00e9quipement<br>Un joueur droppe une balle de mani\u00e8re correcte, mais la balle est accidentellement stopp\u00e9e par le pied du joueur ou son \u00e9quipement (par ex. un tee marquant la zone de d\u00e9gagement) et vient reposer dans la zone de d\u00e9gagement. Il n\u2019y a pas de p\u00e9nalit\u00e9, le joueur a fini de se d\u00e9gager et doit jouer la balle comme elle repose.<br>Si la balle se d\u00e9place ensuite quand le joueur retire son pied ou l\u2019\u00e9quipement, le joueur doit replacer la balle comme exig\u00e9 par la R\u00e8gle 9.4 mais n\u2019encourt pas de p\u00e9nalit\u00e9 car le d\u00e9placement de la balle \u00e9tait la cons\u00e9quence d\u2019une action raisonnable entreprise en se d\u00e9gageant selon une R\u00e8gle (voir Exception 4 de la R\u00e8gle 9.4 \u2013 D\u00e9placement accidentel n\u2019importe o\u00f9 ailleurs que sur le green lors de l\u2019application d\u2019une R\u00e8gle).<br><strong>14.3c(2)\/1<\/strong> \u2013 O\u00f9 placer une balle dropp\u00e9e correctement pour la seconde fois dans une zone de d\u00e9gagement avec un buisson dedans<br>Si un joueur doit finir la proc\u00e9dure de drop en pla\u00e7ant une balle selon les R\u00e8gles 14.2b(2) et 14.2e, il peut en r\u00e9sulter une situation o\u00f9 le joueur tentera de placer une balle ailleurs que sur le sol parce que la zone de d\u00e9gagement du joueur comprend des herbes, des buissons ou d\u2019autres choses qui y poussent (voir Clarification 14.3c\/1).<br>Par exemple, si le joueur droppe dans un buisson dans la zone de d\u00e9gagement, et qu\u2019apr\u00e8s deux drops la balle vient reposer en dehors de la zone de d\u00e9gagement,<br>la R\u00e8gle 14.3c(2) pr\u00e9voit qu\u2019il doit placer une balle \u00e0 l\u2019emplacement o\u00f9 elle a touch\u00e9 le sol en premier apr\u00e8s le second drop. Si la balle frappe en premier le buisson quand elle est dropp\u00e9e pour la seconde fois, le \u00ab sol \u00bb inclut le buisson, et le joueur doit tenter de placer la balle o\u00f9 elle a frapp\u00e9 en premier le buisson. Mais si la balle plac\u00e9e ne reste pas au repos \u00e0 cet emplacement apr\u00e8s deux tentatives,<br>le joueur doit placer la balle \u00e0 l\u2019emplacement le plus proche pas plus pr\u00e8s du trou o\u00f9 la balle restera au repos, dans les limites de la R\u00e8gle 14.2e.<\/p>\n\n\n\n<p class=\"has-black-color has-background-color-background-color has-text-color has-background\"><strong>R\u00e8gle 14.4 Clarifications : Moment o\u00f9 une balle du joueur est de nouveau en jeu apr\u00e8s que la balle d\u2019origine n\u2019est plus en jeu<\/strong><br><strong>14.4\/1<\/strong> \u2013 Une balle plac\u00e9e n\u2019est pas en jeu \u00e0 moins qu\u2019il n\u2019y ait eu intention de la mettre en jeu<br>Quand une balle est plac\u00e9e ou replac\u00e9e sur le sol, on a besoin de d\u00e9terminer si elle a \u00e9t\u00e9 pos\u00e9e sur le sol avec l\u2019intention de la mettre en jeu.<br>Par exemple, le joueur marque sa balle sur le green en pla\u00e7ant une pi\u00e8ce juste derri\u00e8re la balle, rel\u00e8ve la balle et la donne \u00e0 son cadet pour la nettoyer. Le cadet place ensuite la balle juste derri\u00e8re ou juste \u00e0 c\u00f4t\u00e9 de la pi\u00e8ce (i.e. pas \u00e0 l\u2019emplacement d\u2019origine de la balle) pour aider le joueur \u00e0 lire la ligne de jeu depuis<br>l\u2019autre c\u00f4t\u00e9 du trou. La balle n\u2019est pas en jeu car le cadet n\u2019a pas plac\u00e9 la balle avec l\u2019intention de la mettre en jeu.<br>Dans ce cas, la balle n\u2019est pas en jeu jusqu\u2019\u00e0 ce qu\u2019elle soit repositionn\u00e9e avec l\u2019intention de replacer la balle comme exig\u00e9 par la R\u00e8gle 14.2. Si le joueur joue un coup sur la balle alors qu\u2019elle n\u2019est pas en jeu, le joueur aura jou\u00e9 une mauvaise balle.<br><strong>14.4\/2<\/strong> \u2013 Tester des drops n\u2019est pas autoris\u00e9<br>La proc\u00e9dure de drop de la R\u00e8gle 14.3 signifie qu\u2019il existe un \u00e9l\u00e9ment d\u2019incertitude quand on se d\u00e9gage selon une R\u00e8gle. Ce n\u2019est pas dans l\u2019esprit du jeu de tester comment une balle dropp\u00e9e r\u00e9agira.<br>Par exemple, en se d\u00e9gageant d\u2019un chemin pour voiturettes (obstruction inamovible), un joueur d\u00e9termine sa zone de d\u00e9gagement et r\u00e9alise que sa balle peut rouler et venir reposer dans un buisson dans la zone de d\u00e9gagement. Sachant qu\u2019une balle dropp\u00e9e ne sera pas en jeu s\u2019il n\u2019y a pas intention de la mettre en jeu, le joueur droppe une balle \u00e0 titre de test d\u2019un c\u00f4t\u00e9 de la zone de d\u00e9gagement<br>pour voir si elle roule dans le buisson.<br>Comme cette action est contraire \u00e0 l\u2019esprit du jeu, il est justifi\u00e9 que le Comit\u00e9 disqualifie le joueur selon la R\u00e8gle 1.2a (Grave faute de comportement).<br>R\u00e8gle 14.5 Clarifications : corriger une erreur commise en substituant, repla\u00e7ant, droppant ou pla\u00e7ant une balle<br><strong>14.5b(1)\/1<\/strong> \u2013 Un joueur peut changer l\u2019endroit o\u00f9 la balle est dropp\u00e9e sur la ligne quand il droppe de nouveau pour un d\u00e9gagement en arri\u00e8re sur la ligne<br>Quand il est exig\u00e9 qu\u2019un joueur droppe une balle une seconde fois apr\u00e8s s\u2019\u00eatre d\u00e9gag\u00e9 en arri\u00e8re sur la ligne selon la R\u00e8gle 16.1c(2) (D\u00e9gagement d\u2019une condition anormale du parcours), la R\u00e8gle 17.1d(2) (D\u00e9gagement d\u2019une zone \u00e0 p\u00e9nalit\u00e9), ou la R\u00e8gle 19.2b ou la R\u00e8gle 19.3b (D\u00e9gagement pour une balle injouable),<br>le joueur doit dropper de nouveau en arri\u00e8re sur la ligne selon l\u2019option de d\u00e9gagement de la R\u00e8gle applicable. Mais quand il droppe pour la seconde fois, le joueur est autoris\u00e9 \u00e0 changer l\u2019endroit sur la ligne o\u00f9 la balle est dropp\u00e9e de telle sorte que la zone de d\u00e9gagement soit plus pr\u00e8s ou plus loin du trou.<br>Par exemple, la balle d\u2019un joueur vient reposer dans une zone \u00e0 p\u00e9nalit\u00e9 et il d\u00e9cide de se d\u00e9gager en arri\u00e8re sur la ligne. Le joueur droppe correctement la balle, mais celle-ci roule en dehors de la zone de d\u00e9gagement. Quand le joueur droppe de nouveau selon l\u2019option de d\u00e9gagement en arri\u00e8re sur la ligne, il peut dropper sur la ligne \u00e0 un endroit qui est plus pr\u00e8s ou plus loin du trou, et la zone<br>de d\u00e9gagement change en fonction de ce nouvel emplacement.<br><strong>14.5b(1)\/2<\/strong> \u2013 Un joueur peut changer de zone du parcours dans la zone de d\u00e9gagement quand il droppe de nouveau<br>Quand la zone de d\u00e9gagement d\u2019un joueur est situ\u00e9e dans plus d\u2019une zone du parcours et qu\u2019il est exig\u00e9 que le joueur droppe de nouveau selon cette option de d\u00e9gagement, le joueur peut dropper dans une zone du parcours diff\u00e9rente \u00e0 l\u2019int\u00e9rieur de la m\u00eame zone de d\u00e9gagement, mais ce faisant, cela ne change pas la fa\u00e7on dont la R\u00e8gle 14.3c s\u2019applique.<br>Par exemple, un joueur choisit de se d\u00e9gager pour une balle injouable selon la R\u00e8gle 19.2c (D\u00e9gagement lat\u00e9ral) pour une balle reposant dans la zone g\u00e9n\u00e9rale et sa zone de d\u00e9gagement est partiellement dans la zone g\u00e9n\u00e9rale et partiellement dans un bunker. Le drop du joueur touche en premier le bunker dans la zone de d\u00e9gagement et vient reposer dans la zone g\u00e9n\u00e9rale ou en dehors de la totalit\u00e9 de la zone de d\u00e9gagement, si bien que le joueur doit dropper de nouveau. Ce faisant il peut dropper la balle dans la portion de zone g\u00e9n\u00e9rale de la zone de d\u00e9gagement.<br>R\u00e8gle 14.7 Clarifications : jouer d\u2019un mauvais endroit<br><strong>14.7b\/1 <\/strong>\u2013 Un joueur encourt une p\u00e9nalit\u00e9 pour chaque coup jou\u00e9 depuis une zone o\u00f9 le jeu n\u2019est pas autoris\u00e9<br>Quand la balle d\u2019un joueur vient reposer dans une zone o\u00f9 le jeu n\u2019est pas autoris\u00e9, le joueur doit se d\u00e9gager selon la R\u00e8gle appropri\u00e9e. En stroke play, si le joueur joue la balle depuis cette zone (par ex. une zone de jeu interdit ou un mauvais green), le joueur encourt deux coups de p\u00e9nalit\u00e9 pour chaque coup jou\u00e9 depuis cette zone.<br>Par exemple, la balle d\u2019un joueur vient reposer dans une zone de jeu interdit \u00e0 l\u2019int\u00e9rieur d\u2019une zone \u00e0 p\u00e9nalit\u00e9. Le joueur entre dans la zone de jeu interdit et joue un coup sur la balle qui se d\u00e9place seulement de quelques m\u00e8tres et demeure dans la zone de jeu interdit. Le joueur joue ensuite un autre coup sur la<br>balle et elle vient reposer en dehors de la zone de jeu interdit.<br>Chaque coup compte et le joueur encourt la p\u00e9nalit\u00e9 g\u00e9n\u00e9rale selon la R\u00e8gle 14.7 pour avoir jou\u00e9 d\u2019un mauvais endroit pour chaque coup jou\u00e9 depuis la zone de jeu interdit, soit un total de quatre coups de p\u00e9nalit\u00e9. Le joueur doit finir le trou avec la balle jou\u00e9e depuis la zone de jeu interdit, \u00e0 moins qu\u2019il n\u2019y ait une grave infraction. En cas de grave infraction le joueur doit corriger son erreur (voir R\u00e8gle 14.7b).<br><strong>14.7b\/2<\/strong> \u2013 Une balle est \u00e0 un mauvais endroit si le club frappe la condition pour laquelle le d\u00e9gagement est pris<br>Quand un joueur se d\u00e9gage pour une interf\u00e9rence avec une condition anormale du parcours, il est exig\u00e9 qu\u2019il se d\u00e9gage pour la totalit\u00e9 de l\u2019interf\u00e9rence avec cette condition. Si la balle est dropp\u00e9e dans la zone de d\u00e9gagement et vient reposer \u00e0 un emplacement o\u00f9 le joueur a n\u2019importe quel type d\u2019interf\u00e9rence avec cette condition, bas\u00e9e sur le coup que le joueur aurait jou\u00e9 depuis la position d\u2019origine de la balle si la condition n\u2019existait pas, la balle est \u00e0 un mauvais endroit.<br>Par exemple, la balle d\u2019un joueur vient reposer sur un chemin pour voiturettes et le joueur d\u00e9cide de se d\u00e9gager. Il estime le point le plus proche de d\u00e9gagement complet en utilisant le club qu\u2019il aurait utilis\u00e9 pour jouer la balle depuis le chemin pour voiturettes. Ayant mesur\u00e9 la zone de d\u00e9gagement depuis ce point, le joueur droppe une balle qui vient reposer \u00e0 un emplacement que le joueur pense \u00eatre dans la zone de d\u00e9gagement. Le joueur joue ensuite un coup, heurtant le chemin pour voiturettes pendant le coup. Comme le chemin pour voiturettes \u00e9tait dans la zone de swing intentionnel du joueur, l\u2019interf\u00e9rence existait encore pour le joueur. Par cons\u00e9quent, le joueur n\u2019avait pas correctement d\u00e9termin\u00e9 la zone<br>de d\u00e9gagement et il encourt la p\u00e9nalit\u00e9 g\u00e9n\u00e9rale pour avoir jou\u00e9 d\u2019un mauvais endroit.<br>Toutefois, si une interf\u00e9rence avec la condition existait pour le joueur parce que, par exemple, il d\u00e9cidait de jouer dans une direction diff\u00e9rente, avec un club diff\u00e9rent ou que ses pieds glissaient pendant le coup modifiant le swing intentionnel, il n\u2019aurait pas \u00e9t\u00e9 consid\u00e9r\u00e9 que le joueur avait jou\u00e9 d\u2019un mauvais endroit.<\/p>\n\n\n\n<p class=\"has-header-text-color-color has-text-color\"><\/p>\n","protected":false},"excerpt":{"rendered":"<p>R\u00e8gle 14.1 Clarifications : marquer, relever et nettoyer une balle14.1a\/1 \u2013 Marquer correctement la balleLa R\u00e8gle 14.1a utilise les expressions \u00ab juste derri\u00e8re \u00bb et \u00ab juste \u00e0 c\u00f4t\u00e9 de \u00bb pour \u00eatre certain que l\u2019emplacement d\u2019une balle relev\u00e9e est marqu\u00e9 avec suffisamment de pr\u00e9cision pour que le joueur la [&hellip;]<\/p>\n","protected":false},"author":8,"featured_media":9462,"parent":0,"menu_order":0,"comment_status":"closed","ping_status":"closed","template":"","meta":{"footnotes":""},"class_list":["post-9770","page","type-page","status-publish","has-post-thumbnail","hentry"],"_links":{"self":[{"href":"https:\/\/asgolfdepessac.com\/index.php\/wp-json\/wp\/v2\/pages\/9770","targetHints":{"allow":["GET"]}}],"collection":[{"href":"https:\/\/asgolfdepessac.com\/index.php\/wp-json\/wp\/v2\/pages"}],"about":[{"href":"https:\/\/asgolfdepessac.com\/index.php\/wp-json\/wp\/v2\/types\/page"}],"author":[{"embeddable":true,"href":"https:\/\/asgolfdepessac.com\/index.php\/wp-json\/wp\/v2\/users\/8"}],"replies":[{"embeddable":true,"href":"https:\/\/asgolfdepessac.com\/index.php\/wp-json\/wp\/v2\/comments?post=9770"}],"version-history":[{"count":0,"href":"https:\/\/asgolfdepessac.com\/index.php\/wp-json\/wp\/v2\/pages\/9770\/revisions"}],"wp:featuredmedia":[{"embeddable":true,"href":"https:\/\/asgolfdepessac.com\/index.php\/wp-json\/wp\/v2\/media\/9462"}],"wp:attachment":[{"href":"https:\/\/asgolfdepessac.com\/index.php\/wp-json\/wp\/v2\/media?parent=9770"}],"curies":[{"name":"wp","href":"https:\/\/api.w.org\/{rel}","templated":true}]}}