{"id":9825,"date":"2025-02-06T21:20:56","date_gmt":"2025-02-06T20:20:56","guid":{"rendered":"https:\/\/asgolfdepessac.com\/?page_id=9825"},"modified":"2025-02-09T08:10:56","modified_gmt":"2025-02-09T07:10:56","slug":"clarification-de-la-regle-10","status":"publish","type":"page","link":"https:\/\/asgolfdepessac.com\/index.php\/clarification-de-la-regle-10\/","title":{"rendered":"Clarification de la r\u00e8gle 10"},"content":{"rendered":"\n<p class=\"has-black-color has-background-color-background-color has-text-color has-background\"><strong>R\u00e8gle 10.1 Clarifications : Jouer un coup<\/strong><br><strong>10.1a\/1<\/strong> \u2013 Exemples de ce qu\u2019est pousser, riper ou cueillir<br>Ces termes ont des significations qui se recoupent mais ils peuvent \u00eatre d\u00e9finis au moyen de ces trois exemples d\u2019utilisation du club non autoris\u00e9e par la R\u00e8gle :<br>\u2022 Un joueur entre un petit putt en frappant la balle avec la semelle de la t\u00eate de club, en utilisant un mouvement similaire \u00e0 celui employ\u00e9 pour faire un coup au billard ou au jeu de palets. D\u00e9placer la balle de cette fa\u00e7on c\u2019est la pousser.<br>\u2022 Un joueur d\u00e9place le club le long de la surface du sol en le tirant vers lui.<br>D\u00e9placer la balle de cette fa\u00e7on c\u2019est la faire riper.<br>\u2022 Un joueur glisse un club en dessous et tr\u00e8s pr\u00e8s de la balle. Le joueur soul\u00e8ve et d\u00e9place la balle en utilisant un mouvement vers l\u2019avant et vers le haut.<br>D\u00e9placer la balle de cette fa\u00e7on c\u2019est la cueillir.<br><strong>10.1a\/2<\/strong> \u2013 Un autre mat\u00e9riau peut s\u2019interposer entre la balle et la t\u00eate de club pendant un coup<br>En frappant franchement une balle, il n\u2019est pas obligatoire que la t\u00eate de club entre en contact avec la balle. Parfois, d\u2019autres mat\u00e9riaux peuvent s\u2019interposer.<br>Un exemple de ce que signifie frapper franchement une balle est fourni par la situation o\u00f9 une balle repose contre la base d\u2019une cl\u00f4ture d\u00e9finissant un hors limites et o\u00f9 le joueur joue un coup en frappant le c\u00f4t\u00e9 hors limites de la cl\u00f4ture pour d\u00e9placer la balle.<br><strong>10.1b\/1<\/strong> \u2013 Un joueur ne doit pas ancrer le club avec l\u2019avant-bras contre le corps<br>Tenir un avant-bras contre le corps pendant un coup est un moyen indirect d\u2019ancrer le club.<br>Pour qu\u2019un \u00ab point d\u2019ancrage \u00bb existe, deux choses doivent se produire : (1) le joueur doit maintenir un avant-bras contre le corps ; et (2) le joueur doit saisir le club de telle fa\u00e7on que les mains soient s\u00e9par\u00e9es et travaillent ind\u00e9pendamment l\u2019une de l\u2019autre.<br>Par exemple, en jouant un coup avec un long putter, l\u2019avant-bras du joueur est cal\u00e9 contre son corps pour \u00e9tablir un point stable, tandis que la main inf\u00e9rieure est maintenue sur le manche pour balancer la partie inf\u00e9rieure du club.<br>Cependant, un joueur est autoris\u00e9 \u00e0 tenir un ou les deux avant-bras contre son corps en jouant un coup, \u00e0 condition que cela ne cr\u00e9e pas un point d\u2019ancrage.<br><strong>10.1b\/2<\/strong> \u2013 Le contact d\u00e9lib\u00e9r\u00e9 avec des v\u00eatements en jouant un coup constitue une infraction<br>Les v\u00eatements maintenus contre le corps par un club ou une main de pr\u00e9hension sont consid\u00e9r\u00e9s faire partie du corps du joueur dans l\u2019application de la R\u00e8gle 10.1b. Le concept d\u2019un swing libre ne peut pas \u00eatre contourn\u00e9 en faisant intervenir quelque chose entre le corps du joueur et son club ou sa main.<br>Par exemple, si un joueur porte une veste de pluie et utilise un putter de longueur moyenne en l\u2019appuyant sur son corps, le joueur enfreint la R\u00e8gle 10.1b.<br>De plus, si le joueur utilise d\u00e9lib\u00e9r\u00e9ment une main de pr\u00e9hension pour tenir un v\u00eatement port\u00e9 sur une partie quelconque du corps (par ex. tenir la manche d\u2019une chemise avec une main) en jouant un coup, il y a infraction \u00e0 la R\u00e8gle 4.3 (Utilisation interdite d\u2019\u00e9quipement), car ce n\u2019est pas son utilisation pr\u00e9vue et cela pourrait aider le joueur \u00e0 jouer ce coup.<br><strong>10.1b\/3 <\/strong>\u2013 Le contact involontaire avec des v\u00eatements en jouant un coup ne constitue pas une infraction<br>Toucher un v\u00eatement avec le club ou la main de pr\u00e9hension et jouer un coup est autoris\u00e9.<br>Cela peut se produire dans diverses situations o\u00f9 un joueur :<br>\u2022 Porte des v\u00eatements amples ou des v\u00eatements de pluie,<br>\u2022 A une taille physique ou une carrure qui fait que les bras reposent naturelle ment pr\u00e8s du corps,<br>\u2022 Tient le club extr\u00eamement pr\u00e8s du corps, ou<br>\u2022 Touche ses v\u00eatements, pour quelque autre raison, en jouant un coup.<\/p>\n\n\n\n<p class=\"has-black-color has-background-color-background-color has-text-color has-background\"><strong>R\u00e8gle 10.2 Clarifications : Conseil et autres aides<\/strong><br><strong>10.2a\/1 <\/strong>\u2013 Un joueur peut obtenir des informations d\u2019un cadet partag\u00e9<br>Si un cadet est partag\u00e9 par plusieurs joueurs, tous les joueurs partageant ce cadet peuvent lui demander des informations.<br>Par exemple, deux joueurs partagent un cadet et tous deux envoient leur coup de d\u00e9part dans la m\u00eame zone. L\u2019un des joueurs prend un club pour jouer le coup, tandis que l\u2019autre est ind\u00e9cis. Le joueur ind\u00e9cis est autoris\u00e9 \u00e0 demander au cadet partag\u00e9 quel club l\u2019autre joueur a choisi.<br><strong>10.2a\/2<\/strong> \u2013 Un joueur doit essayer d\u2019arr\u00eater un conseil en train d\u2019\u00eatre donn\u00e9 volontairement<br>Si un joueur re\u00e7oit un conseil de quelqu\u2019un d\u2019autre que son cadet (par ex. un spectateur) sans le demander, il n\u2019encourt aucune p\u00e9nalit\u00e9. Cependant, si le joueur continue \u00e0 recevoir des conseils de cette m\u00eame personne, le joueur doit essayer d\u2019emp\u00eacher cette personne de donner des conseils. Si le joueur ne le fait pas, il est consid\u00e9r\u00e9 comme demandant ce conseil et encourt la p\u00e9nalit\u00e9 selon la R\u00e8gle 10.2a.<br>Dans une comp\u00e9tition par \u00e9quipe (R\u00e8gle 24), cela s\u2019applique \u00e9galement \u00e0 un joueur qui re\u00e7oit un conseil d\u2019un capitaine d\u2019\u00e9quipe qui n\u2019a pas \u00e9t\u00e9 d\u00e9sign\u00e9 comme donneur de conseils.<br><strong>10.2b\/1 <\/strong>\u2013 L\u2019utilisation pour l\u2019aide \u00e0 l\u2019alignement d\u2019un putter auto-port\u00e9 n\u2019est pas autoris\u00e9e<br>\u00c0 condition qu\u2019un putter qui tient debout tout seul soit conforme aux R\u00e8gles sur l\u2019\u00e9quipement, il peut \u00eatre utilis\u00e9 pour jouer un coup (R\u00e8gle 4.1a(1)). Mais le joueur (ou son cadet) n\u2019est pas autoris\u00e9 \u00e0 poser un tel putter pour obtenir de l\u2019aide de quelque fa\u00e7on qui enfreindrait la R\u00e8gle 10.2b.<br>Par exemple, le joueur ne doit pas poser le putter en position debout juste derri\u00e8re ou juste \u00e0 c\u00f4t\u00e9 de l\u2019endroit o\u00f9 la balle repose sur le green pour indiquer la ligne de jeu ou pour aider le joueur \u00e0 prendre son stance pour le coup en infraction avec la R\u00e8gle 10.2b(3). (Nouvelle)<br><strong>10.2b(3)\/1<\/strong> \u2013 Placer la t\u00eate de club sur le sol derri\u00e8re la balle pour aider le joueur \u00e0 prendre un stance est autoris\u00e9<br>La R\u00e8gle 10.2b(3) n\u2019autorise pas \u00e0 un joueur \u00e0 poser un objet (par ex. une baguette d\u2019alignement ou un club de golf) pour aider le joueur \u00e0 prendre un stance.<br>Cependant, cette interdiction n\u2019emp\u00eache pas un joueur de positionner sa t\u00eate de club derri\u00e8re la balle, par exemple lorsqu\u2019un joueur se tient derri\u00e8re la balle et place la t\u00eate de club perpendiculairement \u00e0 la ligne de jeu puis, tout en continuant \u00e0 tenir le club, se d\u00e9place en tournant pour prendre son stance.<br><strong>10.2b(4)\/1 <\/strong>\u2013 Le cadet dans la zone restreinte fournit de l\u2019aide avant que le joueur ne commence \u00e0 prendre son stance<br>La R\u00e8gle 10.2b(4) interdit au cadet de se tenir d\u00e9lib\u00e9r\u00e9ment dans la zone restreinte pour aider le joueur \u00e0 viser. Cela garantit que viser la cible pr\u00e9vue est un challenge que le joueur doit surmonter seul.<br>Dans une situation o\u00f9 un joueur n\u2019a pas encore commenc\u00e9 \u00e0 prendre son stance pour le coup mais que :                                                                                                                                    \u2022 Les pieds du joueur ou son corps sont proches d\u2019une position o\u00f9 une aide \u00e0 la vis\u00e9e pourrait \u00eatre fournie, et que<br>\u2022 Le cadet se tient d\u00e9lib\u00e9r\u00e9ment dans la zone restreinte et aide le joueur \u00e0 viser, le joueur est consid\u00e9r\u00e9 comme ayant commenc\u00e9 \u00e0 prendre son stance pour le coup (m\u00eame si ses pieds ne sont pas dans cette position). (Nouvelle)<br><strong>10.2b(5)\/1 <\/strong>\u2013 Un joueur peut demander \u00e0 une autre personne qui n\u2019a pas \u00e9t\u00e9 d\u00e9lib\u00e9r\u00e9ment positionn\u00e9e \u00e0 cet endroit de se d\u00e9placer ou de rester en place<br>Bien qu\u2019un joueur ne puisse pas placer un objet ou positionner une personne dans le but de prot\u00e9ger la balle de la lumi\u00e8re du soleil, le joueur peut demander \u00e0 une personne (par ex. un spectateur) de ne pas bouger lorsque ce spectateur est d\u00e9j\u00e0 positionn\u00e9 et ce afin que son ombre reste sur la balle ou bien il peut demander \u00e0 ce spectateur de se d\u00e9placer pour que son ombre ne soit plus sur la balle.<br><strong>10.2b(5)\/2<\/strong> \u2013 Un joueur peut porter des v\u00eatements de protection<br>M\u00eame si un joueur ne doit pas am\u00e9liorer les conditions affectant le coup pour se prot\u00e9ger contre les \u00e9l\u00e9ments, il peut porter des v\u00eatements de protection pour se prot\u00e9ger des \u00e9l\u00e9ments.<br>Par exemple, si la balle d\u2019un joueur vient reposer juste \u00e0 c\u00f4t\u00e9 d\u2019un cactus, le joueur enfreindrait la R\u00e8gle 8.1a (Actions qui am\u00e9liorent les conditions affectant le coup) s\u2019il pla\u00e7ait une serviette sur le cactus pour am\u00e9liorer sa zone de stance intentionnel. Cependant, une serviette peut \u00eatre enroul\u00e9e autour du corps du<br>joueur pour le prot\u00e9ger du cactus.<\/p>\n\n\n\n<p class=\"has-black-color has-background-color-background-color has-text-color has-background\"><strong>R\u00e8gle 10.3 Clarifications : Cadets<\/strong><br><strong>10.3a\/1<\/strong> \u2013 Un joueur transporte des clubs sur une voiturette de golf et engage une autre personne pour accomplir toutes les autres fonctions d\u2019un cadet<br>Un joueur dont les clubs sont transport\u00e9s sur une voiturette de golf qu\u2019il conduit lui-m\u00eame est autoris\u00e9 \u00e0 engager une personne pour accomplir toutes les autres t\u00e2ches d\u2019un cadet, et cette personne est consid\u00e9r\u00e9e \u00eatre un cadet.<br>Cet arrangement est autoris\u00e9 \u00e0 condition que le joueur n\u2019ait pas \u00e9galement engag\u00e9 quelqu\u2019un d\u2019autre pour conduire la voiturette. Dans un tel cas, le conducteur de la voiturette est \u00e9galement un cadet puisqu\u2019il transporte les clubs du joueur et le joueur encourt une p\u00e9nalit\u00e9 selon la R\u00e8gle 10.3a(1) pour avoir plus d\u2019un cadet.<br><strong>10.3a\/2<\/strong> \u2013 Un joueur peut \u00eatre le cadet d\u2019un autre joueur lorsqu\u2019il ne joue pas un tour<br>Un joueur participant \u00e0 une comp\u00e9tition peut \u00eatre le cadet d\u2019un autre joueur dans la m\u00eame comp\u00e9tition, sauf lorsque le joueur joue son tour ou quand une R\u00e8gle locale interdit au joueur d\u2019\u00eatre cadet.<br>Par exemple :<br>\u2022 Si deux joueurs jouent le m\u00eame jour dans la m\u00eame comp\u00e9tition, mais \u00e0 des moments diff\u00e9rents, ils sont autoris\u00e9s \u00e0 \u00eatre le cadet l\u2019un de l\u2019autre.<br>\u2022 En stroke play, si un joueur dans un groupe abandonne pendant un tour, il peut devenir le cadet d\u2019un autre joueur du groupe.<\/p>\n","protected":false},"excerpt":{"rendered":"<p>R\u00e8gle 10.1 Clarifications : Jouer un coup10.1a\/1 \u2013 Exemples de ce qu\u2019est pousser, riper ou cueillirCes termes ont des significations qui se recoupent mais ils peuvent \u00eatre d\u00e9finis au moyen de ces trois exemples d\u2019utilisation du club non autoris\u00e9e par la R\u00e8gle :\u2022 Un joueur entre un petit putt en [&hellip;]<\/p>\n","protected":false},"author":8,"featured_media":9462,"parent":0,"menu_order":0,"comment_status":"closed","ping_status":"closed","template":"","meta":{"footnotes":""},"class_list":["post-9825","page","type-page","status-publish","has-post-thumbnail","hentry"],"_links":{"self":[{"href":"https:\/\/asgolfdepessac.com\/index.php\/wp-json\/wp\/v2\/pages\/9825","targetHints":{"allow":["GET"]}}],"collection":[{"href":"https:\/\/asgolfdepessac.com\/index.php\/wp-json\/wp\/v2\/pages"}],"about":[{"href":"https:\/\/asgolfdepessac.com\/index.php\/wp-json\/wp\/v2\/types\/page"}],"author":[{"embeddable":true,"href":"https:\/\/asgolfdepessac.com\/index.php\/wp-json\/wp\/v2\/users\/8"}],"replies":[{"embeddable":true,"href":"https:\/\/asgolfdepessac.com\/index.php\/wp-json\/wp\/v2\/comments?post=9825"}],"version-history":[{"count":0,"href":"https:\/\/asgolfdepessac.com\/index.php\/wp-json\/wp\/v2\/pages\/9825\/revisions"}],"wp:featuredmedia":[{"embeddable":true,"href":"https:\/\/asgolfdepessac.com\/index.php\/wp-json\/wp\/v2\/media\/9462"}],"wp:attachment":[{"href":"https:\/\/asgolfdepessac.com\/index.php\/wp-json\/wp\/v2\/media?parent=9825"}],"curies":[{"name":"wp","href":"https:\/\/api.w.org\/{rel}","templated":true}]}}