{"id":992,"date":"2021-10-03T07:55:30","date_gmt":"2021-10-03T05:55:30","guid":{"rendered":"https:\/\/asgolfdepessac.com\/?page_id=992"},"modified":"2026-04-22T15:32:47","modified_gmt":"2026-04-22T13:32:47","slug":"interclubs-en-net-mixte-dhiver","status":"publish","type":"page","link":"https:\/\/asgolfdepessac.com\/index.php\/activites\/interclubs-en-net-mixte-dhiver\/","title":{"rendered":"INTERCLUBS en NET MIXTE d&rsquo;HIVER"},"content":{"rendered":"\n<p><strong>APRES 2023-2024 et 2024-2025, PESSAC DE NOUVEAU VAINQUEUR INTERCLUBS EN NET 2025-2026. <\/strong><\/p>\n\n\n\n<p class=\"has-text-align-center has-large-font-size\"><strong>Le Classement d\u00e9finitif<\/strong><\/p>\n\n\n<div class=\"wp-block-image\">\n<figure class=\"aligncenter size-full\"><img loading=\"lazy\" decoding=\"async\" width=\"325\" height=\"433\" src=\"https:\/\/asgolfdepessac.com\/wp-content\/uploads\/2026\/04\/ICH-2026-Classement-final.png\" alt=\"\" class=\"wp-image-14376\" srcset=\"https:\/\/asgolfdepessac.com\/wp-content\/uploads\/2026\/04\/ICH-2026-Classement-final.png 325w, https:\/\/asgolfdepessac.com\/wp-content\/uploads\/2026\/04\/ICH-2026-Classement-final-225x300.png 225w\" sizes=\"auto, (max-width: 325px) 100vw, 325px\" \/><\/figure>\n<\/div>\n\n\n<p><strong>Capitaine : Tom BEGUE mail&nbsp;&nbsp;tom.begue@wanadoo.fr&nbsp;<\/strong>&nbsp; &nbsp; &nbsp; &nbsp; &nbsp;<strong>&nbsp;<\/strong><\/p>\n\n\n\n<p>Conditions pour participer&nbsp;<\/p>\n\n\n\n<p>\u2013 Messieurs&nbsp;: index inf\u00e9rieur \u00e0 24,4<\/p>\n\n\n\n<p>\u2013 Dames : index inf\u00e9rieur \u00e0 28,4<\/p>\n\n\n\n<p>\u2013 Ne pas faire partie des \u00e9quipes f\u00e9d\u00e9rales de PESSAC (France , Aquitaine et Gironde)<\/p>\n\n\n\n<p>\u2013 Etre adh\u00e9rent de l\u2019AS PESSAC&nbsp;<strong>licenci\u00e9 PESSAC&nbsp;<\/strong><\/p>\n\n\n\n<p>\u2013 Participer aux activit\u00e9s de l\u2019Association Sportive du Golf de Pessac&nbsp; &nbsp;<\/p>\n\n\n\n<p>Pour chaque jour de comp\u00e9tition, l\u2019\u00e9quipe est constitu\u00e9e de 6 joueurs et joueuses. Les parties se d\u00e9roulent en stableford Net . Les 5 meilleures cartes sont retenues pour le classement de l\u2019Equipe.<\/p>\n\n\n\n<p><a href=\"https:\/\/asgolfdepessac.com\/wp-content\/uploads\/2025\/11\/REGLEMENT-ICH-2025-2026-A.pdf\" target=\"_blank\" rel=\"noreferrer noopener\">LE REGLEMENT DE LA COMPETITION<\/a><\/p>\n\n\n\n<h2 class=\"wp-block-heading\"><strong>Pour faire partie de l\u2019Equipe contacter Tom <\/strong><\/h2>\n\n\n\n<p class=\"has-text-align-center\"><strong>Tous les tours de 2025<\/strong><\/p>\n\n\n\n<p class=\"has-text-align-center\"><\/p>\n\n\n<div class=\"wp-block-image\">\n<figure class=\"aligncenter size-full\"><img loading=\"lazy\" decoding=\"async\" width=\"926\" height=\"334\" src=\"https:\/\/asgolfdepessac.com\/wp-content\/uploads\/2025\/12\/ICH2025-2026-Resultats-4-premiers-tours.png\" alt=\"\" class=\"wp-image-13007\" srcset=\"https:\/\/asgolfdepessac.com\/wp-content\/uploads\/2025\/12\/ICH2025-2026-Resultats-4-premiers-tours.png 926w, https:\/\/asgolfdepessac.com\/wp-content\/uploads\/2025\/12\/ICH2025-2026-Resultats-4-premiers-tours-300x108.png 300w, https:\/\/asgolfdepessac.com\/wp-content\/uploads\/2025\/12\/ICH2025-2026-Resultats-4-premiers-tours-768x277.png 768w\" sizes=\"auto, (max-width: 926px) 100vw, 926px\" \/><\/figure>\n<\/div>\n\n<div class=\"wp-block-image\">\n<figure class=\"aligncenter size-full is-resized\"><img loading=\"lazy\" decoding=\"async\" width=\"1338\" height=\"501\" src=\"https:\/\/asgolfdepessac.com\/wp-content\/uploads\/2026\/03\/ICH-2026-LACANAU.png\" alt=\"\" class=\"wp-image-14146\" style=\"aspect-ratio:2.670769230769231;width:821px;height:auto\" srcset=\"https:\/\/asgolfdepessac.com\/wp-content\/uploads\/2026\/03\/ICH-2026-LACANAU.png 1338w, https:\/\/asgolfdepessac.com\/wp-content\/uploads\/2026\/03\/ICH-2026-LACANAU-300x112.png 300w, https:\/\/asgolfdepessac.com\/wp-content\/uploads\/2026\/03\/ICH-2026-LACANAU-1024x383.png 1024w, https:\/\/asgolfdepessac.com\/wp-content\/uploads\/2026\/03\/ICH-2026-LACANAU-768x288.png 768w\" sizes=\"auto, (max-width: 1338px) 100vw, 1338px\" \/><\/figure>\n<\/div>\n\n\n<figure class=\"wp-block-image size-large\"><img loading=\"lazy\" decoding=\"async\" width=\"1024\" height=\"382\" src=\"https:\/\/asgolfdepessac.com\/wp-content\/uploads\/2026\/04\/ICH-2026-4-dernieres-parties-1024x382.png\" alt=\"\" class=\"wp-image-14377\" srcset=\"https:\/\/asgolfdepessac.com\/wp-content\/uploads\/2026\/04\/ICH-2026-4-dernieres-parties-1024x382.png 1024w, https:\/\/asgolfdepessac.com\/wp-content\/uploads\/2026\/04\/ICH-2026-4-dernieres-parties-300x112.png 300w, https:\/\/asgolfdepessac.com\/wp-content\/uploads\/2026\/04\/ICH-2026-4-dernieres-parties-768x287.png 768w, https:\/\/asgolfdepessac.com\/wp-content\/uploads\/2026\/04\/ICH-2026-4-dernieres-parties.png 1344w\" sizes=\"auto, (max-width: 1024px) 100vw, 1024px\" \/><\/figure>\n\n\n<div class=\"wp-block-image\">\n<figure class=\"aligncenter size-full\"><img loading=\"lazy\" decoding=\"async\" width=\"767\" height=\"722\" src=\"https:\/\/asgolfdepessac.com\/wp-content\/uploads\/2026\/04\/ICH-2026-Margaux.png\" alt=\"\" class=\"wp-image-14378\" srcset=\"https:\/\/asgolfdepessac.com\/wp-content\/uploads\/2026\/04\/ICH-2026-Margaux.png 767w, https:\/\/asgolfdepessac.com\/wp-content\/uploads\/2026\/04\/ICH-2026-Margaux-300x282.png 300w\" sizes=\"auto, (max-width: 767px) 100vw, 767px\" \/><\/figure>\n<\/div>\n\n<div class=\"wp-block-image\">\n<figure class=\"aligncenter size-full\"><img loading=\"lazy\" decoding=\"async\" width=\"466\" height=\"324\" src=\"https:\/\/asgolfdepessac.com\/wp-content\/uploads\/2025\/12\/ICH-2025-2026-LACANAU.png\" alt=\"\" class=\"wp-image-13013\" srcset=\"https:\/\/asgolfdepessac.com\/wp-content\/uploads\/2025\/12\/ICH-2025-2026-LACANAU.png 466w, https:\/\/asgolfdepessac.com\/wp-content\/uploads\/2025\/12\/ICH-2025-2026-LACANAU-300x209.png 300w\" sizes=\"auto, (max-width: 466px) 100vw, 466px\" \/><\/figure>\n<\/div>\n\n\n<p><\/p>\n\n\n<div class=\"wp-block-image\">\n<figure class=\"aligncenter size-full\"><img loading=\"lazy\" decoding=\"async\" width=\"364\" height=\"259\" src=\"https:\/\/asgolfdepessac.com\/wp-content\/uploads\/2025\/10\/ICH-2025-Equipe-1-P.png\" alt=\"\" class=\"wp-image-12689\" srcset=\"https:\/\/asgolfdepessac.com\/wp-content\/uploads\/2025\/10\/ICH-2025-Equipe-1-P.png 364w, https:\/\/asgolfdepessac.com\/wp-content\/uploads\/2025\/10\/ICH-2025-Equipe-1-P-300x213.png 300w\" sizes=\"auto, (max-width: 364px) 100vw, 364px\" \/><\/figure>\n<\/div>\n\n<div class=\"wp-block-image\">\n<figure class=\"aligncenter size-full\"><img loading=\"lazy\" decoding=\"async\" width=\"319\" height=\"212\" src=\"https:\/\/asgolfdepessac.com\/wp-content\/uploads\/2025\/10\/ICH-2025-Equipe-2-P.png\" alt=\"\" class=\"wp-image-12691\" srcset=\"https:\/\/asgolfdepessac.com\/wp-content\/uploads\/2025\/10\/ICH-2025-Equipe-2-P.png 319w, https:\/\/asgolfdepessac.com\/wp-content\/uploads\/2025\/10\/ICH-2025-Equipe-2-P-300x199.png 300w\" sizes=\"auto, (max-width: 319px) 100vw, 319px\" \/><\/figure>\n<\/div>\n\n<div class=\"wp-block-image\">\n<figure class=\"aligncenter size-full is-resized\"><img loading=\"lazy\" decoding=\"async\" width=\"640\" height=\"480\" src=\"https:\/\/asgolfdepessac.com\/wp-content\/uploads\/2025\/11\/equipe-bdx-lac-rotated.jpeg\" alt=\"\" class=\"wp-image-12815\" style=\"width:640px;height:auto\" srcset=\"https:\/\/asgolfdepessac.com\/wp-content\/uploads\/2025\/11\/equipe-bdx-lac-rotated.jpeg 640w, https:\/\/asgolfdepessac.com\/wp-content\/uploads\/2025\/11\/equipe-bdx-lac-300x225.jpeg 300w\" sizes=\"auto, (max-width: 640px) 100vw, 640px\" \/><\/figure>\n<\/div>\n\n\n<p class=\"has-text-align-center\">L&rsquo;\u00e9quipe de Bordeaux lac <\/p>\n\n\n<div class=\"wp-block-image\">\n<figure class=\"aligncenter size-full is-resized\"><img loading=\"lazy\" decoding=\"async\" width=\"488\" height=\"402\" src=\"https:\/\/asgolfdepessac.com\/wp-content\/uploads\/2026\/03\/ICH-2026-EQUIPE-ARCACHON.png\" alt=\"\" class=\"wp-image-14150\" style=\"width:488px;height:auto\" srcset=\"https:\/\/asgolfdepessac.com\/wp-content\/uploads\/2026\/03\/ICH-2026-EQUIPE-ARCACHON.png 488w, https:\/\/asgolfdepessac.com\/wp-content\/uploads\/2026\/03\/ICH-2026-EQUIPE-ARCACHON-300x247.png 300w\" sizes=\"auto, (max-width: 488px) 100vw, 488px\" \/><\/figure>\n<\/div>\n\n\n<p class=\"has-text-align-center\">L&rsquo;equipe pr\u00e9sente \u00e0 Arcachon<\/p>\n\n\n\n<p class=\"has-text-align-center\"><strong>RESULTATS 2024-2025<\/strong><\/p>\n\n\n\n<p class=\"has-text-align-center\"><strong>CLASSEMENT GENERAL DEFINIF<\/strong><\/p>\n\n\n<div class=\"wp-block-image\">\n<figure class=\"aligncenter size-full\"><img loading=\"lazy\" decoding=\"async\" width=\"221\" height=\"287\" src=\"https:\/\/asgolfdepessac.com\/wp-content\/uploads\/2025\/03\/ICH-en-Net-2025-generaL-definitif-A.png\" alt=\"\" class=\"wp-image-10667\"\/><\/figure>\n<\/div>\n\n\n<p class=\"has-text-align-center\">Tours 10 \u00e0  12<\/p>\n\n\n<div class=\"wp-block-image\">\n<figure class=\"aligncenter size-full\"><img loading=\"lazy\" decoding=\"async\" width=\"691\" height=\"330\" src=\"https:\/\/asgolfdepessac.com\/wp-content\/uploads\/2025\/03\/ICH-en-Net-2025-tour-10-a-12-A.png\" alt=\"\" class=\"wp-image-10666\" srcset=\"https:\/\/asgolfdepessac.com\/wp-content\/uploads\/2025\/03\/ICH-en-Net-2025-tour-10-a-12-A.png 691w, https:\/\/asgolfdepessac.com\/wp-content\/uploads\/2025\/03\/ICH-en-Net-2025-tour-10-a-12-A-300x143.png 300w\" sizes=\"auto, (max-width: 691px) 100vw, 691px\" \/><\/figure>\n<\/div>\n\n\n<p class=\"has-text-align-center\">Tours 7 \u00e0 9 <\/p>\n\n\n<div class=\"wp-block-image\">\n<figure class=\"aligncenter size-medium\"><img loading=\"lazy\" decoding=\"async\" width=\"300\" height=\"143\" src=\"https:\/\/asgolfdepessac.com\/wp-content\/uploads\/2025\/03\/ICH-2025-Tour-7-8-9-300x143.png\" alt=\"\" class=\"wp-image-10264\" srcset=\"https:\/\/asgolfdepessac.com\/wp-content\/uploads\/2025\/03\/ICH-2025-Tour-7-8-9-300x143.png 300w, https:\/\/asgolfdepessac.com\/wp-content\/uploads\/2025\/03\/ICH-2025-Tour-7-8-9.png 692w\" sizes=\"auto, (max-width: 300px) 100vw, 300px\" \/><\/figure>\n<\/div>\n\n\n<p class=\"has-text-align-center\">Tours 4 \u00e0 6<\/p>\n\n\n<div class=\"wp-block-image\">\n<figure class=\"aligncenter size-medium\"><img loading=\"lazy\" decoding=\"async\" width=\"300\" height=\"147\" src=\"https:\/\/asgolfdepessac.com\/wp-content\/uploads\/2025\/02\/ICH-2025-Tour-4-a-6-300x147.png\" alt=\"\" class=\"wp-image-9993\" srcset=\"https:\/\/asgolfdepessac.com\/wp-content\/uploads\/2025\/02\/ICH-2025-Tour-4-a-6-300x147.png 300w, https:\/\/asgolfdepessac.com\/wp-content\/uploads\/2025\/02\/ICH-2025-Tour-4-a-6.png 685w\" sizes=\"auto, (max-width: 300px) 100vw, 300px\" \/><\/figure>\n<\/div>\n\n\n<p class=\"has-text-align-center\">Trois Premiers Tours<\/p>\n\n\n<div class=\"wp-block-image\">\n<figure class=\"aligncenter size-medium\"><img loading=\"lazy\" decoding=\"async\" width=\"300\" height=\"148\" src=\"https:\/\/asgolfdepessac.com\/wp-content\/uploads\/2025\/01\/ICH-2025-3-premier-Tour-300x148.png\" alt=\"\" class=\"wp-image-9270\" srcset=\"https:\/\/asgolfdepessac.com\/wp-content\/uploads\/2025\/01\/ICH-2025-3-premier-Tour-300x148.png 300w, https:\/\/asgolfdepessac.com\/wp-content\/uploads\/2025\/01\/ICH-2025-3-premier-Tour-1024x506.png 1024w, https:\/\/asgolfdepessac.com\/wp-content\/uploads\/2025\/01\/ICH-2025-3-premier-Tour-768x380.png 768w, https:\/\/asgolfdepessac.com\/wp-content\/uploads\/2025\/01\/ICH-2025-3-premier-Tour.png 1535w\" sizes=\"auto, (max-width: 300px) 100vw, 300px\" \/><\/figure>\n<\/div>\n\n\n<p class=\"has-text-align-center\">L&rsquo;Equipe Participante \u00e0 MARGAUX<\/p>\n\n\n\n<p>Les participants en 2024-2025 :<\/p>\n\n\n\n<p>Pascal Grand Moursel, Fabienne Grand Moursel, Thomas Cabrol, Mounir Mahmoun, Julie Foures, J\u00e9r\u00e9my Maduro, Ludovic Jourdy, Ga\u00e9tan Gilbert, Laurent Le Borgne, Gregory Dupuy, Florence Bertounesque, Philippe Marty, William Ducasse, Nicolas Ferreira, Sylvain Dessagne, Philippe Gallera, Vincent Castagnon, Christophe Bousseau, Froger Mickael et Tom B\u00e9gu\u00e9<\/p>\n\n\n\n<p class=\"has-text-align-center\">L&rsquo;Equipe participante \u00e0 Teynac<\/p>\n\n\n<div class=\"wp-block-image\">\n<figure class=\"aligncenter size-full\"><img loading=\"lazy\" decoding=\"async\" width=\"522\" height=\"432\" src=\"https:\/\/asgolfdepessac.com\/wp-content\/uploads\/2025\/03\/ICH-equipe-2025-teynac-A.jpg\" alt=\"\" class=\"wp-image-10663\" srcset=\"https:\/\/asgolfdepessac.com\/wp-content\/uploads\/2025\/03\/ICH-equipe-2025-teynac-A.jpg 522w, https:\/\/asgolfdepessac.com\/wp-content\/uploads\/2025\/03\/ICH-equipe-2025-teynac-A-300x248.jpg 300w\" sizes=\"auto, (max-width: 522px) 100vw, 522px\" \/><\/figure>\n<\/div>\n\n\n<p class=\"has-text-align-center\">L&rsquo;Equipe participante \u00e0 Margaux<\/p>\n\n\n<div class=\"wp-block-image\">\n<figure class=\"aligncenter size-full\"><img loading=\"lazy\" decoding=\"async\" width=\"640\" height=\"480\" src=\"https:\/\/asgolfdepessac.com\/wp-content\/uploads\/2025\/03\/equipe-de-margaux-ich-2025.png\" alt=\"\" class=\"wp-image-10362\" srcset=\"https:\/\/asgolfdepessac.com\/wp-content\/uploads\/2025\/03\/equipe-de-margaux-ich-2025.png 640w, https:\/\/asgolfdepessac.com\/wp-content\/uploads\/2025\/03\/equipe-de-margaux-ich-2025-300x225.png 300w\" sizes=\"auto, (max-width: 640px) 100vw, 640px\" \/><\/figure>\n<\/div>\n\n\n<p class=\"has-text-align-center\">L&rsquo;Equipe participante \u00e0 Bordeaux Lac<\/p>\n\n\n\n<figure class=\"wp-block-image size-large\"><img loading=\"lazy\" decoding=\"async\" width=\"1024\" height=\"576\" src=\"https:\/\/asgolfdepessac.com\/wp-content\/uploads\/2025\/03\/Equipe-ICH-A-bordeaux-Lac-1024x576.jpeg\" alt=\"\" class=\"wp-image-10266\" srcset=\"https:\/\/asgolfdepessac.com\/wp-content\/uploads\/2025\/03\/Equipe-ICH-A-bordeaux-Lac-1024x576.jpeg 1024w, https:\/\/asgolfdepessac.com\/wp-content\/uploads\/2025\/03\/Equipe-ICH-A-bordeaux-Lac-300x169.jpeg 300w, https:\/\/asgolfdepessac.com\/wp-content\/uploads\/2025\/03\/Equipe-ICH-A-bordeaux-Lac-768x432.jpeg 768w, https:\/\/asgolfdepessac.com\/wp-content\/uploads\/2025\/03\/Equipe-ICH-A-bordeaux-Lac-1536x864.jpeg 1536w, https:\/\/asgolfdepessac.com\/wp-content\/uploads\/2025\/03\/Equipe-ICH-A-bordeaux-Lac.jpeg 1600w\" sizes=\"auto, (max-width: 1024px) 100vw, 1024px\" \/><\/figure>\n\n\n\n<p class=\"has-text-align-center\">L&rsquo;Equipe participante aux Aiguilles vertes<\/p>\n\n\n<div class=\"wp-block-image\">\n<figure class=\"aligncenter size-full\"><img loading=\"lazy\" decoding=\"async\" width=\"701\" height=\"488\" src=\"https:\/\/asgolfdepessac.com\/wp-content\/uploads\/2025\/02\/ICH-2025-Equipe-Partie-Aiguilles-vertes-1.png\" alt=\"\" class=\"wp-image-10117\" srcset=\"https:\/\/asgolfdepessac.com\/wp-content\/uploads\/2025\/02\/ICH-2025-Equipe-Partie-Aiguilles-vertes-1.png 701w, https:\/\/asgolfdepessac.com\/wp-content\/uploads\/2025\/02\/ICH-2025-Equipe-Partie-Aiguilles-vertes-1-300x209.png 300w\" sizes=\"auto, (max-width: 701px) 100vw, 701px\" \/><\/figure>\n<\/div>\n\n\n<p class=\"has-text-align-center\">L&rsquo;Equipe participante \u00e0 la rencontre Aiguilles vertes<\/p>\n\n\n<div class=\"wp-block-image\">\n<figure class=\"aligncenter size-full\"><img loading=\"lazy\" decoding=\"async\" width=\"433\" height=\"382\" src=\"https:\/\/asgolfdepessac.com\/wp-content\/uploads\/2025\/02\/Equipe-ICH-Arcachon-A.jpeg.jpg\" alt=\"\" class=\"wp-image-9995\" srcset=\"https:\/\/asgolfdepessac.com\/wp-content\/uploads\/2025\/02\/Equipe-ICH-Arcachon-A.jpeg.jpg 433w, https:\/\/asgolfdepessac.com\/wp-content\/uploads\/2025\/02\/Equipe-ICH-Arcachon-A.jpeg-300x265.jpg 300w\" sizes=\"auto, (max-width: 433px) 100vw, 433px\" \/><\/figure>\n<\/div>\n\n\n<div class=\"wp-block-group\"><div class=\"wp-block-group__inner-container is-layout-constrained wp-block-group-is-layout-constrained\">\n<p class=\"has-text-align-center\">L&rsquo;\u00e9quipe participante \u00e0 Arcachon<\/p>\n\n\n\n<p class=\"has-text-align-center\"><\/p>\n\n\n\n<p><\/p>\n\n\n<div class=\"wp-block-image\">\n<figure class=\"aligncenter size-full is-resized\"><img loading=\"lazy\" decoding=\"async\" width=\"640\" height=\"480\" src=\"https:\/\/asgolfdepessac.com\/wp-content\/uploads\/2025\/01\/Equipe-ICH-Pessac-janv-2025-rotated.jpeg\" alt=\"\" class=\"wp-image-9271\" style=\"width:640px;height:auto\" srcset=\"https:\/\/asgolfdepessac.com\/wp-content\/uploads\/2025\/01\/Equipe-ICH-Pessac-janv-2025-rotated.jpeg 640w, https:\/\/asgolfdepessac.com\/wp-content\/uploads\/2025\/01\/Equipe-ICH-Pessac-janv-2025-300x225.jpeg 300w\" sizes=\"auto, (max-width: 640px) 100vw, 640px\" \/><figcaption class=\"wp-element-caption\">L&rsquo;Equipe participant \u00e0 la comp\u00e9tition de Pessac<\/figcaption><\/figure>\n<\/div><\/div><\/div>\n\n\n<div class=\"wp-block-image\">\n<figure class=\"aligncenter size-full\"><img loading=\"lazy\" decoding=\"async\" width=\"640\" height=\"298\" src=\"https:\/\/asgolfdepessac.com\/wp-content\/uploads\/2024\/12\/equipe-lacanau-A-1.png\" alt=\"\" class=\"wp-image-8951\" srcset=\"https:\/\/asgolfdepessac.com\/wp-content\/uploads\/2024\/12\/equipe-lacanau-A-1.png 640w, https:\/\/asgolfdepessac.com\/wp-content\/uploads\/2024\/12\/equipe-lacanau-A-1-300x140.png 300w\" sizes=\"auto, (max-width: 640px) 100vw, 640px\" \/><\/figure>\n<\/div>\n\n\n<p><\/p>\n\n\n\n<p class=\"has-text-align-center\">L&rsquo;Equipe participant \u00e0 la rencontre de Lacanau<\/p>\n\n\n\n<p class=\"has-text-align-center\"><\/p>\n\n\n<div class=\"wp-block-image\">\n<figure class=\"aligncenter size-full\"><img loading=\"lazy\" decoding=\"async\" width=\"441\" height=\"379\" src=\"https:\/\/asgolfdepessac.com\/wp-content\/uploads\/2024\/11\/Equipe-ICH-Cameyrac-2024-2025-A.jpg\" alt=\"\" class=\"wp-image-8695\" srcset=\"https:\/\/asgolfdepessac.com\/wp-content\/uploads\/2024\/11\/Equipe-ICH-Cameyrac-2024-2025-A.jpg 441w, https:\/\/asgolfdepessac.com\/wp-content\/uploads\/2024\/11\/Equipe-ICH-Cameyrac-2024-2025-A-300x258.jpg 300w\" sizes=\"auto, (max-width: 441px) 100vw, 441px\" \/><\/figure>\n<\/div>\n\n\n<p class=\"has-text-align-center\">EQUIPE CAMEYRAC 2024-2025 de gauche \u00e0 droite :<\/p>\n\n\n\n<p class=\"has-text-align-center\">Philippe Marty, William Ducasse, Florence Bertounesque, Vincent Castagnon, Tom B\u00e9gu\u00e9 et Jeremy Maduro<\/p>\n\n\n\n<h2 class=\"wp-block-heading\"><strong>RESULTATS DE LA COMPETITION AU GOLF DE MARGAUX DU 13 AVRIL 2024<\/strong><\/h2>\n\n\n<div class=\"wp-block-image\">\n<figure class=\"aligncenter size-full\"><img decoding=\"async\" src=\"https:\/\/asgolfdepessac.com\/wp-content\/uploads\/2024\/04\/Sortie_Margaux.png\" alt=\"\" class=\"wp-image-6982\"\/><\/figure>\n<\/div>\n\n\n<p class=\"has-text-align-center\"><strong>CLASSEMENT GENERAL APRES MARGAUX<\/strong><\/p>\n\n\n<div class=\"wp-block-image\">\n<figure class=\"aligncenter size-full is-resized\"><img decoding=\"async\" src=\"https:\/\/asgolfdepessac.com\/wp-content\/uploads\/2024\/04\/FINAL_ICH_A.png\" alt=\"\" class=\"wp-image-6984\" style=\"width:353px;height:auto\"\/><\/figure>\n<\/div>\n\n<div dir=\"ltr\">\n<div style=\"text-align: center;\">\n<p style=\"text-align: left;\">\n<\/div>\n<\/div>\n\n\n<p><\/p>\n\n\n\n<p>Sortie Margaux du 13-04-2024<\/p>\n\n\n\n<figure class=\"wp-block-image size-large\"><img decoding=\"async\" src=\"https:\/\/asgolfdepessac.com\/wp-content\/uploads\/2024\/04\/Finale_ICH_margaux_A-1024x576.jpeg\" alt=\"\" class=\"wp-image-6980\"\/><\/figure>\n\n\n\n<p>H\u00e9 voil\u00e0 la saison 2023\/2024 se termine, ce fut pour nous une saison riche en investissement personnel ,et&nbsp;sportif, pour Laurent&nbsp;et&nbsp;moi-m\u00eame car nous devions organiser du tout au tout l&rsquo;ensemble de la comp\u00e9tition.<\/p>\n\n\n\n<p>Nous &nbsp;sommes tr\u00e8s heureux de remporter pour la 1\u00e8re fois ce troph\u00e9e ,et&nbsp;d&rsquo;apporter \u00e0 notre tr\u00e8s modeste niveau un \u00e9clairage positif au club .<\/p>\n\n\n\n<p>Ce samedi 13 avril 2024 marquait la derni\u00e8re \u00e9tape de la comp\u00e9tition ICH d\u2019hiver sur le prestigieux golf de Margaux. Malgr\u00e9 une journ\u00e9e particuli\u00e8rement chaude, les performances g\u00e9n\u00e9rales ont \u00e9t\u00e9 modestes, les joueurs&nbsp;et&nbsp;joueuses peinant \u00e0 afficher des scores \u00e9lev\u00e9s. Cependant, les cartes des sixi\u00e8mes joueurs se sont r\u00e9v\u00e9l\u00e9es d\u00e9terminantes,&nbsp;et&nbsp;ont permis \u00e0 l&rsquo;\u00e9quipe de Pessac de prendre l&rsquo;avantage&nbsp;et&nbsp;de s&rsquo;imposer.<br><br>Sur le plan g\u00e9n\u00e9ral de la comp\u00e9tition, tout s&rsquo;est jou\u00e9 lors de cette derni\u00e8re journ\u00e9e \u00e0 Margaux. L\u2019\u00e9quipe de Pessac s&rsquo;est illustr\u00e9e en remportant la victoire, d\u00e9tr\u00f4nant ainsi Gujan, tenant du titre pendant deux ann\u00e9es cons\u00e9cutives. Cette victoire de Pessac cl\u00f4ture une s\u00e9rie de d\u00e9fis intenses&nbsp;et&nbsp;passionnants tout au long du tournoi.<br><br>Un grand merci \u00e0 Antoine&nbsp;et&nbsp;aux \u00e9quipes du club de Margaux pour leur accueil&nbsp;et&nbsp;leur gestion impeccable de l&rsquo;\u00e9v\u00e9nement. Nos remerciements s&rsquo;\u00e9tendent \u00e9galement \u00e0 tous les capitaines, ainsi qu&rsquo;aux joueuses&nbsp;et&nbsp;joueurs qui ont particip\u00e9 \u00e0 cette \u00e9dition. \ud83d\udc4f\ud83c\udfcc\ufe0f\u200d\u2642\ufe0f\ud83c\udfcc\ufe0f\u200d\u2640\ufe0f<br><br>Votre pr\u00e9sence&nbsp;et&nbsp;votre comp\u00e9titivit\u00e9 ont rendu cette comp\u00e9tition m\u00e9morable!<\/p>\n\n\n\n<p>William \/Laurent&nbsp;<\/p>\n\n\n\n<h2 class=\"wp-block-heading\">Retour sur la sortie aux Argyl\u00e8res du 30-03-2024<\/h2>\n\n\n\n<figure class=\"wp-block-image size-large\"><img decoding=\"async\" src=\"https:\/\/asgolfdepessac.com\/wp-content\/uploads\/2024\/04\/Equipe_Pessac_ICH_A-1024x576.jpeg\" alt=\"\" class=\"wp-image-6831\"\/><figcaption class=\"wp-element-caption\">J\u00e9r\u00e9my \/ Christophe \/ Florence \/ Laurent \/  Vincent \/ Philippe<\/figcaption><\/figure>\n\n\n\n<p>Le Golf des Argyl\u00e8res \u00e0 Cestas a \u00e9t\u00e9 le cadre d&rsquo;une comp\u00e9tition le 30 mars 2024, o\u00f9, malgr\u00e9 un terrain \u00e9prouv\u00e9 par les intemp\u00e9ries avec deux drop zones sur un green, 12 \u00e9quipes ont brav\u00e9 les \u00e9l\u00e9ments.<\/p>\n\n\n\n<p>Bien que les conditions aient \u00e9t\u00e9 loin d\u2019\u00eatre id\u00e9ales, cette comp\u00e9tition compte dans le calcul de l&rsquo;index aupr\u00e8s de la FFG, une d\u00e9cision qui a suscit\u00e9 des sentiments partag\u00e9s parmi les participants. Nombre d&rsquo;entre eux auraient pr\u00e9f\u00e9r\u00e9 une exemption compte tenu des circonstances exceptionnelles.<\/p>\n\n\n\n<p>Nous tenons \u00e0 remercier le club des Argyleres pour son accueil et son organisation dans ces conditions d\u00e9licates \ud83c\udf43. Votre esprit sportif et votre capacit\u00e9 d&rsquo;adaptation m\u00e9ritent toute notre admiration.<\/p>\n\n\n\n<p>Un grand merci \u00e0 tous pour votre participation et rendez-vous bient\u00f4t pour de nouvelles aventures golfiques. \u26f3<\/p>\n\n\n\n<p><\/p>\n\n\n\n<p><\/p>\n\n\n\n<p><\/p>\n","protected":false},"excerpt":{"rendered":"<p>APRES 2023-2024 et 2024-2025, PESSAC DE NOUVEAU VAINQUEUR INTERCLUBS EN NET 2025-2026. Le Classement d\u00e9finitif Capitaine : Tom BEGUE mail&nbsp;&nbsp;tom.begue@wanadoo.fr&nbsp;&nbsp; &nbsp; &nbsp; &nbsp; &nbsp;&nbsp; Conditions pour participer&nbsp; \u2013 Messieurs&nbsp;: index inf\u00e9rieur \u00e0 24,4 \u2013 Dames : index inf\u00e9rieur \u00e0 28,4 \u2013 Ne pas faire partie des \u00e9quipes f\u00e9d\u00e9rales de PESSAC [&hellip;]<\/p>\n","protected":false},"author":1,"featured_media":52,"parent":502,"menu_order":0,"comment_status":"closed","ping_status":"closed","template":"","meta":{"footnotes":""},"class_list":["post-992","page","type-page","status-publish","has-post-thumbnail","hentry"],"_links":{"self":[{"href":"https:\/\/asgolfdepessac.com\/index.php\/wp-json\/wp\/v2\/pages\/992","targetHints":{"allow":["GET"]}}],"collection":[{"href":"https:\/\/asgolfdepessac.com\/index.php\/wp-json\/wp\/v2\/pages"}],"about":[{"href":"https:\/\/asgolfdepessac.com\/index.php\/wp-json\/wp\/v2\/types\/page"}],"author":[{"embeddable":true,"href":"https:\/\/asgolfdepessac.com\/index.php\/wp-json\/wp\/v2\/users\/1"}],"replies":[{"embeddable":true,"href":"https:\/\/asgolfdepessac.com\/index.php\/wp-json\/wp\/v2\/comments?post=992"}],"version-history":[{"count":3,"href":"https:\/\/asgolfdepessac.com\/index.php\/wp-json\/wp\/v2\/pages\/992\/revisions"}],"predecessor-version":[{"id":14379,"href":"https:\/\/asgolfdepessac.com\/index.php\/wp-json\/wp\/v2\/pages\/992\/revisions\/14379"}],"up":[{"embeddable":true,"href":"https:\/\/asgolfdepessac.com\/index.php\/wp-json\/wp\/v2\/pages\/502"}],"wp:featuredmedia":[{"embeddable":true,"href":"https:\/\/asgolfdepessac.com\/index.php\/wp-json\/wp\/v2\/media\/52"}],"wp:attachment":[{"href":"https:\/\/asgolfdepessac.com\/index.php\/wp-json\/wp\/v2\/media?parent=992"}],"curies":[{"name":"wp","href":"https:\/\/api.w.org\/{rel}","templated":true}]}}