{"id":9924,"date":"2025-02-11T17:35:41","date_gmt":"2025-02-11T16:35:41","guid":{"rendered":"https:\/\/asgolfdepessac.com\/?page_id=9924"},"modified":"2025-02-25T05:37:11","modified_gmt":"2025-02-25T04:37:11","slug":"regle-n15-degagement-de-detritus-et-dobstructions-amovibles-y-compris-une-balle-ou-un-marque-balle-ou-genant-le-jeu","status":"publish","type":"page","link":"https:\/\/asgolfdepessac.com\/index.php\/regle-n15-degagement-de-detritus-et-dobstructions-amovibles-y-compris-une-balle-ou-un-marque-balle-ou-genant-le-jeu\/","title":{"rendered":"R\u00e8gle n\u00b015 &#8211; D\u00e9gagement de d\u00e9tritus et d&rsquo;obstructions amovibles (y compris une balle ou un marque-balle ou g\u00eanant le jeu)"},"content":{"rendered":"\n<p class=\"has-text-align-center has-black-color has-background-color-background-color has-text-color has-background has-link-color has-medium-font-size wp-elements-6fbdd76a3df619d454a4d53138c8d76f\"><strong><a href=\"https:\/\/asgolfdepessac.com\/index.php\/clarification-de-la-regle-15\/\">Clarifications<\/a><\/strong><\/p>\n\n\n\n<p class=\"has-black-color has-background-color-background-color has-text-color has-background\">Objet de la R\u00e8gle :<br>La R\u00e8gle 15 traite de quand et comment le joueur peut prendre un d\u00e9gagement gratuit des d\u00e9tritus et des obstructions amovibles.<br>\u2022 Ces \u00e9l\u00e9ments naturels et artificiels amovibles ne sont pas consid\u00e9r\u00e9s comme faisant partie du challenge propos\u00e9 en jouant le parcours, et un joueur est normalement autoris\u00e9 \u00e0 les enlever quand ils interf\u00e8rent avec le jeu.<br>\u2022 Mais le joueur doit \u00eatre prudent en d\u00e9pla\u00e7ant des d\u00e9tritus pr\u00e8s de sa balle en dehors du green, car il y aura une p\u00e9nalit\u00e9 si leur d\u00e9placement entra\u00eene le d\u00e9placement de la balle.<br>D\u00e9gagement de d\u00e9tritus et d\u2019obstructions amovibles (y compris une balle ou un marque balle aidant ou g\u00eanant le jeu)<\/p>\n\n\n\n<p class=\"has-black-color has-background-color-background-color has-text-color has-background\"><strong>15.1 D\u00e9tritus<\/strong><br><strong>15.1a Enl\u00e8vement des d\u00e9tritus<\/strong><br>Sans p\u00e9nalit\u00e9, un joueur peut enlever un d\u00e9tritus n\u2019importe o\u00f9 sur ou en dehors du parcours, et il peut le faire de n\u2019importe quelle mani\u00e8re (par ex. en utilisant la main ou le pied, en utilisant un club ou un autre \u00e9quipement, en obtenant de l\u2019aide d\u2019autres personnes ou en cassant une partie d\u2019un d\u00e9tritus).<br>Mais il y a deux exceptions :<br><strong>Exception 1<\/strong> \u2013 Enlever des d\u00e9tritus l\u00e0 o\u00f9 une balle doit \u00eatre replac\u00e9e : avant de replacer une balle qui a \u00e9t\u00e9 relev\u00e9e ou d\u00e9plac\u00e9e n\u2019importe o\u00f9 ailleurs que sur le green :<br>\u2022 Un joueur ne doit pas enlever d\u00e9lib\u00e9r\u00e9ment un d\u00e9tritus qui, s\u2019il avait \u00e9t\u00e9 d\u00e9plac\u00e9 avant que la balle ne soit relev\u00e9e ou d\u00e9plac\u00e9e, aurait vraisemblablement caus\u00e9 le d\u00e9placement de la balle.<br>\u2022 Si le joueur le fait, il encourt un coup de p\u00e9nalit\u00e9, mais le d\u00e9tritus d\u00e9plac\u00e9 n\u2019a pas \u00e0 \u00eatre replac\u00e9.<br>Cette exception s\u2019applique \u00e0 la fois pendant un tour et pendant que le jeu est interrompu selon la R\u00e8gle 5.7a. Elle ne s\u2019applique pas \u00e0 un d\u00e9tritus qui n\u2019\u00e9tait pas l\u00e0 avant que la balle ne soit relev\u00e9e ou d\u00e9plac\u00e9e ou qui est enlev\u00e9 en marquant l\u2019emplacement d\u2019une balle, en relevant ou en repla\u00e7ant une balle ou en<br>causant son d\u00e9placement.<br><strong>Exception 2<\/strong> \u2013 Restrictions sur l\u2019enl\u00e8vement d\u00e9lib\u00e9r\u00e9 de d\u00e9tritus pouvant influer sur une balle en mouvement (voir R\u00e8gle 11.3).                                                                                                                     <strong>15.1b Balle d\u00e9plac\u00e9e en enlevant un d\u00e9tritus<\/strong><br>Si l\u2019enl\u00e8vement d\u2019un d\u00e9tritus par le joueur cause le d\u00e9placement de sa balle :<br>\u2022 La balle doit \u00eatre replac\u00e9e \u00e0 son emplacement d\u2019origine (qui, s\u2019il n\u2019est pas connu, doit \u00eatre estim\u00e9) (voir R\u00e8gle 14.2).<br>\u2022 Si la balle d\u00e9plac\u00e9e \u00e9tait au repos n\u2019importe o\u00f9 ailleurs que sur le green (voir R\u00e8gle 13.1d) ou sur la zone de d\u00e9part (voir R\u00e8gle 6.2b(6)), le joueur encourt un coup de p\u00e9nalit\u00e9 selon la R\u00e8gle 9.4b sauf lorsque la R\u00e8gle 7.4 s\u2019applique (pas de p\u00e9nalit\u00e9 pour une balle d\u00e9plac\u00e9e lors de la recherche) ou lorsqu\u2019une autre Exception \u00e0 la R\u00e8gle 9.4b s\u2019applique.<br><strong><em>P\u00e9nalit\u00e9 pour avoir jou\u00e9 une balle d\u2019un mauvais endroit en infraction avec la R\u00e8gle 15.1 : p\u00e9nalit\u00e9 g\u00e9n\u00e9rale selon la R\u00e8gle 14.7a.<\/em><\/strong><\/p>\n\n\n\n<p class=\"has-black-color has-background-color-background-color has-text-color has-background\"><strong>15.2 Obstructions amovibles<\/strong><br>Cette R\u00e8gle traite du d\u00e9gagement gratuit autoris\u00e9 pour les \u00e9l\u00e9ments artificiels qui r\u00e9pondent \u00e0 la d\u00e9finition de l\u2019obstruction amovible.<br>Elle ne donne pas de d\u00e9gagement pour les obstructions inamovibles (un type diff\u00e9rent de d\u00e9gagement gratuit est autoris\u00e9 selon la R\u00e8gle 16.1) ou pour les \u00e9l\u00e9ments de limites ou pour les \u00e9l\u00e9ments partie int\u00e9grante (pour lesquels aucun d\u00e9gagement gratuit n\u2019est autoris\u00e9).<br><strong>15.2a D\u00e9gagement d\u2019une obstruction amovible<\/strong><br><strong>(1)<\/strong> Enl\u00e8vement d\u2019une obstruction amovible. Sans p\u00e9nalit\u00e9, un joueur peut enlever une obstruction amovible n\u2019importe o\u00f9 sur ou en dehors du parcours, et ce de n\u2019importe quelle mani\u00e8re.<br>Mais il y a deux exceptions :<br><strong>Exception 1<\/strong> \u2013 Les marques de d\u00e9part ne doivent pas \u00eatre d\u00e9plac\u00e9es lorsque la balle sera jou\u00e9e de la zone de d\u00e9part (voir R\u00e8gles 6.2b(4) et 8.1a(1)).<br><strong>Exception 2<\/strong> \u2013 Restrictions sur l\u2019enl\u00e8vement d\u00e9lib\u00e9r\u00e9 d\u2019une obstruction amovible pouvant influer sur une balle en mouvement (voir R\u00e8gle 11.3).<br>Si la balle d\u2019un joueur se d\u00e9place alors qu\u2019il enl\u00e8ve une obstruction amovible :<br>\u2022 Il n\u2019y a pas de p\u00e9nalit\u00e9, et<br>\u2022 La balle doit \u00eatre replac\u00e9e \u00e0 son emplacement d\u2019origine (qui, s\u2019il n\u2019est pas connu, doit \u00eatre estim\u00e9) (voir R\u00e8gle 14.2).<br><strong>(2)<\/strong> D\u00e9gagement lorsqu\u2019une balle est dans ou sur une obstruction amovible n\u2019importe o\u00f9 sur le parcours ailleurs que sur le green. Le joueur peut se d\u00e9gager gratuitement en relevant la balle, en enlevant l\u2019obstruction amovible et en droppant la balle d\u2019origine, ou une autre balle, dans la zone de<br>d\u00e9gagement suivante (voir R\u00e8gle 14.3) :<br>\u2022 Point de r\u00e9f\u00e9rence : le point estim\u00e9 directement en dessous de l\u2019endroit o\u00f9 la balle reposait dans ou sur l\u2019obstruction amovible.<br>\u2022 Dimension de la zone de d\u00e9gagement mesur\u00e9e depuis le point de r\u00e9f\u00e9rence : une longueur de club, mais avec les restrictions suivantes :<br>\u2022 Restrictions sur la zone de d\u00e9gagement :<br>\u00bb Elle doit \u00eatre dans la m\u00eame zone du parcours que le point de r\u00e9f\u00e9rence, et<br>\u00bb Elle ne doit pas \u00eatre plus pr\u00e8s du trou que le point de r\u00e9f\u00e9rence.<br><strong>(3)<\/strong> D\u00e9gagement lorsqu\u2019une balle est dans ou sur une obstruction amovible sur le green. Le joueur peut se d\u00e9gager gratuitement en :<br>\u2022 Relevant la balle et enlevant l\u2019obstruction amovible, et<br>\u2022 Pla\u00e7ant la balle d\u2019origine, ou une autre balle, sur le point estim\u00e9 directement en dessous de l\u2019endroit o\u00f9 reposait la balle dans ou sur l\u2019obstruction amovible, en utilisant les proc\u00e9dures pour replacer une balle selon les R\u00e8gles 14.2b(2) et 14.2e.<br><strong>15.2b D\u00e9gagement pour une balle non retrouv\u00e9e mais qui est dans ou sur une obstruction amovible<\/strong><br>Si la balle d\u2019un joueur n\u2019a pas \u00e9t\u00e9 retrouv\u00e9e et que l\u2019on est s\u00fbr ou quasiment certain qu\u2019elle repose dans ou sur une obstruction amovible sur le parcours, le joueur peut, au lieu de se d\u00e9gager selon coup et distance, utiliser l\u2019option de d\u00e9gagement suivante :<br>\u2022 Le joueur peut se d\u00e9gager gratuitement selon la R\u00e8gle 15.2a(2) ou 15.2a(3), en utilisant comme point de r\u00e9f\u00e9rence le point estim\u00e9 directement en dessous de l\u2019endroit o\u00f9 la balle a franchi en dernier la lisi\u00e8re de l\u2019obstruction amovible sur le parcours.<br>\u2022 Une fois que le joueur met une autre balle en jeu pour se d\u00e9gager de cette fa\u00e7on :<br>\u00bb La balle d\u2019origine n\u2019est plus en jeu et ne doit plus \u00eatre jou\u00e9e.<br>\u00bb Ceci est vrai m\u00eame si la balle d\u2019origine est ensuite retrouv\u00e9e sur le parcours avant la fin du temps de recherche de trois minutes (voir R\u00e8gle 6.3b).<br>Mais si l\u2019on n\u2019est pas s\u00fbr ou quasiment certain que la balle repose dans ou sur une obstruction amovible et que la balle est perdue, le joueur doit prendre un d\u00e9gagement coup et distance selon la R\u00e8gle 18.2.<br><strong><em>P\u00e9nalit\u00e9 pour avoir jou\u00e9 une balle d\u2019un mauvais endroit en infraction avec la R\u00e8gle 15.2 : p\u00e9nalit\u00e9 g\u00e9n\u00e9rale selon la R\u00e8gle 14.7a.<\/em><\/strong><\/p>\n\n\n\n<p class=\"has-black-color has-background-color-background-color has-text-color has-background\"><strong>15.3 Balle ou marque-balle aidant ou g\u00eanant le jeu<\/strong><br><strong>15.3a Balle sur le green aidant le jeu<\/strong><br>La R\u00e8gle 15.3a s\u2019applique uniquement \u00e0 une balle au repos sur le green, et nulle part ailleurs sur le parcours.<br>S\u2019il estime raisonnablement qu\u2019une balle sur le green risque d\u2019aider le jeu de quiconque (par ex. en servant de but\u00e9e \u00e9ventuelle pr\u00e8s du trou), le joueur peut :<br>\u2022 Marquer l\u2019emplacement de la balle et la relever selon la R\u00e8gle 13.1b s\u2019il s\u2019agit de la sienne, ou, si la balle appartient \u00e0 un autre joueur, exiger de cet autre joueur qu\u2019il marque l\u2019emplacement et rel\u00e8ve la balle (voir R\u00e8gle 14.1).<br>\u2022 La balle relev\u00e9e doit \u00eatre replac\u00e9e \u00e0 son emplacement d\u2019origine (voir R\u00e8gle 14.2).<br>En stroke play uniquement :<br>\u2022 S\u2019il est exig\u00e9 d\u2019un joueur qu\u2019il rel\u00e8ve sa balle, au lieu de le faire il peut jouer en premier, et<br>\u2022 Si deux joueurs ou plus s\u2019entendent pour laisser une balle en place afin d\u2019aider un quelconque joueur, et que par la suite ce joueur joue un coup alors que la balle qui peut aider le jeu est rest\u00e9e en place, chaque joueur ayant pris part \u00e0 l\u2019accord encourt la p\u00e9nalit\u00e9 g\u00e9n\u00e9rale (<strong><em>deux coups de p\u00e9nalit\u00e9<\/em><\/strong>).<br><em>Voir Proc\u00e9dures pour le Comit\u00e9, Section 5J (conseils sur la meilleure fa\u00e7on de pr\u00e9venir une \u00ab balle servant de butoir \u00bb).<\/em><br><strong>15.3b Balle g\u00eanant le jeu n\u2019importe o\u00f9 sur le parcours<\/strong><br><strong>(1)<\/strong> Signification de g\u00eane par la balle d\u2019un autre joueur. Selon cette R\u00e8gle, une g\u00eane existe lorsque la balle au repos d\u2019un autre joueur :<br>\u2022 Peut g\u00eaner la zone du stance ou du swing intentionnels du joueur,<br>\u2022 Est sur ou pr\u00e8s de la ligne de jeu du joueur de telle sorte que, compte tenu du coup envisag\u00e9, il y a une possibilit\u00e9 raisonnable que la balle en mouvement du joueur puisse frapper cette balle, ou<br>\u2022 Est suffisamment pr\u00e8s pour distraire le joueur dans le jeu du coup.<br><strong>(2)<\/strong> Autorisation d\u2019un d\u00e9gagement pour une balle g\u00eanant le jeu. Si un joueur estime raisonnablement que la balle d\u2019un autre joueur, n\u2019importe o\u00f9 sur le parcours, pourrait g\u00eaner son propre jeu :<br>\u2022 Le joueur peut exiger que l\u2019autre joueur marque l\u2019emplacement de la balle et la rel\u00e8ve (voir R\u00e8gle 14.1) ; la balle relev\u00e9e ne doit pas \u00eatre nettoy\u00e9e (sauf si elle a \u00e9t\u00e9 relev\u00e9e sur le green selon la R\u00e8gle 13.1b) et doit \u00eatre replac\u00e9e \u00e0 son emplacement d\u2019origine (voir R\u00e8gle 14.2).<br>\u2022 Si l\u2019autre joueur ne marque pas l\u2019emplacement de la balle avant de la relever ou nettoie la balle relev\u00e9e alors qu\u2019il n\u2019y est pas autoris\u00e9, il encourt un coup de p\u00e9nalit\u00e9.<br>\u2022 En stroke play uniquement, s\u2019il est exig\u00e9 d\u2019un joueur qu\u2019il rel\u00e8ve sa balle selon cette R\u00e8gle, au lieu de le faire, il peut jouer en premier.<br>Un joueur n\u2019est pas autoris\u00e9 \u00e0 relever sa balle selon cette R\u00e8gle simplement parce qu\u2019il estime que sa balle pourrait g\u00eaner le jeu d\u2019un autre joueur.<br>Si le joueur rel\u00e8ve sa balle sans avoir \u00e9t\u00e9 requis de le faire par un autre joueur (sauf lorsqu\u2019il rel\u00e8ve la balle sur le green selon la R\u00e8gle 13.1b), le joueur encourt <strong><em>un coup de p\u00e9nalit\u00e9<\/em><\/strong>.<br><strong>15.3c Marque-balle aidant ou g\u00eanant le jeu<\/strong><br>Si un marque-balle peut aider ou g\u00eaner le jeu, un joueur peut :<br>\u2022 S\u2019il s\u2019agit du sien, d\u00e9placer le marque-balle afin de l\u2019\u00e9carter du jeu, ou<br>\u2022 Si le marque-balle appartient \u00e0 un autre joueur, exiger que ce joueur le d\u00e9place, pour les m\u00eames raisons qu\u2019il peut exiger qu\u2019une balle soit relev\u00e9e selon les R\u00e8gles 15.3a et 15.3b.<br>Afin de l\u2019\u00e9carter du jeu, le marque-balle doit \u00eatre d\u00e9plac\u00e9 \u00e0 un nouvel emplacement mesur\u00e9 \u00e0 partir de l\u2019emplacement d\u2019origine, par ex. en utilisant une ou plusieurs longueurs de t\u00eate de club.<br>Lorsqu\u2019il replace le marque-balle, le joueur devrait le faire en mesurant \u00e0 partir du nouvel emplacement et en inversant les \u00e9tapes utilis\u00e9es pour d\u00e9placer le marque-balle.<br>La m\u00eame proc\u00e9dure devrait \u00eatre appliqu\u00e9e si un joueur d\u00e9place une balle g\u00eanant le jeu en mesurant \u00e0 partir de la balle.<br><strong><em>P\u00e9nalit\u00e9 pour infraction \u00e0 la r\u00e8gle 15.3 : p\u00e9nalit\u00e9 g\u00e9n\u00e9rale.<\/em><\/strong><br>Cette p\u00e9nalit\u00e9 s\u2019applique \u00e9galement si le joueur :<br>\u2022 Joue un coup sans attendre qu\u2019une balle ou un marque-balle qui aident le jeu soient respectivement relev\u00e9e ou d\u00e9plac\u00e9 apr\u00e8s avoir pris conscience qu\u2019un autre joueur (1) avait l\u2019intention de relever cette balle ou de d\u00e9placer ce marque-balle selon cette R\u00e8gle ou (2) avait exig\u00e9 que quelqu\u2019un d\u2019autre<br>le fasse, ou<br>\u2022 Refuse de relever sa balle ou de d\u00e9placer son marque-balle lorsqu\u2019il est tenu de le faire et que, par la suite, un coup est jou\u00e9 par l\u2019autre joueur dont le jeu aurait pu \u00eatre aid\u00e9 ou g\u00ean\u00e9 par la balle ou le marque-balle.<br><strong><em>P\u00e9nalit\u00e9 pour avoir jou\u00e9 une balle d\u2019un mauvais endroit en infraction avec la R\u00e8gle 15.3 : p\u00e9nalit\u00e9 g\u00e9n\u00e9rale selon la R\u00e8gle 14.7a.<\/em><\/strong><\/p>\n","protected":false},"excerpt":{"rendered":"<p>Clarifications Objet de la R\u00e8gle :La R\u00e8gle 15 traite de quand et comment le joueur peut prendre un d\u00e9gagement gratuit des d\u00e9tritus et des obstructions amovibles.\u2022 Ces \u00e9l\u00e9ments naturels et artificiels amovibles ne sont pas consid\u00e9r\u00e9s comme faisant partie du challenge propos\u00e9 en jouant le parcours, et un joueur est [&hellip;]<\/p>\n","protected":false},"author":8,"featured_media":9462,"parent":0,"menu_order":0,"comment_status":"closed","ping_status":"closed","template":"","meta":{"footnotes":""},"class_list":["post-9924","page","type-page","status-publish","has-post-thumbnail","hentry"],"_links":{"self":[{"href":"https:\/\/asgolfdepessac.com\/index.php\/wp-json\/wp\/v2\/pages\/9924","targetHints":{"allow":["GET"]}}],"collection":[{"href":"https:\/\/asgolfdepessac.com\/index.php\/wp-json\/wp\/v2\/pages"}],"about":[{"href":"https:\/\/asgolfdepessac.com\/index.php\/wp-json\/wp\/v2\/types\/page"}],"author":[{"embeddable":true,"href":"https:\/\/asgolfdepessac.com\/index.php\/wp-json\/wp\/v2\/users\/8"}],"replies":[{"embeddable":true,"href":"https:\/\/asgolfdepessac.com\/index.php\/wp-json\/wp\/v2\/comments?post=9924"}],"version-history":[{"count":0,"href":"https:\/\/asgolfdepessac.com\/index.php\/wp-json\/wp\/v2\/pages\/9924\/revisions"}],"wp:featuredmedia":[{"embeddable":true,"href":"https:\/\/asgolfdepessac.com\/index.php\/wp-json\/wp\/v2\/media\/9462"}],"wp:attachment":[{"href":"https:\/\/asgolfdepessac.com\/index.php\/wp-json\/wp\/v2\/media?parent=9924"}],"curies":[{"name":"wp","href":"https:\/\/api.w.org\/{rel}","templated":true}]}}