{"id":9962,"date":"2025-02-13T15:50:18","date_gmt":"2025-02-13T14:50:18","guid":{"rendered":"https:\/\/asgolfdepessac.com\/?page_id=9962"},"modified":"2025-02-13T15:50:19","modified_gmt":"2025-02-13T14:50:19","slug":"clarification-de-la-regle-12","status":"publish","type":"page","link":"https:\/\/asgolfdepessac.com\/index.php\/clarification-de-la-regle-12\/","title":{"rendered":"Clarification de la r\u00e8gle 12"},"content":{"rendered":"\n<p class=\"has-black-color has-background-color-background-color has-text-color has-background\"><strong>R\u00e8gle 12.2 Clarifications : Jouer une balle dans un bunker<\/strong><br><strong>12.2a\/1<\/strong> \u2013 Am\u00e9lioration r\u00e9sultant de l\u2019enl\u00e8vement d\u2019un d\u00e9tritus ou d\u2019une obstruction amovible dans un bunker<br>En enlevant un d\u00e9tritus ou une obstruction amovible d\u2019un bunker, du sable est souvent d\u00e9plac\u00e9 \u00e0 la suite du retrait de l\u2019objet, et il n\u2019y a pas de p\u00e9nalit\u00e9 si cela am\u00e9liore les conditions affectant le coup si les actions entreprises pour enlever le d\u00e9tritus ou l\u2019obstruction amovible \u00e9taient raisonnables (R\u00e8gle 8.1b(2)).<br>Par exemple, un joueur enl\u00e8ve une pomme de pin \u00e0 proximit\u00e9 de sa balle et am\u00e9liore les conditions affectant le coup en la faisant tra\u00eener de telle fa\u00e7on que cela enl\u00e8ve \u00e9galement un monticule de sable de la zone de son swing intentionnel.<br>Le joueur aurait pu utiliser une fa\u00e7on moins intrusive pour enlever la pomme de pin (par ex., relever la pomme de pin sans la faire tra\u00eener derri\u00e8re la balle). Comme ses actions ne sont pas raisonnables dans cette situation, le joueur encourt une p\u00e9nalit\u00e9 pour infraction \u00e0 la R\u00e8gle 8.1a (Am\u00e9liorer les conditions affectant le coup).<br><strong>12.2b\/1 <\/strong>\u2013 La R\u00e8gle 12.2b s\u2019applique \u00e0 un monticule de sable provenant d\u2019un trou d\u2019animal dans un bunker<br>Si la balle d\u2019un joueur repose dans un bunker sur ou pr\u00e8s d\u2019un monticule de sable qui fait partie d\u2019un trou d\u2019animal, les restrictions de la R\u00e8gle 12.2b(1) s\u2019appliquent au fait de toucher ce monticule de sable.<br>N\u00e9anmoins, le joueur peut se d\u00e9gager du trou d\u2019animal (qui est une condition anormale du parcours) selon la R\u00e8gle 16.1c.<br><strong>12.2b\/2 <\/strong>\u2013 Sonder le sol dans un bunker<br>La Clarification 8.1a\/7 confirme qu\u2019un joueur peut sonder le sol sans p\u00e9nalit\u00e9 n\u2019importe o\u00f9 sur le parcours (y compris dans un bunker) pour d\u00e9terminer si des racines, des pierres ou des obstructions peuvent interf\u00e9rer avec son coup, tant que le joueur n\u2019am\u00e9liore pas les conditions affectant le coup.<br>Par exemple, lorsque la balle d\u2019un joueur vient reposer pr\u00e8s d\u2019un drain dans un bunker, le joueur peut utiliser un tee pour sonder le sable afin de d\u00e9terminer l\u2019\u00e9tendue du drain et savoir si le drain va interf\u00e9rer avec son coup.<br>Cependant, si le fait de sonder a pour but de tester l\u2019\u00e9tat du sable, le joueur est en infraction avec la R\u00e8gle 12.2b(1).<br><strong>12.2b\/3 <\/strong>\u2013 La R\u00e8gle 12.2 continue de s\u2019appliquer lorsque le joueur a relev\u00e9 sa balle du bunker pour se d\u00e9gager, mais n\u2019a pas encore d\u00e9cid\u00e9 s\u2019il se d\u00e9gage dans ou en dehors du bunker<br>Si un joueur a relev\u00e9 la balle d\u2019un bunker pour se d\u00e9gager selon une R\u00e8gle, mais qu\u2019il n\u2019a pas encore d\u00e9cid\u00e9 quelle option de d\u00e9gagement utiliser, les restrictions de la R\u00e8gle 12.2b(1) continuent de s\u2019appliquer.<br>Par exemple, si le coup de d\u00e9part d\u2019un joueur est injouable dans un bunker et qu\u2019il r\u00e9fl\u00e9chit entre retourner \u00e0 la zone de d\u00e9part pour jouer \u00e0 nouveau avec la p\u00e9nalit\u00e9 coup et distance, se d\u00e9gager dans le bunker ou se d\u00e9gager en arri\u00e8re sur la ligne \u00e0 l\u2019ext\u00e9rieur du bunker, le joueur enfreint la R\u00e8gle 12.2b s\u2019il teste d\u00e9lib\u00e9r\u00e9ment l\u2019\u00e9tat du sable dans le bunker ou frappe le sable avec un swing d\u2019entra\u00eenement.<br>Cependant, tout comme la R\u00e8gle 12.2b(1) ne s\u2019applique plus apr\u00e8s que le joueur a jou\u00e9 une balle et qu\u2019elle est \u00e0 l\u2019ext\u00e9rieur du bunker, de m\u00eame la R\u00e8gle 12.2b(1) ne s\u2019applique pas apr\u00e8s que le joueur a d\u00e9cid\u00e9 de se d\u00e9gager en dehors du bunker dans la mesure o\u00f9 le d\u00e9gagement est r\u00e9ellement pris en dehors du bunker.<\/p>\n","protected":false},"excerpt":{"rendered":"<p>R\u00e8gle 12.2 Clarifications : Jouer une balle dans un bunker12.2a\/1 \u2013 Am\u00e9lioration r\u00e9sultant de l\u2019enl\u00e8vement d\u2019un d\u00e9tritus ou d\u2019une obstruction amovible dans un bunkerEn enlevant un d\u00e9tritus ou une obstruction amovible d\u2019un bunker, du sable est souvent d\u00e9plac\u00e9 \u00e0 la suite du retrait de l\u2019objet, et il n\u2019y a pas [&hellip;]<\/p>\n","protected":false},"author":8,"featured_media":9462,"parent":0,"menu_order":0,"comment_status":"closed","ping_status":"closed","template":"","meta":{"footnotes":""},"class_list":["post-9962","page","type-page","status-publish","has-post-thumbnail","hentry"],"_links":{"self":[{"href":"https:\/\/asgolfdepessac.com\/index.php\/wp-json\/wp\/v2\/pages\/9962","targetHints":{"allow":["GET"]}}],"collection":[{"href":"https:\/\/asgolfdepessac.com\/index.php\/wp-json\/wp\/v2\/pages"}],"about":[{"href":"https:\/\/asgolfdepessac.com\/index.php\/wp-json\/wp\/v2\/types\/page"}],"author":[{"embeddable":true,"href":"https:\/\/asgolfdepessac.com\/index.php\/wp-json\/wp\/v2\/users\/8"}],"replies":[{"embeddable":true,"href":"https:\/\/asgolfdepessac.com\/index.php\/wp-json\/wp\/v2\/comments?post=9962"}],"version-history":[{"count":0,"href":"https:\/\/asgolfdepessac.com\/index.php\/wp-json\/wp\/v2\/pages\/9962\/revisions"}],"wp:featuredmedia":[{"embeddable":true,"href":"https:\/\/asgolfdepessac.com\/index.php\/wp-json\/wp\/v2\/media\/9462"}],"wp:attachment":[{"href":"https:\/\/asgolfdepessac.com\/index.php\/wp-json\/wp\/v2\/media?parent=9962"}],"curies":[{"name":"wp","href":"https:\/\/api.w.org\/{rel}","templated":true}]}}