{"id":9967,"date":"2025-02-13T15:59:33","date_gmt":"2025-02-13T14:59:33","guid":{"rendered":"https:\/\/asgolfdepessac.com\/?page_id=9967"},"modified":"2025-02-13T16:10:42","modified_gmt":"2025-02-13T15:10:42","slug":"clarification-de-la-regle-13","status":"publish","type":"page","link":"https:\/\/asgolfdepessac.com\/index.php\/clarification-de-la-regle-13\/","title":{"rendered":"Clarification de la r\u00e8gle 13"},"content":{"rendered":"\n<p class=\"has-black-color has-background-color-background-color has-text-color has-background\"><strong>R\u00e8gle 13.1 Clarifications : actions autoris\u00e9es ou exig\u00e9es sur le green<\/strong><br>Clarification connexe \u00e0 la R\u00e8gle 13.1 :                                                                                                          Voir Clarification 8.1b\/6 pour les situations o\u00f9 un dommage en partie sur et en partie hors du green peut \u00eatre r\u00e9par\u00e9.<br><strong>13.1c(2)\/1<\/strong> \u2013 Le trou endommag\u00e9 fait partie des dommages sur le green<br>Un dommage caus\u00e9 au trou est couvert par la R\u00e8gle 13.1c dans le cadre des dommages sur un green. Le joueur peut r\u00e9parer un trou endommag\u00e9 \u00e0 moins que le dommage ne soit d\u00fb \u00e0 une usure naturelle que la R\u00e8gle 13.1c ne permet pas de r\u00e9parer.<br>Par exemple, si le trou est endommag\u00e9 en retirant le drapeau, il peut \u00eatre r\u00e9par\u00e9 par le joueur selon la R\u00e8gle 13.1c, m\u00eame si le dommage a modifi\u00e9 les dimensions du trou.<br>Cependant, si un trou a \u00e9t\u00e9 endommag\u00e9 et que le joueur ne peut pas r\u00e9parer le d\u00e9g\u00e2t (par ex., si le trou ne peut plus \u00eatre arrondi de nouveau) ou si l\u2019usure naturelle que le joueur ne peut pas r\u00e9parer fait que le trou n\u2019est plus circulaire, le joueur devrait demander au Comit\u00e9 de le r\u00e9parer.<br><strong>13.1c(2)\/2<\/strong> \u2013 Le joueur peut demander de l\u2019aide au Comit\u00e9 lorsqu\u2019il est impossible de r\u00e9parer des dommages sur le green<br>Si un joueur n\u2019est pas en mesure de r\u00e9parer un dommage sur le green, par exemple une marque faite avec un club ou un bouchon d\u2019ancien trou qui s\u2019est affaiss\u00e9 sous la surface, le joueur peut demander au Comit\u00e9 de r\u00e9parer le dommage.<br>Si le Comit\u00e9 est incapable de r\u00e9parer le dommage et que la balle du joueur repose sur le green, le Comit\u00e9 pourrait envisager d\u2019accorder un d\u00e9gagement au joueur selon la R\u00e8gle 16.1 en d\u00e9finissant la zone endommag\u00e9e comme terrain en r\u00e9paration.<br><strong>13.1d(2)\/1<\/strong> \u2013 Une balle doit \u00eatre replac\u00e9e si elle se d\u00e9place apr\u00e8s avoir \u00e9t\u00e9 plac\u00e9e en prenant un d\u00e9gagement<br>La balle d\u2019un joueur est sur le green et il y a une interf\u00e9rence avec une condition anormale du parcours. Le joueur d\u00e9cide de se d\u00e9gager gratuitement selon la R\u00e8gle 16.1d. Si le point le plus proche de d\u00e9gagement complet est sur le green, une fois la balle plac\u00e9e sur cet emplacement, elle est trait\u00e9e de la m\u00eame fa\u00e7on que si elle avait \u00e9t\u00e9 relev\u00e9e et replac\u00e9e selon la R\u00e8gle 13.1d(2).<br>Par exemple, la balle d\u2019un joueur est dans de l\u2019eau temporaire sur le green. Le joueur d\u00e9cide de se d\u00e9gager et place une balle \u00e0 l\u2019emplacement du point le plus proche de d\u00e9gagement complet qui est sur le green. Alors que le joueur se pr\u00e9pare \u00e0 jouer le coup, des forces naturelles d\u00e9placent la balle. Le joueur doit replacer la balle \u00e0 l\u2019emplacement du point le plus proche de d\u00e9gagement complet.<br>Mais lorsque le point le plus proche de d\u00e9gagement complet est dans la zone g\u00e9n\u00e9rale et que la balle est d\u00e9plac\u00e9e par des forces naturelles apr\u00e8s avoir \u00e9t\u00e9 plac\u00e9e sur cet emplacement, elle doit \u00eatre jou\u00e9e de son nouvel emplacement, \u00e0 moins que l\u2019exception 2 de la R\u00e8gle 9.3 ne s\u2019applique (R\u00e8gle 9.3).<br><strong>13.1e\/1 <\/strong>\u2013 Tester d\u00e9lib\u00e9r\u00e9ment un quelconque green n\u2019est pas autoris\u00e9<br>La R\u00e8gle 13.1e interdit \u00e0 un joueur d\u2019entreprendre deux actions sp\u00e9cifiques sur le green ou sur un mauvais green dans le but d\u2019obtenir des informations sur la mani\u00e8re dont une balle pourrait y rouler. Elle n\u2019interdit pas \u00e0 un joueur d\u2019entre prendre d\u2019autres actions m\u00eame lorsqu\u2019elles sont faites dans le but de tester le green, ou d\u2019entreprendre par inadvertance les actions interdites.<br>Exemple d\u2019action qui enfreint la R\u00e8gle 13.1e :<br>\u2022 Un joueur frotte ou gratte l\u2019herbe sur le green pour d\u00e9terminer le sens du grain.<br>Exemples d\u2019actions qui n\u2019enfreignent pas la R\u00e8gle 13.1e :<br>\u2022 Un joueur conc\u00e8de le putt suivant \u00e0 son adversaire et renvoie la balle sur la m\u00eame ligne de jeu que celle qu\u2019il est susceptible d\u2019utiliser par la suite, mais il ne le fait pas d\u00e9lib\u00e9r\u00e9ment pour obtenir des informations sur le green.<br>\u2022 Un joueur pose la paume de sa main sur la surface du green sur sa ligne de jeu pour d\u00e9terminer l\u2019humidit\u00e9 du green. Bien que le joueur le fasse pour tester le green, cette action n\u2019est pas interdite par la R\u00e8gle 13.1e.<br>\u2022 Un joueur frotte une balle sur le green pour la nettoyer de la boue qui s\u2019y trouve.<br>R\u00e8gle 13.2 Clarifications : le drapeau<br><strong>13.2a(1)\/1<\/strong> \u2013 Le joueur a le droit de garder le drapeau dans la position dans laquelle le groupe pr\u00e9c\u00e9dent l\u2019a laiss\u00e9<br>Un joueur est en droit de jouer le parcours comme il le trouve, ce qui inclut la position dans laquelle le groupe pr\u00e9c\u00e9dent a laiss\u00e9 le drapeau.<br>Par exemple, si le groupe pr\u00e9c\u00e9dent a replac\u00e9 le drapeau dans une position pench\u00e9e s\u2019\u00e9loignant du joueur, le joueur a le droit de jouer avec le drapeau dans cette position s\u2019il la juge avantageuse.<br>Si un autre joueur ou un autre cadet centre le drapeau dans le trou, le joueur peut le garder dans cette position ou le remettre dans sa position pr\u00e9c\u00e9dente.<br><strong>13.2a(4)\/1<\/strong> \u2013 Un drapeau non pris en charge d\u00e9plac\u00e9 sans l\u2019autorisation du joueur peut \u00eatre replac\u00e9<br>Si un joueur choisit de jouer avec le drapeau dans le trou et qu\u2019un autre joueur retire le drapeau du trou sans l\u2019autorisation du joueur, le drapeau peut \u00eatre replac\u00e9 dans le trou pendant que la balle du joueur est en mouvement.<br>Cependant, si l\u2019action de l\u2019autre joueur constitue une infraction \u00e0 la R\u00e8gle 13.2a(4), ce joueur n\u2019\u00e9vite pas la p\u00e9nalit\u00e9 en repla\u00e7ant le drapeau.<br><strong>13.2b(1)\/1<\/strong> \u2013 Le joueur peut jouer un coup tout en tenant le drapeau<br>La R\u00e8gle 13.2b(1) permet \u00e0 un joueur de jouer un coup d\u2019une main tout en tenant le drapeau de l\u2019autre main. Cependant, le joueur ne peut pas utiliser le drapeau pour se stabiliser en jouant un coup (R\u00e8gle 4.3a).<br>Par exemple, un joueur peut :<br>\u2022 Retirer le drapeau du trou avec une main avant de putter et continuer \u00e0 le tenir en jouant un coup d\u2019une seule main avec l\u2019autre main.<br>\u2022 Prendre en charge son propre drapeau dans le trou avec une main avant et pendant qu\u2019il putte de l\u2019autre main. Pendant ou apr\u00e8s qu\u2019il joue le coup d\u2019une main, il peut retirer le drapeau du trou, mais ne doit pas permettre d\u00e9lib\u00e9r\u00e9ment \u00e0 la balle en mouvement de frapper le drapeau.<br>R\u00e8gle 13.3 Clarifications : balle en suspens au bord du trou<br><strong>13.3a\/1<\/strong> \u2013 Signification de temps raisonnable pour que le joueur atteigne le trou<br>D\u00e9terminer les limites d\u2019un temps raisonnable pour atteindre le trou d\u00e9pend des circonstances du coup et inclut le temps pour la r\u00e9action naturelle ou spontan\u00e9e d\u2019un joueur du fait que la balle ne rentre pas dans le trou.<br>Par exemple, un joueur peut avoir jou\u00e9 le coup assez loin du green et cela peut lui prendre plusieurs minutes pour atteindre le trou du fait que les autres joueurs doivent jouer leurs coups et que tous les joueurs du groupe doivent ensuite marcher vers le green. Ou bien le joueur peut devoir prendre un chemin indirect vers le trou en contournant la ligne de jeu d\u2019un autre joueur sur le green.<br><strong>13.3b\/1<\/strong> \u2013 Que faire lorsque la balle du joueur surplombant le trou se d\u00e9place lorsque le joueur retire le drapeau<br>Une fois le drapeau retir\u00e9 par le joueur, si la balle du joueur surplombant le trou se d\u00e9place, le joueur doit proc\u00e9der comme suit :<br>\u2022 Si l\u2019on est s\u00fbr ou quasiment certain que le retrait du drapeau par le joueur a provoqu\u00e9 le d\u00e9placement de la balle, la balle est replac\u00e9e sur le bord du trou et la R\u00e8gle 13.3b s\u2019applique. La balle est consid\u00e9r\u00e9e \u00eatre au repos et le d\u00e9lai d\u2019attente pr\u00e9vu dans la R\u00e8gle 13.3a ne s\u2019applique plus. Il n\u2019y a pas de p\u00e9nalit\u00e9 pour le joueur puisque le drapeau est une obstruction amovible (R\u00e8gle 15.2a(1)).<br>\u2022 Si le retrait du drapeau par le joueur n\u2019a pas provoqu\u00e9 le d\u00e9placement de la balle et que la balle tombe dans le trou, la R\u00e8gle 13.3a s\u2019applique.<br>\u2022 Si la balle du joueur s\u2019est d\u00e9plac\u00e9e vers un nouvel emplacement qui ne surplombe pas le trou du fait de forces naturelles et non pas parce que le drapeau a \u00e9t\u00e9 retir\u00e9, il n\u2019y a pas de p\u00e9nalit\u00e9 et la balle doit \u00eatre jou\u00e9e depuis son nouvel emplacement (R\u00e8gle 9.3).<\/p>\n","protected":false},"excerpt":{"rendered":"<p>R\u00e8gle 13.1 Clarifications : actions autoris\u00e9es ou exig\u00e9es sur le greenClarification connexe \u00e0 la R\u00e8gle 13.1 : Voir Clarification 8.1b\/6 pour les situations o\u00f9 un dommage en partie sur et en partie hors du green peut \u00eatre r\u00e9par\u00e9.13.1c(2)\/1 \u2013 Le trou endommag\u00e9 fait partie des dommages sur le greenUn dommage [&hellip;]<\/p>\n","protected":false},"author":8,"featured_media":9462,"parent":0,"menu_order":0,"comment_status":"closed","ping_status":"closed","template":"","meta":{"footnotes":""},"class_list":["post-9967","page","type-page","status-publish","has-post-thumbnail","hentry"],"_links":{"self":[{"href":"https:\/\/asgolfdepessac.com\/index.php\/wp-json\/wp\/v2\/pages\/9967","targetHints":{"allow":["GET"]}}],"collection":[{"href":"https:\/\/asgolfdepessac.com\/index.php\/wp-json\/wp\/v2\/pages"}],"about":[{"href":"https:\/\/asgolfdepessac.com\/index.php\/wp-json\/wp\/v2\/types\/page"}],"author":[{"embeddable":true,"href":"https:\/\/asgolfdepessac.com\/index.php\/wp-json\/wp\/v2\/users\/8"}],"replies":[{"embeddable":true,"href":"https:\/\/asgolfdepessac.com\/index.php\/wp-json\/wp\/v2\/comments?post=9967"}],"version-history":[{"count":0,"href":"https:\/\/asgolfdepessac.com\/index.php\/wp-json\/wp\/v2\/pages\/9967\/revisions"}],"wp:featuredmedia":[{"embeddable":true,"href":"https:\/\/asgolfdepessac.com\/index.php\/wp-json\/wp\/v2\/media\/9462"}],"wp:attachment":[{"href":"https:\/\/asgolfdepessac.com\/index.php\/wp-json\/wp\/v2\/media?parent=9967"}],"curies":[{"name":"wp","href":"https:\/\/api.w.org\/{rel}","templated":true}]}}